{"id":59,"date":"2020-09-28T16:15:32","date_gmt":"2020-09-28T19:15:32","guid":{"rendered":"https:\/\/wp.ufpel.edu.br\/geseee\/?page_id=59"},"modified":"2025-03-17T08:16:56","modified_gmt":"2025-03-17T11:16:56","slug":"equipe","status":"publish","type":"page","link":"https:\/\/wp.ufpel.edu.br\/geseee\/equipe\/","title":{"rendered":"Equipe"},"content":{"rendered":"<p><span style=\"font-size: 14pt;\"><strong><span style=\"font-family: helvetica, arial, sans-serif;\">Professores<\/span><\/strong><\/span><\/p>\n<p><span style=\"font-weight: 400; font-family: helvetica, arial, sans-serif; font-size: 14pt;\">Prof. Dr. Eduardo Grala da Cunha <a href=\"http:\/\/lattes.cnpq.br\/0959256350186452\"><img loading=\"lazy\" decoding=\"async\" class=\"alignnone wp-image-223\" src=\"https:\/\/wp.ufpel.edu.br\/geseee\/files\/2020\/09\/fisica-lattes.png\" alt=\"\" width=\"17\" height=\"21\" \/><\/a><\/span><\/p>\n<p><span style=\"font-family: helvetica, arial, sans-serif; font-size: 14pt;\">Prof. Dr. Antonio C\u00e9sar Silveira Baptista da Silva <a href=\"http:\/\/lattes.cnpq.br\/8150819629082409\"><img loading=\"lazy\" decoding=\"async\" class=\"alignnone wp-image-223\" src=\"https:\/\/wp.ufpel.edu.br\/geseee\/files\/2020\/09\/fisica-lattes.png\" alt=\"\" width=\"17\" height=\"21\" \/><\/a><\/span><\/p>\n<p><span style=\"font-family: helvetica, arial, sans-serif; font-size: 14pt;\">Profa. Dra. Isabel Tourinho Salamoni <span style=\"font-weight: 400;\"><a href=\"http:\/\/lattes.cnpq.br\/1744804179246726\"><img loading=\"lazy\" decoding=\"async\" class=\"alignnone wp-image-223\" src=\"https:\/\/wp.ufpel.edu.br\/geseee\/files\/2020\/09\/fisica-lattes.png\" alt=\"\" width=\"17\" height=\"21\" \/><\/a><\/span><\/span><\/p>\n<p><span style=\"font-family: helvetica, arial, sans-serif; font-size: 14pt;\">Profa. Dra. Celina Maria Britto Correa <a href=\"http:\/\/lattes.cnpq.br\/2741252699364572\"><span style=\"font-weight: 400;\"><img loading=\"lazy\" decoding=\"async\" class=\"alignnone wp-image-223\" src=\"https:\/\/wp.ufpel.edu.br\/geseee\/files\/2020\/09\/fisica-lattes.png\" alt=\"\" width=\"17\" height=\"21\" \/><\/span><\/a><\/span><\/p>\n<p><span style=\"font-weight: 400; font-family: helvetica, arial, sans-serif; font-size: 14pt;\">Prof. Dr. Anderson Priebe Ferrugem <a href=\"http:\/\/lattes.cnpq.br\/7694477998106229\"><img loading=\"lazy\" decoding=\"async\" class=\"alignnone wp-image-223\" src=\"https:\/\/wp.ufpel.edu.br\/geseee\/files\/2020\/09\/fisica-lattes.png\" alt=\"\" width=\"17\" height=\"21\" \/><\/a><\/span><\/p>\n<p><span style=\"font-size: 14pt; font-family: helvetica, arial, sans-serif;\">Profa. Dra. Gabriela Meller <span style=\"font-weight: 400; font-family: helvetica, arial, sans-serif; font-size: 14pt;\"><a href=\"http:\/\/lattes.cnpq.br\/9021564434157502\"><img loading=\"lazy\" decoding=\"async\" class=\"alignnone wp-image-223\" src=\"https:\/\/wp.ufpel.edu.br\/geseee\/files\/2020\/09\/fisica-lattes.png\" alt=\"\" width=\"17\" height=\"21\" \/><\/a><\/span><\/span><\/p>\n<p><span style=\"font-size: 14pt; font-family: helvetica, arial, sans-serif;\">Profa. Dra. Roberta Mulazzani Dolleys Soares <span style=\"font-weight: 400; font-family: helvetica, arial, sans-serif; font-size: 14pt;\"><a href=\"http:\/\/lattes.cnpq.br\/6758372320200227\"><img loading=\"lazy\" decoding=\"async\" class=\"alignnone wp-image-223\" src=\"https:\/\/wp.ufpel.edu.br\/geseee\/files\/2020\/09\/fisica-lattes.png\" alt=\"\" width=\"17\" height=\"21\" \/><\/a><\/span><\/span><\/p>\n<p><span style=\"font-size: 14pt; font-family: helvetica, arial, sans-serif;\">Profa. Dra. Clarissa Sartori Ziebell (UFRGS) <span style=\"font-weight: 400; font-family: helvetica, arial, sans-serif; font-size: 14pt;\"><a href=\"http:\/\/lattes.cnpq.br\/4794282611708494\"><img loading=\"lazy\" decoding=\"async\" class=\"alignnone wp-image-223\" src=\"https:\/\/wp.ufpel.edu.br\/geseee\/files\/2020\/09\/fisica-lattes.png\" alt=\"\" width=\"17\" height=\"21\" \/><\/a><\/span><\/span><\/p>\n<p>&nbsp;<\/p>\n<p><span style=\"font-weight: 400; font-family: helvetica, arial, sans-serif; font-size: 14pt;\"><strong>Mestrandos<\/strong>\u00a0<\/span><\/p>\n<p><span style=\"font-size: 14pt; font-family: helvetica, arial, sans-serif;\">Caroline Borges Pilenghi <em><span style=\"font-size: 14pt;\"><span style=\"font-family: helvetica, arial, sans-serif;\"><a href=\"http:\/\/buscatextual.cnpq.br\/buscatextual\/visualizacv.do?id=K4696625T3\"><span style=\"font-weight: 400;\"><img loading=\"lazy\" decoding=\"async\" class=\"alignnone wp-image-223\" src=\"https:\/\/wp.ufpel.edu.br\/geseee\/files\/2020\/09\/fisica-lattes.png\" alt=\"\" width=\"17\" height=\"21\" \/><\/span><\/a><\/span><\/span><\/em><\/span><\/p>\n<p><span style=\"font-size: 14pt; font-family: helvetica, arial, sans-serif;\">Davison Guimar\u00e3es Sope\u00f1a <em><span style=\"font-size: 14pt;\"><span style=\"font-family: helvetica, arial, sans-serif;\"><a href=\"http:\/\/buscatextual.cnpq.br\/buscatextual\/visualizacv.do?id=K4696625T3\"><span style=\"font-weight: 400;\"><img loading=\"lazy\" decoding=\"async\" class=\"alignnone wp-image-223\" src=\"https:\/\/wp.ufpel.edu.br\/geseee\/files\/2020\/09\/fisica-lattes.png\" alt=\"\" width=\"17\" height=\"21\" \/><\/span><\/a><\/span><\/span><\/em><\/span><\/p>\n<p><span style=\"font-size: 14pt; font-family: helvetica, arial, sans-serif;\">Alex Kuhn <em><span style=\"font-size: 14pt;\"><span style=\"font-family: helvetica, arial, sans-serif;\"><a href=\"http:\/\/lattes.cnpq.br\/9021564434157502\"><img loading=\"lazy\" decoding=\"async\" class=\"alignnone wp-image-223\" src=\"https:\/\/wp.ufpel.edu.br\/geseee\/files\/2020\/09\/fisica-lattes.png\" alt=\"\" width=\"17\" height=\"21\" \/><\/a><\/span><\/span><\/em><\/span><\/p>\n<p>&nbsp;<\/p>\n<p><span style=\"font-size: 14pt;\"><strong><span style=\"font-family: helvetica, arial, sans-serif;\">Doutorandos<\/span><\/strong><\/span><\/p>\n<p><span style=\"font-size: 14pt;\"><span style=\"font-family: helvetica, arial, sans-serif;\">M. Sc. Carolina de Mesquita Duarte <\/span><span style=\"font-family: helvetica, arial, sans-serif;\"><a href=\"http:\/\/lattes.cnpq.br\/2411745631488167\"><img loading=\"lazy\" decoding=\"async\" class=\"alignnone wp-image-223\" src=\"https:\/\/wp.ufpel.edu.br\/geseee\/files\/2020\/09\/fisica-lattes.png\" alt=\"\" width=\"17\" height=\"21\" \/><\/a><\/span><\/span><\/p>\n<p><span style=\"font-size: 14pt; font-family: helvetica, arial, sans-serif;\"><span style=\"font-size: 14pt;\"><span style=\"font-family: helvetica, arial, sans-serif;\">M. Sc. <\/span><\/span> Luciane Andreola Beber<span style=\"font-size: 14pt;\"> <span style=\"font-family: helvetica, arial, sans-serif;\"><a href=\"http:\/\/lattes.cnpq.br\/0077548107420014\"><img loading=\"lazy\" decoding=\"async\" class=\"alignnone wp-image-223\" src=\"https:\/\/wp.ufpel.edu.br\/geseee\/files\/2020\/09\/fisica-lattes.png\" alt=\"\" width=\"17\" height=\"21\" \/><\/a><\/span><\/span><\/span><\/p>\n<p>&nbsp;<\/p>\n<p><span style=\"font-size: 14pt;\"><strong><span style=\"font-family: helvetica, arial, sans-serif;\">Inicia\u00e7\u00e3o Cient\u00edfica<\/span><\/strong><\/span><\/p>\n<p><span style=\"font-size: 14pt; font-family: helvetica, arial, sans-serif;\">J\u00falia da Cruz Lopes<em><span style=\"font-weight: 400; font-family: helvetica, arial, sans-serif; font-size: 14pt;\"> <a href=\"http:\/\/lattes.cnpq.br\/6035842343441670\"><img loading=\"lazy\" decoding=\"async\" class=\"alignnone wp-image-223\" src=\"https:\/\/wp.ufpel.edu.br\/geseee\/files\/2020\/09\/fisica-lattes.png\" alt=\"\" width=\"17\" height=\"21\" \/><\/a><\/span><\/em><\/span><\/p>\n<p><span style=\"font-size: 14pt; font-family: helvetica, arial, sans-serif;\">Nat\u00e1lin Pucinelli Louren\u00e7o<em><span style=\"font-weight: 400; font-family: helvetica, arial, sans-serif; font-size: 14pt;\">\u00a0<a href=\"http:\/\/lattes.cnpq.br\/7194640168390024\"><img loading=\"lazy\" decoding=\"async\" class=\"alignnone wp-image-223\" src=\"https:\/\/wp.ufpel.edu.br\/geseee\/files\/2020\/09\/fisica-lattes.png\" alt=\"\" width=\"17\" height=\"21\" \/><\/a><\/span><\/em>\u00a0<\/span><\/p>\n<p><span style=\"font-size: 14pt; font-family: helvetica, arial, sans-serif;\">Leonardo Perachi Polese<em><span style=\"font-weight: 400; font-family: helvetica, arial, sans-serif; font-size: 14pt;\"> <a href=\"http:\/\/lattes.cnpq.br\/7194640168390024\"><img loading=\"lazy\" decoding=\"async\" class=\"alignnone wp-image-223\" src=\"https:\/\/wp.ufpel.edu.br\/geseee\/files\/2020\/09\/fisica-lattes.png\" alt=\"\" width=\"17\" height=\"21\" \/><\/a><\/span><\/em><\/span><\/p>\n<p><!--nextpage--><\/p>\n","protected":false},"excerpt":{"rendered":"<p>Professores Prof. Dr. Eduardo Grala da Cunha Prof. Dr. Antonio C\u00e9sar Silveira Baptista da Silva Profa. Dra. Isabel Tourinho Salamoni Profa. Dra. Celina Maria Britto Correa Prof. Dr. Anderson Priebe Ferrugem Profa. Dra. Gabriela&#46;&#46;&#46;<\/p>\n","protected":false},"author":740,"featured_media":0,"parent":0,"menu_order":0,"comment_status":"closed","ping_status":"closed","template":"","meta":{"footnotes":""},"class_list":["post-59","page","type-page","status-publish","hentry"],"_links":{"self":[{"href":"https:\/\/wp.ufpel.edu.br\/geseee\/wp-json\/wp\/v2\/pages\/59","targetHints":{"allow":["GET"]}}],"collection":[{"href":"https:\/\/wp.ufpel.edu.br\/geseee\/wp-json\/wp\/v2\/pages"}],"about":[{"href":"https:\/\/wp.ufpel.edu.br\/geseee\/wp-json\/wp\/v2\/types\/page"}],"author":[{"embeddable":true,"href":"https:\/\/wp.ufpel.edu.br\/geseee\/wp-json\/wp\/v2\/users\/740"}],"replies":[{"embeddable":true,"href":"https:\/\/wp.ufpel.edu.br\/geseee\/wp-json\/wp\/v2\/comments?post=59"}],"version-history":[{"count":16,"href":"https:\/\/wp.ufpel.edu.br\/geseee\/wp-json\/wp\/v2\/pages\/59\/revisions"}],"predecessor-version":[{"id":393,"href":"https:\/\/wp.ufpel.edu.br\/geseee\/wp-json\/wp\/v2\/pages\/59\/revisions\/393"}],"wp:attachment":[{"href":"https:\/\/wp.ufpel.edu.br\/geseee\/wp-json\/wp\/v2\/media?parent=59"}],"curies":[{"name":"wp","href":"https:\/\/api.w.org\/{rel}","templated":true}]}}