{"id":57,"date":"2020-09-28T16:15:32","date_gmt":"2020-09-28T19:15:32","guid":{"rendered":"https:\/\/wp.ufpel.edu.br\/geseee\/?page_id=57"},"modified":"2025-03-17T08:25:46","modified_gmt":"2025-03-17T11:25:46","slug":"extensao","status":"publish","type":"page","link":"https:\/\/wp.ufpel.edu.br\/geseee\/extensao\/","title":{"rendered":"Extens\u00e3o"},"content":{"rendered":"<p style=\"text-align: justify;\"><strong><span style=\"font-family: helvetica, arial, sans-serif; font-size: 14pt;\">O GES3E est\u00e1 apto a realizar consultorias na \u00e1rea de simula\u00e7\u00e3o computacional por interm\u00e9dio de projetos de extens\u00e3o envolvendo os seguintes escopos:<\/span><\/strong><\/p>\n<ul>\n<li style=\"list-style-type: none;\">\n<ul>\n<li style=\"list-style-type: none;\">\n<ul>\n<li style=\"font-weight: 400; text-align: justify;\"><span style=\"font-weight: 400; font-family: helvetica, arial, sans-serif; font-size: 14pt;\">Otimiza\u00e7\u00e3o de desempenho t\u00e9rmico de edifica\u00e7\u00f5es;<\/span><\/li>\n<li style=\"font-weight: 400; text-align: justify;\"><span style=\"font-weight: 400; font-family: helvetica, arial, sans-serif; font-size: 14pt;\">Otimiza\u00e7\u00e3o do desempenho energ\u00e9tico de edifica\u00e7\u00f5es;<\/span><\/li>\n<li style=\"font-weight: 400; text-align: justify;\"><span style=\"font-weight: 400; font-family: helvetica, arial, sans-serif; font-size: 14pt;\">Atendimento aos preceitos do desempenho t\u00e9rmico da NBR 15575;<\/span><\/li>\n<li style=\"font-weight: 400; text-align: justify;\"><span style=\"font-weight: 400; font-family: helvetica, arial, sans-serif; font-size: 14pt;\">Atendimento aos preceitos da ilumina\u00e7\u00e3o da NBR 15575;<\/span><\/li>\n<li style=\"font-weight: 400; text-align: justify;\"><span style=\"font-weight: 400; font-family: helvetica, arial, sans-serif; font-size: 14pt;\">Treinamento para utiliza\u00e7\u00e3o de software de simula\u00e7\u00e3o Energy Plus.<\/span><\/li>\n<\/ul>\n<\/li>\n<\/ul>\n<\/li>\n<\/ul>\n<p>&nbsp;<\/p>\n<p><span style=\"font-family: helvetica, arial, sans-serif; font-size: 14pt;\"><strong>O GES3E realiza a cada 2 anos o Congresso Passive House Brasil<\/strong><\/span><\/p>\n<p>&nbsp;<\/p>\n<div class=\"layout-cell layout-cell-9\">\n<div class=\"layout-cell-pad-5\"><span style=\"font-family: helvetica, arial, sans-serif; font-size: 14pt;\"><strong>Descri\u00e7\u00e3o:<\/strong> Organiza\u00e7\u00e3o do evento principal e dos 6 eventos sat\u00e9lites da Confer\u00eancia Internacional Passive House Brasil.<\/span><\/div>\n<\/div>\n<div><\/div>\n<div><span style=\"font-size: 14pt; font-family: helvetica, arial, sans-serif;\"><strong>Edi\u00e7\u00f5es Anteriores: <\/strong>1. Congresso Passive House Brasil 2016; 2. Congresso Passive House Brasil 2018; 3. Congresso Passive House Brasil 2022; 4. Congresso Passive House Brasil 2023.<\/span><\/div>\n<div class=\"layout-cell layout-cell-9\">\n<div><\/div>\n<\/div>\n<div>\n<div class=\"layout-cell layout-cell-9\">\n<div class=\"layout-cell-pad-5\"><span style=\"font-family: helvetica, arial, sans-serif; font-size: 14pt;\"><strong>Integrantes: <\/strong>Eduardo Grala da Cunha &#8211; Coordenador \/ Stifany Knop &#8211; Integrante \/ Carolina de Mesquita Duarte &#8211; Integrante \/ Maritza Macarthy &#8211; Integrante \/ Luciane Beber &#8211; Integrante \/ Talita Brandelli &#8211; Integrante \/ Marcelo Rosa &#8211; Integrante.<\/span><\/div>\n<div><\/div>\n<\/div>\n<div class=\"layout-cell layout-cell-3 text-align-right\"><\/div>\n<\/div>\n","protected":false},"excerpt":{"rendered":"<p>O GES3E est\u00e1 apto a realizar consultorias na \u00e1rea de simula\u00e7\u00e3o computacional por interm\u00e9dio de projetos de extens\u00e3o envolvendo os seguintes escopos: Otimiza\u00e7\u00e3o de desempenho t\u00e9rmico de edifica\u00e7\u00f5es; Otimiza\u00e7\u00e3o do desempenho energ\u00e9tico de edifica\u00e7\u00f5es;&#46;&#46;&#46;<\/p>\n","protected":false},"author":740,"featured_media":0,"parent":0,"menu_order":0,"comment_status":"closed","ping_status":"closed","template":"","meta":{"footnotes":""},"class_list":["post-57","page","type-page","status-publish","hentry"],"_links":{"self":[{"href":"https:\/\/wp.ufpel.edu.br\/geseee\/wp-json\/wp\/v2\/pages\/57","targetHints":{"allow":["GET"]}}],"collection":[{"href":"https:\/\/wp.ufpel.edu.br\/geseee\/wp-json\/wp\/v2\/pages"}],"about":[{"href":"https:\/\/wp.ufpel.edu.br\/geseee\/wp-json\/wp\/v2\/types\/page"}],"author":[{"embeddable":true,"href":"https:\/\/wp.ufpel.edu.br\/geseee\/wp-json\/wp\/v2\/users\/740"}],"replies":[{"embeddable":true,"href":"https:\/\/wp.ufpel.edu.br\/geseee\/wp-json\/wp\/v2\/comments?post=57"}],"version-history":[{"count":12,"href":"https:\/\/wp.ufpel.edu.br\/geseee\/wp-json\/wp\/v2\/pages\/57\/revisions"}],"predecessor-version":[{"id":396,"href":"https:\/\/wp.ufpel.edu.br\/geseee\/wp-json\/wp\/v2\/pages\/57\/revisions\/396"}],"wp:attachment":[{"href":"https:\/\/wp.ufpel.edu.br\/geseee\/wp-json\/wp\/v2\/media?parent=57"}],"curies":[{"name":"wp","href":"https:\/\/api.w.org\/{rel}","templated":true}]}}