{"id":56,"date":"2020-09-28T16:15:32","date_gmt":"2020-09-28T19:15:32","guid":{"rendered":"https:\/\/wp.ufpel.edu.br\/geseee\/?page_id=56"},"modified":"2025-03-17T07:48:43","modified_gmt":"2025-03-17T10:48:43","slug":"pesquisa","status":"publish","type":"page","link":"https:\/\/wp.ufpel.edu.br\/geseee\/pesquisa\/","title":{"rendered":"Pesquisa"},"content":{"rendered":"<p style=\"text-align: justify;\"><span style=\"font-size: 14pt; font-family: helvetica, arial, sans-serif;\"><strong>Grupos e atividades de pesquisa<\/strong><\/span><\/p>\n<p style=\"text-align: justify;\"><span style=\"font-weight: 400; font-family: helvetica, arial, sans-serif; font-size: 14pt;\">Os pesquisadores do GES3E est\u00e3o ligados ao Grupo de Pesquisa Tecnologia e gest\u00e3o do ambiente constru\u00eddo. As pesquisas desenvolvidas no GES3E s\u00e3o as seguintes:<\/span><\/p>\n<p>&nbsp;<\/p>\n<div class=\"layout-cell layout-cell-9\">\n<div><span style=\"font-family: helvetica, arial, sans-serif; font-size: 14pt;\"><strong>Simula\u00e7\u00e3o do Transporte de Umidade em Fechamentos Opacos: Apoio na Simula\u00e7\u00e3o do Transporte de Umidade em Fechamentos Opacos: Apoio na Constru\u00e7\u00e3o da Proposta de Norma Brasileira<\/strong><\/span><\/div>\n<\/div>\n<div class=\"layout-cell layout-cell-3 text-align-right\">\n<div class=\"layout-cell-pad-5 text-align-right\"><\/div>\n<\/div>\n<div class=\"layout-cell layout-cell-9\">\n<div class=\"layout-cell-pad-5\"><span style=\"font-family: helvetica, arial, sans-serif; font-size: 14pt;\"><strong>Resumo:<\/strong>O projeto de pesquisa tem como objetivo principal avaliar a sensibilidade da primeira vers\u00e3o de projeto de norma de simula\u00e7\u00e3o de transporte de umidade da ABNT frente \u00e0s condi\u00e7\u00f5es de contorno definidas inicialmente. O projeto ser\u00e1 desenvolvido em 4 etapas. Na primeira etapa ser\u00e1 desenvolvida uma revis\u00e3o de literatura observando as condi\u00e7\u00f5es de contorno definidas neste primeiro draft, e comparando com as definidas pelos regulamentos da DIN, ISO e ASHRAE. Na segunda etapa, as condi\u00e7\u00f5es de contorno ser\u00e3o variadas observando a altera\u00e7\u00e3o das condi\u00e7\u00f5es de uso e ocupa\u00e7\u00e3o, e a varia\u00e7\u00e3o das cargas internas de umidade e de calor. Na terceira etapa, ser\u00e3o simuladas as duas possibilidades de climatiza\u00e7\u00e3o dos espa\u00e7os internos, com ar condicionado e com ventila\u00e7\u00e3o natural, observando a varia\u00e7\u00e3o das condi\u00e7\u00f5es de contorno. E na quarta etapa, ser\u00e1 realizada uma an\u00e1lise de sensibilidade da proposta inicial de norma de simula\u00e7\u00e3o de transporte de umidade frente \u00e0s altera\u00e7\u00f5es das condi\u00e7\u00f5es de contorno, e observando como resultados a an\u00e1lise das vari\u00e1veis &#8211; risco de condensa\u00e7\u00e3o superficial e riscos de surgimento de fungos filamentosos.Durante a realiza\u00e7\u00e3o das ETAPAS 2 e 3 a partir de visitas T\u00e9cnicas ao Instituto Fraunhofer, ser\u00e3o discutidas de forma pormenorizada as configura\u00e7\u00f5es apresentadas pela ferramenta WUFI e as compatibilidades e incompatibilidades com a ferramenta Domus.<\/span><\/div>\n<\/div>\n<div><\/div>\n<div><span style=\"font-size: 14pt; font-family: helvetica, arial, sans-serif;\"><strong>Financiamento:<span style=\"font-weight: 400;\"><a href=\"http:\/\/cnpq.br\/\"><img loading=\"lazy\" decoding=\"async\" class=\"alignnone wp-image-214\" src=\"https:\/\/wp.ufpel.edu.br\/geseee\/files\/2020\/09\/cnpq-logo-7-400x120.png\" alt=\"\" width=\"124\" height=\"37\" srcset=\"https:\/\/wp.ufpel.edu.br\/geseee\/files\/2020\/09\/cnpq-logo-7-400x120.png 400w, https:\/\/wp.ufpel.edu.br\/geseee\/files\/2020\/09\/cnpq-logo-7-1024x307.png 1024w, https:\/\/wp.ufpel.edu.br\/geseee\/files\/2020\/09\/cnpq-logo-7-768x230.png 768w, https:\/\/wp.ufpel.edu.br\/geseee\/files\/2020\/09\/cnpq-logo-7-1536x461.png 1536w, https:\/\/wp.ufpel.edu.br\/geseee\/files\/2020\/09\/cnpq-logo-7-2048x615.png 2048w, https:\/\/wp.ufpel.edu.br\/geseee\/files\/2020\/09\/cnpq-logo-7-600x180.png 600w\" sizes=\"auto, (max-width: 124px) 100vw, 124px\" \/><\/a><\/span><\/strong><\/span><\/div>\n<div>\n<p><strong><span style=\"font-size: 14pt; font-family: helvetica, arial, sans-serif;\">Integrantes:<\/span><\/strong><span style=\"font-size: 14pt; font-family: helvetica, arial, sans-serif;\"> Eduardo Grala da Cunha &#8211; Coordenador \/ Carolina Mesquita Duarte &#8211; Integrante \/ Luiza Coutinho Bernardes &#8211; Integrante \/ Nathan Mendes &#8211; Integrante \/ Liliane Bonadiman Buligon &#8211; Integrante \/ Luciane Beber &#8211; Integrante \/ Lauri Anderson Lenz.<\/span><\/p>\n<p>&nbsp;<\/p>\n<\/div>\n<p style=\"text-align: justify;\"><span style=\"font-size: 14pt; font-family: helvetica, arial, sans-serif;\"><strong>An\u00e1lise termoenerg\u00e9tica de edifica\u00e7\u00f5es residenciais e comerciais localizadas nas zonas bioclim\u00e1ticas 1, 2 e 3: impactos das pontes t\u00e9rmicas no desempenho da envolt\u00f3ria.<\/strong><\/span><\/p>\n<p style=\"text-align: justify;\"><span style=\"font-family: helvetica, arial, sans-serif; font-size: 14pt;\"><strong>Resumo: <\/strong>A pesquisa tem como objetivos gerais os caracterizados a seguir:- analisar a influ\u00eancia das pontes t\u00e9rmicas de sistemas estruturais em concreto armado no desempenho termoenerg\u00e9tico da envolt\u00f3ria de edif\u00edcios comerciais e residenciais localizados nas zonas bioclim\u00e1ticas 1, 2 e 3; &#8211; verificar a pertin\u00eancia de incluir nos Regulamentos RTQ-C e RTQ-R um incremento na transmit\u00e2ncia t\u00e9rmica das paredes com base na exist\u00eancia de pontes t\u00e9rmicas em sistemas estruturais para edifica\u00e7\u00f5es localizadas nas zonas bioclim\u00e1ticas 1, 2 e 3.<\/span><\/p>\n<p style=\"text-align: justify;\"><span style=\"font-size: 14pt; font-family: helvetica, arial, sans-serif;\"><strong><span style=\"font-weight: 400;\"><strong>Financiamento<\/strong>: <a href=\"http:\/\/cnpq.br\/\"><img loading=\"lazy\" decoding=\"async\" class=\"alignnone wp-image-214\" src=\"https:\/\/wp.ufpel.edu.br\/geseee\/files\/2020\/09\/cnpq-logo-7-400x120.png\" alt=\"\" width=\"124\" height=\"37\" srcset=\"https:\/\/wp.ufpel.edu.br\/geseee\/files\/2020\/09\/cnpq-logo-7-400x120.png 400w, https:\/\/wp.ufpel.edu.br\/geseee\/files\/2020\/09\/cnpq-logo-7-1024x307.png 1024w, https:\/\/wp.ufpel.edu.br\/geseee\/files\/2020\/09\/cnpq-logo-7-768x230.png 768w, https:\/\/wp.ufpel.edu.br\/geseee\/files\/2020\/09\/cnpq-logo-7-1536x461.png 1536w, https:\/\/wp.ufpel.edu.br\/geseee\/files\/2020\/09\/cnpq-logo-7-2048x615.png 2048w, https:\/\/wp.ufpel.edu.br\/geseee\/files\/2020\/09\/cnpq-logo-7-600x180.png 600w\" sizes=\"auto, (max-width: 124px) 100vw, 124px\" \/><\/a><\/span><\/strong><\/span><\/p>\n<p>&nbsp;<\/p>\n<div class=\"layout-cell layout-cell-9\">\n<div class=\"layout-cell-pad-5\"><strong><span style=\"font-family: helvetica, arial, sans-serif; font-size: 14pt;\">An\u00e1lise da influ\u00eancia da umidade no consumo de climatiza\u00e7\u00e3o de edif\u00edcios isolados termicamente<\/span><\/strong><\/div>\n<\/div>\n<div class=\"layout-cell layout-cell-3 text-align-right\">\n<div class=\"layout-cell-pad-5 text-align-right\"><\/div>\n<\/div>\n<div class=\"layout-cell layout-cell-9\">\n<div class=\"layout-cell-pad-5\"><span style=\"font-family: helvetica, arial, sans-serif; font-size: 14pt;\"><strong>Resumo:<\/strong> O objetivo geral da pesquisa \u00e9 verificar as possibilidades de minimizar os impactos da umidade no consumo de energia de climatiza\u00e7\u00e3o de edifica\u00e7\u00f5es residenciais com elevado n\u00edvel de isolamento t\u00e9rmico. O projeto de pesquisa est\u00e1 organizado em 3 etapas. Na primeira etapa ser\u00e1 modelado uma edifica\u00e7\u00e3o residencial com elevado n\u00edvel de isolamento t\u00e9rmico, atendendo aos preceitos da Standard Passive House. Ser\u00e3o utilizados os softwares PH Design, Sketchtup e PHPP. A partir da etapa de modelagem, ser\u00e1 analisado o consumo de climatiza\u00e7\u00e3o e o impacto da umidade neste consumo. Posteriormente, ser\u00e3o realizadas na segunda etapa otimiza\u00e7\u00f5es da renova\u00e7\u00e3o do ar interior da edifica\u00e7\u00e3o, observando estrat\u00e9gias de ventila\u00e7\u00e3o natural, como tamb\u00e9m ventila\u00e7\u00e3o mec\u00e2nica.Na terceira fase ser\u00e3o analisados os resultados do processo de otimiza\u00e7\u00e3o, verificando as possibilidade de melhorar os desempenho da edifica\u00e7\u00e3o considerando a ventila\u00e7\u00e3o natural e artificial.Pretende-se com isso preencher a lacuna dos efeitos da umidade no desempenho de edifica\u00e7\u00f5es com elevado n\u00edvel de isolamento t\u00e9rmico.Como resultados esperados pretende-se definir uma gest\u00e3o eficiente da ventila\u00e7\u00e3o\/renova\u00e7\u00e3o de ar dos ambientes interiores da edifica\u00e7\u00e3o eficiente energeticamente.<\/span><\/div>\n<div><\/div>\n<\/div>\n<div><span style=\"font-size: 14pt;\"><strong><span style=\"font-family: helvetica, arial, sans-serif;\">Integrantes:<\/span><\/strong><\/span><span style=\"font-family: helvetica, arial, sans-serif; font-size: 14pt;\"> Eduardo Grala da Cunha &#8211; Coordenador \/ ROBERTA MULAZZANI DOLEYS SOARES &#8211; Integrante \/ GABRIELA MELLER &#8211; Integrante.<\/span><\/div>\n<div><\/div>\n<div><\/div>\n<div class=\"layout-cell layout-cell-9\">\n<div class=\"layout-cell-pad-5\"><strong><span style=\"font-size: 14pt; font-family: helvetica, arial, sans-serif;\">Otimiza\u00e7\u00e3o do uso de PCMs em fechamentos opacos de baixa in\u00e9rcia t\u00e9rmica em edifica\u00e7\u00f5es residenciais nas Zonas Bioclim\u00e1ticas Brasileiras 4, 5, 6, 7 e 8<\/span><\/strong><\/div>\n<\/div>\n<div class=\"layout-cell layout-cell-3 text-align-right\">\n<div class=\"layout-cell-pad-5 text-align-right\"><\/div>\n<\/div>\n<div class=\"layout-cell layout-cell-9\">\n<div class=\"layout-cell-pad-5\"><span style=\"font-size: 14pt; font-family: helvetica, arial, sans-serif;\"><strong>Resumo:<\/strong> O projeto proposto d\u00e1 sequ\u00eancia ao interc\u00e2mbio cient\u00edfico entre o Departamento de Engenharia Civil da Universidade de Aveiro e o Laborat\u00f3rio de Conforto e Efici\u00eancia Energ\u00e9tica da Faculdade de Arquitetura e Urbanismo da Universidade Federal de Pelotas. Nesta nova etapa do interc\u00e2mbio o estudo da aplicabilidade de PCMs ser\u00e1 para as Zonas Bioclim\u00e1ticas 4, 5, 6, 7 e 8. Dado o contexto nacional de evolu\u00e7\u00e3o dos temas ligados \u00e0 efici\u00eancia energ\u00e9tica em edifica\u00e7\u00f5es, a pesquisa proposta tem como objetivo geral: verificar a aplicabilidade do uso de PCMs em edifica\u00e7\u00f5es leves com baixa in\u00e9rcia t\u00e9rmica para as ZBBs 4, 5, 6, 7, e 8 com os sistemas LSF (Light Steel Frame)a partir da otimiza\u00e7\u00e3o das simula\u00e7\u00f5es computacionais6Projeto de Pesquisa Chamada CNPq No 09\/2022 Bolsas de Produtividade em Pesquisa &#8211; Pesquisador Eduardo Grala da Cunhacom base no desenvolvimento de algoritmos gen\u00e9ticos.Trata-se de uma pesquisa aplicada com potencial de inova\u00e7\u00e3o tecnol\u00f3gica utilizando a simula\u00e7\u00e3o computacional como principal estrat\u00e9gia a ser desenvolvida em quatro etapas: ETAPA 01 &#8211; constru\u00e7\u00e3o do modelo base; ETAPA 02 &#8211; configura\u00e7\u00e3o das condi\u00e7\u00f5es de contorno das caracter\u00edsticas dos PCMs; ETAPA 03 &#8211; simula\u00e7\u00e3o, fazendo-se uso do software Energy Plus 9.5, e otimiza\u00e7\u00e3o dasmelhores configura\u00e7\u00f5es para cada Zona Bioclim\u00e1tica utilizando algoritmos gen\u00e9ticose o software Python; ETAPA 04 &#8211; An\u00e1lise de Resultados.Como resultados esperados destaca-se a possibilidade de difundir as reais demandas das edifica\u00e7\u00f5es residenciais constru\u00eddas com LSF no que diz respeito \u00e0 estrat\u00e9gia de incorporar in\u00e9rcia t\u00e9rmica utilizando PCMs com as configura\u00e7\u00f5es mais adequadas em termos de faixa de temperatura de fus\u00e3o e solidifica\u00e7\u00e3o, capacidade t\u00e9rmica, tipos de PCMs e de PCMs nos fechamentos.<\/span><\/div>\n<\/div>\n<div><\/div>\n<div><span style=\"font-family: helvetica, arial, sans-serif; font-size: 14pt;\"><strong>Integrantes:<\/strong> Eduardo Grala da Cunha &#8211; Coordenador.<\/span><\/div>\n<div><\/div>\n<div><strong><span style=\"font-size: 14pt; font-family: helvetica, arial, sans-serif;\">Financiamento:<\/span><a href=\"http:\/\/cnpq.br\/\"><img loading=\"lazy\" decoding=\"async\" class=\"alignnone wp-image-214\" src=\"https:\/\/wp.ufpel.edu.br\/geseee\/files\/2020\/09\/cnpq-logo-7-400x120.png\" alt=\"\" width=\"124\" height=\"37\" srcset=\"https:\/\/wp.ufpel.edu.br\/geseee\/files\/2020\/09\/cnpq-logo-7-400x120.png 400w, https:\/\/wp.ufpel.edu.br\/geseee\/files\/2020\/09\/cnpq-logo-7-1024x307.png 1024w, https:\/\/wp.ufpel.edu.br\/geseee\/files\/2020\/09\/cnpq-logo-7-768x230.png 768w, https:\/\/wp.ufpel.edu.br\/geseee\/files\/2020\/09\/cnpq-logo-7-1536x461.png 1536w, https:\/\/wp.ufpel.edu.br\/geseee\/files\/2020\/09\/cnpq-logo-7-2048x615.png 2048w, https:\/\/wp.ufpel.edu.br\/geseee\/files\/2020\/09\/cnpq-logo-7-600x180.png 600w\" sizes=\"auto, (max-width: 124px) 100vw, 124px\" \/><\/a><\/strong><\/div>\n<p>&nbsp;<\/p>\n","protected":false},"excerpt":{"rendered":"<p>Grupos e atividades de pesquisa Os pesquisadores do GES3E est\u00e3o ligados ao Grupo de Pesquisa Tecnologia e gest\u00e3o do ambiente constru\u00eddo. As pesquisas desenvolvidas no GES3E s\u00e3o as seguintes: &nbsp; Simula\u00e7\u00e3o do Transporte de&#46;&#46;&#46;<\/p>\n","protected":false},"author":740,"featured_media":0,"parent":0,"menu_order":0,"comment_status":"closed","ping_status":"closed","template":"","meta":{"footnotes":""},"class_list":["post-56","page","type-page","status-publish","hentry"],"_links":{"self":[{"href":"https:\/\/wp.ufpel.edu.br\/geseee\/wp-json\/wp\/v2\/pages\/56","targetHints":{"allow":["GET"]}}],"collection":[{"href":"https:\/\/wp.ufpel.edu.br\/geseee\/wp-json\/wp\/v2\/pages"}],"about":[{"href":"https:\/\/wp.ufpel.edu.br\/geseee\/wp-json\/wp\/v2\/types\/page"}],"author":[{"embeddable":true,"href":"https:\/\/wp.ufpel.edu.br\/geseee\/wp-json\/wp\/v2\/users\/740"}],"replies":[{"embeddable":true,"href":"https:\/\/wp.ufpel.edu.br\/geseee\/wp-json\/wp\/v2\/comments?post=56"}],"version-history":[{"count":13,"href":"https:\/\/wp.ufpel.edu.br\/geseee\/wp-json\/wp\/v2\/pages\/56\/revisions"}],"predecessor-version":[{"id":384,"href":"https:\/\/wp.ufpel.edu.br\/geseee\/wp-json\/wp\/v2\/pages\/56\/revisions\/384"}],"wp:attachment":[{"href":"https:\/\/wp.ufpel.edu.br\/geseee\/wp-json\/wp\/v2\/media?parent=56"}],"curies":[{"name":"wp","href":"https:\/\/api.w.org\/{rel}","templated":true}]}}