{"id":54,"date":"2020-09-28T16:15:32","date_gmt":"2020-09-28T19:15:32","guid":{"rendered":"https:\/\/wp.ufpel.edu.br\/geseee\/?page_id=54"},"modified":"2020-10-07T15:24:52","modified_gmt":"2020-10-07T18:24:52","slug":"inicio","status":"publish","type":"page","link":"https:\/\/wp.ufpel.edu.br\/geseee\/","title":{"rendered":"Apresenta\u00e7\u00e3o e proposta do grupo de estudos"},"content":{"rendered":"<p style=\"text-align: justify\"><span style=\"font-family: helvetica, arial, sans-serif;font-size: 14pt\">\u00a0O Grupo de Estudos em Simula\u00e7\u00e3o de Efici\u00eancia Energ\u00e9tica em Edifica\u00e7\u00f5es (GES3E), constitui-se em um Laborat\u00f3rio de Pesquisa e Extens\u00e3o, na \u00e1rea de Conforto Ambiental e Instala\u00e7\u00f5es, vinculado ao Departamento de Tecnologia da Constru\u00e7\u00e3o (DTC), da Faculdade de Arquitetura e Urbanismo (FAUrb) da UFPel. De forma ampla, o objetivo do GES3E \u00e9 contribuir no \u00e2mbito da efici\u00eancia energ\u00e9tica das edifica\u00e7\u00f5es, mais especificamente da simula\u00e7\u00e3o computacional de efici\u00eancia energ\u00e9tica de edifica\u00e7\u00f5es.<\/span><\/p>\n","protected":false},"excerpt":{"rendered":"<p>\u00a0O Grupo de Estudos em Simula\u00e7\u00e3o de Efici\u00eancia Energ\u00e9tica em Edifica\u00e7\u00f5es (GES3E), constitui-se em um Laborat\u00f3rio de Pesquisa e Extens\u00e3o, na \u00e1rea de Conforto Ambiental e Instala\u00e7\u00f5es, vinculado ao Departamento de Tecnologia da Constru\u00e7\u00e3o&#46;&#46;&#46;<\/p>\n","protected":false},"author":740,"featured_media":0,"parent":0,"menu_order":0,"comment_status":"closed","ping_status":"closed","template":"","meta":{"footnotes":""},"class_list":["post-54","page","type-page","status-publish","hentry"],"_links":{"self":[{"href":"https:\/\/wp.ufpel.edu.br\/geseee\/wp-json\/wp\/v2\/pages\/54","targetHints":{"allow":["GET"]}}],"collection":[{"href":"https:\/\/wp.ufpel.edu.br\/geseee\/wp-json\/wp\/v2\/pages"}],"about":[{"href":"https:\/\/wp.ufpel.edu.br\/geseee\/wp-json\/wp\/v2\/types\/page"}],"author":[{"embeddable":true,"href":"https:\/\/wp.ufpel.edu.br\/geseee\/wp-json\/wp\/v2\/users\/740"}],"replies":[{"embeddable":true,"href":"https:\/\/wp.ufpel.edu.br\/geseee\/wp-json\/wp\/v2\/comments?post=54"}],"version-history":[{"count":12,"href":"https:\/\/wp.ufpel.edu.br\/geseee\/wp-json\/wp\/v2\/pages\/54\/revisions"}],"predecessor-version":[{"id":288,"href":"https:\/\/wp.ufpel.edu.br\/geseee\/wp-json\/wp\/v2\/pages\/54\/revisions\/288"}],"wp:attachment":[{"href":"https:\/\/wp.ufpel.edu.br\/geseee\/wp-json\/wp\/v2\/media?parent=54"}],"curies":[{"name":"wp","href":"https:\/\/api.w.org\/{rel}","templated":true}]}}