{"id":235,"date":"2020-09-30T21:36:37","date_gmt":"2020-10-01T00:36:37","guid":{"rendered":"https:\/\/wp.ufpel.edu.br\/geseee\/?page_id=235"},"modified":"2020-09-30T21:43:20","modified_gmt":"2020-10-01T00:43:20","slug":"capes-print","status":"publish","type":"page","link":"https:\/\/wp.ufpel.edu.br\/geseee\/capes-print\/","title":{"rendered":"Capes Print"},"content":{"rendered":"<p><span style=\"font-family: helvetica, arial, sans-serif\">O GES3E coordena o projeto <a href=\"https:\/\/wp.ufpel.edu.br\/cultivo\/\">&#8220;Cultivo de alimentos em substratos edificados&#8221;<\/a> do Programa CAPES PRINT\/UFPel.<\/span><\/p>\n<p style=\"text-align: justify\"><span style=\"font-family: helvetica, arial, sans-serif\"><strong>Apresenta\u00e7\u00e3o do projeto<\/strong><\/span><\/p>\n<p style=\"text-align: justify\"><span style=\"font-family: helvetica, arial, sans-serif\">Sob a \u00f3tica da Arquitetura, dentre as muitas estrat\u00e9gias poss\u00edveis para a ado\u00e7\u00e3o de pr\u00e1ticas sustent\u00e1veis, a natura\u00e7\u00e3o urbana apresenta-se como um importante alternativa. A natura\u00e7\u00e3o urbana \u00e9 o tratamento vegetativo de superf\u00edcies constru\u00eddas, mediante o uso de plantas adaptadas \u00e0s condi\u00e7\u00f5es bioclim\u00e1ticas locais. A vegeta\u00e7\u00e3o \u00e9 um elemento de extrema import\u00e2ncia na regula\u00e7\u00e3o e equil\u00edbrio de condi\u00e7\u00f5es clim\u00e1ticas extremas e influi no conforto t\u00e9rmico e no consumo energ\u00e9tico quando assume fun\u00e7\u00f5es de controle da radia\u00e7\u00e3o solar direta, umidade e movimento de ar. A esse papel de controle clim\u00e1tico, pode ser adicionada a possibilidade de cultivo de alimentos. O plantio de hortali\u00e7as, condimentos e ervas medicinais vem ganhando os espa\u00e7os urbanos das cidades brasileiras. A tend\u00eancia, que tamb\u00e9m tem adeptos em metr\u00f3poles internacionais, algumas vezes \u00e9 consequ\u00eancia do pouco tempo dispon\u00edvel para o lazer. O cultivo de especiarias em casa e\/ou no meio urbano passa a ser uma das poucas formas de contato com os elementos da natureza, caracterizado como Paisagismo Produtivo. Sendo assim, a natura\u00e7\u00e3o urbana pode gerar espa\u00e7os naturais dentro dos centros urbanos, promovendo o conforto t\u00e9rmico em duas escalas: a urbana e a da edifica\u00e7\u00e3o. Por outro lado, a adi\u00e7\u00e3o de vegeta\u00e7\u00e3o para consumo alimentar a superf\u00edcies edificadas pressup\u00f5e um esfor\u00e7o multidisciplinar, no sentido de responder tecnicamente \u00e0s escolhas por substratos de cultivo adequados, esp\u00e9cies adaptadas aos diferentes climas e consequentemente, por uma f\u00edsica construtiva que sirva de suporte \u00e0 produ\u00e7\u00e3o alimentar. Esse projeto busca incrementar parcerias internacionais em torno a esse tema (Universidade Polit\u00e9cnica de Madrid e a empresa Intemper na Espanha, e Universidade de Lund, na Su\u00e9cia), criando banco de dados relativos ao estado atual da arte na esfera internacional, e produzindo guias de cultivo sobre \u00e1reas edificadas, que atendam a diferentes regi\u00f5es clim\u00e1ticas, apontando potencialidades e fragilidades das solu\u00e7\u00f5es investigadas. Os trabalhos dever\u00e3o trazer informa\u00e7\u00f5es, tamb\u00e9m nos aspectos de desempenho energ\u00e9tico de edifica\u00e7\u00f5es e do clima do espa\u00e7o urbano a partir dessas superf\u00edcies vegetadas. Na \u00e1rea das engenharias h\u00e1 iniciativas importantes realizadas pela UFPel, em colabora\u00e7\u00e3o com grupos radicados na Inglaterra, Fran\u00e7a, Su\u00e9cia, Espanha, Espanha, Estados Unidos, Canad\u00e1 e Pol\u00f4nia a exemplo da degrada\u00e7\u00e3o catal\u00edtica de poluentes e convers\u00e3o de biomassa em energia, as quais se almeja robustecer.<\/span><\/p>\n","protected":false},"excerpt":{"rendered":"<p>O GES3E coordena o projeto &#8220;Cultivo de alimentos em substratos edificados&#8221; do Programa CAPES PRINT\/UFPel. Apresenta\u00e7\u00e3o do projeto Sob a \u00f3tica da Arquitetura, dentre as muitas estrat\u00e9gias poss\u00edveis para a ado\u00e7\u00e3o de pr\u00e1ticas sustent\u00e1veis,&#46;&#46;&#46;<\/p>\n","protected":false},"author":740,"featured_media":0,"parent":0,"menu_order":0,"comment_status":"closed","ping_status":"closed","template":"","meta":{"footnotes":""},"class_list":["post-235","page","type-page","status-publish","hentry"],"_links":{"self":[{"href":"https:\/\/wp.ufpel.edu.br\/geseee\/wp-json\/wp\/v2\/pages\/235","targetHints":{"allow":["GET"]}}],"collection":[{"href":"https:\/\/wp.ufpel.edu.br\/geseee\/wp-json\/wp\/v2\/pages"}],"about":[{"href":"https:\/\/wp.ufpel.edu.br\/geseee\/wp-json\/wp\/v2\/types\/page"}],"author":[{"embeddable":true,"href":"https:\/\/wp.ufpel.edu.br\/geseee\/wp-json\/wp\/v2\/users\/740"}],"replies":[{"embeddable":true,"href":"https:\/\/wp.ufpel.edu.br\/geseee\/wp-json\/wp\/v2\/comments?post=235"}],"version-history":[{"count":4,"href":"https:\/\/wp.ufpel.edu.br\/geseee\/wp-json\/wp\/v2\/pages\/235\/revisions"}],"predecessor-version":[{"id":241,"href":"https:\/\/wp.ufpel.edu.br\/geseee\/wp-json\/wp\/v2\/pages\/235\/revisions\/241"}],"wp:attachment":[{"href":"https:\/\/wp.ufpel.edu.br\/geseee\/wp-json\/wp\/v2\/media?parent=235"}],"curies":[{"name":"wp","href":"https:\/\/api.w.org\/{rel}","templated":true}]}}