{"id":177,"date":"2020-09-29T16:03:20","date_gmt":"2020-09-29T19:03:20","guid":{"rendered":"https:\/\/wp.ufpel.edu.br\/geseee\/?page_id=177"},"modified":"2025-03-17T09:32:09","modified_gmt":"2025-03-17T12:32:09","slug":"parceiros","status":"publish","type":"page","link":"https:\/\/wp.ufpel.edu.br\/geseee\/parceiros\/","title":{"rendered":"Parceiros"},"content":{"rendered":"<p><span style=\"font-family: helvetica, arial, sans-serif; font-size: 14pt;\"><strong>Desenvolvimento de pesquisas em conjunto:<\/strong><\/span><\/p>\n<table style=\"width: 100.546%; border-collapse: collapse; border-style: none; height: 684px;\" border=\"0\">\n<tbody>\n<tr style=\"height: 126px;\">\n<td style=\"width: 25.3776%; height: 126px;\"><img loading=\"lazy\" decoding=\"async\" class=\"size-full wp-image-397 aligncenter\" src=\"https:\/\/wp.ufpel.edu.br\/geseee\/files\/2025\/03\/Captura-de-tela-2025-03-17-083154.png\" alt=\"\" width=\"242\" height=\"228\" \/><\/td>\n<td style=\"width: 74.6224%; text-align: justify; height: 126px;\"><span style=\"font-family: helvetica, arial, sans-serif; font-size: 14pt;\"><span style=\"color: #3366ff;\"><strong><span style=\"color: #0000ff;\"><a style=\"color: #0000ff;\" href=\"https:\/\/meet.google.com\/pmk-qgqg-ddx\">Prof. Dr. Nathan Mendes<\/a><\/span><br \/>\n<\/strong><\/span>Docente e pesquisador do Departamento de Arquitetura e Urbanismo da PUCPR.<\/span><\/td>\n<\/tr>\n<tr style=\"height: 169px;\">\n<td style=\"width: 25.3776%; height: 169px;\"><span style=\"font-family: helvetica, arial, sans-serif; font-size: 14pt;\"><a href=\"https:\/\/www.ufsm.br\/\"><img loading=\"lazy\" decoding=\"async\" class=\"wp-image-206 aligncenter\" src=\"https:\/\/wp.ufpel.edu.br\/geseee\/files\/2020\/09\/unnamed-1-400x395.png\" alt=\"\" width=\"122\" height=\"120\" srcset=\"https:\/\/wp.ufpel.edu.br\/geseee\/files\/2020\/09\/unnamed-1-400x395.png 400w, https:\/\/wp.ufpel.edu.br\/geseee\/files\/2020\/09\/unnamed-1-304x300.png 304w, https:\/\/wp.ufpel.edu.br\/geseee\/files\/2020\/09\/unnamed-1.png 512w\" sizes=\"auto, (max-width: 122px) 100vw, 122px\" \/><\/a><\/span><\/td>\n<td style=\"width: 74.6224%; text-align: justify; height: 169px;\"><span style=\"font-family: helvetica, arial, sans-serif; font-size: 14pt;\"><a href=\"http:\/\/lattes.cnpq.br\/9725292275606192\"><strong>Profa. Dra.\u00a0Giane<\/strong> <strong>De Campos Grigoletti<br \/>\n<\/strong><\/a>Docente e pesquisadora do Departamento de Arquitetura e Urbanismo da UFSM, assim como do Programa de P\u00f3s-Gradua\u00e7\u00e3o em Engenharia Civil e do Programa de P\u00f3s-Gradua\u00e7\u00e3o em Arquitetura, Urbanismo e Paisagismo da UFSM.<\/span><\/td>\n<\/tr>\n<tr style=\"height: 46px;\">\n<td style=\"width: 25.3776%; height: 46px;\"><span style=\"font-family: helvetica, arial, sans-serif; font-size: 14pt;\"><a href=\"https:\/\/www.upf.br\/\"><img loading=\"lazy\" decoding=\"async\" class=\"wp-image-207 aligncenter\" src=\"https:\/\/wp.ufpel.edu.br\/geseee\/files\/2020\/09\/unnamed-400x284.png\" alt=\"\" width=\"245\" height=\"174\" srcset=\"https:\/\/wp.ufpel.edu.br\/geseee\/files\/2020\/09\/unnamed-400x284.png 400w, https:\/\/wp.ufpel.edu.br\/geseee\/files\/2020\/09\/unnamed-423x300.png 423w, https:\/\/wp.ufpel.edu.br\/geseee\/files\/2020\/09\/unnamed.png 512w\" sizes=\"auto, (max-width: 245px) 100vw, 245px\" \/><\/a><\/span><\/td>\n<td style=\"width: 74.6224%; text-align: justify; height: 46px;\"><span style=\"font-family: helvetica, arial, sans-serif; font-size: 14pt;\"><strong><a href=\"http:\/\/lattes.cnpq.br\/5782024822288028\">Prof. M.Sc. Rodrigo Carlos Fritsch<\/a><br \/>\n<\/strong>Docente dos cursos de Arquitetura e Urbanismo e Engenharia Civil na Universidade de Passo Fundo.<\/span><\/td>\n<\/tr>\n<tr style=\"height: 46px;\">\n<td style=\"width: 25.3776%; height: 46px;\"><span style=\"font-family: helvetica, arial, sans-serif; font-size: 14pt;\"><a href=\"https:\/\/www.ua.pt\/\"><img loading=\"lazy\" decoding=\"async\" class=\"wp-image-208 aligncenter\" src=\"https:\/\/wp.ufpel.edu.br\/geseee\/files\/2020\/09\/logo_UA-400x150.png\" alt=\"\" width=\"257\" height=\"97\" srcset=\"https:\/\/wp.ufpel.edu.br\/geseee\/files\/2020\/09\/logo_UA-400x150.png 400w, https:\/\/wp.ufpel.edu.br\/geseee\/files\/2020\/09\/logo_UA-1024x384.png 1024w, https:\/\/wp.ufpel.edu.br\/geseee\/files\/2020\/09\/logo_UA-768x288.png 768w, https:\/\/wp.ufpel.edu.br\/geseee\/files\/2020\/09\/logo_UA-1536x576.png 1536w, https:\/\/wp.ufpel.edu.br\/geseee\/files\/2020\/09\/logo_UA-600x225.png 600w, https:\/\/wp.ufpel.edu.br\/geseee\/files\/2020\/09\/logo_UA.png 1919w\" sizes=\"auto, (max-width: 257px) 100vw, 257px\" \/><\/a><\/span><\/td>\n<td style=\"width: 74.6224%; text-align: justify; height: 46px;\"><span style=\"font-family: helvetica, arial, sans-serif; font-size: 14pt;\"><strong><a href=\"http:\/\/lattes.cnpq.br\/8253080419568038\">Prof. Dr. Romeu da Silva Vicente<\/a><br \/>\n<\/strong>Docente e pesquisador no Departamento de Engenharia Civil da Universidade de Aveiro.<\/span><\/td>\n<\/tr>\n<tr style=\"height: 91px;\">\n<td style=\"width: 25.3776%; height: 91px;\"><span style=\"font-family: helvetica, arial, sans-serif; font-size: 14pt;\"><a href=\"https:\/\/ucpel.edu.br\/\"><img loading=\"lazy\" decoding=\"async\" class=\"wp-image-209 aligncenter\" src=\"https:\/\/wp.ufpel.edu.br\/geseee\/files\/2020\/09\/UCPEL_-_UNIVERSIDADE_CATOLICA_DE_PELOTAS-logo-8EE8330529-seeklogo.com_.png\" alt=\"\" width=\"168\" height=\"92\" \/><\/a><\/span><\/td>\n<td style=\"width: 74.6224%; text-align: justify; height: 91px;\"><span style=\"font-family: helvetica, arial, sans-serif; font-size: 14pt;\"><a href=\"http:\/\/lattes.cnpq.br\/7544919517623986\"><strong>Profa. M.Sc. Stifany Knop<br \/>\n<\/strong><\/a>Docente do curso e Arquitetura e Urbanismo da Universidade Cat\u00f3lica de Pelotas.<\/span><\/td>\n<\/tr>\n<tr style=\"height: 104px;\">\n<td style=\"width: 25.3776%; height: 104px;\"><span style=\"font-family: helvetica, arial, sans-serif; font-size: 14pt;\"><a href=\"https:\/\/www.imed.edu.br\/\"><img loading=\"lazy\" decoding=\"async\" class=\" wp-image-187 aligncenter\" src=\"https:\/\/wp.ufpel.edu.br\/geseee\/files\/2020\/09\/imed-400x115.png\" alt=\"\" width=\"223\" height=\"64\" srcset=\"https:\/\/wp.ufpel.edu.br\/geseee\/files\/2020\/09\/imed-400x115.png 400w, https:\/\/wp.ufpel.edu.br\/geseee\/files\/2020\/09\/imed-1024x295.png 1024w, https:\/\/wp.ufpel.edu.br\/geseee\/files\/2020\/09\/imed-768x221.png 768w, https:\/\/wp.ufpel.edu.br\/geseee\/files\/2020\/09\/imed-600x173.png 600w, https:\/\/wp.ufpel.edu.br\/geseee\/files\/2020\/09\/imed.png 1197w\" sizes=\"auto, (max-width: 223px) 100vw, 223px\" \/><\/a><\/span><\/td>\n<td style=\"width: 74.6224%; text-align: justify; height: 104px;\"><span style=\"font-size: 14pt; font-family: helvetica, arial, sans-serif;\"><strong><a href=\"http:\/\/lattes.cnpq.br\/4589660577066054\">Profa. Dra. Tha\u00edsa Leal da Silva<\/a> <\/strong><br \/>\nDocente e pesquisadora no Programa de P\u00f3s-Gradua\u00e7\u00e3o Stricto Sensu em Arquitetura e Urbanismo (PPGARQ-IMED) e nos cursos de Gradua\u00e7\u00e3o em Arquitetura e Urbanismo, e Ci\u00eancia da Computa\u00e7\u00e3o da IMED.<\/span><\/td>\n<\/tr>\n<\/tbody>\n<\/table>\n<p><span style=\"font-family: helvetica, arial, sans-serif; font-size: 14pt;\"><strong>Laborat\u00f3rios:<\/strong><\/span><\/p>\n<table style=\"width: 100%; border-collapse: collapse; border-style: none;\" border=\"0\">\n<tbody>\n<tr>\n<td style=\"width: 25.3776%;\"><span style=\"font-family: helvetica, arial, sans-serif; font-size: 14pt;\"><img loading=\"lazy\" decoding=\"async\" class=\"wp-image-242 aligncenter\" src=\"https:\/\/wp.ufpel.edu.br\/geseee\/files\/2020\/09\/Logo-LABCEE-400x237.png\" alt=\"\" width=\"208\" height=\"123\" srcset=\"https:\/\/wp.ufpel.edu.br\/geseee\/files\/2020\/09\/Logo-LABCEE-400x237.png 400w, https:\/\/wp.ufpel.edu.br\/geseee\/files\/2020\/09\/Logo-LABCEE-1024x608.png 1024w, https:\/\/wp.ufpel.edu.br\/geseee\/files\/2020\/09\/Logo-LABCEE-768x456.png 768w, https:\/\/wp.ufpel.edu.br\/geseee\/files\/2020\/09\/Logo-LABCEE-1536x912.png 1536w, https:\/\/wp.ufpel.edu.br\/geseee\/files\/2020\/09\/Logo-LABCEE-2048x1216.png 2048w, https:\/\/wp.ufpel.edu.br\/geseee\/files\/2020\/09\/Logo-LABCEE-505x300.png 505w\" sizes=\"auto, (max-width: 208px) 100vw, 208px\" \/><\/span><\/td>\n<td style=\"width: 74.6224%; text-align: justify;\"><span style=\"font-family: helvetica, arial, sans-serif; font-size: 14pt;\"><strong><a href=\"https:\/\/wp.ufpel.edu.br\/labcee\/\">Laborat\u00f3rio de Conforto e Efici\u00eancia Energ\u00e9tica (LABCEE)<\/a><\/strong><\/span><\/td>\n<\/tr>\n<tr style=\"height: 104px;\">\n<td style=\"width: 25.3776%; height: 104px;\"><span style=\"font-family: helvetica, arial, sans-serif; font-size: 14pt;\"><img loading=\"lazy\" decoding=\"async\" class=\"wp-image-243 aligncenter\" src=\"https:\/\/wp.ufpel.edu.br\/geseee\/files\/2020\/09\/Marca-Linse-400x233.png\" alt=\"\" width=\"228\" height=\"133\" srcset=\"https:\/\/wp.ufpel.edu.br\/geseee\/files\/2020\/09\/Marca-Linse-400x233.png 400w, https:\/\/wp.ufpel.edu.br\/geseee\/files\/2020\/09\/Marca-Linse-1024x597.png 1024w, https:\/\/wp.ufpel.edu.br\/geseee\/files\/2020\/09\/Marca-Linse-768x448.png 768w, https:\/\/wp.ufpel.edu.br\/geseee\/files\/2020\/09\/Marca-Linse-1536x896.png 1536w, https:\/\/wp.ufpel.edu.br\/geseee\/files\/2020\/09\/Marca-Linse-514x300.png 514w, https:\/\/wp.ufpel.edu.br\/geseee\/files\/2020\/09\/Marca-Linse.png 1767w\" sizes=\"auto, (max-width: 228px) 100vw, 228px\" \/><\/span><\/td>\n<td style=\"width: 74.6224%; text-align: justify; height: 104px;\"><span style=\"font-family: helvetica, arial, sans-serif; font-size: 14pt;\"><strong><a href=\"http:\/\/linse.ufpel.edu.br\/\">Laborat\u00f3rio de Inspe\u00e7\u00e3o de Efici\u00eancia Energ\u00e9tica em Edifica\u00e7\u00f5es (LINSE)<\/a><\/strong><\/span><\/td>\n<\/tr>\n<\/tbody>\n<\/table>\n<p>&nbsp;<\/p>\n","protected":false},"excerpt":{"rendered":"<p>Desenvolvimento de pesquisas em conjunto: Prof. Dr. Nathan Mendes Docente e pesquisador do Departamento de Arquitetura e Urbanismo da PUCPR. Profa. Dra.\u00a0Giane De Campos Grigoletti Docente e pesquisadora do Departamento de Arquitetura e Urbanismo&#46;&#46;&#46;<\/p>\n","protected":false},"author":740,"featured_media":0,"parent":0,"menu_order":0,"comment_status":"closed","ping_status":"closed","template":"","meta":{"footnotes":""},"class_list":["post-177","page","type-page","status-publish","hentry"],"_links":{"self":[{"href":"https:\/\/wp.ufpel.edu.br\/geseee\/wp-json\/wp\/v2\/pages\/177","targetHints":{"allow":["GET"]}}],"collection":[{"href":"https:\/\/wp.ufpel.edu.br\/geseee\/wp-json\/wp\/v2\/pages"}],"about":[{"href":"https:\/\/wp.ufpel.edu.br\/geseee\/wp-json\/wp\/v2\/types\/page"}],"author":[{"embeddable":true,"href":"https:\/\/wp.ufpel.edu.br\/geseee\/wp-json\/wp\/v2\/users\/740"}],"replies":[{"embeddable":true,"href":"https:\/\/wp.ufpel.edu.br\/geseee\/wp-json\/wp\/v2\/comments?post=177"}],"version-history":[{"count":21,"href":"https:\/\/wp.ufpel.edu.br\/geseee\/wp-json\/wp\/v2\/pages\/177\/revisions"}],"predecessor-version":[{"id":400,"href":"https:\/\/wp.ufpel.edu.br\/geseee\/wp-json\/wp\/v2\/pages\/177\/revisions\/400"}],"wp:attachment":[{"href":"https:\/\/wp.ufpel.edu.br\/geseee\/wp-json\/wp\/v2\/media?parent=177"}],"curies":[{"name":"wp","href":"https:\/\/api.w.org\/{rel}","templated":true}]}}