{"id":93,"date":"2017-10-23T16:01:26","date_gmt":"2017-10-23T18:01:26","guid":{"rendered":"https:\/\/wp.ufpel.edu.br\/gersonc\/?page_id=93"},"modified":"2025-12-16T15:45:51","modified_gmt":"2025-12-16T18:45:51","slug":"selecao-ppgc-20191","status":"publish","type":"page","link":"https:\/\/wp.ufpel.edu.br\/gersonc\/selecao-ppgc-20191\/","title":{"rendered":"Sele\u00e7\u00e3o PPGC 2026\/1"},"content":{"rendered":"<p>Candidatos ao Processo Seletivo do PPGC 2026\/1 .<\/p>\n<p>Neste Processo Seletivo, estou oferecendo vagas para ingresso no mestrado no doutorado. Acesse informa\u00e7\u00f5es sobre o <a href=\"http:\/\/A ser divulgado\" target=\"_blank\" rel=\"noopener noreferrer\">Processo Seletivo<\/a>. Neste ingresso, o tema sugerido para candidaturas em meu nome \u00e9:<\/p>\n<ul>\n<li>Minha linha principal de pesquisa envolve o processamento paralelo, programa\u00e7\u00e3o concorrente e processamento de alto desempenho. Exemplos:\n<ul>\n<li><strong>Workflows de Computa\u00e7\u00e3o Cient\u00edfica.<\/strong> Meteorologia, Geologia.<\/li>\n<li><strong>Explora\u00e7\u00e3o de ferramentas de programa\u00e7\u00e3o concorrente<\/strong>. Estudo e aplica\u00e7\u00e3o de interfaces de programa\u00e7\u00e3o de diferentes linguagens de programa\u00e7\u00e3o.<\/li>\n<\/ul>\n<\/li>\n<li>Meus projetos ativos, nos quais as orienta\u00e7\u00f5es podem ocorrer, s\u00e3o os seguintes:\n<ul>\n<li><strong> O triplo-e da programa\u00e7\u00e3o concorrente e paralela: expressividade, efic\u00e1cia e efici\u00eancia<\/strong><br \/>\nEste projeto busca categorizar os recursos de programa\u00e7\u00e3o concorrente e paralela de diferentes ferramentas em termos de expressividade, efic\u00e1cia e efici\u00eancia, avaliando sua aplica\u00e7\u00e3o em distintas classes de problemas. \u00c0 medida que novas arquiteturas e tecnologias de explora\u00e7\u00e3o de concorr\u00eancia e paralelismo surgem, recursos espec\u00edficos s\u00e3o incorporados \u00e0s linguagens de programa\u00e7\u00e3o, e o desafio \u00e9 avaliar qu\u00e3o efetivamente esses recursos s\u00e3o utilizados em aplica\u00e7\u00f5es espec\u00edficas. O estudo inclui levantamento de estudos de caso documentados na literatura, buscas na Web, reposit\u00f3rios de software p\u00fablico e f\u00f3runs de desenvolvedores, como GitHub e Stack Overflow, para identificar implementa\u00e7\u00f5es relevantes. Os resultados esperados incluem a cria\u00e7\u00e3o de um m\u00e9todo seguro para selecionar ferramentas e recursos de programa\u00e7\u00e3o, aplic\u00e1vel a diferentes contextos, al\u00e9m de contribuir para a forma\u00e7\u00e3o de recursos humanos, desenvolvimento de material did\u00e1tico e oferta de um portf\u00f3lio de estudos de caso. A metodologia integra estudantes de gradua\u00e7\u00e3o, mestrado e doutorado da UFPel, com atividades que promovem debates em sala de aula e execu\u00e7\u00e3o de trabalhos avaliativos.<\/li>\n<li><strong>As artistas da EBA: processos criativos e a\u00e7\u00f5es interdisciplinares<\/strong><br \/>\nO projeto de pesquisa d\u00e1 continuidade e amplia investiga\u00e7\u00f5es iniciadas em outras inst\u00e2ncias em torno de mulheres artistas, com inten\u00e7\u00e3o de resgatar protagonismos e promover o reconhecimento de obras e processos. Nosso foco recai sobre as artistas da Escola de Belas Artes de Pelotas, com interesse nos processos criativos desenvolvidos, nas inova\u00e7\u00f5es e transgress\u00f5es que atualizam discursos e percep\u00e7\u00f5es, inaugurando novos modos de ver a mulher artista, os processos de forma\u00e7\u00e3o, as reverbera\u00e7\u00f5es e resist\u00eancias.<\/li>\n<li><strong>Mem\u00f3ria Transacional Adaptativa para Arquiteturas Heterog\u00eaneas<\/strong>\n<div class=\"flex-shrink-0 flex flex-col relative items-end\">\n<div>\n<div class=\"pt-0\">\n<div class=\"gizmo-bot-avatar flex h-8 w-8 items-center justify-center overflow-hidden rounded-full\">\n<div class=\"relative p-1 rounded-sm flex items-center justify-center bg-token-main-surface-primary text-token-text-primary h-8 w-8\"><span style=\"text-align: justify; color: var(--cor-texto); font-family: var(--fonte-corpo);\">Este projeto tem foco na investiga\u00e7\u00e3o de Mem\u00f3rias Transacionais em arquiteturas NUMA e sistemas distribu\u00eddos. Na primeira frente, busca-se otimizar o mapeamento de threads e dados em arquiteturas NUMA para programas concorrentes, utilizando algoritmos de Machine Learning que aprendam com benchmarks e prevejam mapeamentos ideais. Na segunda frente, pretende-se adaptar a abstra\u00e7\u00e3o de Mem\u00f3rias Transacionais para ambientes distribu\u00eddos, desenvolvendo primitivas de linguagem que permitam transa\u00e7\u00f5es em \u00e1reas de mem\u00f3ria remotas e adaptando algoritmos cl\u00e1ssicos de execu\u00e7\u00e3o para esses ambientes.<\/span><\/div>\n<\/div>\n<\/div>\n<\/div>\n<\/div>\n<\/li>\n<li><strong>Constru\u00e7\u00e3o de uma Nuvem IaaS para Uso Acad\u00eamico<\/strong><br \/>\nUma Nuvem IaaS (Infraestrutura como Servi\u00e7o) \u00e9 um modelo de servi\u00e7o de computa\u00e7\u00e3o em Nuvem que fornece recursos de infraestrutura virtualizados pela Internet. Com uma Nuvem IaaS, os usu\u00e1rios t\u00eam controle total sobre a configura\u00e7\u00e3o, gerenciamento e implanta\u00e7\u00e3o da infraestrutura virtualizada. Pode-se criar e dimensionar servidores virtuais sob demanda, configurar redes e armazenamento conforme a necessidade. Isso oferece flexibilidade e agilidade, permitindo que usu\u00e1rios ajustem facilmente seus recursos de acordo com as diferentes necessidades que surgem no ambiente acad\u00eamico. A justificativa para esse projeto reside na busca por uma solu\u00e7\u00e3o que forne\u00e7a recursos computacionais sob demanda de forma flex\u00edvel, escal\u00e1vel e eficiente, atendendo \u00e0s especificidades da comunidade acad\u00eamica.<\/li>\n<\/ul>\n<\/li>\n<\/ul>\n<p><strong>Observa\u00e7\u00f5es<\/strong>:<\/p>\n<ul>\n<li>Sugiro que todo candidatos ao mestrado e ao doutorado, procure informa\u00e7\u00f5es sobre o programa no qual vai se candidatar e, em particular, conhecer ou<\/li>\n<li>Para trabalhos nos projetos que conduzo, <strong>habilidades de programa\u00e7\u00e3o s\u00e3o necess\u00e1rias<\/strong>. Dom\u00ednio de C essencial, desej\u00e1vel C++ e\/ou Rust e\/ou linguagens funcionais (Elixir, Erlang&#8230;)<\/li>\n<\/ul>\n","protected":false},"excerpt":{"rendered":"<p>Candidatos ao Processo Seletivo do PPGC 2026\/1 . Neste Processo Seletivo, estou oferecendo vagas para ingresso no mestrado no doutorado. Acesse informa\u00e7\u00f5es sobre o Processo Seletivo. Neste ingresso, o tema sugerido para candidaturas em meu nome \u00e9: Minha linha principal de pesquisa envolve o processamento paralelo, programa\u00e7\u00e3o concorrente e processamento de alto desempenho. Exemplos: Workflows [&hellip;]<\/p>\n","protected":false},"author":476,"featured_media":0,"parent":0,"menu_order":6,"comment_status":"closed","ping_status":"closed","template":"","meta":{"footnotes":""},"class_list":["post-93","page","type-page","status-publish","hentry"],"_links":{"self":[{"href":"https:\/\/wp.ufpel.edu.br\/gersonc\/wp-json\/wp\/v2\/pages\/93","targetHints":{"allow":["GET"]}}],"collection":[{"href":"https:\/\/wp.ufpel.edu.br\/gersonc\/wp-json\/wp\/v2\/pages"}],"about":[{"href":"https:\/\/wp.ufpel.edu.br\/gersonc\/wp-json\/wp\/v2\/types\/page"}],"author":[{"embeddable":true,"href":"https:\/\/wp.ufpel.edu.br\/gersonc\/wp-json\/wp\/v2\/users\/476"}],"replies":[{"embeddable":true,"href":"https:\/\/wp.ufpel.edu.br\/gersonc\/wp-json\/wp\/v2\/comments?post=93"}],"version-history":[{"count":3,"href":"https:\/\/wp.ufpel.edu.br\/gersonc\/wp-json\/wp\/v2\/pages\/93\/revisions"}],"predecessor-version":[{"id":162,"href":"https:\/\/wp.ufpel.edu.br\/gersonc\/wp-json\/wp\/v2\/pages\/93\/revisions\/162"}],"wp:attachment":[{"href":"https:\/\/wp.ufpel.edu.br\/gersonc\/wp-json\/wp\/v2\/media?parent=93"}],"curies":[{"name":"wp","href":"https:\/\/api.w.org\/{rel}","templated":true}]}}