{"id":68,"date":"2015-06-22T14:15:37","date_gmt":"2015-06-22T17:15:37","guid":{"rendered":"https:\/\/wp.ufpel.edu.br\/gersonc\/?page_id=68"},"modified":"2020-01-09T09:46:26","modified_gmt":"2020-01-09T12:46:26","slug":"work-with-me","status":"publish","type":"page","link":"https:\/\/wp.ufpel.edu.br\/gersonc\/research-proposals\/work-with-me\/","title":{"rendered":"Work with me"},"content":{"rendered":"<p><em>(Portuguese, only)<\/em><\/p>\n<p>(Confira <a href=\"http:\/\/computacao.cc\/processo-seletivo-doutorado-mestrado-em-computacao-2020-1\/\">Sele\u00e7\u00e3o 2020\/1<\/a>, com algumas propostas de trabalho)<\/p>\n<p>Sou Professor Associado II na Universidade Federal de Pelotas, habilitado a orientar em n\u00edvel de doutorado, mestrado e gradua\u00e7\u00e3o no cursos desta Institui\u00e7\u00e3o. Consulte-me, diretamente, para saber minha disponibilidade de orienta\u00e7\u00e3o. Considero important\u00edssimo, para o desenvolvimento de trabalhos nas \u00e1reas que atuo, que o candidato \u00e0 orienta\u00e7\u00e3o possua habilidades consolidadas em programa\u00e7\u00e3o.<\/p>\n<p>&nbsp;<\/p>\n<p>Meus temas centrais de pesquisa envolvem o <strong>Processamento de Alto Desempenho<\/strong> (PAD). Neste contexto, grande parte dos meus esfor\u00e7os est\u00e3o voltados ao estudo de aspectos de <strong>interface de programa\u00e7\u00e3o e escalonamento de threads ambientes de programa\u00e7\u00e3o multithread<\/strong>. Tenho <em>n<\/em> sugest\u00f5es de trabalho nesta \u00e1rea, havendo interesse ou uma sugest\u00e3o <em>n+1<\/em>, me procure.<\/p>\n<p>&nbsp;<\/p>\n<p>Outra frente de trabalho em PAD \u00e9 <strong>Computa\u00e7\u00e3o em Nuvem<\/strong>, onde o desenvolvimento de aplica\u00e7\u00f5es e o escalonamento de tarefas visando redu\u00e7\u00e3o do consumo energ\u00e9tico s\u00e3o os aspectos tratados atualmente por alunos de gradua\u00e7\u00e3o e mestrando. Novas abordagem com propostas em aberto envolvem a explora\u00e7\u00e3o do modelo BSP e a especifica\u00e7\u00e3o de um modelo de neg\u00f3cios voltado ao suporte \u00e0 pesquisa. Neste contexto tenho uma nova frente aberta, envolvendo Intelig\u00eancia Artificial e Computa\u00e7\u00e3o na N\u00e9voa: Tratamento de Dados Sensoriados nas Bordas Computacionais: Uma Abordagem Explorando Deep Learning em GPUs Embarcadas.<\/p>\n<p>&nbsp;<\/p>\n<p>Em Computa\u00e7\u00e3o Aplicada, tenho projeto ativo envolvendo cataloga\u00e7\u00e3o e identifica\u00e7\u00e3o de sementes. Este trabalho envolve o <strong>desenvolvimento de t\u00e9cnicas para identifica\u00e7\u00e3o de esp\u00e9cies de semente<\/strong>, apoiado em imagens ou descri\u00e7\u00e3o. Trata-se de um projeto interdisciplinar associado ao P\u00f3s-Gradua\u00e7\u00e3o em Ci\u00eancia e Tecnologia de Sementes da UFPel. No campo da Computa\u00e7\u00e3o Aplicada, abordagens em aberto envolvem previs\u00e3o meteorol\u00f3gica de microclima e manipula\u00e7\u00e3o de sequ\u00eancias (DNA).<\/p>\n<p>&nbsp;<\/p>\n<p>Outra linha de pesquisa que desenvolvo est\u00e1 relacionada ao <strong>Pensamento Computacional<\/strong>. Nesta frente de trabalho, meu enfoque est\u00e1 na utiliza\u00e7\u00e3o de dispositivos m\u00f3veis, como smartphones e tablets, como suporte ao desenvolvimento de atividades para estudantes dos anos iniciais do Ensino Fundamental.<\/p>\n","protected":false},"excerpt":{"rendered":"<p>(Portuguese, only) (Confira Sele\u00e7\u00e3o 2020\/1, com algumas propostas de trabalho) Sou Professor Associado II na Universidade Federal de Pelotas, habilitado a orientar em n\u00edvel de doutorado, mestrado e gradua\u00e7\u00e3o no cursos desta Institui\u00e7\u00e3o. Consulte-me, diretamente, para saber minha disponibilidade de orienta\u00e7\u00e3o. Considero important\u00edssimo, para o desenvolvimento de trabalhos nas \u00e1reas que atuo, que o candidato [&hellip;]<\/p>\n","protected":false},"author":476,"featured_media":0,"parent":33,"menu_order":3,"comment_status":"closed","ping_status":"closed","template":"page-sem-sidebar.php","meta":{"footnotes":""},"class_list":["post-68","page","type-page","status-publish","hentry"],"_links":{"self":[{"href":"https:\/\/wp.ufpel.edu.br\/gersonc\/wp-json\/wp\/v2\/pages\/68","targetHints":{"allow":["GET"]}}],"collection":[{"href":"https:\/\/wp.ufpel.edu.br\/gersonc\/wp-json\/wp\/v2\/pages"}],"about":[{"href":"https:\/\/wp.ufpel.edu.br\/gersonc\/wp-json\/wp\/v2\/types\/page"}],"author":[{"embeddable":true,"href":"https:\/\/wp.ufpel.edu.br\/gersonc\/wp-json\/wp\/v2\/users\/476"}],"replies":[{"embeddable":true,"href":"https:\/\/wp.ufpel.edu.br\/gersonc\/wp-json\/wp\/v2\/comments?post=68"}],"version-history":[{"count":9,"href":"https:\/\/wp.ufpel.edu.br\/gersonc\/wp-json\/wp\/v2\/pages\/68\/revisions"}],"predecessor-version":[{"id":133,"href":"https:\/\/wp.ufpel.edu.br\/gersonc\/wp-json\/wp\/v2\/pages\/68\/revisions\/133"}],"up":[{"embeddable":true,"href":"https:\/\/wp.ufpel.edu.br\/gersonc\/wp-json\/wp\/v2\/pages\/33"}],"wp:attachment":[{"href":"https:\/\/wp.ufpel.edu.br\/gersonc\/wp-json\/wp\/v2\/media?parent=68"}],"curies":[{"name":"wp","href":"https:\/\/api.w.org\/{rel}","templated":true}]}}