{"id":158,"date":"2025-12-16T15:37:15","date_gmt":"2025-12-16T18:37:15","guid":{"rendered":"https:\/\/wp.ufpel.edu.br\/gersonc\/?page_id=158"},"modified":"2025-12-16T15:56:55","modified_gmt":"2025-12-16T18:56:55","slug":"projetos-ativos","status":"publish","type":"page","link":"https:\/\/wp.ufpel.edu.br\/gersonc\/projetos-ativos\/","title":{"rendered":"Projetos Ativos"},"content":{"rendered":"<h1 data-start=\"359\" data-end=\"376\">Projetos Ativos<\/h1>\n<h2 data-start=\"378\" data-end=\"410\">Projeto sob minha coordena\u00e7\u00e3o<\/h2>\n<h3 data-start=\"412\" data-end=\"503\"><a href=\"https:\/\/wp.ufpel.edu.br\/gersonc\/projetos-ativos\/triplo-e\/\">O triplo-e da programa\u00e7\u00e3o concorrente e paralela: expressividade, efic\u00e1cia e efici\u00eancia<\/a><\/h3>\n<p data-start=\"505\" data-end=\"557\"><strong data-start=\"505\" data-end=\"521\">Coordenador:<\/strong> Gerson Geraldo Homrich Cavalheiro<\/p>\n<p data-start=\"559\" data-end=\"590\"><strong data-start=\"559\" data-end=\"588\">Atividades desenvolvidas:<\/strong><\/p>\n<ul data-start=\"591\" data-end=\"660\">\n<li data-start=\"591\" data-end=\"612\">\n<p data-start=\"593\" data-end=\"612\"><strong data-start=\"596\" data-end=\"610\">Ensino (E)<\/strong><\/p>\n<\/li>\n<li data-start=\"613\" data-end=\"636\">\n<p data-start=\"615\" data-end=\"636\"><strong data-start=\"618\" data-end=\"634\">Pesquisa (P)<\/strong><\/p>\n<\/li>\n<li data-start=\"637\" data-end=\"660\">\n<p data-start=\"639\" data-end=\"660\"><strong data-start=\"642\" data-end=\"658\">Extens\u00e3o (X)<\/strong><\/p>\n<\/li>\n<\/ul>\n<p data-start=\"348\" data-end=\"358\"><strong data-start=\"348\" data-end=\"358\">Resumo<\/strong><\/p>\n<p data-start=\"360\" data-end=\"1075\">Este projeto investiga como linguagens e ferramentas de programa\u00e7\u00e3o exploram a concorr\u00eancia e o paralelismo oferecidos pelas arquiteturas modernas de hardware, a partir de tr\u00eas propriedades centrais: <strong data-start=\"560\" data-end=\"578\">expressividade<\/strong>, <strong data-start=\"580\" data-end=\"592\">efic\u00e1cia<\/strong> e <strong data-start=\"595\" data-end=\"609\">efici\u00eancia<\/strong>. O objetivo \u00e9 desenvolver um m\u00e9todo sistem\u00e1tico de avalia\u00e7\u00e3o e compara\u00e7\u00e3o de ferramentas de programa\u00e7\u00e3o concorrente e paralela, apoiado em estudos de caso, revis\u00e3o da literatura e an\u00e1lise de c\u00f3digo, que permita selecionar, de forma fundamentada, as solu\u00e7\u00f5es mais adequadas para diferentes classes de problemas. Al\u00e9m das contribui\u00e7\u00f5es cient\u00edficas, o projeto tem impacto direto na forma\u00e7\u00e3o de recursos humanos e na produ\u00e7\u00e3o de material did\u00e1tico na \u00e1rea de Computa\u00e7\u00e3o.<\/p>\n<hr data-start=\"662\" data-end=\"665\" \/>\n<h2 data-start=\"667\" data-end=\"695\">Projetos em que participo<\/h2>\n<h3 data-start=\"697\" data-end=\"797\">Metaprograma\u00e7\u00e3o aplicada no desenvolvimento de abstra\u00e7\u00f5es combin\u00e1veis para a programa\u00e7\u00e3o de GPUs<\/h3>\n<p data-start=\"799\" data-end=\"838\"><strong data-start=\"799\" data-end=\"815\">Coordenador:<\/strong> Andre Rauber du Bois<\/p>\n<p data-start=\"840\" data-end=\"871\"><strong data-start=\"840\" data-end=\"869\">Atividades desenvolvidas:<\/strong><\/p>\n<ul data-start=\"872\" data-end=\"895\">\n<li data-start=\"872\" data-end=\"895\">\n<p data-start=\"874\" data-end=\"895\"><strong data-start=\"877\" data-end=\"893\">Pesquisa (P)<\/strong><\/p>\n<\/li>\n<\/ul>\n<hr data-start=\"897\" data-end=\"900\" \/>\n<h3 data-start=\"902\" data-end=\"953\">Constru\u00e7\u00e3o de uma Nuvem IaaS para Uso Acad\u00eamico<\/h3>\n<p data-start=\"955\" data-end=\"998\"><strong data-start=\"955\" data-end=\"971\">Coordenador:<\/strong> Rafael Burlamaqui Amaral<\/p>\n<p data-start=\"1000\" data-end=\"1031\"><strong data-start=\"1000\" data-end=\"1029\">Atividades desenvolvidas:<\/strong><\/p>\n<ul data-start=\"1032\" data-end=\"1055\">\n<li data-start=\"1032\" data-end=\"1055\">\n<p data-start=\"1034\" data-end=\"1055\"><strong data-start=\"1037\" data-end=\"1053\">Pesquisa (P)<\/strong><\/p>\n<\/li>\n<\/ul>\n<hr data-start=\"1057\" data-end=\"1060\" \/>\n<h3 data-start=\"1062\" data-end=\"1107\"><a href=\"https:\/\/wp.ufpel.edu.br\/gersonc\/projetos-ativos\/artistas-mulheres\/\">Mem\u00f3ria e Identidade de Artistas Mulheres<\/a><\/h3>\n<p data-start=\"1109\" data-end=\"1153\"><strong data-start=\"1109\" data-end=\"1126\">Coordenadora:<\/strong> Daniele Baltz da Fonseca<\/p>\n<p data-start=\"1155\" data-end=\"1186\"><strong data-start=\"1155\" data-end=\"1184\">Atividades desenvolvidas:<\/strong><\/p>\n<ul data-start=\"1187\" data-end=\"1234\">\n<li data-start=\"1187\" data-end=\"1210\">\n<p data-start=\"1189\" data-end=\"1210\"><strong data-start=\"1192\" data-end=\"1208\">Pesquisa (P)<\/strong><\/p>\n<\/li>\n<li data-start=\"1211\" data-end=\"1234\">\n<p data-start=\"1213\" data-end=\"1234\"><strong data-start=\"1216\" data-end=\"1232\">Extens\u00e3o (X)<\/strong><\/p>\n<\/li>\n<\/ul>\n<p data-start=\"0\" data-end=\"10\"><strong data-start=\"0\" data-end=\"10\">Resumo<\/strong><\/p>\n<p data-start=\"12\" data-end=\"543\">O projeto investiga e documenta a trajet\u00f3ria e a produ\u00e7\u00e3o de mulheres artistas ligadas \u00e0 antiga Escola de Belas Artes de Pelotas, enfrentando o apagamento hist\u00f3rico dessas artistas na narrativa da arte local e regional. A pesquisa combina an\u00e1lise de acervo documental e coleta de mem\u00f3rias orais de artistas e familiares, com o objetivo de registrar hist\u00f3rias de vida, obras e redes de relacionamento, formando um corpo documental de refer\u00eancia e ampliando o acesso p\u00fablico a esse conhecimento.<\/p>\n","protected":false},"excerpt":{"rendered":"<p>Projetos Ativos Projeto sob minha coordena\u00e7\u00e3o O triplo-e da programa\u00e7\u00e3o concorrente e paralela: expressividade, efic\u00e1cia e efici\u00eancia Coordenador: Gerson Geraldo Homrich Cavalheiro Atividades desenvolvidas: Ensino (E) Pesquisa (P) Extens\u00e3o (X) Resumo Este projeto investiga como linguagens e ferramentas de programa\u00e7\u00e3o exploram a concorr\u00eancia e o paralelismo oferecidos pelas arquiteturas modernas de hardware, a partir de [&hellip;]<\/p>\n","protected":false},"author":476,"featured_media":0,"parent":0,"menu_order":6,"comment_status":"closed","ping_status":"closed","template":"","meta":{"footnotes":""},"class_list":["post-158","page","type-page","status-publish","hentry"],"_links":{"self":[{"href":"https:\/\/wp.ufpel.edu.br\/gersonc\/wp-json\/wp\/v2\/pages\/158","targetHints":{"allow":["GET"]}}],"collection":[{"href":"https:\/\/wp.ufpel.edu.br\/gersonc\/wp-json\/wp\/v2\/pages"}],"about":[{"href":"https:\/\/wp.ufpel.edu.br\/gersonc\/wp-json\/wp\/v2\/types\/page"}],"author":[{"embeddable":true,"href":"https:\/\/wp.ufpel.edu.br\/gersonc\/wp-json\/wp\/v2\/users\/476"}],"replies":[{"embeddable":true,"href":"https:\/\/wp.ufpel.edu.br\/gersonc\/wp-json\/wp\/v2\/comments?post=158"}],"version-history":[{"count":3,"href":"https:\/\/wp.ufpel.edu.br\/gersonc\/wp-json\/wp\/v2\/pages\/158\/revisions"}],"predecessor-version":[{"id":172,"href":"https:\/\/wp.ufpel.edu.br\/gersonc\/wp-json\/wp\/v2\/pages\/158\/revisions\/172"}],"wp:attachment":[{"href":"https:\/\/wp.ufpel.edu.br\/gersonc\/wp-json\/wp\/v2\/media?parent=158"}],"curies":[{"name":"wp","href":"https:\/\/api.w.org\/{rel}","templated":true}]}}