{"id":38,"date":"2014-03-01T20:09:54","date_gmt":"2014-03-01T20:09:54","guid":{"rendered":"http:\/\/agenciachimp.com.br\/sandbox\/wordpress\/?page_id=38"},"modified":"2016-11-25T14:36:21","modified_gmt":"2016-11-25T16:36:21","slug":"a-equipe","status":"publish","type":"page","link":"https:\/\/wp.ufpel.edu.br\/geppac\/a-equipe\/","title":{"rendered":"Informa\u00e7\u00f5es"},"content":{"rendered":"<p>Para mais informa\u00e7\u00f5es acessar a base de dados no CNPq:<\/p>\n<p>http:\/\/dgp.cnpq.br\/dgp\/espelhogrupo\/4420401431156805<\/p>\n<p>&nbsp;<\/p>\n<p>&nbsp;<\/p>\n<p>&nbsp;<\/p>\n<p>&nbsp;<\/p>\n","protected":false},"excerpt":{"rendered":"<p>Para mais informa\u00e7\u00f5es acessar a base de dados no CNPq: http:\/\/dgp.cnpq.br\/dgp\/espelhogrupo\/4420401431156805 &nbsp; &nbsp; &nbsp; &nbsp;<\/p>\n","protected":false},"author":369,"featured_media":0,"parent":0,"menu_order":0,"comment_status":"closed","ping_status":"closed","template":"","meta":{"footnotes":""},"class_list":["post-38","page","type-page","status-publish","hentry"],"_links":{"self":[{"href":"https:\/\/wp.ufpel.edu.br\/geppac\/wp-json\/wp\/v2\/pages\/38","targetHints":{"allow":["GET"]}}],"collection":[{"href":"https:\/\/wp.ufpel.edu.br\/geppac\/wp-json\/wp\/v2\/pages"}],"about":[{"href":"https:\/\/wp.ufpel.edu.br\/geppac\/wp-json\/wp\/v2\/types\/page"}],"author":[{"embeddable":true,"href":"https:\/\/wp.ufpel.edu.br\/geppac\/wp-json\/wp\/v2\/users\/369"}],"replies":[{"embeddable":true,"href":"https:\/\/wp.ufpel.edu.br\/geppac\/wp-json\/wp\/v2\/comments?post=38"}],"version-history":[{"count":4,"href":"https:\/\/wp.ufpel.edu.br\/geppac\/wp-json\/wp\/v2\/pages\/38\/revisions"}],"predecessor-version":[{"id":304,"href":"https:\/\/wp.ufpel.edu.br\/geppac\/wp-json\/wp\/v2\/pages\/38\/revisions\/304"}],"wp:attachment":[{"href":"https:\/\/wp.ufpel.edu.br\/geppac\/wp-json\/wp\/v2\/media?parent=38"}],"curies":[{"name":"wp","href":"https:\/\/api.w.org\/{rel}","templated":true}]}}