{"id":32,"date":"2014-02-23T22:22:34","date_gmt":"2014-02-23T22:22:34","guid":{"rendered":"http:\/\/agenciachimp.com.br\/sandbox\/wordpress\/?page_id=32"},"modified":"2016-11-24T15:46:15","modified_gmt":"2016-11-24T17:46:15","slug":"tccs","status":"publish","type":"page","link":"https:\/\/wp.ufpel.edu.br\/geppac\/tccs\/","title":{"rendered":"TCCs"},"content":{"rendered":"<h1><span style=\"color: #800000\"><strong>2011<\/strong><\/span><\/h1>\n<p><a href=\"https:\/\/wp.ufpel.edu.br\/geppac\/files\/2014\/09\/TCC_C\u00c9LIO-DOS-SANTOS-SOARES-J\u00daNIOR.pdf\">SOARES J\u00daNIOR, C\u00e9lio dos Santos. &#8220;Teatro do Oprimido na Comunidade : \u00e1 pr\u00e1xis em dois bairros perif\u00e9ricos da cidade de Pelotas&#8221;.<\/a><\/p>\n<p><a href=\"https:\/\/wp.ufpel.edu.br\/geppac\/files\/2014\/09\/TCC_IN\u00c1CIO-SCHARDOSIM-TAVARES.pdf\">TAVARES, In\u00e1cio Schardosim. &#8220;Algumas imagens sobre teatro na educa\u00e7\u00e3o&#8221;<\/a><\/p>\n<p><a href=\"https:\/\/wp.ufpel.edu.br\/geppac\/files\/2014\/09\/TCC_JOICE-ESTER-AYRES-DE-LIMA.pdf\">LIMA, Joice Ester Aires de. &#8220;Valter Sobreiro Junior, 50 anos de teatro: processos de encena\u00e7\u00e3o&#8221;<\/a><\/p>\n<p><a href=\"https:\/\/wp.ufpel.edu.br\/geppac\/files\/2014\/09\/TCC_LUCIA-ELAINE-CARVALHO-BERNDT.pdf\">BERNDT, Lucia Elaine Carvalho. &#8220;Como jogar? reflex\u00f5es sobre uma inexperiente experi\u00eancia.<\/a><\/p>\n<p><a href=\"https:\/\/wp.ufpel.edu.br\/geppac\/files\/2014\/09\/TCC_VAL\u00c9RIA-BARRAGANA-FABRES.pdf\">FABRES, Val\u00e9ria Barragana. &#8220;O fazer teatral na Escola Especial Professor Alfredo Dub: O uso da m\u00e1scara com alunos surdos&#8221;<\/a><\/p>\n<p><a href=\"https:\/\/wp.ufpel.edu.br\/geppac\/files\/2014\/09\/TCC_VANESSA-MARTINS-DA-SILVA.pdf\">SILVA, Vanessa Martins da. &#8220;O jogo dram\u00e1tico e o jogo teatral na forma\u00e7\u00e3o da crian\u00e7a&#8221;<\/a><\/p>\n<h1><span style=\"color: #800000\">2012<\/span><\/h1>\n<p><a href=\"https:\/\/wp.ufpel.edu.br\/geppac\/files\/2014\/02\/TCC_ANA-ALICE-MULLER-ANDRADE.pdf\">ANDRADE, Ana Alice Muller. &#8220;O teatro pelotense entre 1974 e 1986: cr\u00f4nicas de uma atriz&#8221;<\/a><\/p>\n<p><a href=\"https:\/\/wp.ufpel.edu.br\/geppac\/files\/2014\/02\/TCC_FLAVIO-DORNELLES.pdf\">DORNELLES, Fl\u00e1vio. &#8220;Como nasce um Professor? Os Festivais de Teatro de Pelotas (1985-1989) e a Trajet\u00f3ria de Forma\u00e7\u00e3o e Mem\u00f3rias de um ator-professor&#8221;<\/a><\/p>\n<p><a href=\"https:\/\/wp.ufpel.edu.br\/geppac\/files\/2014\/02\/TCC_HELCIO-FERNANDES.pdf\">FERNANDES, Helcio. &#8220;O Caboclo da Umbanda e o arqu\u00e9tipo do Guerreiro: entrecruzamentos no trabalho do ator&#8221;<\/a><\/p>\n<p><a href=\"https:\/\/wp.ufpel.edu.br\/geppac\/files\/2014\/02\/TCC_MAURICIO-RODRIGUES.pdf\">RODRIGUES, Mauricio da Rosa. &#8220;N\u00facleo de Teatro da UFPel: fazeres e desnudamento de si&#8221;<\/a><\/p>\n<p><a href=\"https:\/\/wp.ufpel.edu.br\/geppac\/files\/2014\/02\/TCC_NEUSA-MARIA-KUHN.pdf\">KUHN, Neusa Maria. &#8220;Trajet\u00f3ria art\u00edstica de Jo\u00e3o Bachilli: do Col\u00e9gio Pedro Os\u00f3rio ao Grupo Tholl&#8221;<\/a><\/p>\n<h1><span style=\"color: #800000\">2013<\/span><\/h1>\n<p><a href=\"https:\/\/wp.ufpel.edu.br\/geppac\/files\/2014\/02\/TCC_BIANCA-EBELING-BARBOSA.pdf\">BARBOSA, Bianca Ebeling. &#8220;O Ensino de Teatro: a linguagem teatral e suas influ\u00eancias no desenvolvimento de aspetos da Psicomotricidade&#8221;<\/a><\/p>\n<p><a href=\"https:\/\/wp.ufpel.edu.br\/geppac\/files\/2014\/02\/TCC_DIONATA-OLIVEIRA-LOPES.pdf\">LOPES, Dionata Oliveira. &#8220;Projeto de extens\u00e3o Teatro nas Escolas: Contribuindo na forma\u00e7\u00e3o de alunos de s\u00e9ries Iniciais&#8221;<\/a><\/p>\n<p><a href=\"https:\/\/wp.ufpel.edu.br\/geppac\/files\/2014\/02\/TCC_HELEN-MEIRELES-SIERRA.pdf\">SIERRA, Helen Meireles. &#8220;Meu buf\u00e3o, eu buf\u00e3o: o personagem bufo no corpo do ator&#8221;<\/a><\/p>\n<p><a href=\"https:\/\/wp.ufpel.edu.br\/geppac\/files\/2014\/02\/TCC_INGRID-SILVA-DUARTE-1.pdf\">DUARTE, Ingrid Silva. &#8220;Teatro, T\u00e9cnica e Paci\u00eancia: Di\u00e1rio de uma arte educadora em desespero.&#8221; &#8211; pr\u00e9-textuais<\/a><\/p>\n<p><a href=\"https:\/\/wp.ufpel.edu.br\/geppac\/files\/2014\/02\/TCC_INGRID-SILVA-DUARTE-2.pdf\">DUARTE, Ingrid Silva. &#8220;Teatro, T\u00e9cnica e Paci\u00eancia: Di\u00e1rio de uma arte educadora em desespero.&#8221; &#8211; corpo do texto<\/a><\/p>\n<p><a href=\"https:\/\/wp.ufpel.edu.br\/geppac\/files\/2014\/02\/TCC_JANDIRA-DIAS-DE-SOUZA-BRITO.pdf\">BRITO, Jandira Dias de Souza. &#8220;Experi\u00eancia teatral na conta\u00e7\u00e3o de hist\u00f3rias: discutindo dificuldades de aprendizagem&#8221;<\/a><\/p>\n<p><a href=\"https:\/\/wp.ufpel.edu.br\/geppac\/files\/2014\/02\/TCC_LAURA-CORR\u00caA-BRAGAMONTE.pdf\">BRAGAMONTE, Laura Corr\u00eaa. &#8220;O teatro da educa\u00e7\u00e3o infantil: um estudo de caso na Escola Freinet&#8221;<\/a><\/p>\n<p><a href=\"https:\/\/wp.ufpel.edu.br\/geppac\/files\/2014\/02\/TCC_LIVIA-SOARES-CORREA.pdf\">CORREA, Livia Soares. &#8220;Escutando, dialogando e \u201cteatrando\u201d: a import\u00e2ncia dessas pr\u00e1ticas nas a\u00e7\u00f5es educativas.&#8221;<\/a><\/p>\n<p><a href=\"https:\/\/wp.ufpel.edu.br\/geppac\/files\/2014\/02\/TCC_LUMILAN-NODA-VIEIRA.pdf\">VIEIRA, Lumilan Noda. &#8220;Em busca da presen\u00e7a c\u00eanica: contribui\u00e7\u00f5es do mimo corporal dram\u00e1tico para a corporeidade do ator&#8221;<\/a><\/p>\n<p><a href=\"https:\/\/wp.ufpel.edu.br\/geppac\/files\/2014\/02\/TCC_MARINA-CHAVES-MORAES.pdf\">MORAES, Marina Chaves. &#8220;A contribui\u00e7\u00e3o do fazer teatral na juventude para a constitui\u00e7\u00e3o de adultos apreciadores de teatro&#8221;<\/a><\/p>\n<p><a href=\"https:\/\/wp.ufpel.edu.br\/geppac\/files\/2014\/02\/TCC_NAIL\u00ca-MACHADO.pdf\">MACHADO, Nail\u00ea. &#8220;O Gri\u00f4 como ferramenta pedag\u00f3gica teatral&#8221;<\/a><\/p>\n<p><a href=\"https:\/\/wp.ufpel.edu.br\/geppac\/files\/2014\/02\/TCC_PATRICIA-ANTIQUEIRA-VAZ.pdf\">VAZ, Patricia Antiqueira. &#8220;Caras de Pau: Reflex\u00f5es Sobre Um Grupo De Teatro Comunit\u00e1rio&#8221;<\/a><\/p>\n<p><a href=\"https:\/\/wp.ufpel.edu.br\/geppac\/files\/2014\/02\/TCC_ROBERTA-PIRES-RANGEL.pdf\">RANGEL, Roberta Pires. &#8220;Corpos em forma\u00e7\u00e3o: Um treinamento para a pr\u00e9-expressividade com jovens do Ensino M\u00e9dio&#8221;.<\/a><\/p>\n<p><a href=\"https:\/\/wp.ufpel.edu.br\/geppac\/files\/2014\/02\/TCC_RODRIGO-MENDES-ROCHA.pdf\">ROCHA, Rodrigo Mendes. &#8220;O uso da pr\u00e1tica de sensibiliza\u00e7\u00e3o contextual na cria\u00e7\u00e3o do espet\u00e1culo de interven\u00e7\u00e3o: TABATABA Portugal e TABATABA Brasil: do contexto \u00e0 obra&#8221;<\/a><\/p>\n<p><a href=\"https:\/\/wp.ufpel.edu.br\/geppac\/files\/2014\/02\/TCC_VAGNER-DE-SOUZA-VARGAS.pdf\">VARGAS, Vagner de Souza. &#8220;Ressonadores vocais associados a arqu\u00e9tipos para o trabalho do ator: Uma composi\u00e7\u00e3o c\u00eanica sobre o mito de Prometeu&#8221;<\/a><\/p>\n<h1>\u00a0<span style=\"color: #800000\">2014<\/span><\/h1>\n<p><a href=\"https:\/\/wp.ufpel.edu.br\/geppac\/files\/2014\/02\/TCC_ALINE-DE-ABREU-DA-LUZ.pdf\">LUZ, Aline Abreu da. &#8220;A Conta\u00e7\u00e3o de Hist\u00f3rias e a Utiliza\u00e7\u00e3o de Jogos Teatrais na Sala de Aula: Possibilidades para o Trabalho do Unidocente&#8221;<\/a><\/p>\n<p><a href=\"https:\/\/wp.ufpel.edu.br\/geppac\/files\/2014\/02\/TCC_ANA-LAURA-BARROS-PAIVA.pdf\">PAIVA, Ana Laura Barros. &#8220;Reflex\u00e3o sobre a pr\u00e1tica teatral no Projeto Rondon &#8211; Opera\u00e7\u00e3o Canudos 2013: Entre a perman\u00eancia e a efemeridade.&#8221;<\/a><\/p>\n<p><a href=\"https:\/\/wp.ufpel.edu.br\/geppac\/files\/2014\/02\/TCC_\u00c2NDREA-GUERREIRO-FONSECA.pdf\">FONSECA, \u00c2ndrea Guerreiro. &#8220;Amador e Profissional no Teatro: reflex\u00f5es a cerca de suas caracter\u00edsticas e qualidades&#8221;<\/a><\/p>\n<p><a href=\"https:\/\/wp.ufpel.edu.br\/geppac\/files\/2014\/02\/TCC_CAROLINA-AMARO-FERREIRA.pdf\">FERREIRA, Carolina Amaro. &#8220;Teatro e mem\u00f3ria: an\u00e1lise de um trajeto em teatro&#8221;<\/a><\/p>\n<p><a href=\"https:\/\/wp.ufpel.edu.br\/geppac\/files\/2014\/02\/TCC_DAGMA-COLOMBY.pdf\">COLOMBY, Dagma. &#8220;Oscarito: relato de caso de uma experi\u00eancia de dezesseis anos em uma escola p\u00fablica.&#8221;<\/a><\/p>\n<p><a href=\"https:\/\/wp.ufpel.edu.br\/geppac\/files\/2014\/02\/TCC_ELIAS-DE-OLIVEIRA-PINTANEL.pdf\">PINTANEL, Elias de Oliveira. &#8220;Narrativas de um trabalho sobre si mesmo&#8221;.<\/a><\/p>\n<p><a href=\"https:\/\/wp.ufpel.edu.br\/geppac\/files\/2014\/02\/TCC_FERNANDA-DE-CASTRO-SCHINDEL.pdf\">SCHINDEL, Fernanda de Castro. &#8220;O desenvolvimento da propriocep\u00e7\u00e3o na prepara\u00e7\u00e3o corporal de atores atrav\u00e9s das t\u00e9cnicas do mimo corporal&#8221;.<\/a><\/p>\n<p><a href=\"https:\/\/wp.ufpel.edu.br\/geppac\/files\/2014\/02\/TCC_GRAZIELE-SOARES-DE-BARROS.pdf\">BARROS, Grazielle Soares de. &#8220;A educa\u00e7\u00e3o problematizadora de Paulo Freire e o ensino de teatro na escola Raphael Brusque.&#8221;<\/a><\/p>\n<p><a href=\"https:\/\/wp.ufpel.edu.br\/geppac\/files\/2014\/02\/TCC_JULIANA-BARBACH\u00c3-SOUZA.pdf\">SOUZA, Juliana Barbach\u00e3. &#8220;A cria\u00e7\u00e3o e manipula\u00e7\u00e3o de bonecos no processo de aprendizagem teatral da crian\u00e7a&#8221;<\/a><\/p>\n<p><a href=\"https:\/\/wp.ufpel.edu.br\/geppac\/files\/2014\/02\/TCC_MAURICIO-MEZZOMO-DIAS.pdf\">DIAS, Mauricio Mezzomo. &#8220;Teatro e liberta\u00e7\u00e3o: O papel e lugar do corpo nos teatros de Boal e Z\u00e9 Celso&#8221;<\/a><\/p>\n<p><a href=\"https:\/\/wp.ufpel.edu.br\/geppac\/files\/2014\/02\/TCC_MURILO-MELLOTO-FURLAN.pdf\">FURLAN, Murilo Melloto. &#8220;O Corpo Po\u00e9tico do Ator: Contribui\u00e7\u00f5es do Mimo Corporal para a prepara\u00e7\u00e3o de atores no processo de cria\u00e7\u00e3o do musical Hairspray em uma experi\u00eancia acad\u00eamica.&#8221;<\/a><\/p>\n<p><a href=\"https:\/\/wp.ufpel.edu.br\/geppac\/files\/2014\/02\/TCC_TAINARA-URRUTIA-DE-FREITAS.pdf\">FREITAS, Tainara Urrutia de. &#8220;Oxum, Ians\u00e3 e Iemanj\u00e1: as energias dos orix\u00e1s na constru\u00e7\u00e3o c\u00eanica do Teatro-Ritual&#8221;<\/a><\/p>\n<p><a href=\"https:\/\/wp.ufpel.edu.br\/geppac\/files\/2014\/02\/TCC-PARA-CD.pdf\">BRAND\u00c3O, Paula da Cruz. &#8220;Michael Chekhov e sua t\u00e9cnica psicof\u00edsica desafiando os sentidos no ambiente escolar&#8221;<\/a><\/p>\n<p><a href=\"https:\/\/wp.ufpel.edu.br\/geppac\/files\/2014\/02\/Trabalho-de-Conclus\u00e3o-de-Curso-Diego-Fogassi-Carvalho-Identidade-e-Pr\u00e1xis-Teatral.pdf\">CARVALHO, Diego Fogassi. &#8220;Identidade e Pr\u00e1xis Teatral&#8221;<\/a><\/p>\n<p><a href=\"https:\/\/wp.ufpel.edu.br\/geppac\/files\/2014\/02\/TCC-Reflex\u00f5es-Sobre-Uma-Experi\u00eancia-de-Est\u00e1gio-caminhos-em-Neuroci\u00eancias-para-a-Educa\u00e7\u00e3o-Hi.pdf\">COSTA, Hirina Renner. &#8220;Reflex\u00f5es Sobre Uma Experi\u00eancia de Est\u00e1gio &#8211; caminhos em Neuroci\u00eancias para a Educa\u00e7\u00e3o &#8220;<\/a><\/p>\n<p><a href=\"https:\/\/wp.ufpel.edu.br\/geppac\/files\/2014\/02\/Teatro-Oficina-e-Bertolt-Brecht-A-atualidade-no-texto-Na-Selva-das-Cidades-Ana-Paula-de-Fr2.pdf\">FREITAS, Ana Paula. &#8220;Teatro Oficina e Bertolt Brecht &#8211; A atualidade no texto &#8216;Na Selva das Cidades&#8217; &#8220;<\/a><\/p>\n<p><a href=\"https:\/\/wp.ufpel.edu.br\/geppac\/files\/2014\/02\/TCC-Fernanda-Heck.docx\">HECK, Fernanda. &#8220;Imagem e jogo: a fotografia como inspira\u00e7\u00e3o para a cria\u00e7\u00e3o de cenas teatrais.&#8221;<\/a><\/p>\n<p><a href=\"https:\/\/wp.ufpel.edu.br\/geppac\/files\/2014\/02\/O-Grito-Entre-a-estesia-e-a-express\u00e3o-corporal-Allan-Luis-Correia-Leite.pdf\">LEITE, Allan Correia. &#8220;O Grito &#8211; Entre a estesia e a express\u00e3o corporal&#8221;<\/a><\/p>\n<p><a href=\"https:\/\/wp.ufpel.edu.br\/geppac\/files\/2014\/02\/TCC-VERS\u00c3O-FINAL-09-12-1.docx\">MOHAMMED, Francine Furtado Vieira. &#8220;Olha o Santo: entre o teatro acad\u00eamico e o teatro popular&#8221;<\/a><\/p>\n<p><a href=\"https:\/\/wp.ufpel.edu.br\/geppac\/files\/2014\/02\/TCC-Vers\u00c3\u00a3o-CD..pdf\">SANTOS, Joanderson Floriano Gomes dos. &#8220;O Decolar dos Corpos em Cena: A valoriza\u00e7\u00e3o da express\u00e3o corporal dos surdos potencializada na cria\u00e7\u00e3o c\u00eanica&#8221;<\/a><\/p>\n<p><a href=\"https:\/\/wp.ufpel.edu.br\/geppac\/files\/2014\/02\/Notas-sobre-o-entendimento-do-Tanztheater.pdf\">LIMA, Fl\u00e1vio Gilberto dos Santos. &#8220;Notas sobre o entendimento do tanztheater&#8221;<\/a><\/p>\n<h1><span style=\"color: #800000\">2015<\/span><\/h1>\n<p><a href=\"https:\/\/wp.ufpel.edu.br\/geppac\/files\/2014\/02\/PRADO_Carlos.-A_conta\u00e7\u00e3o_de_hist\u00f3rias_como_possibilidade_de_inser\u00e7\u00e3o_do_jogo_teatral_na_escola.pdf\">PRADO, Carlos Eduardo de Oliveira. &#8220;A conta\u00e7\u00e3o de hist\u00f3rias como possibilidade de inser\u00e7\u00e3o do jogo teatral na escola&#8221;.<\/a><\/p>\n<p><a href=\"https:\/\/wp.ufpel.edu.br\/geppac\/files\/2014\/02\/Sobre-corpos-atuantes-e-vozes-cantantes-impress\u00f5es-da-pr\u00e1tica-do-uso-de-exercicios-vocais-preparat\u00f3rios-para-a-voz-cant1.pdf\">VIEIRA, Melissa de S\u00e1 Britto. &#8220;Sobre corpos atuantes e vozes cantantes &#8211; impress\u00f5es da pr\u00e1tica do uso de exercicios vocais preparat\u00f3rios para a voz cantada em cena&#8221;<\/a><\/p>\n<p><a href=\"https:\/\/wp.ufpel.edu.br\/geppac\/files\/2014\/02\/TCCLaraFinal.doc\">LAGO, Lara Leivas. &#8220;Reflex\u00f5es sobre o processo de (auto)forma\u00e7\u00e3o de uma atriz-licencianda em teatro&#8221;<\/a><\/p>\n<p><a href=\"https:\/\/wp.ufpel.edu.br\/geppac\/files\/2014\/02\/TCC-VERS\u00c3O-FINAL-REVISADA.pdf\">GARCIA, Ronaldo Luiz Caram\u00e3o. &#8220;Mem\u00f3rias de Espectadores de Teatro de Pelotas&#8221;<\/a><\/p>\n<p><a href=\"https:\/\/wp.ufpel.edu.br\/geppac\/files\/2014\/02\/TCC-Lucas-DIGITAL.pdf\">GALHO, Lucas Ribeiro. &#8220;O tr\u00e1gico em Anjo negro de Nelson Rodrigues e Combate de negro e de c\u00e3es de Bernard-Marie Kolt\u00e8s: Possibilidades de leitura&#8221;<\/a><\/p>\n<p><a href=\"https:\/\/wp.ufpel.edu.br\/geppac\/files\/2014\/02\/TCC.pdf\">PORTELINHA, F\u00e1tima Zanetti. &#8220;L\u00f3ri Nelson, um homem artista: uma vida dedicada \u00e0 arte e \u00e0 cultura&#8221;<\/a><\/p>\n<p><a href=\"https:\/\/wp.ufpel.edu.br\/geppac\/files\/2014\/02\/Tcc-Joao-Henrique-Walker-Da-Silva-15122015.docx\">SILVA, Jo\u00e3o Henrique Walker da. &#8220;Impress\u00f5es: o viver teatral&#8221;<\/a><\/p>\n<p><a href=\"https:\/\/wp.ufpel.edu.br\/geppac\/files\/2014\/02\/TRABALHO-DE-CONCLUS\u00c3O-DE-CURSO-Imprimir.docx\">NOGUEIRA, Gabriel Nogueira. &#8220;Oficina de teatro down: todos somos capazes de fazer tudo&#8221;<\/a><\/p>\n<p><a href=\"https:\/\/wp.ufpel.edu.br\/geppac\/files\/2016\/11\/Inseguran\u00e7a-Emocional-no-Corpo-Voz...-Experi\u00eancias-e-Desafios-da-Emiss\u00e3o-Vocal-em-Cena.pdf\">ZANINI, Paula Buratti. &#8220;Inseguran\u00e7a emocional no corpo-voz: experi\u00eancias e desafios da emiss\u00e3o vocal em cena&#8221;<\/a><\/p>\n<p><a href=\"https:\/\/wp.ufpel.edu.br\/geppac\/files\/2016\/11\/TCC.-MONIQUE-CARVALHO.-Dramaturgia-Sonora.pdf\">CARVALHO, Monique Alves. &#8220;Dramaturgia sonora: um di\u00e1logo entre a teoria e a pr\u00e1tica da utiliza\u00e7\u00e3o dos sons na cena&#8221;<\/a><\/p>\n<p><a href=\"https:\/\/wp.ufpel.edu.br\/geppac\/files\/2016\/11\/TCC.FRANCISCO-DAVILA.-A\u00e7\u00e3o-pol\u00edtica-na-cena-contempor\u00e2nea.pdf\">D&#8217;\u00c1VILA JUNIOR, Francisco de Paulo. &#8220;A\u00e7\u00e3o pol\u00edtica na cena contempor\u00e2nea: um di\u00e1logo entre a hist\u00f3ria e o presente.&#8221;<\/a><\/p>\n<p><a href=\"https:\/\/wp.ufpel.edu.br\/geppac\/files\/2016\/11\/TCC-Viv-PRONTO-FINAL_1_.pdf\">LEITE, Viviane Famil. &#8220;Para uma Po\u00e9tica Teatral do Frio: conjecturas de uma atriz a partir da Est\u00e9tica do Frio de Vitor Ramil &#8220;<\/a><\/p>\n<p><a href=\"https:\/\/wp.ufpel.edu.br\/geppac\/files\/2016\/11\/TCC.-ARTHUR-MALASPINA.-Experimenta\u00e7\u00e3o-atoral.pdf\">MALASPINA UNIOR, Arthur. &#8220;EXPERIMENTA\u00c7\u00c3O ATORAL entre as teorias do drama e o p\u00f3s-drama: o heterog\u00eanero como g\u00eanero contempor\u00e2neo&#8221;<\/a><\/p>\n<p><a href=\"https:\/\/wp.ufpel.edu.br\/geppac\/files\/2016\/11\/TCC-Larissa.docx\">SILVEIRA, Larissa Rosado da. &#8220;O terap\u00eautico no teatro: uma investiga\u00e7\u00e3o sobre possibilidades e limites&#8221;<\/a><\/p>\n<p><a href=\"https:\/\/wp.ufpel.edu.br\/geppac\/files\/2016\/11\/EXPERIENCIANDO-O-TEATRO-COMUNIT\u00c1RIO-A-fun\u00e7\u00e3o-social-do-arte-educador-comunit\u00e1rio.pdf\">MARIANO, Everton de Lima. &#8220;EXPERIENCIANDO O TEATRO COMUNIT\u00c1RIO: A fun\u00e7\u00e3o social do arte-educador comunit\u00e1rio &#8220;<\/a><\/p>\n<h1><\/h1>\n<p>&nbsp;<\/p>\n","protected":false},"excerpt":{"rendered":"<p>2011 SOARES J\u00daNIOR, C\u00e9lio dos Santos. &#8220;Teatro do Oprimido na Comunidade : \u00e1 pr\u00e1xis em dois bairros perif\u00e9ricos da cidade de Pelotas&#8221;. TAVARES, In\u00e1cio Schardosim. &#8220;Algumas imagens sobre teatro na educa\u00e7\u00e3o&#8221; LIMA, Joice Ester Aires de. &#8220;Valter Sobreiro Junior, 50 anos de teatro: processos de encena\u00e7\u00e3o&#8221; BERNDT, Lucia Elaine Carvalho. &#8220;Como jogar? reflex\u00f5es sobre uma&hellip;<\/p>\n","protected":false},"author":369,"featured_media":0,"parent":0,"menu_order":0,"comment_status":"closed","ping_status":"closed","template":"","meta":{"footnotes":""},"class_list":["post-32","page","type-page","status-publish","hentry"],"_links":{"self":[{"href":"https:\/\/wp.ufpel.edu.br\/geppac\/wp-json\/wp\/v2\/pages\/32","targetHints":{"allow":["GET"]}}],"collection":[{"href":"https:\/\/wp.ufpel.edu.br\/geppac\/wp-json\/wp\/v2\/pages"}],"about":[{"href":"https:\/\/wp.ufpel.edu.br\/geppac\/wp-json\/wp\/v2\/types\/page"}],"author":[{"embeddable":true,"href":"https:\/\/wp.ufpel.edu.br\/geppac\/wp-json\/wp\/v2\/users\/369"}],"replies":[{"embeddable":true,"href":"https:\/\/wp.ufpel.edu.br\/geppac\/wp-json\/wp\/v2\/comments?post=32"}],"version-history":[{"count":62,"href":"https:\/\/wp.ufpel.edu.br\/geppac\/wp-json\/wp\/v2\/pages\/32\/revisions"}],"predecessor-version":[{"id":302,"href":"https:\/\/wp.ufpel.edu.br\/geppac\/wp-json\/wp\/v2\/pages\/32\/revisions\/302"}],"wp:attachment":[{"href":"https:\/\/wp.ufpel.edu.br\/geppac\/wp-json\/wp\/v2\/media?parent=32"}],"curies":[{"name":"wp","href":"https:\/\/api.w.org\/{rel}","templated":true}]}}