{"id":477,"date":"2008-09-22T10:24:55","date_gmt":"2008-09-22T13:24:55","guid":{"rendered":"http:\/\/fae.ufpel.edu.br\/gepiem\/?page_id=260"},"modified":"2025-10-07T06:33:49","modified_gmt":"2025-10-07T09:33:49","slug":"biblioteca-virtual","status":"publish","type":"page","link":"https:\/\/wp.ufpel.edu.br\/gepiem\/biblioteca-virtual\/","title":{"rendered":"Biblioteca Virtual (textos de aula)"},"content":{"rendered":"<p class=\"page_title\"><a href=\"https:\/\/periodicos.ufpel.edu.br\/index.php\/caduc\/article\/view\/1434\">Imagens e imagin\u00e1rios: a dimens\u00e3o simb\u00f3lica do vivido e do pensado na forma\u00e7\u00e3o de professoras<\/a><\/p>\n<p><a href=\"https:\/\/wp.ufpel.edu.br\/gepiem\/files\/2008\/09\/8702-32662-1-PB.pdf\">Movimentos (auto)formadores por entre a pesquisa e a escrita de si &#8211; L\u00facia Maria Vaz Peres<\/a><\/p>\n<p><a href=\"https:\/\/wp.ufpel.edu.br\/gepiem\/files\/2008\/09\/Texto-Alberto-e-Cec\u00edlia.pdf\">Gilbert Durand e a pedagogia do imagin\u00e1rio &#8211; Alberto Filipe Ara\u00fajo e Maria Cec\u00edlia Sanchez Teixeira<\/a><\/p>\n<p><a href=\"https:\/\/wp.ufpel.edu.br\/gepiem\/files\/2008\/09\/QUANDO-O-IMAGIN\u00c1RIO-SE-DIZ-EDUCACIONAL1.pdf\">Quando o imagin\u00e1rio se diz educacional &#8211; Alberto Filipe Ribeiro de Abreu Ara\u00fajo<\/a><\/p>\n<p><a href=\"https:\/\/wp.ufpel.edu.br\/gepiem\/files\/2008\/09\/texto_Juremir_in_Peres_200411.doc\">As tecnologias do Imagin\u00e1rio &#8211; Juremir Machado da Silva<\/a><\/p>\n<p><a href=\"https:\/\/wp.ufpel.edu.br\/gepiem\/files\/2008\/09\/josso.pdf\">A transforma\u00e7\u00e3o de si a partir da narra\u00e7\u00e3o de hist\u00f3rias de vida &#8211; Marie-Christine Josso<\/a><\/p>\n<p><a href=\"https:\/\/wp.ufpel.edu.br\/gepiem\/files\/2008\/09\/vera.pdf\">Mem\u00f3ria (auto) biogr\u00e1fica como pr\u00e1tica de forma\u00e7\u00e3o &#8211; Vera Maria Antonieta Tordino Brand\u00e3o<\/a><\/p>\n<p><a href=\"https:\/\/wp.ufpel.edu.br\/gepiem\/files\/2008\/09\/danis-bois.pdf\">A emerg\u00eancia do paradigma do sens\u00edvel &#8211; Danis Bois e Didier Austry<\/a><\/p>\n<p><a href=\"https:\/\/wp.ufpel.edu.br\/gepiem\/files\/2008\/09\/teias-de-\u00e2nima.pdf\">Teias de anima: contribui\u00e7\u00f5es dos estudos do imagin\u00e1rio para a educa\u00e7\u00e3o &#8211; L\u00facia Maria Vaz Peres e Deonir Lu\u00eds Kurek<\/a><\/p>\n<p><a href=\"https:\/\/wp.ufpel.edu.br\/gepiem\/files\/2008\/09\/l\u00facia.pdf\">Narrativas como &#8220;retalhos das imagens&#8221; (auto)formadoras: matriciamentos em movimento &#8211; L\u00facia Maria Vaz Peres<\/a><\/p>\n","protected":false},"excerpt":{"rendered":"<p>Imagens e imagin\u00e1rios: a dimens\u00e3o simb\u00f3lica do vivido e do pensado na forma\u00e7\u00e3o de professoras Movimentos (auto)formadores por entre a pesquisa e a escrita de si &#8211; L\u00facia Maria Vaz Peres Gilbert Durand e a pedagogia do imagin\u00e1rio &#8211; Alberto Filipe Ara\u00fajo e Maria Cec\u00edlia Sanchez Teixeira Quando o imagin\u00e1rio se diz educacional &#8211; Alberto [&hellip;]<\/p>\n","protected":false},"author":683,"featured_media":0,"parent":0,"menu_order":6,"comment_status":"closed","ping_status":"closed","template":"","meta":{"footnotes":""},"class_list":["post-477","page","type-page","status-publish","hentry"],"_links":{"self":[{"href":"https:\/\/wp.ufpel.edu.br\/gepiem\/wp-json\/wp\/v2\/pages\/477","targetHints":{"allow":["GET"]}}],"collection":[{"href":"https:\/\/wp.ufpel.edu.br\/gepiem\/wp-json\/wp\/v2\/pages"}],"about":[{"href":"https:\/\/wp.ufpel.edu.br\/gepiem\/wp-json\/wp\/v2\/types\/page"}],"author":[{"embeddable":true,"href":"https:\/\/wp.ufpel.edu.br\/gepiem\/wp-json\/wp\/v2\/users\/683"}],"replies":[{"embeddable":true,"href":"https:\/\/wp.ufpel.edu.br\/gepiem\/wp-json\/wp\/v2\/comments?post=477"}],"version-history":[{"count":5,"href":"https:\/\/wp.ufpel.edu.br\/gepiem\/wp-json\/wp\/v2\/pages\/477\/revisions"}],"predecessor-version":[{"id":681,"href":"https:\/\/wp.ufpel.edu.br\/gepiem\/wp-json\/wp\/v2\/pages\/477\/revisions\/681"}],"wp:attachment":[{"href":"https:\/\/wp.ufpel.edu.br\/gepiem\/wp-json\/wp\/v2\/media?parent=477"}],"curies":[{"name":"wp","href":"https:\/\/api.w.org\/{rel}","templated":true}]}}