{"id":466,"date":"2008-09-21T11:48:59","date_gmt":"2008-09-21T14:48:59","guid":{"rendered":"http:\/\/fae.ufpel.edu.br\/gepiem\/?page_id=229"},"modified":"2020-04-27T16:45:52","modified_gmt":"2020-04-27T19:45:52","slug":"outras-producoes","status":"publish","type":"page","link":"https:\/\/wp.ufpel.edu.br\/gepiem\/outras-producoes\/","title":{"rendered":"Outras Produ\u00e7\u00f5es"},"content":{"rendered":"<p><strong><span style=\"font-size: 14pt\">\u00a0O<\/span><span style=\"font-size: 10pt;font-family: Arial\"><span style=\"font-size: 14pt\">s Seq\u00fcelados do Q\u2019suco<\/span><br \/>\n<\/span><\/strong><span style=\"font-size: 10pt;font-family: Arial\"><br \/>\nAbsurdos<\/span><span style=\"font-size: 10pt;font-family: Arial\">, mas n\u00e3o surdos, os &#8220;Seq\u00fcelados do Q&#8217;suco&#8221;\u00a0s\u00e3o uma banda de \u201crock\u2019n tudo\u201d: samba-reggae, frevo-soul, maracatwist, techno-bai\u00e3o, hully-gully-gaud\u00e9ria, forr\u00f3-progressivo. Tamb\u00e9m comp\u00f5em e tocam rock-xaxado, rock-vanera, rock-maxixe, rock-bossa e rock abolerado, suas especialidades. Os componentes s\u00e3o&#8230; \u00e3\u00e3\u00e3h&#8230; assim&#8230; como dizer&#8230; a\u00ed vareia! Alguns s\u00e3o do GEPIEM.<br \/>\n<\/span><strong><span style=\"font-size: 10pt;font-family: Arial\">Pelas unhas de Deleuze (Seq\u00fcelados do Q&#8217;suco)<br \/>\n<\/span><\/strong><span style=\"font-size: 10pt;font-family: Arial\">Eu estou amalgamado<br \/>\n<\/span><span style=\"font-size: 10pt;font-family: Arial\">Estou de mim entretecido<br \/>\n<\/span><span style=\"font-size: 10pt;font-family: Arial\">E agora ao fim e ao cabo<br \/>\n<\/span><span style=\"font-size: 10pt;font-family: Arial\">Estou em mim subsumido<br \/>\n<\/span><span style=\"font-size: 10pt;font-family: Arial\">Vou tentar um outramento<br \/>\n<\/span><span style=\"font-size: 10pt;font-family: Arial\">Vou fazer cartografia<br \/>\n<\/span><span style=\"font-size: 10pt;font-family: Arial\">J\u00e1 juntei os meus afectos<br \/>\n<\/span><span style=\"font-size: 10pt;font-family: Arial\">Outro eu j\u00e1 se agencia<br \/>\n<\/span><span style=\"font-size: 10pt;font-family: Arial\">Hoje em dia j\u00e1 n\u00e3o penso<br \/>\n<\/span><span style=\"font-size: 10pt;font-family: Arial\">Vivo apenas maquinando<br \/>\n<\/span><span style=\"font-size: 10pt;font-family: Arial\">Construo desconstruindo<br \/>\n<\/span><span style=\"font-size: 10pt;font-family: Arial\">Guatarrimente falando<br \/>\n<\/span><span style=\"font-size: 10pt;font-family: Arial\">Pelas unhas de Deleuze<br \/>\n<\/span><span style=\"font-size: 10pt;font-family: Arial\">E Foucalt que se arrepia<br \/>\n<\/span><span style=\"font-size: 10pt;font-family: Arial\">\u00c9 tanto conceito louco<br \/>\n<\/span><span style=\"font-size: 10pt;font-family: Arial\">Preciso de terapia<br \/>\n<\/span><span style=\"font-size: 10pt;font-family: Arial\">\u00c9 surreal, \u00e9 surreal<br \/>\n<\/span><span style=\"font-size: 10pt;font-family: Arial\">\u00c9 surreal, \u00e9 surreal<\/span><\/p>\n<p>&nbsp;<\/p>\n<p>&nbsp;<\/p>\n<p>&nbsp;<\/p>\n<p>&nbsp;<\/p>\n<p>&nbsp;<\/p>\n<p>&nbsp;<\/p>\n<p>&nbsp;<\/p>\n<p>&nbsp;<\/p>\n<p>&nbsp;<\/p>\n<p>&nbsp;<\/p>\n<p>&nbsp;<\/p>\n","protected":false},"excerpt":{"rendered":"<p>\u00a0Os Seq\u00fcelados do Q\u2019suco Absurdos, mas n\u00e3o surdos, os &#8220;Seq\u00fcelados do Q&#8217;suco&#8221;\u00a0s\u00e3o uma banda de \u201crock\u2019n tudo\u201d: samba-reggae, frevo-soul, maracatwist, techno-bai\u00e3o, hully-gully-gaud\u00e9ria, forr\u00f3-progressivo. Tamb\u00e9m comp\u00f5em e tocam rock-xaxado, rock-vanera, rock-maxixe, rock-bossa e rock abolerado, suas especialidades. Os componentes s\u00e3o&#8230; \u00e3\u00e3\u00e3h&#8230; assim&#8230; como dizer&#8230; a\u00ed vareia! Alguns s\u00e3o do GEPIEM. Pelas unhas de Deleuze (Seq\u00fcelados do [&hellip;]<\/p>\n","protected":false},"author":683,"featured_media":0,"parent":0,"menu_order":10,"comment_status":"closed","ping_status":"closed","template":"","meta":{"footnotes":""},"class_list":["post-466","page","type-page","status-publish","hentry"],"_links":{"self":[{"href":"https:\/\/wp.ufpel.edu.br\/gepiem\/wp-json\/wp\/v2\/pages\/466","targetHints":{"allow":["GET"]}}],"collection":[{"href":"https:\/\/wp.ufpel.edu.br\/gepiem\/wp-json\/wp\/v2\/pages"}],"about":[{"href":"https:\/\/wp.ufpel.edu.br\/gepiem\/wp-json\/wp\/v2\/types\/page"}],"author":[{"embeddable":true,"href":"https:\/\/wp.ufpel.edu.br\/gepiem\/wp-json\/wp\/v2\/users\/683"}],"replies":[{"embeddable":true,"href":"https:\/\/wp.ufpel.edu.br\/gepiem\/wp-json\/wp\/v2\/comments?post=466"}],"version-history":[{"count":14,"href":"https:\/\/wp.ufpel.edu.br\/gepiem\/wp-json\/wp\/v2\/pages\/466\/revisions"}],"predecessor-version":[{"id":2637,"href":"https:\/\/wp.ufpel.edu.br\/gepiem\/wp-json\/wp\/v2\/pages\/466\/revisions\/2637"}],"wp:attachment":[{"href":"https:\/\/wp.ufpel.edu.br\/gepiem\/wp-json\/wp\/v2\/media?parent=466"}],"curies":[{"name":"wp","href":"https:\/\/api.w.org\/{rel}","templated":true}]}}