{"id":347,"date":"2008-09-09T13:58:46","date_gmt":"2008-09-09T16:58:46","guid":{"rendered":"http:\/\/fae.ufpel.edu.br\/gepiem\/?page_id=54"},"modified":"2020-04-27T16:43:36","modified_gmt":"2020-04-27T19:43:36","slug":"bibliografia-basica","status":"publish","type":"page","link":"https:\/\/wp.ufpel.edu.br\/gepiem\/bibliografia-basica\/","title":{"rendered":"Bibliografia B\u00e1sica"},"content":{"rendered":"<p class=\"ecmsonormal\" style=\"margin: 0cm 0cm 16.2pt\"><span style=\"font-size: 10pt\"><span style=\"font-family: Verdana\">AZEVEDO, Nyrma Souza Nunes de Azevedo (org). <strong>Imagin\u00e1rio<\/strong><strong> e Educa\u00e7\u00e3o: reflex\u00f5es te\u00f3ricas e aplica\u00e7\u00f5es. <\/strong>Campinas, SP: Editora Al\u00ednea, 2006.<br \/>\n<\/span><span style=\"font-family: Verdana\">BACHELARD, G. <strong><span style=\"font-family: Verdana\">Essai sur la conissance aproch\u00e9e<\/span><\/strong>. Paris:Vrin, 1968.<br \/>\n<\/span><span style=\"font-family: Verdana\">BACHELARD, G.\u00a0 <strong><span style=\"font-family: Verdana\">A filosofia do n\u00e3o<\/span><\/strong>. S\u00e3o Paulo: Abril Cultural, 1978 a. (Os Pensadores)<br \/>\n<\/span><span style=\"font-family: Verdana\">BACHELARD, G.\u00a0 <strong><span style=\"font-family: Verdana\">O novo esp\u00edrito cient\u00edfico<\/span><\/strong>. S\u00e3o Paulo: Abril Cultural, 1978 b. (Os Pensadores)<br \/>\n<\/span><span style=\"font-family: Verdana\">BACHELARD, G.\u00a0 <strong><span style=\"font-family: Verdana\">A po\u00e9tica do devaneio<\/span><\/strong>. S\u00e3o Paulo: Martins Fontes, 1988.<br \/>\n<\/span><span style=\"font-family: Verdana\">BACHELARD, Gaston. <strong>A chama de uma vela.<\/strong> Rio de Janeiro: Ed. Bertrand, 1989.<br \/>\n<\/span><span style=\"font-family: Verdana\">BACHELARD, G.\u00a0 <strong><span style=\"font-family: Verdana\">O ar e os sonhos<\/span><\/strong>. S\u00e3o Paulo: Martins Fontes, 1990.<br \/>\n<\/span><span style=\"font-family: Verdana\">BACHELARD, G.\u00a0 <strong><span style=\"font-family: Verdana\">O direito de sonhar<\/span><\/strong>. Rio de Janeiro: Bertrand Brasil, 1991.<br \/>\n<\/span><span style=\"font-family: Verdana\">BACHELARD, G.\u00a0 <strong><span style=\"font-family: Verdana\">A terra e os devaneios do repouso: ensaios sobre as imagens da intimidade<\/span><\/strong>. S\u00e3o Paulo: Martins Fontes, 1992.<br \/>\n<\/span><span style=\"font-family: Verdana\">BACHELARD, G. <strong><span style=\"font-family: Verdana\">A po\u00e9tica do espa\u00e7o<\/span><\/strong>. S\u00e3o Paulo: Martins Fontes, 1993.<br \/>\n<\/span><span style=\"font-family: Verdana\">BACHELARD, G. <strong><span style=\"font-family: Verdana\">A \u00e1gua e os sonhos: ensaio sobre a imagina\u00e7\u00e3o da mat\u00e9ria<\/span><\/strong>. S\u00e3o Paulo: Martins Fontes, 1998.<br \/>\n<\/span><span style=\"font-family: Verdana\">BACHELARD, G. <strong><span style=\"font-family: Verdana\">A Psican\u00e1lise do Fogo<\/span><\/strong>. S\u00e3o Paulo: Martins Fontes, 1999.<br \/>\n<\/span><span style=\"font-family: Verdana\">BACHELARD, G.\u00a0<strong><span style=\"font-family: Verdana\"> A terra e os devaneios da vontade: ensaio sobre a imagina\u00e7\u00e3o das for\u00e7as<\/span><\/strong>. S\u00e3o Paulo: Martins Fontes, 2001.<br \/>\n<\/span><span style=\"font-family: Verdana\">CASSIRER, E. <strong><span style=\"font-family: Verdana\">Ensaio<\/span><\/strong><strong><span style=\"font-family: Verdana\"> Sobre o Homem<\/span><\/strong>. S\u00e3o Paulo: Martins Fontes, 1994.<br \/>\n<\/span><span style=\"font-family: Verdana\">DURAND, G. <strong><span style=\"font-family: Verdana\">A Imagina\u00e7\u00e3o simb\u00f3lica<\/span><\/strong>. S\u00e3o Paulo: Cultrix, 1988.<br \/>\n<\/span><span style=\"font-family: Verdana\">DURAND, G. <strong><span style=\"font-family: Verdana\">Campos<\/span><\/strong><strong><span style=\"font-family: Verdana\"> do imagin\u00e1rio<\/span><\/strong>. Lisboa: Instituto Piaget, 1996.<br \/>\n<\/span><span style=\"font-family: Verdana\">DURAND, G. <strong><span style=\"font-family: Verdana\">As estruturas antropol\u00f3gicas do imagin\u00e1rio: introdu\u00e7\u00e3o \u00e0 arqueologia geral<\/span><\/strong>. S\u00e3o Paulo: Martins Fontes, 1997.<br \/>\n<\/span><span style=\"font-family: Verdana\">JOSSO, Marie-Cristhine . <strong>Experi\u00eancias<\/strong><strong> de Vida e Forma\u00e7\u00e3o. <\/strong>S\u00e3o Paulo: Cortez. 2004<br \/>\n<\/span><span style=\"font-family: Verdana\">JUNG. C. G. <strong><span style=\"font-family: Verdana\">O homem e seus simbolos<\/span><\/strong>. Rio de Janeiro: Nova Fronteira, 1996.<br \/>\n<\/span><span style=\"font-family: Verdana\">MAFFESOLI, M.<strong><span style=\"font-family: Verdana\"> Elogio da raz\u00e3o sens\u00edvel<\/span><\/strong>. Petr\u00f3polis, RJ: Vozes, 2001a.<br \/>\n<\/span><span style=\"font-family: Verdana\">PERES<\/span><span style=\"font-family: Verdana\">, L.M.V. <strong><span style=\"font-family: Verdana\">Significando o \u201cn\u00e3o-aprender\u201d<\/span><\/strong>. Pelotas: EDUCAT, 1996.<br \/>\n<\/span><span style=\"font-family: Verdana\">PERES<\/span><span style=\"font-family: Verdana\">, L.M.V. &amp; Porto, T.M.E. (orgs.) <strong><span style=\"font-family: Verdana\">Tecnologias<\/span><\/strong><strong><span style=\"font-family: Verdana\"> da Educa\u00e7\u00e3o: tecendo rela\u00e7\u00f5es entre imagin\u00e1rio, corporeidade e emo\u00e7\u00f5es<\/span><\/strong>. Araraquara: Junqueira&amp;Marin, 2006<br \/>\n<\/span><span style=\"font-family: Verdana\">PERES<\/span><span style=\"font-family: Verdana\">, L.M.V. <strong><span style=\"font-family: Verdana\">Dos saberes pessoais \u00e0 visibilidade de uma pedagogia simb\u00f3lica<\/span><\/strong>. Porto Alegre: FAE\/UFRGS, 1999. (Tese de doutorado em educa\u00e7\u00e3o).<br \/>\n<\/span><span style=\"font-family: Verdana\">PERES, L\u00facia Maria V. <strong>Os saberes pessoais \u201cno tempo\u201d de uma pedagogia simb\u00f3lica.<\/strong> In: CADERNOS DE EDUCA\u00c7\u00c3O. Edi\u00e7\u00e3o especial de 2005. p.27-43. Cuiab\u00e1: EdUNIC, 2005.<br \/>\n<\/span><span style=\"font-family: Verdana\">PERES<\/span><span style=\"font-family: Verdana\">, L.M.V. (Org.) <strong><span style=\"font-family: Verdana\">Imagin\u00e1rio<\/span><\/strong><strong><span style=\"font-family: Verdana\">: o \u201centre-saberes\u201d do arcaico e do cotidiano<\/span><\/strong>. Pelotas:Editora e Gr\u00e1fica Universit\u00e1ria\/ UFPEL, 2004b.<br \/>\n<\/span><span style=\"font-family: Verdana\">PORTO<\/span><span style=\"font-family: Verdana\">, M.R.S, TEIXEIRA, M.C.S, SANTOS, M.F, BANDEIRA, M.L. (Orgs.). <strong><span style=\"font-family: Verdana\">Tessituras<\/span><\/strong><strong><span style=\"font-family: Verdana\"> do imagin\u00e1rio: Cultura e Educa\u00e7\u00e3o<\/span><\/strong>. Cuiab\u00e1: Edunic\/CICE\/FEUSP, 2000.<\/span><\/span><\/p>\n<p><span style=\"font-size: 10pt;font-family: verdana, geneva, sans-serif\">SILVA, J. M. <strong>Diferen\u00e7a e descobrimento. O que \u00e9 o imagin\u00e1rio? A hip\u00f3tese do excedente de significa\u00e7\u00e3o<\/strong>. Porto Alegre Sulina, 2017.\u00a0\u00a0 <\/span><\/p>\n<p class=\"ecmsonormal\" style=\"text-align: justify;margin: 0cm 0cm 16.2pt 0cm\"><span style=\"font-size: 10.0pt;font-family: 'Verdana','sans-serif'\">SILVA, J. M.<strong><span style=\"font-family: 'Verdana','sans-serif'\"> As tecnologias do imagin\u00e1rio<\/span><\/strong>. Porto Alegre: Sulina, 2003.<\/span><\/p>\n<p class=\"ecmsonormal\" style=\"margin: 0cm 0cm 16.2pt\"><span style=\"font-size: 10pt;font-family: verdana, geneva, sans-serif\">TEIXEIRA, M.C.S; ARA\u00daJO, A.F. <strong>Gilbert Durand: imagin\u00e1rio e educa\u00e7\u00e3o<\/strong>. Niter\u00f3i: Intertexto, 2011.<\/span><br \/>\n<span style=\"font-size: 10pt\"><span style=\"font-family: Verdana\">TEIXEIRA M.C.S. &amp; PORTO M.R.S. (Orgs.). <strong><span style=\"font-family: Verdana\">Imagens<\/span><\/strong><strong><span style=\"font-family: Verdana\"> da cultura: um outro olhar<\/span><\/strong>. S\u00e3o Paulo: Pl\u00eaiade,1999.<\/span><\/span><\/p>\n<p class=\"MsoNormal\" style=\"text-align: justify\"><span style=\"font-size: 10pt;font-family: Verdana\">\u00a0<\/span><\/p>\n","protected":false},"excerpt":{"rendered":"<p>AZEVEDO, Nyrma Souza Nunes de Azevedo (org). Imagin\u00e1rio e Educa\u00e7\u00e3o: reflex\u00f5es te\u00f3ricas e aplica\u00e7\u00f5es. Campinas, SP: Editora Al\u00ednea, 2006. BACHELARD, G. Essai sur la conissance aproch\u00e9e. Paris:Vrin, 1968. BACHELARD, G.\u00a0 A filosofia do n\u00e3o. S\u00e3o Paulo: Abril Cultural, 1978 a. (Os Pensadores) BACHELARD, G.\u00a0 O novo esp\u00edrito cient\u00edfico. S\u00e3o Paulo: Abril Cultural, 1978 b. (Os [&hellip;]<\/p>\n","protected":false},"author":683,"featured_media":0,"parent":0,"menu_order":5,"comment_status":"closed","ping_status":"closed","template":"","meta":{"footnotes":""},"class_list":["post-347","page","type-page","status-publish","hentry"],"_links":{"self":[{"href":"https:\/\/wp.ufpel.edu.br\/gepiem\/wp-json\/wp\/v2\/pages\/347","targetHints":{"allow":["GET"]}}],"collection":[{"href":"https:\/\/wp.ufpel.edu.br\/gepiem\/wp-json\/wp\/v2\/pages"}],"about":[{"href":"https:\/\/wp.ufpel.edu.br\/gepiem\/wp-json\/wp\/v2\/types\/page"}],"author":[{"embeddable":true,"href":"https:\/\/wp.ufpel.edu.br\/gepiem\/wp-json\/wp\/v2\/users\/683"}],"replies":[{"embeddable":true,"href":"https:\/\/wp.ufpel.edu.br\/gepiem\/wp-json\/wp\/v2\/comments?post=347"}],"version-history":[{"count":11,"href":"https:\/\/wp.ufpel.edu.br\/gepiem\/wp-json\/wp\/v2\/pages\/347\/revisions"}],"predecessor-version":[{"id":2691,"href":"https:\/\/wp.ufpel.edu.br\/gepiem\/wp-json\/wp\/v2\/pages\/347\/revisions\/2691"}],"wp:attachment":[{"href":"https:\/\/wp.ufpel.edu.br\/gepiem\/wp-json\/wp\/v2\/media?parent=347"}],"curies":[{"name":"wp","href":"https:\/\/api.w.org\/{rel}","templated":true}]}}