{"id":3081,"date":"2024-04-02T09:41:10","date_gmt":"2024-04-02T12:41:10","guid":{"rendered":"https:\/\/wp.ufpel.edu.br\/gepiem\/?page_id=3081"},"modified":"2024-04-02T15:57:42","modified_gmt":"2024-04-02T18:57:42","slug":"ii-encontro-biograph-sul","status":"publish","type":"page","link":"https:\/\/wp.ufpel.edu.br\/gepiem\/ii-encontro-biograph-sul\/","title":{"rendered":"II ENCONTRO BIOGRAPH SUL"},"content":{"rendered":"<p style=\"text-align: center\"><a href=\"https:\/\/wp.ufpel.edu.br\/gepiem\/files\/2023\/07\/WhatsApp-Image-2023-07-24-at-18.09.10.jpeg\"><img class=\"alignnone size-medium wp-image-3054\" src=\"https:\/\/wp.ufpel.edu.br\/gepiem\/files\/2023\/07\/WhatsApp-Image-2023-07-24-at-18.09.10-400x293.jpeg\" alt=\"\" width=\"400\" height=\"293\" srcset=\"https:\/\/wp.ufpel.edu.br\/gepiem\/files\/2023\/07\/WhatsApp-Image-2023-07-24-at-18.09.10-400x293.jpeg 400w, https:\/\/wp.ufpel.edu.br\/gepiem\/files\/2023\/07\/WhatsApp-Image-2023-07-24-at-18.09.10-1024x750.jpeg 1024w, https:\/\/wp.ufpel.edu.br\/gepiem\/files\/2023\/07\/WhatsApp-Image-2023-07-24-at-18.09.10-768x562.jpeg 768w, https:\/\/wp.ufpel.edu.br\/gepiem\/files\/2023\/07\/WhatsApp-Image-2023-07-24-at-18.09.10.jpeg 1080w\" sizes=\"(max-width: 400px) 100vw, 400px\" \/><\/a><\/p>\n<p><strong>Grupos promotores:\u00a0<\/strong><\/p>\n<p>GP &#8220;Profissionalidade Docente e Identidade &#8211;\u00a0 narrativas singulares\/plurais\/GRUPRODOCI\/UFPel<\/p>\n<p>Grupo de Estudos e Pesquisa sobre Imagin\u00e1rio, Educa\u00e7\u00e3o e Mem\u00f3ria: GEPIEM\/UFPel<\/p>\n<p>N\u00facleo de Estudos Feministas e de G\u00eanero &#8211; D\u2019Generus\/UFPel<\/p>\n<p>&nbsp;<\/p>\n<p><strong>Comiss\u00e3o cient\u00edfica do evento: <\/strong><\/p>\n<p>Andrisa Kemel Zanella, Ana Paula Alba Wildt, Christhianny Bento Barreiro, J\u00falia Guimar\u00e3es Neves, Jorge Luiz da Cunha, Jos\u00e9 Aparecido Cel\u00f3rio, L\u00facia Maria Vaz Peres, M\u00e1rcia Alves da Silva, Maria Helena Menna Barreto Abrah\u00e3o, Silvania Regina Pellenz Irgang, Renata Nasinhaka de Vasconcellos, Valeska Fortes de Oliveira.<\/p>\n<p>&nbsp;<\/p>\n<p><strong>Organiza\u00e7\u00e3o dos trabalhos:<\/strong><\/p>\n<p>J\u00falia Guimar\u00e3es Neves<\/p>\n<p>&nbsp;<\/p>\n<p><strong>Comunica\u00e7\u00f5es tem\u00e1ticas:<\/strong><\/p>\n<p>Eixo 1 &#8211;\u00a0<a href=\"https:\/\/drive.google.com\/file\/d\/1PaKe4EFuQwCCi-sXHeVqfYoULegKlOYQ\/view?usp=drive_link\">https:\/\/drive.google.com\/file\/d\/1PaKe4EFuQwCCi-sXHeVqfYoULegKlOYQ\/view?usp=drive_link<\/a><\/p>\n<p>Eixo 2 &#8211;\u00a0<a href=\"https:\/\/drive.google.com\/file\/d\/1uZZpTuKHoXJFI_lhH0redkT7634AwaNW\/view?usp=drive_link\">https:\/\/drive.google.com\/file\/d\/1uZZpTuKHoXJFI_lhH0redkT7634AwaNW\/view?usp=drive_link<\/a><\/p>\n<p>Eixo 3 &#8211;\u00a0<a href=\"https:\/\/drive.google.com\/file\/d\/1Fp9i6M3tc36XUyU8SyBJkZbmX8FQcW_9\/view?usp=drive_link\">https:\/\/drive.google.com\/file\/d\/1uZZpTuKHoXJFI_lhH0redkT7634AwaNW\/view?usp=drive_link<\/a><\/p>\n<p>&nbsp;<\/p>\n<p>OBS.: O conte\u00fado dos textos s\u00e3o de responsabilidade dos(as) respectivos(as) autores(as).<\/p>\n","protected":false},"excerpt":{"rendered":"<p>Grupos promotores:\u00a0 GP &#8220;Profissionalidade Docente e Identidade &#8211;\u00a0 narrativas singulares\/plurais\/GRUPRODOCI\/UFPel Grupo de Estudos e Pesquisa sobre Imagin\u00e1rio, Educa\u00e7\u00e3o e Mem\u00f3ria: GEPIEM\/UFPel N\u00facleo de Estudos Feministas e de G\u00eanero &#8211; D\u2019Generus\/UFPel &nbsp; Comiss\u00e3o cient\u00edfica do evento: Andrisa Kemel Zanella, Ana Paula Alba Wildt, Christhianny Bento Barreiro, J\u00falia Guimar\u00e3es Neves, Jorge Luiz da Cunha, Jos\u00e9 Aparecido Cel\u00f3rio, [&hellip;]<\/p>\n","protected":false},"author":683,"featured_media":0,"parent":0,"menu_order":15,"comment_status":"closed","ping_status":"closed","template":"","meta":{"footnotes":""},"class_list":["post-3081","page","type-page","status-publish","hentry"],"_links":{"self":[{"href":"https:\/\/wp.ufpel.edu.br\/gepiem\/wp-json\/wp\/v2\/pages\/3081","targetHints":{"allow":["GET"]}}],"collection":[{"href":"https:\/\/wp.ufpel.edu.br\/gepiem\/wp-json\/wp\/v2\/pages"}],"about":[{"href":"https:\/\/wp.ufpel.edu.br\/gepiem\/wp-json\/wp\/v2\/types\/page"}],"author":[{"embeddable":true,"href":"https:\/\/wp.ufpel.edu.br\/gepiem\/wp-json\/wp\/v2\/users\/683"}],"replies":[{"embeddable":true,"href":"https:\/\/wp.ufpel.edu.br\/gepiem\/wp-json\/wp\/v2\/comments?post=3081"}],"version-history":[{"count":11,"href":"https:\/\/wp.ufpel.edu.br\/gepiem\/wp-json\/wp\/v2\/pages\/3081\/revisions"}],"predecessor-version":[{"id":3112,"href":"https:\/\/wp.ufpel.edu.br\/gepiem\/wp-json\/wp\/v2\/pages\/3081\/revisions\/3112"}],"wp:attachment":[{"href":"https:\/\/wp.ufpel.edu.br\/gepiem\/wp-json\/wp\/v2\/media?parent=3081"}],"curies":[{"name":"wp","href":"https:\/\/api.w.org\/{rel}","templated":true}]}}