{"id":2699,"date":"2020-04-23T14:46:52","date_gmt":"2020-04-23T17:46:52","guid":{"rendered":"https:\/\/wp.ufpel.edu.br\/gepiem\/?page_id=2699"},"modified":"2020-04-27T16:35:15","modified_gmt":"2020-04-27T19:35:15","slug":"anais","status":"publish","type":"page","link":"https:\/\/wp.ufpel.edu.br\/gepiem\/ii-coloquio-internacional\/anais\/","title":{"rendered":"ANAIS"},"content":{"rendered":"<p>Para acessar os anais do II Col\u00f3quio Internacional sobre Imagin\u00e1rio, Educa\u00e7\u00e3o e (Auto) Biografias; VI Col\u00f3quio sobre imagin\u00e1rio e Educa\u00e7\u00e3o; I Encontro Regional da Biograph Sul: clique aqui <a href=\"https:\/\/wp.ufpel.edu.br\/gepiem\/files\/2019\/08\/ANAIS-PEDAGOGIA-DO-IMAGIN\u00c1RIO-COMPLETO-2.pdf\"><span style=\"color: #0000ff\"><strong>Pedagogia do Imagin\u00e1rio Matrizes On\u00edricas de uma Escola Viva\u00a0<\/strong><\/span><\/a><\/p>\n","protected":false},"excerpt":{"rendered":"<p>Para acessar os anais do II Col\u00f3quio Internacional sobre Imagin\u00e1rio, Educa\u00e7\u00e3o e (Auto) Biografias; VI Col\u00f3quio sobre imagin\u00e1rio e Educa\u00e7\u00e3o; I Encontro Regional da Biograph Sul: clique aqui Pedagogia do Imagin\u00e1rio Matrizes On\u00edricas de uma Escola Viva\u00a0<\/p>\n","protected":false},"author":683,"featured_media":0,"parent":2692,"menu_order":15,"comment_status":"closed","ping_status":"closed","template":"","meta":{"footnotes":""},"class_list":["post-2699","page","type-page","status-publish","hentry"],"_links":{"self":[{"href":"https:\/\/wp.ufpel.edu.br\/gepiem\/wp-json\/wp\/v2\/pages\/2699","targetHints":{"allow":["GET"]}}],"collection":[{"href":"https:\/\/wp.ufpel.edu.br\/gepiem\/wp-json\/wp\/v2\/pages"}],"about":[{"href":"https:\/\/wp.ufpel.edu.br\/gepiem\/wp-json\/wp\/v2\/types\/page"}],"author":[{"embeddable":true,"href":"https:\/\/wp.ufpel.edu.br\/gepiem\/wp-json\/wp\/v2\/users\/683"}],"replies":[{"embeddable":true,"href":"https:\/\/wp.ufpel.edu.br\/gepiem\/wp-json\/wp\/v2\/comments?post=2699"}],"version-history":[{"count":5,"href":"https:\/\/wp.ufpel.edu.br\/gepiem\/wp-json\/wp\/v2\/pages\/2699\/revisions"}],"predecessor-version":[{"id":2705,"href":"https:\/\/wp.ufpel.edu.br\/gepiem\/wp-json\/wp\/v2\/pages\/2699\/revisions\/2705"}],"up":[{"embeddable":true,"href":"https:\/\/wp.ufpel.edu.br\/gepiem\/wp-json\/wp\/v2\/pages\/2692"}],"wp:attachment":[{"href":"https:\/\/wp.ufpel.edu.br\/gepiem\/wp-json\/wp\/v2\/media?parent=2699"}],"curies":[{"name":"wp","href":"https:\/\/api.w.org\/{rel}","templated":true}]}}