{"id":2431,"date":"2017-06-18T20:01:29","date_gmt":"2017-06-18T23:01:29","guid":{"rendered":"https:\/\/wp.ufpel.edu.br\/gepiem\/?page_id=2431"},"modified":"2020-04-27T16:09:41","modified_gmt":"2020-04-27T19:09:41","slug":"fotos-2","status":"publish","type":"page","link":"https:\/\/wp.ufpel.edu.br\/gepiem\/fotos\/fotos-2\/","title":{"rendered":"Fotos GEPIEM (2016 &#8211; 2017)"},"content":{"rendered":"<p>Reuni\u00e3o do GEPIEM (1\u00ba semestre 2016)<\/p>\n<p><a href=\"https:\/\/wp.ufpel.edu.br\/gepiem\/files\/2017\/06\/IMG_3375.jpg\"><img class=\"alignnone size-medium wp-image-2433\" src=\"https:\/\/wp.ufpel.edu.br\/gepiem\/files\/2017\/06\/IMG_3375-424x318.jpg\" alt=\"\" width=\"424\" height=\"318\" srcset=\"https:\/\/wp.ufpel.edu.br\/gepiem\/files\/2017\/06\/IMG_3375-424x318.jpg 424w, https:\/\/wp.ufpel.edu.br\/gepiem\/files\/2017\/06\/IMG_3375-212x159.jpg 212w, https:\/\/wp.ufpel.edu.br\/gepiem\/files\/2017\/06\/IMG_3375.jpg 640w\" sizes=\"(max-width: 424px) 100vw, 424px\" \/><\/a><a href=\"https:\/\/wp.ufpel.edu.br\/gepiem\/files\/2017\/06\/IMG_3378.jpg\"><img class=\"alignnone size-medium wp-image-2435\" src=\"https:\/\/wp.ufpel.edu.br\/gepiem\/files\/2017\/06\/IMG_3378-424x318.jpg\" alt=\"\" width=\"424\" height=\"318\" srcset=\"https:\/\/wp.ufpel.edu.br\/gepiem\/files\/2017\/06\/IMG_3378-424x318.jpg 424w, https:\/\/wp.ufpel.edu.br\/gepiem\/files\/2017\/06\/IMG_3378-212x159.jpg 212w, https:\/\/wp.ufpel.edu.br\/gepiem\/files\/2017\/06\/IMG_3378.jpg 640w\" sizes=\"(max-width: 424px) 100vw, 424px\" \/><\/a><\/p>\n<p>Imers\u00e3o GEPIEM &#8211; Est\u00e2ncia do Arvoredo &#8211; Bag\u00e9\/RS<\/p>\n<p>Outubro\/2016<\/p>\n<p><a href=\"https:\/\/wp.ufpel.edu.br\/gepiem\/files\/2017\/06\/IMG_3539.jpg\"><img class=\"alignnone size-medium wp-image-2441\" src=\"https:\/\/wp.ufpel.edu.br\/gepiem\/files\/2017\/06\/IMG_3539-424x318.jpg\" alt=\"\" width=\"424\" height=\"318\" srcset=\"https:\/\/wp.ufpel.edu.br\/gepiem\/files\/2017\/06\/IMG_3539-424x318.jpg 424w, https:\/\/wp.ufpel.edu.br\/gepiem\/files\/2017\/06\/IMG_3539-212x159.jpg 212w, https:\/\/wp.ufpel.edu.br\/gepiem\/files\/2017\/06\/IMG_3539.jpg 640w\" sizes=\"(max-width: 424px) 100vw, 424px\" \/><\/a> <a href=\"https:\/\/wp.ufpel.edu.br\/gepiem\/files\/2017\/06\/IMG_3543.jpg\"><img class=\"alignnone size-medium wp-image-2442\" src=\"https:\/\/wp.ufpel.edu.br\/gepiem\/files\/2017\/06\/IMG_3543-424x318.jpg\" alt=\"\" width=\"424\" height=\"318\" srcset=\"https:\/\/wp.ufpel.edu.br\/gepiem\/files\/2017\/06\/IMG_3543-424x318.jpg 424w, https:\/\/wp.ufpel.edu.br\/gepiem\/files\/2017\/06\/IMG_3543-212x159.jpg 212w, https:\/\/wp.ufpel.edu.br\/gepiem\/files\/2017\/06\/IMG_3543.jpg 640w\" sizes=\"(max-width: 424px) 100vw, 424px\" \/><\/a> <a href=\"https:\/\/wp.ufpel.edu.br\/gepiem\/files\/2017\/06\/IMG_3544.jpg\"><img class=\"alignnone size-medium wp-image-2444\" src=\"https:\/\/wp.ufpel.edu.br\/gepiem\/files\/2017\/06\/IMG_3544-424x318.jpg\" alt=\"\" width=\"424\" height=\"318\" srcset=\"https:\/\/wp.ufpel.edu.br\/gepiem\/files\/2017\/06\/IMG_3544-424x318.jpg 424w, https:\/\/wp.ufpel.edu.br\/gepiem\/files\/2017\/06\/IMG_3544-212x159.jpg 212w, https:\/\/wp.ufpel.edu.br\/gepiem\/files\/2017\/06\/IMG_3544.jpg 640w\" sizes=\"(max-width: 424px) 100vw, 424px\" \/><\/a> <a href=\"https:\/\/wp.ufpel.edu.br\/gepiem\/files\/2017\/06\/IMG_3557.jpg\"><img class=\"alignnone size-medium wp-image-2445\" src=\"https:\/\/wp.ufpel.edu.br\/gepiem\/files\/2017\/06\/IMG_3557-424x318.jpg\" alt=\"\" width=\"424\" height=\"318\" srcset=\"https:\/\/wp.ufpel.edu.br\/gepiem\/files\/2017\/06\/IMG_3557-424x318.jpg 424w, https:\/\/wp.ufpel.edu.br\/gepiem\/files\/2017\/06\/IMG_3557-212x159.jpg 212w, https:\/\/wp.ufpel.edu.br\/gepiem\/files\/2017\/06\/IMG_3557.jpg 640w\" sizes=\"(max-width: 424px) 100vw, 424px\" \/><\/a> <a href=\"https:\/\/wp.ufpel.edu.br\/gepiem\/files\/2017\/06\/IMG_3559.jpg\"><img class=\"alignnone size-medium wp-image-2446\" src=\"https:\/\/wp.ufpel.edu.br\/gepiem\/files\/2017\/06\/IMG_3559-424x318.jpg\" alt=\"\" width=\"424\" height=\"318\" srcset=\"https:\/\/wp.ufpel.edu.br\/gepiem\/files\/2017\/06\/IMG_3559-424x318.jpg 424w, https:\/\/wp.ufpel.edu.br\/gepiem\/files\/2017\/06\/IMG_3559-212x159.jpg 212w, https:\/\/wp.ufpel.edu.br\/gepiem\/files\/2017\/06\/IMG_3559.jpg 640w\" sizes=\"(max-width: 424px) 100vw, 424px\" \/><\/a> <a href=\"https:\/\/wp.ufpel.edu.br\/gepiem\/files\/2017\/06\/IMG_3562.jpg\"><img class=\"alignnone size-medium wp-image-2447\" src=\"https:\/\/wp.ufpel.edu.br\/gepiem\/files\/2017\/06\/IMG_3562-424x318.jpg\" alt=\"\" width=\"424\" height=\"318\" srcset=\"https:\/\/wp.ufpel.edu.br\/gepiem\/files\/2017\/06\/IMG_3562-424x318.jpg 424w, https:\/\/wp.ufpel.edu.br\/gepiem\/files\/2017\/06\/IMG_3562-212x159.jpg 212w, https:\/\/wp.ufpel.edu.br\/gepiem\/files\/2017\/06\/IMG_3562.jpg 640w\" sizes=\"(max-width: 424px) 100vw, 424px\" \/><\/a> <a href=\"https:\/\/wp.ufpel.edu.br\/gepiem\/files\/2017\/06\/IMG_3573.jpg\"><img class=\"alignnone size-medium wp-image-2448\" src=\"https:\/\/wp.ufpel.edu.br\/gepiem\/files\/2017\/06\/IMG_3573-424x318.jpg\" alt=\"\" width=\"424\" height=\"318\" srcset=\"https:\/\/wp.ufpel.edu.br\/gepiem\/files\/2017\/06\/IMG_3573-424x318.jpg 424w, https:\/\/wp.ufpel.edu.br\/gepiem\/files\/2017\/06\/IMG_3573-212x159.jpg 212w, https:\/\/wp.ufpel.edu.br\/gepiem\/files\/2017\/06\/IMG_3573.jpg 640w\" sizes=\"(max-width: 424px) 100vw, 424px\" \/><\/a> <a href=\"https:\/\/wp.ufpel.edu.br\/gepiem\/files\/2017\/06\/IMG_3621.jpg\"><img class=\"alignnone size-medium wp-image-2449\" src=\"https:\/\/wp.ufpel.edu.br\/gepiem\/files\/2017\/06\/IMG_3621-424x318.jpg\" alt=\"\" width=\"424\" height=\"318\" srcset=\"https:\/\/wp.ufpel.edu.br\/gepiem\/files\/2017\/06\/IMG_3621-424x318.jpg 424w, https:\/\/wp.ufpel.edu.br\/gepiem\/files\/2017\/06\/IMG_3621-212x159.jpg 212w, https:\/\/wp.ufpel.edu.br\/gepiem\/files\/2017\/06\/IMG_3621-768x576.jpg 768w\" sizes=\"(max-width: 424px) 100vw, 424px\" \/><\/a> <a href=\"https:\/\/wp.ufpel.edu.br\/gepiem\/files\/2017\/06\/IMG_3630.jpg\"><img class=\"alignnone size-medium wp-image-2450\" src=\"https:\/\/wp.ufpel.edu.br\/gepiem\/files\/2017\/06\/IMG_3630-424x318.jpg\" alt=\"\" width=\"424\" height=\"318\" srcset=\"https:\/\/wp.ufpel.edu.br\/gepiem\/files\/2017\/06\/IMG_3630-424x318.jpg 424w, https:\/\/wp.ufpel.edu.br\/gepiem\/files\/2017\/06\/IMG_3630-212x159.jpg 212w, https:\/\/wp.ufpel.edu.br\/gepiem\/files\/2017\/06\/IMG_3630-768x576.jpg 768w\" sizes=\"(max-width: 424px) 100vw, 424px\" \/><\/a> <a href=\"https:\/\/wp.ufpel.edu.br\/gepiem\/files\/2017\/06\/IMG_3632.jpg\"><img class=\"alignnone size-medium wp-image-2451\" src=\"https:\/\/wp.ufpel.edu.br\/gepiem\/files\/2017\/06\/IMG_3632-424x318.jpg\" alt=\"\" width=\"424\" height=\"318\" srcset=\"https:\/\/wp.ufpel.edu.br\/gepiem\/files\/2017\/06\/IMG_3632-424x318.jpg 424w, https:\/\/wp.ufpel.edu.br\/gepiem\/files\/2017\/06\/IMG_3632-212x159.jpg 212w, https:\/\/wp.ufpel.edu.br\/gepiem\/files\/2017\/06\/IMG_3632-768x576.jpg 768w\" sizes=\"(max-width: 424px) 100vw, 424px\" \/><\/a> <a href=\"https:\/\/wp.ufpel.edu.br\/gepiem\/files\/2017\/06\/IMG_3644.jpg\"><img class=\"alignnone size-medium wp-image-2452\" src=\"https:\/\/wp.ufpel.edu.br\/gepiem\/files\/2017\/06\/IMG_3644-424x318.jpg\" alt=\"\" width=\"424\" height=\"318\" srcset=\"https:\/\/wp.ufpel.edu.br\/gepiem\/files\/2017\/06\/IMG_3644-424x318.jpg 424w, https:\/\/wp.ufpel.edu.br\/gepiem\/files\/2017\/06\/IMG_3644-212x159.jpg 212w, https:\/\/wp.ufpel.edu.br\/gepiem\/files\/2017\/06\/IMG_3644-768x576.jpg 768w\" sizes=\"(max-width: 424px) 100vw, 424px\" \/><\/a><\/p>\n<p>&nbsp;<\/p>\n","protected":false},"excerpt":{"rendered":"<p>Reuni\u00e3o do GEPIEM (1\u00ba semestre 2016) Imers\u00e3o GEPIEM &#8211; Est\u00e2ncia do Arvoredo &#8211; Bag\u00e9\/RS Outubro\/2016 &nbsp;<\/p>\n","protected":false},"author":683,"featured_media":0,"parent":406,"menu_order":1,"comment_status":"closed","ping_status":"closed","template":"","meta":{"footnotes":""},"class_list":["post-2431","page","type-page","status-publish","hentry"],"_links":{"self":[{"href":"https:\/\/wp.ufpel.edu.br\/gepiem\/wp-json\/wp\/v2\/pages\/2431","targetHints":{"allow":["GET"]}}],"collection":[{"href":"https:\/\/wp.ufpel.edu.br\/gepiem\/wp-json\/wp\/v2\/pages"}],"about":[{"href":"https:\/\/wp.ufpel.edu.br\/gepiem\/wp-json\/wp\/v2\/types\/page"}],"author":[{"embeddable":true,"href":"https:\/\/wp.ufpel.edu.br\/gepiem\/wp-json\/wp\/v2\/users\/683"}],"replies":[{"embeddable":true,"href":"https:\/\/wp.ufpel.edu.br\/gepiem\/wp-json\/wp\/v2\/comments?post=2431"}],"version-history":[{"count":8,"href":"https:\/\/wp.ufpel.edu.br\/gepiem\/wp-json\/wp\/v2\/pages\/2431\/revisions"}],"predecessor-version":[{"id":2460,"href":"https:\/\/wp.ufpel.edu.br\/gepiem\/wp-json\/wp\/v2\/pages\/2431\/revisions\/2460"}],"up":[{"embeddable":true,"href":"https:\/\/wp.ufpel.edu.br\/gepiem\/wp-json\/wp\/v2\/pages\/406"}],"wp:attachment":[{"href":"https:\/\/wp.ufpel.edu.br\/gepiem\/wp-json\/wp\/v2\/media?parent=2431"}],"curies":[{"name":"wp","href":"https:\/\/api.w.org\/{rel}","templated":true}]}}