{"id":2167,"date":"2013-05-08T16:38:20","date_gmt":"2013-05-08T18:38:20","guid":{"rendered":"https:\/\/wp.ufpel.edu.br\/gepiem\/?page_id=2167"},"modified":"2022-07-18T11:17:19","modified_gmt":"2022-07-18T14:17:19","slug":"publicacoes-2","status":"publish","type":"page","link":"https:\/\/wp.ufpel.edu.br\/gepiem\/publicacoes-2\/","title":{"rendered":"Publica\u00e7\u00f5es"},"content":{"rendered":"<p>&nbsp;<\/p>\n<p><a href=\"https:\/\/wp.ufpel.edu.br\/gepiem\/files\/2013\/05\/Imagem11.jpg\"><img class=\"alignleft wp-image-2172\" src=\"https:\/\/wp.ufpel.edu.br\/gepiem\/files\/2013\/05\/Imagem11-1024x396.jpg\" alt=\"\" width=\"468\" height=\"181\" srcset=\"https:\/\/wp.ufpel.edu.br\/gepiem\/files\/2013\/05\/Imagem11-1024x396.jpg 1024w, https:\/\/wp.ufpel.edu.br\/gepiem\/files\/2013\/05\/Imagem11-300x116.jpg 300w, https:\/\/wp.ufpel.edu.br\/gepiem\/files\/2013\/05\/Imagem11.jpg 1506w\" sizes=\"(max-width: 468px) 100vw, 468px\" \/><\/a><\/p>\n<p><a href=\"https:\/\/wp.ufpel.edu.br\/gepiem\/files\/2013\/05\/Imagem-21.jpg\"><img class=\"alignleft wp-image-2176\" src=\"https:\/\/wp.ufpel.edu.br\/gepiem\/files\/2013\/05\/Imagem-21.jpg\" alt=\"\" width=\"331\" height=\"181\" srcset=\"https:\/\/wp.ufpel.edu.br\/gepiem\/files\/2013\/05\/Imagem-21.jpg 959w, https:\/\/wp.ufpel.edu.br\/gepiem\/files\/2013\/05\/Imagem-21-300x163.jpg 300w\" sizes=\"(max-width: 331px) 100vw, 331px\" \/><\/a><\/p>\n<p><a href=\"https:\/\/wp.ufpel.edu.br\/gepiem\/files\/2022\/07\/Imagem4.jpg\"><img class=\"alignnone wp-image-2939\" src=\"https:\/\/wp.ufpel.edu.br\/gepiem\/files\/2022\/07\/Imagem4-400x209.jpg\" alt=\"\" width=\"444\" height=\"232\" srcset=\"https:\/\/wp.ufpel.edu.br\/gepiem\/files\/2022\/07\/Imagem4-400x209.jpg 400w, https:\/\/wp.ufpel.edu.br\/gepiem\/files\/2022\/07\/Imagem4-1024x534.jpg 1024w, https:\/\/wp.ufpel.edu.br\/gepiem\/files\/2022\/07\/Imagem4-768x401.jpg 768w, https:\/\/wp.ufpel.edu.br\/gepiem\/files\/2022\/07\/Imagem4-1536x801.jpg 1536w, https:\/\/wp.ufpel.edu.br\/gepiem\/files\/2022\/07\/Imagem4-2048x1068.jpg 2048w\" sizes=\"(max-width: 444px) 100vw, 444px\" \/><\/a><\/p>\n<p>Mem\u00f3rias do corpo biogr\u00e1fico &#8211; como elas habitam em n\u00f3s? &#8211; Dispon\u00edvel em: <a href=\"https:\/\/drive.google.com\/file\/d\/1GioAW13aw-8JzYYLx7SrWbHz1kl4YpFr\/view?usp=sharing\">https:\/\/drive.google.com\/file\/d\/1GioAW13aw-8JzYYLx7SrWbHz1kl4YpFr\/view?usp=sharing<\/a><\/p>\n<p>Imagina\u00e7\u00e3o &amp; Forma\u00e7\u00e3o &#8211; Travessias entre os estudos do Imagin\u00e1rio e das (Auto)Biografias &#8211; Dispon\u00edvel em: <a href=\"http:\/\/guaiaca.ufpel.edu.br\/handle\/prefix\/7264\">http:\/\/guaiaca.ufpel.edu.br\/handle\/prefix\/7264<\/a><\/p>\n<p>Cartas como verbos que transformam vidas &#8211; Dispon\u00edvel em: <a href=\"https:\/\/www.todasasmusas.com.br\/livro_cartas.html\">https:\/\/www.todasasmusas.com.br\/livro_cartas.html<\/a><\/p>\n<p>&nbsp;<\/p>\n","protected":false},"excerpt":{"rendered":"<p>&nbsp; Mem\u00f3rias do corpo biogr\u00e1fico &#8211; como elas habitam em n\u00f3s? &#8211; Dispon\u00edvel em: https:\/\/drive.google.com\/file\/d\/1GioAW13aw-8JzYYLx7SrWbHz1kl4YpFr\/view?usp=sharing Imagina\u00e7\u00e3o &amp; Forma\u00e7\u00e3o &#8211; Travessias entre os estudos do Imagin\u00e1rio e das (Auto)Biografias &#8211; Dispon\u00edvel em: http:\/\/guaiaca.ufpel.edu.br\/handle\/prefix\/7264 Cartas como verbos que transformam vidas &#8211; Dispon\u00edvel em: https:\/\/www.todasasmusas.com.br\/livro_cartas.html &nbsp;<\/p>\n","protected":false},"author":683,"featured_media":0,"parent":0,"menu_order":8,"comment_status":"closed","ping_status":"closed","template":"","meta":{"footnotes":""},"class_list":["post-2167","page","type-page","status-publish","hentry"],"_links":{"self":[{"href":"https:\/\/wp.ufpel.edu.br\/gepiem\/wp-json\/wp\/v2\/pages\/2167","targetHints":{"allow":["GET"]}}],"collection":[{"href":"https:\/\/wp.ufpel.edu.br\/gepiem\/wp-json\/wp\/v2\/pages"}],"about":[{"href":"https:\/\/wp.ufpel.edu.br\/gepiem\/wp-json\/wp\/v2\/types\/page"}],"author":[{"embeddable":true,"href":"https:\/\/wp.ufpel.edu.br\/gepiem\/wp-json\/wp\/v2\/users\/683"}],"replies":[{"embeddable":true,"href":"https:\/\/wp.ufpel.edu.br\/gepiem\/wp-json\/wp\/v2\/comments?post=2167"}],"version-history":[{"count":34,"href":"https:\/\/wp.ufpel.edu.br\/gepiem\/wp-json\/wp\/v2\/pages\/2167\/revisions"}],"predecessor-version":[{"id":2945,"href":"https:\/\/wp.ufpel.edu.br\/gepiem\/wp-json\/wp\/v2\/pages\/2167\/revisions\/2945"}],"wp:attachment":[{"href":"https:\/\/wp.ufpel.edu.br\/gepiem\/wp-json\/wp\/v2\/media?parent=2167"}],"curies":[{"name":"wp","href":"https:\/\/api.w.org\/{rel}","templated":true}]}}