{"id":2036,"date":"2012-09-19T01:10:00","date_gmt":"2012-09-19T03:10:00","guid":{"rendered":"https:\/\/wp.ufpel.edu.br\/gepiem\/?page_id=2036"},"modified":"2012-11-23T08:29:20","modified_gmt":"2012-11-23T10:29:20","slug":"trabalhos-completos","status":"publish","type":"page","link":"https:\/\/wp.ufpel.edu.br\/gepiem\/i-coloquio-internacional\/trabalhos-completos\/","title":{"rendered":"ANAIS"},"content":{"rendered":"<p>Para acessar os anais do I Col\u00f3quio Internacional sobre Imagin\u00e1rio, Educa\u00e7\u00e3o e (Auto)biografias e V Col\u00f3quio sobre Imagin\u00e1rio e Educa\u00e7\u00e3o clique aqui -&gt; <span style=\"text-decoration: underline\"><strong><a href=\"https:\/\/wp.ufpel.edu.br\/gepiem\/files\/2012\/09\/Anais-I-Col\u00f3quio-Internacional-sobre-Imagin\u00e1rio-Educa\u00e7\u00e3o-e-Autobiografias.pdf\">Anais I Col\u00f3quio Internacional sobre Imagin\u00e1rio, Educa\u00e7\u00e3o e (Auto)biografias<\/a><\/strong><\/span><\/p>\n","protected":false},"excerpt":{"rendered":"<p>Para acessar os anais do I Col\u00f3quio Internacional sobre Imagin\u00e1rio, Educa\u00e7\u00e3o e (Auto)biografias e V Col\u00f3quio sobre Imagin\u00e1rio e Educa\u00e7\u00e3o clique aqui -&gt; Anais I Col\u00f3quio Internacional sobre Imagin\u00e1rio, Educa\u00e7\u00e3o e (Auto)biografias<\/p>\n","protected":false},"author":683,"featured_media":0,"parent":1779,"menu_order":0,"comment_status":"closed","ping_status":"closed","template":"","meta":{"footnotes":""},"class_list":["post-2036","page","type-page","status-publish","hentry"],"_links":{"self":[{"href":"https:\/\/wp.ufpel.edu.br\/gepiem\/wp-json\/wp\/v2\/pages\/2036","targetHints":{"allow":["GET"]}}],"collection":[{"href":"https:\/\/wp.ufpel.edu.br\/gepiem\/wp-json\/wp\/v2\/pages"}],"about":[{"href":"https:\/\/wp.ufpel.edu.br\/gepiem\/wp-json\/wp\/v2\/types\/page"}],"author":[{"embeddable":true,"href":"https:\/\/wp.ufpel.edu.br\/gepiem\/wp-json\/wp\/v2\/users\/683"}],"replies":[{"embeddable":true,"href":"https:\/\/wp.ufpel.edu.br\/gepiem\/wp-json\/wp\/v2\/comments?post=2036"}],"version-history":[{"count":6,"href":"https:\/\/wp.ufpel.edu.br\/gepiem\/wp-json\/wp\/v2\/pages\/2036\/revisions"}],"predecessor-version":[{"id":2098,"href":"https:\/\/wp.ufpel.edu.br\/gepiem\/wp-json\/wp\/v2\/pages\/2036\/revisions\/2098"}],"up":[{"embeddable":true,"href":"https:\/\/wp.ufpel.edu.br\/gepiem\/wp-json\/wp\/v2\/pages\/1779"}],"wp:attachment":[{"href":"https:\/\/wp.ufpel.edu.br\/gepiem\/wp-json\/wp\/v2\/media?parent=2036"}],"curies":[{"name":"wp","href":"https:\/\/api.w.org\/{rel}","templated":true}]}}