{"id":995,"date":"2024-09-26T01:23:03","date_gmt":"2024-09-26T04:23:03","guid":{"rendered":"https:\/\/wp.ufpel.edu.br\/gepesc\/?page_id=995"},"modified":"2025-03-01T19:42:25","modified_gmt":"2025-03-01T22:42:25","slug":"fraude-multa-de-transito-falsa","status":"publish","type":"page","link":"https:\/\/wp.ufpel.edu.br\/gepesc\/material-informativo\/catalogo-de-fraudes\/fraude-multa-de-transito-falsa\/","title":{"rendered":"Fraude &#8211; Multa de tr\u00e2nsito falsa"},"content":{"rendered":"<p><strong>Data de inclus\u00e3o:<\/strong> 29\/09\/2024<\/p>\n<p><strong>Descri\u00e7\u00e3o:<\/strong> A v\u00edtima recebe um e-mail contendo um boleto para download e pagamento, no entanto, trata-se de uma multa n\u00e3o oficial.<\/p>\n<table style=\"height: 191px; width: 100%; border-collapse: collapse; background-color: #fff3f3; border: 5px solid #ff0000;\">\n<tbody>\n<tr style=\"height: 191px;\">\n<td style=\"border: 5px solid #ff0000; text-align: center; padding: 0px 20px;\"><!-- Diminu\u00ed o padding superior e inferior --><\/p>\n<h2 style=\"text-align: center;\"><span style=\"color: #ff0000;\"><strong>ATEN\u00c7\u00c3O!<\/strong><\/span><\/h2>\n<p>O texto abaixo foi transcrito de uma fraude identificada atrav\u00e9s do NIMAR e da coleta de dados na internet.<\/p>\n<p>Caso tenha d\u00favidas ou necessite de esclarecimentos, entre em contato pelo e-mail: <strong>nimar.gepesc@ufpel.edu.br<\/strong>.<\/p>\n<p><strong>N\u00facleo de Inspe\u00e7\u00e3o de Mensagens e An\u00e1lise de Riscos &#8211; NIMAR<\/strong><br \/>\n<strong>Grupo de Ensino, Pesquisa e Extens\u00e3o em Seguran\u00e7a Cibern\u00e9tica &#8211; GEPESC<\/strong><\/td>\n<\/tr>\n<\/tbody>\n<\/table>\n<h2><span style=\"color: #043499;\">Conte\u00fado da mensagem<\/span><\/h2>\n<p><strong>Sr(a) &lt;nome&gt;, <\/strong><\/p>\n<p>O Departamento Estadual de Tr\u00e2nsito ( DETRAN ) no uso de suas Atribui\u00e7\u00f5es e nos Termos da Lei, Notifica Vossa Senhoria que Consta no Sistema uma <strong>Multa de Tr\u00e2nsito\u00a0<\/strong>no\u00a0<strong>Valor de 382,08\u00a0<\/strong> ( Trezentos e oitenta e Dois Reais e Oito Centavos ), em um\u00a0<strong>Ve\u00edculo\u00a0<\/strong>Cadastrado em seu <strong>CPF<\/strong><\/p>\n<p><strong>Clique\u00a0<\/strong>no\u00a0<strong>Bot\u00e3o\u00a0<\/strong>a Baixo para\u00a0<strong>Visualizar\u00a0<\/strong>a Multa<\/p>\n<p><strong>Visualizar Multa<\/strong><\/p>\n<h2><span style=\"color: #043499;\">Imagens<\/span><\/h2>\n<p><a href=\"https:\/\/wp.ufpel.edu.br\/gepesc\/material-informativo\/catalogo-de-fraudes\/fraude-multa-de-transito-falsa\/a-vitima-recebe-um-e-mail-contendo-uma-nota-fiscal-disponivel-para-download-no-entanto-o-link-disponibilizado-trata-se-de-uma-url-maliciosa\/\"><img class=\"alignnone wp-image-1041\" src=\"https:\/\/wp.ufpel.edu.br\/gepesc\/files\/2024\/09\/A-vitima-recebe-um-e-mail-contendo-uma-nota-fiscal-disponivel-para-download-no-entanto-o-link-disponibilizado-trata-se-de-uma-URL-maliciosa.png\" alt=\"\" width=\"330\" height=\"559\" srcset=\"https:\/\/wp.ufpel.edu.br\/gepesc\/files\/2024\/09\/A-vitima-recebe-um-e-mail-contendo-uma-nota-fiscal-disponivel-para-download-no-entanto-o-link-disponibilizado-trata-se-de-uma-URL-maliciosa.png 472w, https:\/\/wp.ufpel.edu.br\/gepesc\/files\/2024\/09\/A-vitima-recebe-um-e-mail-contendo-uma-nota-fiscal-disponivel-para-download-no-entanto-o-link-disponibilizado-trata-se-de-uma-URL-maliciosa-236x400.png 236w\" sizes=\"(max-width: 330px) 100vw, 330px\" \/><\/a><\/p>\n\n","protected":false},"excerpt":{"rendered":"<p>Data de inclus\u00e3o: 29\/09\/2024 Descri\u00e7\u00e3o: A v\u00edtima recebe um e-mail contendo um boleto para download e pagamento, no entanto, trata-se de uma multa n\u00e3o oficial. ATEN\u00c7\u00c3O! O texto abaixo foi transcrito de uma fraude identificada atrav\u00e9s do NIMAR e da coleta de dados na internet. Caso tenha d\u00favidas ou necessite de esclarecimentos, entre em contato [&hellip;]<\/p>\n","protected":false},"author":1403,"featured_media":0,"parent":32,"menu_order":0,"comment_status":"closed","ping_status":"closed","template":"","meta":{"jetpack_post_was_ever_published":false,"footnotes":""},"class_list":["post-995","page","type-page","status-publish","hentry"],"jetpack_sharing_enabled":true,"jetpack_likes_enabled":false,"jetpack_shortlink":"https:\/\/wp.me\/Pg1U19-g3","_links":{"self":[{"href":"https:\/\/wp.ufpel.edu.br\/gepesc\/wp-json\/wp\/v2\/pages\/995","targetHints":{"allow":["GET"]}}],"collection":[{"href":"https:\/\/wp.ufpel.edu.br\/gepesc\/wp-json\/wp\/v2\/pages"}],"about":[{"href":"https:\/\/wp.ufpel.edu.br\/gepesc\/wp-json\/wp\/v2\/types\/page"}],"author":[{"embeddable":true,"href":"https:\/\/wp.ufpel.edu.br\/gepesc\/wp-json\/wp\/v2\/users\/1403"}],"replies":[{"embeddable":true,"href":"https:\/\/wp.ufpel.edu.br\/gepesc\/wp-json\/wp\/v2\/comments?post=995"}],"version-history":[{"count":16,"href":"https:\/\/wp.ufpel.edu.br\/gepesc\/wp-json\/wp\/v2\/pages\/995\/revisions"}],"predecessor-version":[{"id":2184,"href":"https:\/\/wp.ufpel.edu.br\/gepesc\/wp-json\/wp\/v2\/pages\/995\/revisions\/2184"}],"up":[{"embeddable":true,"href":"https:\/\/wp.ufpel.edu.br\/gepesc\/wp-json\/wp\/v2\/pages\/32"}],"wp:attachment":[{"href":"https:\/\/wp.ufpel.edu.br\/gepesc\/wp-json\/wp\/v2\/media?parent=995"}],"curies":[{"name":"wp","href":"https:\/\/api.w.org\/{rel}","templated":true}]}}