{"id":931,"date":"2024-09-24T15:48:58","date_gmt":"2024-09-24T18:48:58","guid":{"rendered":"https:\/\/wp.ufpel.edu.br\/gepesc\/?page_id=931"},"modified":"2024-10-26T00:26:16","modified_gmt":"2024-10-26T03:26:16","slug":"inscricao","status":"publish","type":"page","link":"https:\/\/wp.ufpel.edu.br\/gepesc\/faca-parte\/inscricao\/","title":{"rendered":"Formul\u00e1rio de inscri\u00e7\u00e3o"},"content":{"rendered":"\n<!DOCTYPE html>\n<html lang=\"pt-br\">\n<head>\n  <meta charset=\"UTF-8\">\n  <meta name=\"viewport\" content=\"width=device-width, initial-scale=1.0\">\n  <style>\n    body {\n      display: flex;\n      justify-content: center;\n      align-items: center;\n      margin: 0;\n      background-color: #f0f2f5;\n    }\n\n    .message-container {\n      display: flex;\n      align-items: center;\n      background-color: #ffe6e6;\n      color: #b30000;\n      padding: 15px 20px;\n      border-radius: 12px;\n      max-width: 420px;\n      box-shadow: 0px 4px 10px rgba(0, 0, 0, 0.15);\n      animation: fadeIn 1s ease-in-out;\n      position: relative;\n      overflow: hidden;\n      text-align: center;\n    }\n\n    .icon {\n      font-size: 32px;\n      margin-right: 12px;\n      color: #b30000;\n      animation: bounce 1s infinite alternate;\n    }\n\n    .message-text {\n      font-size: 18px;\n      font-weight: bold;\n    }\n\n    \/* Anima\u00e7\u00f5es *\/\n    @keyframes fadeIn {\n      from { opacity: 0; transform: translateY(-20px); }\n      to { opacity: 1; transform: translateY(0); }\n    }\n\n    @keyframes bounce {\n      from { transform: translateY(0); }\n      to { transform: translateY(-4px); }\n    }\n  <\/style>\n<\/head>\n<body>\n\n<div class=\"message-container\">\n  <span class=\"icon\">\u26a0\ufe0f<\/span>\n  <span class=\"message-text\">Inscri\u00e7\u00f5es temporariamente suspensas<\/span>\n<\/div>\n\n<\/body>\n<\/html>\n\n\n\n<p><\/p>\n","protected":false},"excerpt":{"rendered":"<p>\u26a0\ufe0f Inscri\u00e7\u00f5es temporariamente suspensas<\/p>\n","protected":false},"author":1403,"featured_media":0,"parent":42,"menu_order":0,"comment_status":"closed","ping_status":"closed","template":"","meta":{"jetpack_post_was_ever_published":false,"footnotes":""},"class_list":["post-931","page","type-page","status-publish","hentry"],"jetpack_sharing_enabled":true,"jetpack_likes_enabled":false,"jetpack_shortlink":"https:\/\/wp.me\/Pg1U19-f1","_links":{"self":[{"href":"https:\/\/wp.ufpel.edu.br\/gepesc\/wp-json\/wp\/v2\/pages\/931","targetHints":{"allow":["GET"]}}],"collection":[{"href":"https:\/\/wp.ufpel.edu.br\/gepesc\/wp-json\/wp\/v2\/pages"}],"about":[{"href":"https:\/\/wp.ufpel.edu.br\/gepesc\/wp-json\/wp\/v2\/types\/page"}],"author":[{"embeddable":true,"href":"https:\/\/wp.ufpel.edu.br\/gepesc\/wp-json\/wp\/v2\/users\/1403"}],"replies":[{"embeddable":true,"href":"https:\/\/wp.ufpel.edu.br\/gepesc\/wp-json\/wp\/v2\/comments?post=931"}],"version-history":[{"count":26,"href":"https:\/\/wp.ufpel.edu.br\/gepesc\/wp-json\/wp\/v2\/pages\/931\/revisions"}],"predecessor-version":[{"id":1996,"href":"https:\/\/wp.ufpel.edu.br\/gepesc\/wp-json\/wp\/v2\/pages\/931\/revisions\/1996"}],"up":[{"embeddable":true,"href":"https:\/\/wp.ufpel.edu.br\/gepesc\/wp-json\/wp\/v2\/pages\/42"}],"wp:attachment":[{"href":"https:\/\/wp.ufpel.edu.br\/gepesc\/wp-json\/wp\/v2\/media?parent=931"}],"curies":[{"name":"wp","href":"https:\/\/api.w.org\/{rel}","templated":true}]}}