{"id":93,"date":"2024-09-10T14:37:48","date_gmt":"2024-09-10T17:37:48","guid":{"rendered":"https:\/\/wp.ufpel.edu.br\/gepesc\/?page_id=93"},"modified":"2024-10-20T15:41:24","modified_gmt":"2024-10-20T18:41:24","slug":"parceiros","status":"publish","type":"page","link":"https:\/\/wp.ufpel.edu.br\/gepesc\/institucional\/parceiros\/","title":{"rendered":"Parceiros"},"content":{"rendered":"\n<p>A colabora\u00e7\u00e3o \u00e9 essencial para o sucesso do GEPESC. Por isso, contamos com o apoio de diversas institui\u00e7\u00f5es e profissionais que compartilham do nosso compromisso com a seguran\u00e7a digital e a conscientiza\u00e7\u00e3o da comunidade acad\u00eamica.<\/p>\n\n\n\n<p>Os nossos parceiros s\u00e3o fundamentais para a execu\u00e7\u00e3o das a\u00e7\u00f5es propostas, oferecendo suporte t\u00e9cnico, conhecimentos especializados e recursos para tornar nosso ambiente universit\u00e1rio mais seguro e protegido contra as amea\u00e7as cibern\u00e9ticas.<\/p>\n\n\n\n<p>A parceria com empresas de tecnologia e organiza\u00e7\u00f5es de seguran\u00e7a da informa\u00e7\u00e3o, enriquece nossa abordagem e amplia o impacto das nossas atividades. Juntos, promovemos a educa\u00e7\u00e3o, preven\u00e7\u00e3o e mitiga\u00e7\u00e3o de cibercrimes por meio de workshops, semin\u00e1rios, materiais educativos, e ferramentas de seguran\u00e7a.<\/p>\n\n\n\n<p>Se voc\u00ea ou sua empresa deseja apoiar esta causa e se tornar um parceiro do projeto, entre em contato conosco. Estamos sempre em busca de novas colabora\u00e7\u00f5es que possam fortalecer nossa miss\u00e3o de proteger a comunidade acad\u00eamica e criar um ambiente digital mais seguro.<\/p>\n","protected":false},"excerpt":{"rendered":"<p>A colabora\u00e7\u00e3o \u00e9 essencial para o sucesso do GEPESC. Por isso, contamos com o apoio de diversas institui\u00e7\u00f5es e profissionais que compartilham do nosso compromisso com a seguran\u00e7a digital e a conscientiza\u00e7\u00e3o da comunidade acad\u00eamica. Os nossos parceiros s\u00e3o fundamentais para a execu\u00e7\u00e3o das a\u00e7\u00f5es propostas, oferecendo suporte t\u00e9cnico, conhecimentos especializados e recursos para tornar [&hellip;]<\/p>\n","protected":false},"author":1403,"featured_media":0,"parent":24,"menu_order":3,"comment_status":"closed","ping_status":"closed","template":"","meta":{"jetpack_post_was_ever_published":false,"footnotes":""},"class_list":["post-93","page","type-page","status-publish","hentry"],"jetpack_sharing_enabled":true,"jetpack_likes_enabled":false,"jetpack_shortlink":"https:\/\/wp.me\/Pg1U19-1v","_links":{"self":[{"href":"https:\/\/wp.ufpel.edu.br\/gepesc\/wp-json\/wp\/v2\/pages\/93","targetHints":{"allow":["GET"]}}],"collection":[{"href":"https:\/\/wp.ufpel.edu.br\/gepesc\/wp-json\/wp\/v2\/pages"}],"about":[{"href":"https:\/\/wp.ufpel.edu.br\/gepesc\/wp-json\/wp\/v2\/types\/page"}],"author":[{"embeddable":true,"href":"https:\/\/wp.ufpel.edu.br\/gepesc\/wp-json\/wp\/v2\/users\/1403"}],"replies":[{"embeddable":true,"href":"https:\/\/wp.ufpel.edu.br\/gepesc\/wp-json\/wp\/v2\/comments?post=93"}],"version-history":[{"count":27,"href":"https:\/\/wp.ufpel.edu.br\/gepesc\/wp-json\/wp\/v2\/pages\/93\/revisions"}],"predecessor-version":[{"id":1636,"href":"https:\/\/wp.ufpel.edu.br\/gepesc\/wp-json\/wp\/v2\/pages\/93\/revisions\/1636"}],"up":[{"embeddable":true,"href":"https:\/\/wp.ufpel.edu.br\/gepesc\/wp-json\/wp\/v2\/pages\/24"}],"wp:attachment":[{"href":"https:\/\/wp.ufpel.edu.br\/gepesc\/wp-json\/wp\/v2\/media?parent=93"}],"curies":[{"name":"wp","href":"https:\/\/api.w.org\/{rel}","templated":true}]}}