{"id":834,"date":"2024-09-15T16:08:14","date_gmt":"2024-09-15T19:08:14","guid":{"rendered":"https:\/\/wp.ufpel.edu.br\/gepesc\/?page_id=834"},"modified":"2024-10-20T15:32:48","modified_gmt":"2024-10-20T18:32:48","slug":"pesquisa-comunidade-externa-05-24","status":"publish","type":"page","link":"https:\/\/wp.ufpel.edu.br\/gepesc\/material-informativo\/estatisticas\/pesquisa-comunidade-externa-05-24\/","title":{"rendered":"Pesquisa Comunidade externa 05\/24"},"content":{"rendered":"<p style=\"text-align: justify;\">Este dashboard \u00e9 totalmente interativo, permitindo que voc\u00ea explore e visualize os dados de forma din\u00e2mica e intuitiva. Os dados apresentados foram obtidos a partir das respostas coletadas na pesquisa realizada pela equipe do GEPESC em maio deste ano, garantindo uma an\u00e1lise precisa e relevante. Agora, voc\u00ea pode acessar os resultados da pesquisa de duas maneiras, dependendo da sua prefer\u00eancia e conveni\u00eancia:<\/p>\n<p style=\"text-align: justify;\"><strong>Dashboard Interativo Online:<\/strong> Recomendamos o uso de um notebook ou desktop para aproveitar ao m\u00e1ximo todas as funcionalidades interativas e obter a melhor experi\u00eancia de navega\u00e7\u00e3o. Com essa op\u00e7\u00e3o, voc\u00ea pode explorar os dados de forma din\u00e2mica e intuitiva, visualizando gr\u00e1ficos e m\u00e9tricas atualizadas de forma interativa.<br \/><strong>PDF:<\/strong> Caso prefira uma vers\u00e3o est\u00e1tica ou queira acessar os dados offline, disponibilizamos tamb\u00e9m um documento em PDF com todos os resultados da pesquisa.<\/p>\n<p style=\"text-align: justify;\">Escolha a op\u00e7\u00e3o que melhor atende \u00e0s suas necessidades e explore os insights obtidos pela equipe do GEPESC!<\/p>\n\n\n<div class=\"wp-block-buttons is-layout-flex wp-block-buttons-is-layout-flex\">\n<div class=\"wp-block-button\"><a class=\"wp-block-button__link has-white-color has-vivid-cyan-blue-to-vivid-purple-gradient-background has-text-color has-background has-link-color wp-element-button\" href=\"https:\/\/app.powerbi.com\/view?r=eyJrIjoiZmU0ZTM3NWYtYzc4OS00M2Y3LTg2YzctOWM5MjIwMjc0M2VhIiwidCI6IjY1OWNlMmI4LTA3MTQtNDE5OC04YzM4LWRjOWI2MGFhYmI1NyJ9\" style=\"border-radius:10px\"><strong>Dashboard interativo<\/strong><\/a><\/div>\n\n\n\n<div class=\"wp-block-button\"><a class=\"wp-block-button__link has-white-color has-vivid-cyan-blue-to-vivid-purple-gradient-background has-text-color has-background has-link-color wp-element-button\" href=\"https:\/\/wp.ufpel.edu.br\/gepesc\/files\/2024\/09\/Dash-pesquisa.pdf\" style=\"border-radius:10px\"><strong>Visualizar em PDF<\/strong><\/a><\/div>\n<\/div>\n\n\n\n<p><\/p>\n","protected":false},"excerpt":{"rendered":"<p>Este dashboard \u00e9 totalmente interativo, permitindo que voc\u00ea explore e visualize os dados de forma din\u00e2mica e intuitiva. Os dados apresentados foram obtidos a partir das respostas coletadas na pesquisa realizada pela equipe do GEPESC em maio deste ano, garantindo uma an\u00e1lise precisa e relevante. Agora, voc\u00ea pode acessar os resultados da pesquisa de duas [&hellip;]<\/p>\n","protected":false},"author":1403,"featured_media":0,"parent":498,"menu_order":0,"comment_status":"closed","ping_status":"closed","template":"","meta":{"jetpack_post_was_ever_published":false,"footnotes":""},"class_list":["post-834","page","type-page","status-publish","hentry"],"jetpack_sharing_enabled":true,"jetpack_likes_enabled":false,"jetpack_shortlink":"https:\/\/wp.me\/Pg1U19-ds","_links":{"self":[{"href":"https:\/\/wp.ufpel.edu.br\/gepesc\/wp-json\/wp\/v2\/pages\/834","targetHints":{"allow":["GET"]}}],"collection":[{"href":"https:\/\/wp.ufpel.edu.br\/gepesc\/wp-json\/wp\/v2\/pages"}],"about":[{"href":"https:\/\/wp.ufpel.edu.br\/gepesc\/wp-json\/wp\/v2\/types\/page"}],"author":[{"embeddable":true,"href":"https:\/\/wp.ufpel.edu.br\/gepesc\/wp-json\/wp\/v2\/users\/1403"}],"replies":[{"embeddable":true,"href":"https:\/\/wp.ufpel.edu.br\/gepesc\/wp-json\/wp\/v2\/comments?post=834"}],"version-history":[{"count":9,"href":"https:\/\/wp.ufpel.edu.br\/gepesc\/wp-json\/wp\/v2\/pages\/834\/revisions"}],"predecessor-version":[{"id":1625,"href":"https:\/\/wp.ufpel.edu.br\/gepesc\/wp-json\/wp\/v2\/pages\/834\/revisions\/1625"}],"up":[{"embeddable":true,"href":"https:\/\/wp.ufpel.edu.br\/gepesc\/wp-json\/wp\/v2\/pages\/498"}],"wp:attachment":[{"href":"https:\/\/wp.ufpel.edu.br\/gepesc\/wp-json\/wp\/v2\/media?parent=834"}],"curies":[{"name":"wp","href":"https:\/\/api.w.org\/{rel}","templated":true}]}}