{"id":6,"date":"2024-09-10T14:19:11","date_gmt":"2024-09-10T17:19:11","guid":{"rendered":"https:\/\/wp.ufpel.edu.br\/gepesc\/?page_id=6"},"modified":"2024-10-20T17:01:11","modified_gmt":"2024-10-20T20:01:11","slug":"missao-e-objetivos","status":"publish","type":"page","link":"https:\/\/wp.ufpel.edu.br\/gepesc\/institucional\/missao-e-objetivos\/","title":{"rendered":"Miss\u00e3o e objetivos"},"content":{"rendered":"<h2><span style=\"color: #043499;\"><strong>Miss\u00e3o<\/strong><\/span><\/h2>\n<p>A miss\u00e3o do GEPESC \u00e9 promover a seguran\u00e7a cibern\u00e9tica por meio do ensino, da pesquisa e da extens\u00e3o, capacitando pessoas e buscando solu\u00e7\u00f5es inovadoras que ajudem a proteger dados e sistemas no mundo digital. Buscamos criar um ambiente mais seguro, \u00e9tico e consciente, tanto no \u00e2mbito acad\u00eamico quanto na sociedade como um todo, por meio da dissemina\u00e7\u00e3o de boas pr\u00e1ticas, da an\u00e1lise de novas amea\u00e7as e da cria\u00e7\u00e3o de estrat\u00e9gias de defesa cibern\u00e9tica.<\/p>\n<h2><span style=\"color: #043499;\"><strong>Objetivos<\/strong><\/span><\/h2>\n<p>1. Desenvolver a\u00e7\u00f5es educativas que capacitem estudantes, profissionais e a comunidade em geral sobre ciberseguran\u00e7a, atrav\u00e9s de cursos, treinamentos, workshops e palestras;<\/p>\n<p>2. Conduzir e incentivar pesquisas sobre amea\u00e7as emergentes, vulnerabilidades e solu\u00e7\u00f5es inovadoras na \u00e1rea de seguran\u00e7a digital, criando uma ponte entre o ambiente acad\u00eamico e o mercado;<\/p>\n<p>3. Compartilhar o conhecimento gerado atrav\u00e9s de publica\u00e7\u00f5es cient\u00edficas, materiais educativos e eventos, garantindo que o p\u00fablico tenha acesso \u00e0s informa\u00e7\u00f5es mais recentes e relevantes sobre seguran\u00e7a cibern\u00e9tica;<\/p>\n<p>4. Realizar a\u00e7\u00f5es de extens\u00e3o que ajudem a comunidade a adotar pr\u00e1ticas mais seguras no uso das tecnologias, promovendo a conscientiza\u00e7\u00e3o sobre os riscos digitais e a import\u00e2ncia de proteger informa\u00e7\u00f5es sens\u00edveis;<\/p>\n<p>5. Estabelecer colabora\u00e7\u00f5es com outras institui\u00e7\u00f5es acad\u00eamicas, organiza\u00e7\u00f5es governamentais e empresas privadas, para ampliar o impacto das nossas a\u00e7\u00f5es e contribuir com solu\u00e7\u00f5es pr\u00e1ticas para os desafios da seguran\u00e7a cibern\u00e9tica.<\/p>\n","protected":false},"excerpt":{"rendered":"<p>Miss\u00e3o A miss\u00e3o do GEPESC \u00e9 promover a seguran\u00e7a cibern\u00e9tica por meio do ensino, da pesquisa e da extens\u00e3o, capacitando pessoas e buscando solu\u00e7\u00f5es inovadoras que ajudem a proteger dados e sistemas no mundo digital. Buscamos criar um ambiente mais seguro, \u00e9tico e consciente, tanto no \u00e2mbito acad\u00eamico quanto na sociedade como um todo, por [&hellip;]<\/p>\n","protected":false},"author":1403,"featured_media":0,"parent":24,"menu_order":1,"comment_status":"closed","ping_status":"closed","template":"","meta":{"jetpack_post_was_ever_published":false,"footnotes":""},"class_list":["post-6","page","type-page","status-publish","hentry"],"jetpack_sharing_enabled":true,"jetpack_likes_enabled":false,"jetpack_shortlink":"https:\/\/wp.me\/Pg1U19-6","_links":{"self":[{"href":"https:\/\/wp.ufpel.edu.br\/gepesc\/wp-json\/wp\/v2\/pages\/6","targetHints":{"allow":["GET"]}}],"collection":[{"href":"https:\/\/wp.ufpel.edu.br\/gepesc\/wp-json\/wp\/v2\/pages"}],"about":[{"href":"https:\/\/wp.ufpel.edu.br\/gepesc\/wp-json\/wp\/v2\/types\/page"}],"author":[{"embeddable":true,"href":"https:\/\/wp.ufpel.edu.br\/gepesc\/wp-json\/wp\/v2\/users\/1403"}],"replies":[{"embeddable":true,"href":"https:\/\/wp.ufpel.edu.br\/gepesc\/wp-json\/wp\/v2\/comments?post=6"}],"version-history":[{"count":8,"href":"https:\/\/wp.ufpel.edu.br\/gepesc\/wp-json\/wp\/v2\/pages\/6\/revisions"}],"predecessor-version":[{"id":1699,"href":"https:\/\/wp.ufpel.edu.br\/gepesc\/wp-json\/wp\/v2\/pages\/6\/revisions\/1699"}],"up":[{"embeddable":true,"href":"https:\/\/wp.ufpel.edu.br\/gepesc\/wp-json\/wp\/v2\/pages\/24"}],"wp:attachment":[{"href":"https:\/\/wp.ufpel.edu.br\/gepesc\/wp-json\/wp\/v2\/media?parent=6"}],"curies":[{"name":"wp","href":"https:\/\/api.w.org\/{rel}","templated":true}]}}