{"id":50,"date":"2024-09-10T14:26:35","date_gmt":"2024-09-10T17:26:35","guid":{"rendered":"https:\/\/wp.ufpel.edu.br\/gepesc\/?page_id=50"},"modified":"2024-09-25T19:58:07","modified_gmt":"2024-09-25T22:58:07","slug":"suporte-tecnico","status":"publish","type":"page","link":"https:\/\/wp.ufpel.edu.br\/gepesc\/fale-conosco\/suporte-tecnico\/","title":{"rendered":"Suporte t\u00e9cnico"},"content":{"rendered":"\n<div class=\"wpcf7 no-js\" id=\"wpcf7-f956-o1\" lang=\"pt-BR\" dir=\"ltr\" data-wpcf7-id=\"956\">\n<div class=\"screen-reader-response\"><p role=\"status\" aria-live=\"polite\" aria-atomic=\"true\"><\/p> <ul><\/ul><\/div>\n<form action=\"\/gepesc\/wp-json\/wp\/v2\/pages\/50#wpcf7-f956-o1\" method=\"post\" class=\"wpcf7-form init\" aria-label=\"Formul\u00e1rios de contato\" enctype=\"multipart\/form-data\" novalidate=\"novalidate\" data-status=\"init\">\n<fieldset class=\"hidden-fields-container\"><input type=\"hidden\" name=\"_wpcf7\" value=\"956\" \/><input type=\"hidden\" name=\"_wpcf7_version\" value=\"6.1.4\" \/><input type=\"hidden\" name=\"_wpcf7_locale\" value=\"pt_BR\" \/><input type=\"hidden\" name=\"_wpcf7_unit_tag\" value=\"wpcf7-f956-o1\" \/><input type=\"hidden\" name=\"_wpcf7_container_post\" value=\"0\" \/><input type=\"hidden\" name=\"_wpcf7_posted_data_hash\" value=\"\" \/>\n<\/fieldset>\n<style>\n input[type=\"text\"], \n input[type=\"email\"], \n input[type=\"tel\"],\n input[type=\"file\"],\n select,\n textarea {\n border-radius: 5px;\n padding: 5px; \n border: 1px solid #ccc;\n width: 100%; \n box-sizing: border-box;\n margin-bottom: 0px;\n }\n\n input[type=\"submit\"] {\n border-radius: 10px;\n padding: 10px 20px;\n background-color: #007bff;\n color: white;\n border: none;\n cursor: pointer;\n font-size: 16px;\n }\n\n input[type=\"submit\"]:hover {\n background-color: #0056b3; \n }\n\n label {\n font-weight: bold;\n display: block;\n margin-bottom: 5px;\n }\n\n ::placeholder {\n font-weight: normal;\n color: #777;\n }\n\n .required-label {\n color: #777;\n font-weight: normal;\n font-size: 12px;\n }\n\n select {\n font-weight: normal;\n border-radius: 5px;\n width: 100%;\n padding: 5px;\n border: 1px solid #ccc;\n box-sizing: border-box;\n }\n\n option {\n font-weight: normal; \/* Garante que as op\u00e7\u00f5es dentro do select n\u00e3o fiquem em negrito *\/\n }\n<\/style>\n<p><label> Nome <span class=\"required-label\">(Obrigat\u00f3rio)<\/span><br \/>\n<span class=\"wpcf7-form-control-wrap\" data-name=\"your-name\"><input size=\"40\" maxlength=\"400\" class=\"wpcf7-form-control wpcf7-text wpcf7-validates-as-required\" aria-required=\"true\" aria-invalid=\"false\" placeholder=\"Digite seu nome\" value=\"\" type=\"text\" name=\"your-name\" \/><\/span><br \/>\n<\/label>\n<\/p>\n<p><label> E-mail <span class=\"required-label\">(Obrigat\u00f3rio)<\/span><br \/>\n<span class=\"wpcf7-form-control-wrap\" data-name=\"your-email\"><input size=\"40\" maxlength=\"400\" class=\"wpcf7-form-control wpcf7-email wpcf7-validates-as-required wpcf7-text wpcf7-validates-as-email\" aria-required=\"true\" aria-invalid=\"false\" placeholder=\"Digite seu e-mail\" value=\"\" type=\"email\" name=\"your-email\" \/><\/span><br \/>\n<\/label>\n<\/p>\n<p><label> Telefone <span class=\"required-label\">(Obrigat\u00f3rio)<\/span><br \/>\n<span class=\"wpcf7-form-control-wrap\" data-name=\"telefone\"><input size=\"40\" maxlength=\"400\" class=\"wpcf7-form-control wpcf7-tel wpcf7-validates-as-required wpcf7-text wpcf7-validates-as-tel\" aria-required=\"true\" aria-invalid=\"false\" placeholder=\"Digite seu telefone\" value=\"\" type=\"tel\" name=\"telefone\" \/><\/span><br \/>\n<\/label>\n<\/p>\n<p><label> Tipo de suporte <span class=\"required-label\">(Obrigat\u00f3rio)<\/span><br \/>\n<span class=\"wpcf7-form-control-wrap\" data-name=\"menu\"><select class=\"wpcf7-form-control wpcf7-select wpcf7-validates-as-required\" aria-required=\"true\" aria-invalid=\"false\" name=\"menu\"><option value=\"\">&#8212;Escolha uma op\u00e7\u00e3o&#8212;<\/option><option value=\"Dificuldades com equipamentos\">Dificuldades com equipamentos<\/option><option value=\"Dificuldades com aplicativos ou programas\">Dificuldades com aplicativos ou programas<\/option><option value=\"Treinamentos e orienta\u00e7\u00f5es\">Treinamentos e orienta\u00e7\u00f5es<\/option><option value=\"Seguran\u00e7a digital\">Seguran\u00e7a digital<\/option><option value=\"Outro\">Outro<\/option><\/select><\/span><br \/>\n<\/label>\n<\/p>\n<p><label> Mensagem <span class=\"required-label\">(Obrigat\u00f3rio)<\/span><br \/>\n<span class=\"wpcf7-form-control-wrap\" data-name=\"your-message\"><textarea cols=\"40\" rows=\"10\" maxlength=\"2000\" class=\"wpcf7-form-control wpcf7-textarea\" aria-invalid=\"false\" placeholder=\"Escreva sua mensagem aqui...\" name=\"your-message\"><\/textarea><\/span><br \/>\n<\/label>\n<\/p>\n<p><label> Arquivo <span class=\"required-label\">(opcional) Tamanho m\u00e1ximo de 4MB<\/span><br \/>\n<span class=\"wpcf7-form-control-wrap\" data-name=\"your-file\"><input size=\"40\" class=\"wpcf7-form-control wpcf7-file\" accept=\".jpg,.jpeg,.png\" aria-invalid=\"false\" type=\"file\" name=\"your-file\" \/><\/span><br \/>\n<\/label>\n<\/p>\n<p><input class=\"wpcf7-form-control wpcf7-submit has-spinner\" type=\"submit\" value=\"Enviar\" \/>\n<\/p><p style=\"display: none !important;\" class=\"akismet-fields-container\" data-prefix=\"_wpcf7_ak_\"><label>&#916;<textarea name=\"_wpcf7_ak_hp_textarea\" cols=\"45\" rows=\"8\" maxlength=\"100\"><\/textarea><\/label><input type=\"hidden\" id=\"ak_js_1\" name=\"_wpcf7_ak_js\" value=\"249\"\/><script>document.getElementById( \"ak_js_1\" ).setAttribute( \"value\", ( new Date() ).getTime() );<\/script><\/p><div class=\"wpcf7-response-output\" aria-hidden=\"true\"><\/div>\n<\/form>\n<\/div>\n\n","protected":false},"excerpt":{"rendered":"","protected":false},"author":1403,"featured_media":0,"parent":46,"menu_order":1,"comment_status":"closed","ping_status":"closed","template":"","meta":{"jetpack_post_was_ever_published":false,"footnotes":""},"class_list":["post-50","page","type-page","status-publish","hentry"],"jetpack_sharing_enabled":true,"jetpack_likes_enabled":false,"jetpack_shortlink":"https:\/\/wp.me\/Pg1U19-O","_links":{"self":[{"href":"https:\/\/wp.ufpel.edu.br\/gepesc\/wp-json\/wp\/v2\/pages\/50","targetHints":{"allow":["GET"]}}],"collection":[{"href":"https:\/\/wp.ufpel.edu.br\/gepesc\/wp-json\/wp\/v2\/pages"}],"about":[{"href":"https:\/\/wp.ufpel.edu.br\/gepesc\/wp-json\/wp\/v2\/types\/page"}],"author":[{"embeddable":true,"href":"https:\/\/wp.ufpel.edu.br\/gepesc\/wp-json\/wp\/v2\/users\/1403"}],"replies":[{"embeddable":true,"href":"https:\/\/wp.ufpel.edu.br\/gepesc\/wp-json\/wp\/v2\/comments?post=50"}],"version-history":[{"count":27,"href":"https:\/\/wp.ufpel.edu.br\/gepesc\/wp-json\/wp\/v2\/pages\/50\/revisions"}],"predecessor-version":[{"id":958,"href":"https:\/\/wp.ufpel.edu.br\/gepesc\/wp-json\/wp\/v2\/pages\/50\/revisions\/958"}],"up":[{"embeddable":true,"href":"https:\/\/wp.ufpel.edu.br\/gepesc\/wp-json\/wp\/v2\/pages\/46"}],"wp:attachment":[{"href":"https:\/\/wp.ufpel.edu.br\/gepesc\/wp-json\/wp\/v2\/media?parent=50"}],"curies":[{"name":"wp","href":"https:\/\/api.w.org\/{rel}","templated":true}]}}