{"id":36,"date":"2024-09-10T14:25:16","date_gmt":"2024-09-10T17:25:16","guid":{"rendered":"https:\/\/wp.ufpel.edu.br\/gepesc\/?page_id=36"},"modified":"2024-09-11T20:11:10","modified_gmt":"2024-09-11T23:11:10","slug":"workshops-e-palestras","status":"publish","type":"page","link":"https:\/\/wp.ufpel.edu.br\/gepesc\/eventos-e-atividades\/workshops-e-palestras\/","title":{"rendered":"Workshops e palestras"},"content":{"rendered":"<div class=\"flex-shrink-0 flex flex-col relative items-end\">\n<div>\n<div class=\"pt-0\">\n<div class=\"gizmo-bot-avatar flex h-8 w-8 items-center justify-center overflow-hidden rounded-full\">\n<div class=\"relative p-1 rounded-sm flex items-center justify-center bg-token-main-surface-primary text-token-text-primary h-8 w-8\"><span style=\"text-align: justify; color: var(--cor-texto); font-family: var(--fonte-corpo);\"><img class=\"wp-image-373 alignleft\" src=\"https:\/\/wp.ufpel.edu.br\/gepesc\/files\/2024\/09\/2903319-ai-400x400.png\" alt=\"\" width=\"293\" height=\"293\" srcset=\"https:\/\/wp.ufpel.edu.br\/gepesc\/files\/2024\/09\/2903319-ai-400x400.png 400w, https:\/\/wp.ufpel.edu.br\/gepesc\/files\/2024\/09\/2903319-ai-200x200.png 200w, https:\/\/wp.ufpel.edu.br\/gepesc\/files\/2024\/09\/2903319-ai-768x768.png 768w, https:\/\/wp.ufpel.edu.br\/gepesc\/files\/2024\/09\/2903319-ai.png 1000w\" sizes=\"(max-width: 293px) 100vw, 293px\" \/><\/span><\/div>\n<\/div>\n<div><\/div>\n<div class=\"gizmo-bot-avatar flex h-8 w-8 items-center justify-center overflow-hidden rounded-full\">\n<div><\/div>\n<div><\/div>\n<div class=\"relative p-1 rounded-sm flex items-center justify-center bg-token-main-surface-primary text-token-text-primary h-8 w-8\"><span style=\"text-align: justify; color: var(--cor-texto); font-family: var(--fonte-corpo);\">No momento, n\u00e3o h\u00e1 <\/span><strong style=\"text-align: justify; color: var(--cor-texto); font-family: var(--fonte-corpo);\">Workshops<\/strong><span style=\"text-align: justify; color: var(--cor-texto); font-family: var(--fonte-corpo);\"> agendados. Fique atento a esta p\u00e1gina para futuras atualiza\u00e7\u00f5es e oportunidades de participa\u00e7\u00e3o em eventos e treinamentos que promovem o aprendizado e o compartilhamento de conhecimento em nossas \u00e1reas de atua\u00e7\u00e3o.<\/span><\/div>\n<\/div>\n<\/div>\n<\/div>\n<\/div>\n","protected":false},"excerpt":{"rendered":"<p>No momento, n\u00e3o h\u00e1 Workshops agendados. Fique atento a esta p\u00e1gina para futuras atualiza\u00e7\u00f5es e oportunidades de participa\u00e7\u00e3o em eventos e treinamentos que promovem o aprendizado e o compartilhamento de conhecimento em nossas \u00e1reas de atua\u00e7\u00e3o.<\/p>\n","protected":false},"author":1403,"featured_media":0,"parent":34,"menu_order":0,"comment_status":"closed","ping_status":"closed","template":"","meta":{"jetpack_post_was_ever_published":false,"footnotes":""},"class_list":["post-36","page","type-page","status-publish","hentry"],"jetpack_sharing_enabled":true,"jetpack_likes_enabled":false,"jetpack_shortlink":"https:\/\/wp.me\/Pg1U19-A","_links":{"self":[{"href":"https:\/\/wp.ufpel.edu.br\/gepesc\/wp-json\/wp\/v2\/pages\/36","targetHints":{"allow":["GET"]}}],"collection":[{"href":"https:\/\/wp.ufpel.edu.br\/gepesc\/wp-json\/wp\/v2\/pages"}],"about":[{"href":"https:\/\/wp.ufpel.edu.br\/gepesc\/wp-json\/wp\/v2\/types\/page"}],"author":[{"embeddable":true,"href":"https:\/\/wp.ufpel.edu.br\/gepesc\/wp-json\/wp\/v2\/users\/1403"}],"replies":[{"embeddable":true,"href":"https:\/\/wp.ufpel.edu.br\/gepesc\/wp-json\/wp\/v2\/comments?post=36"}],"version-history":[{"count":3,"href":"https:\/\/wp.ufpel.edu.br\/gepesc\/wp-json\/wp\/v2\/pages\/36\/revisions"}],"predecessor-version":[{"id":376,"href":"https:\/\/wp.ufpel.edu.br\/gepesc\/wp-json\/wp\/v2\/pages\/36\/revisions\/376"}],"up":[{"embeddable":true,"href":"https:\/\/wp.ufpel.edu.br\/gepesc\/wp-json\/wp\/v2\/pages\/34"}],"wp:attachment":[{"href":"https:\/\/wp.ufpel.edu.br\/gepesc\/wp-json\/wp\/v2\/media?parent=36"}],"curies":[{"name":"wp","href":"https:\/\/api.w.org\/{rel}","templated":true}]}}