{"id":339,"date":"2024-09-11T19:13:32","date_gmt":"2024-09-11T22:13:32","guid":{"rendered":"https:\/\/wp.ufpel.edu.br\/gepesc\/?page_id=339"},"modified":"2024-10-22T10:33:21","modified_gmt":"2024-10-22T13:33:21","slug":"nucleos","status":"publish","type":"page","link":"https:\/\/wp.ufpel.edu.br\/gepesc\/institucional\/nucleos\/","title":{"rendered":"N\u00facleos"},"content":{"rendered":"<p><b>N\u00facleo de Investiga\u00e7\u00e3o de Cibercrimes (NICiber): <\/b><span style=\"font-weight: 500;\">Foco em an\u00e1lise de crimes digitais, coleta de evid\u00eancias e investiga\u00e7\u00f5es forenses;<\/span><\/p>\n<p><b>N\u00facleo de Pesquisa e Desenvolvimento Tecnol\u00f3gico (NPDT):<\/b><span style=\"font-weight: 500;\"> Pesquisa de novas tecnologias e ferramentas para fortalecer a seguran\u00e7a cibern\u00e9tica;<\/span><\/p>\n<p><b>N\u00facleo de Intelig\u00eancia Cibern\u00e9tica (NIC): <\/b><span style=\"font-weight: 500;\">An\u00e1lise de dados e identifica\u00e7\u00e3o de padr\u00f5es de comportamento suspeito;<\/span><\/p>\n<p><b>N\u00facleo de Educa\u00e7\u00e3o e Capacita\u00e7\u00e3o (NEC): <\/b><span style=\"font-weight: 500;\">Treinamento de profissionais e estudantes na \u00e1rea de seguran\u00e7a da informa\u00e7\u00e3o;<\/span><\/p>\n<p><b>N\u00facleo de Inspe\u00e7\u00e3o de Mensagens e An\u00e1lise de Riscos (NIMAR): <\/b><span style=\"font-weight: 500;\">Recebimento, an\u00e1lise e classifica\u00e7\u00e3o de comunica\u00e7\u00f5es suspeitas ou maliciosas;<\/span><\/p>\n<p><b>N\u00facleo de Pesquisa em Engenharia Social (NUPES):<\/b><span style=\"font-weight: 500;\"> Foco em t\u00e9cnicas e t\u00e1ticas de engenharia social usadas em ataques cibern\u00e9ticos, com o objetivo de preveni-las;<\/span><\/p>\n<p><b>N\u00facleo de Comunica\u00e7\u00e3o Social (NCS): <\/b><span style=\"font-weight: 500;\">Promove a conscientiza\u00e7\u00e3o sobre seguran\u00e7a cibern\u00e9tica atrav\u00e9s de campanhas educativas e conte\u00fados informativos;<\/span><\/p>\n<p><b>N\u00facleo de Estudos e Consultoria em Direito Digital (NECDD):<\/b><span style=\"font-weight: 500;\"> Pesquisa e consultoria em ciberseguran\u00e7a, focando em quest\u00f5es legais e forma\u00e7\u00e3o de profissionais.<\/span><\/p>\n","protected":false},"excerpt":{"rendered":"<p>N\u00facleo de Investiga\u00e7\u00e3o de Cibercrimes (NICiber): Foco em an\u00e1lise de crimes digitais, coleta de evid\u00eancias e investiga\u00e7\u00f5es forenses; N\u00facleo de Pesquisa e Desenvolvimento Tecnol\u00f3gico (NPDT): Pesquisa de novas tecnologias e ferramentas para fortalecer a seguran\u00e7a cibern\u00e9tica; N\u00facleo de Intelig\u00eancia Cibern\u00e9tica (NIC): An\u00e1lise de dados e identifica\u00e7\u00e3o de padr\u00f5es de comportamento suspeito; N\u00facleo de Educa\u00e7\u00e3o e [&hellip;]<\/p>\n","protected":false},"author":1403,"featured_media":0,"parent":24,"menu_order":0,"comment_status":"closed","ping_status":"closed","template":"","meta":{"jetpack_post_was_ever_published":false,"footnotes":""},"class_list":["post-339","page","type-page","status-publish","hentry"],"jetpack_sharing_enabled":true,"jetpack_likes_enabled":false,"jetpack_shortlink":"https:\/\/wp.me\/Pg1U19-5t","_links":{"self":[{"href":"https:\/\/wp.ufpel.edu.br\/gepesc\/wp-json\/wp\/v2\/pages\/339","targetHints":{"allow":["GET"]}}],"collection":[{"href":"https:\/\/wp.ufpel.edu.br\/gepesc\/wp-json\/wp\/v2\/pages"}],"about":[{"href":"https:\/\/wp.ufpel.edu.br\/gepesc\/wp-json\/wp\/v2\/types\/page"}],"author":[{"embeddable":true,"href":"https:\/\/wp.ufpel.edu.br\/gepesc\/wp-json\/wp\/v2\/users\/1403"}],"replies":[{"embeddable":true,"href":"https:\/\/wp.ufpel.edu.br\/gepesc\/wp-json\/wp\/v2\/comments?post=339"}],"version-history":[{"count":10,"href":"https:\/\/wp.ufpel.edu.br\/gepesc\/wp-json\/wp\/v2\/pages\/339\/revisions"}],"predecessor-version":[{"id":1844,"href":"https:\/\/wp.ufpel.edu.br\/gepesc\/wp-json\/wp\/v2\/pages\/339\/revisions\/1844"}],"up":[{"embeddable":true,"href":"https:\/\/wp.ufpel.edu.br\/gepesc\/wp-json\/wp\/v2\/pages\/24"}],"wp:attachment":[{"href":"https:\/\/wp.ufpel.edu.br\/gepesc\/wp-json\/wp\/v2\/media?parent=339"}],"curies":[{"name":"wp","href":"https:\/\/api.w.org\/{rel}","templated":true}]}}