{"id":2225,"date":"2025-04-04T15:28:06","date_gmt":"2025-04-04T18:28:06","guid":{"rendered":"https:\/\/wp.ufpel.edu.br\/gepesc\/?page_id=2225"},"modified":"2025-04-04T15:28:06","modified_gmt":"2025-04-04T18:28:06","slug":"fraude-solicitacao-de-declaracao-mei","status":"publish","type":"page","link":"https:\/\/wp.ufpel.edu.br\/gepesc\/fraude-solicitacao-de-declaracao-mei\/","title":{"rendered":"Fraude &#8211; Solicita\u00e7\u00e3o de declara\u00e7\u00e3o MEI"},"content":{"rendered":"<p><strong>Data de inclus\u00e3o:<\/strong> 04\/04\/2025<\/p>\n<p><strong>Descri\u00e7\u00e3o:<\/strong> A v\u00edtima recebe uma mensagem via WhatsApp alegando que est\u00e1 sendo convocada para ser mes\u00e1ria volunt\u00e1ria nas elei\u00e7\u00f5es municipais 2024. Logo abaixo da mensagem h\u00e1 um link para que a v\u00edtima confirme sua participa\u00e7\u00e3o, no entanto, trata-se de um link malicioso.<\/p>\n<table style=\"height: 191px; width: 100%; border-collapse: collapse; background-color: #fff3f3; border: 5px solid #ff0000;\">\n<tbody>\n<tr style=\"height: 191px;\">\n<td style=\"border: 5px solid #ff0000; text-align: center; padding: 0px 20px;\"><!-- Diminu\u00ed o padding superior e inferior -->\n<h2 style=\"text-align: center;\"><span style=\"color: #ff0000;\"><strong>ATEN\u00c7\u00c3O!<\/strong><\/span><\/h2>\n<p>O texto abaixo foi transcrito de uma fraude identificada atrav\u00e9s do NIMAR e da coleta de dados na internet.<\/p>\n<p>Caso tenha d\u00favidas ou necessite de esclarecimentos, entre em contato pelo e-mail: <strong>nimar.gepesc@ufpel.edu.br<\/strong>.<\/p>\n<p><strong>N\u00facleo de Inspe\u00e7\u00e3o de Mensagens e An\u00e1lise de Riscos &#8211; NIMAR<\/strong><br \/><strong>Grupo de Ensino, Pesquisa e Extens\u00e3o em Seguran\u00e7a Cibern\u00e9tica &#8211; GEPESC<\/strong><\/p>\n<\/td>\n<\/tr>\n<\/tbody>\n<\/table>\n<h2><span style=\"color: #043499;\">Conte\u00fado da mensagem<\/span><\/h2>\n<p>Justi\u00e7a Eleitoral do Paran\u00e1<br \/>Convoca\u00e7\u00e3o para Elei\u00e7\u00f5es 2024<\/p>\n<p>Voc\u00ea foi convocado(a) pela Justi\u00e7a Eleitoral do Paran\u00e1 para trabalhar nas ELEI\u00c7\u00d5ES 2024 no Munic\u00edpio de CURITIBA.<\/p>\n<p>Cart\u00f3rio da 3\u00aa Zona Eleitoral do Paran\u00e1<\/p>\n<h2><span style=\"color: #043499;\">Imagens<\/span><\/h2>\n<p><img class=\"alignnone wp-image-1223 size-medium\" src=\"https:\/\/wp.ufpel.edu.br\/gepesc\/files\/2024\/10\/Design-sem-nome-6-198x400.png\" alt=\"\" width=\"198\" height=\"400\" srcset=\"https:\/\/wp.ufpel.edu.br\/gepesc\/files\/2024\/10\/Design-sem-nome-6-198x400.png 198w, https:\/\/wp.ufpel.edu.br\/gepesc\/files\/2024\/10\/Design-sem-nome-6-508x1024.png 508w, https:\/\/wp.ufpel.edu.br\/gepesc\/files\/2024\/10\/Design-sem-nome-6.png 720w\" sizes=\"(max-width: 198px) 100vw, 198px\" \/><\/p>\n\n\n\n\n<p><\/p>\n","protected":false},"excerpt":{"rendered":"<p>Data de inclus\u00e3o: 04\/04\/2025 Descri\u00e7\u00e3o: A v\u00edtima recebe uma mensagem via WhatsApp alegando que est\u00e1 sendo convocada para ser mes\u00e1ria volunt\u00e1ria nas elei\u00e7\u00f5es municipais 2024. Logo abaixo da mensagem h\u00e1 um link para que a v\u00edtima confirme sua participa\u00e7\u00e3o, no entanto, trata-se de um link malicioso. ATEN\u00c7\u00c3O! O texto abaixo foi transcrito de uma fraude [&hellip;]<\/p>\n","protected":false},"author":1403,"featured_media":0,"parent":0,"menu_order":0,"comment_status":"closed","ping_status":"closed","template":"","meta":{"jetpack_post_was_ever_published":false,"footnotes":""},"class_list":["post-2225","page","type-page","status-publish","hentry"],"jetpack_sharing_enabled":true,"jetpack_likes_enabled":false,"jetpack_shortlink":"https:\/\/wp.me\/Pg1U19-zT","_links":{"self":[{"href":"https:\/\/wp.ufpel.edu.br\/gepesc\/wp-json\/wp\/v2\/pages\/2225","targetHints":{"allow":["GET"]}}],"collection":[{"href":"https:\/\/wp.ufpel.edu.br\/gepesc\/wp-json\/wp\/v2\/pages"}],"about":[{"href":"https:\/\/wp.ufpel.edu.br\/gepesc\/wp-json\/wp\/v2\/types\/page"}],"author":[{"embeddable":true,"href":"https:\/\/wp.ufpel.edu.br\/gepesc\/wp-json\/wp\/v2\/users\/1403"}],"replies":[{"embeddable":true,"href":"https:\/\/wp.ufpel.edu.br\/gepesc\/wp-json\/wp\/v2\/comments?post=2225"}],"version-history":[{"count":1,"href":"https:\/\/wp.ufpel.edu.br\/gepesc\/wp-json\/wp\/v2\/pages\/2225\/revisions"}],"predecessor-version":[{"id":2226,"href":"https:\/\/wp.ufpel.edu.br\/gepesc\/wp-json\/wp\/v2\/pages\/2225\/revisions\/2226"}],"wp:attachment":[{"href":"https:\/\/wp.ufpel.edu.br\/gepesc\/wp-json\/wp\/v2\/media?parent=2225"}],"curies":[{"name":"wp","href":"https:\/\/api.w.org\/{rel}","templated":true}]}}