{"id":2045,"date":"2024-12-07T16:02:23","date_gmt":"2024-12-07T19:02:23","guid":{"rendered":"https:\/\/wp.ufpel.edu.br\/gepesc\/?page_id=2045"},"modified":"2025-03-01T19:41:30","modified_gmt":"2025-03-01T22:41:30","slug":"fraude-intimacao-eletronica","status":"publish","type":"page","link":"https:\/\/wp.ufpel.edu.br\/gepesc\/material-informativo\/catalogo-de-fraudes\/fraude-intimacao-eletronica\/","title":{"rendered":"Fraude &#8211; Intima\u00e7\u00e3o eletr\u00f4nica"},"content":{"rendered":"<p><strong>Data de inclus\u00e3o:<\/strong> 07\/12\/2024<\/p>\n<p><strong>Descri\u00e7\u00e3o:<\/strong> A v\u00edtima recebe um e-mail supostamente se tratando de uma notifica\u00e7\u00e3o extrajudicial da Pol\u00edcia Civil. Logo abaixo da mensagem h\u00e1 um link para que a v\u00edtima acesse o boletim de ocorr\u00eancia, no entanto, trata-se de um link malicioso.<\/p>\n<table style=\"height: 191px; width: 100%; border-collapse: collapse; background-color: #fff3f3; border: 5px solid #ff0000;\">\n<tbody>\n<tr style=\"height: 191px;\">\n<td style=\"border: 5px solid #ff0000; text-align: center; padding: 0px 20px;\"><!-- Diminu\u00ed o padding superior e inferior --><\/p>\n<h2 style=\"text-align: center;\"><span style=\"color: #ff0000;\"><strong>ATEN\u00c7\u00c3O!<\/strong><\/span><\/h2>\n<p>O texto abaixo foi transcrito de uma fraude identificada atrav\u00e9s do NIMAR e da coleta de dados na internet.<\/p>\n<p>Caso tenha d\u00favidas ou necessite de esclarecimentos, entre em contato pelo e-mail: <strong>nimar.gepesc@ufpel.edu.br<\/strong>.<\/p>\n<p><strong>N\u00facleo de Inspe\u00e7\u00e3o de Mensagens e An\u00e1lise de Riscos &#8211; NIMAR<\/strong><br \/>\n<strong>Grupo de Ensino, Pesquisa e Extens\u00e3o em Seguran\u00e7a Cibern\u00e9tica &#8211; GEPESC<\/strong><\/td>\n<\/tr>\n<\/tbody>\n<\/table>\n<h2><span style=\"color: #043499;\">Conte\u00fado da mensagem<\/span><\/h2>\n<p><strong>INTIMA\u00c7\u00c3O ELETR\u00d4NICA NOTIFICA\u00c7\u00c3O <\/strong><\/p>\n<p><strong>EXTRAJUDICIAL PEDIDO DE EXPLICA\u00c7\u00d5ES. <\/strong><\/p>\n<p><strong>Sr. [nome da v\u00edtima]<\/strong><\/p>\n<p>N\u00famero do Processo: <strong>0006524417-31.2024.9.16.0147<\/strong><br \/>\nClasse Judicial:<strong> CRIMINAL<\/strong><br \/>\n\u00d3rg\u00e3o: <strong>POLICIA CIVIL<\/strong><br \/>\nS\u00e9rie:<strong> 1<\/strong><br \/>\nData de Autua\u00e7\u00e3o:<strong> 01\/09\/2024<\/strong><br \/>\nTipo de Distribui\u00e7\u00e3o:<strong> Intima\u00e7\u00e3o<\/strong><br \/>\nChave Acesso: <strong>856700550010002230661127830<\/strong><br \/>\nStatus da Autoriza\u00e7\u00e3o: <strong>Aviso Pr\u00e9vio<\/strong><br \/>\nProtocolo de Autoriza\u00e7\u00e3o: <strong>5231526975296<\/strong><\/p>\n<p>Para acessar o total teor do boletim de ocorr\u00eancia acesse o link abaixo.<\/p>\n<p><strong><span style=\"text-decoration: underline;\">BOLETIM <\/span><\/strong><\/p>\n<p>Se bot\u00e3o acima n\u00e3o estiver vis\u00edvel, <span style=\"text-decoration: underline;\">clique aqui<\/span><\/p>\n<p>ATEN\u00c7\u00c3O: Este e-mail \u00e9 gerado de forma autom\u00e1tica, por gentileza, n\u00e3o o responda.<\/p>\n<h2><span style=\"color: #043499;\">Imagens<\/span><\/h2>\n<p><img class=\"alignnone wp-image-2070 size-medium\" src=\"https:\/\/wp.ufpel.edu.br\/gepesc\/files\/2024\/12\/Design-sem-nome-3-1-294x400.png\" alt=\"\" width=\"294\" height=\"400\" srcset=\"https:\/\/wp.ufpel.edu.br\/gepesc\/files\/2024\/12\/Design-sem-nome-3-1-294x400.png 294w, https:\/\/wp.ufpel.edu.br\/gepesc\/files\/2024\/12\/Design-sem-nome-3-1-753x1024.png 753w, https:\/\/wp.ufpel.edu.br\/gepesc\/files\/2024\/12\/Design-sem-nome-3-1-768x1045.png 768w, https:\/\/wp.ufpel.edu.br\/gepesc\/files\/2024\/12\/Design-sem-nome-3-1.png 1080w\" sizes=\"(max-width: 294px) 100vw, 294px\" \/><\/p>\n\n","protected":false},"excerpt":{"rendered":"<p>Data de inclus\u00e3o: 07\/12\/2024 Descri\u00e7\u00e3o: A v\u00edtima recebe um e-mail supostamente se tratando de uma notifica\u00e7\u00e3o extrajudicial da Pol\u00edcia Civil. Logo abaixo da mensagem h\u00e1 um link para que a v\u00edtima acesse o boletim de ocorr\u00eancia, no entanto, trata-se de um link malicioso. ATEN\u00c7\u00c3O! O texto abaixo foi transcrito de uma fraude identificada atrav\u00e9s do [&hellip;]<\/p>\n","protected":false},"author":1403,"featured_media":0,"parent":32,"menu_order":0,"comment_status":"closed","ping_status":"closed","template":"","meta":{"jetpack_post_was_ever_published":false,"footnotes":""},"class_list":["post-2045","page","type-page","status-publish","hentry"],"jetpack_sharing_enabled":true,"jetpack_likes_enabled":false,"jetpack_shortlink":"https:\/\/wp.me\/Pg1U19-wZ","_links":{"self":[{"href":"https:\/\/wp.ufpel.edu.br\/gepesc\/wp-json\/wp\/v2\/pages\/2045","targetHints":{"allow":["GET"]}}],"collection":[{"href":"https:\/\/wp.ufpel.edu.br\/gepesc\/wp-json\/wp\/v2\/pages"}],"about":[{"href":"https:\/\/wp.ufpel.edu.br\/gepesc\/wp-json\/wp\/v2\/types\/page"}],"author":[{"embeddable":true,"href":"https:\/\/wp.ufpel.edu.br\/gepesc\/wp-json\/wp\/v2\/users\/1403"}],"replies":[{"embeddable":true,"href":"https:\/\/wp.ufpel.edu.br\/gepesc\/wp-json\/wp\/v2\/comments?post=2045"}],"version-history":[{"count":3,"href":"https:\/\/wp.ufpel.edu.br\/gepesc\/wp-json\/wp\/v2\/pages\/2045\/revisions"}],"predecessor-version":[{"id":2182,"href":"https:\/\/wp.ufpel.edu.br\/gepesc\/wp-json\/wp\/v2\/pages\/2045\/revisions\/2182"}],"up":[{"embeddable":true,"href":"https:\/\/wp.ufpel.edu.br\/gepesc\/wp-json\/wp\/v2\/pages\/32"}],"wp:attachment":[{"href":"https:\/\/wp.ufpel.edu.br\/gepesc\/wp-json\/wp\/v2\/media?parent=2045"}],"curies":[{"name":"wp","href":"https:\/\/api.w.org\/{rel}","templated":true}]}}