{"id":2044,"date":"2024-12-07T16:01:50","date_gmt":"2024-12-07T19:01:50","guid":{"rendered":"https:\/\/wp.ufpel.edu.br\/gepesc\/?page_id=2044"},"modified":"2025-03-01T19:39:04","modified_gmt":"2025-03-01T22:39:04","slug":"fraude-conta-outlook-cancelada","status":"publish","type":"page","link":"https:\/\/wp.ufpel.edu.br\/gepesc\/material-informativo\/catalogo-de-fraudes\/fraude-conta-outlook-cancelada\/","title":{"rendered":"Fraude &#8211; Conta Outlook cancelada"},"content":{"rendered":"<p><strong>Data de inclus\u00e3o:<\/strong> 07\/12\/2024<\/p>\n<p><strong>Descri\u00e7\u00e3o:<\/strong> A v\u00edtima recebe um e-mail alertando que deve verificar seu e-mail para evitar o bloqueio da conta. Logo abaixo da mensagem h\u00e1 um link para que a v\u00edtima possa fazer a verifica\u00e7\u00e3o do e-mail, no entanto, trata-se de um link malicioso.<\/p>\n<table style=\"height: 191px; width: 100%; border-collapse: collapse; background-color: #fff3f3; border: 5px solid #ff0000;\">\n<tbody>\n<tr style=\"height: 191px;\">\n<td style=\"border: 5px solid #ff0000; text-align: center; padding: 0px 20px;\"><!-- Diminu\u00ed o padding superior e inferior --><\/p>\n<h2 style=\"text-align: center;\"><span style=\"color: #ff0000;\"><strong>ATEN\u00c7\u00c3O!<\/strong><\/span><\/h2>\n<p>O texto abaixo foi transcrito de uma fraude identificada atrav\u00e9s do NIMAR e da coleta de dados na internet.<\/p>\n<p>Caso tenha d\u00favidas ou necessite de esclarecimentos, entre em contato pelo e-mail: <strong>nimar.gepesc@ufpel.edu.br<\/strong>.<\/p>\n<p><strong>N\u00facleo de Inspe\u00e7\u00e3o de Mensagens e An\u00e1lise de Riscos &#8211; NIMAR<\/strong><br \/>\n<strong>Grupo de Ensino, Pesquisa e Extens\u00e3o em Seguran\u00e7a Cibern\u00e9tica &#8211; GEPESC<\/strong><\/td>\n<\/tr>\n<\/tbody>\n<\/table>\n<h2><span style=\"color: #043499;\">Conte\u00fado da mensagem<\/span><\/h2>\n<p><strong>SUA CONTA SER\u00c1 CANCELADA!<\/strong><\/p>\n<p>Voc\u00ea precisar\u00e1 verificar seu e-mail em at\u00e9 24 horas.<\/p>\n<p>O e-mail <strong>Prezado(a)<\/strong> [e-mail da v\u00edtima] ser\u00e1 bloqueado.<\/p>\n<p>Prezado usu\u00e1rio Hotmail\/Outlook, para continuar utilizando seu e-mail, ser\u00e1 necess\u00e1rio efetuar uma verifica\u00e7\u00e3o em sua conta. Essa verifica\u00e7\u00e3o \u00e9 r\u00e1pida e obrigat\u00f3ria. Voc\u00ea deve efetu\u00e1-la em no m\u00e1ximo 24 horas.<\/p>\n<p>Verificar E-mail<\/p>\n<p>Essa \u00e9 uma mensagem autom\u00e1tica. Por favor, n\u00e3o responda a esse e-mail.<br \/>\n\u00a91996-2024 Microsoft &#8211; Todos os direitos reservados.<\/p>\n<h2><span style=\"color: #043499;\">Imagens<\/span><\/h2>\n<p><img class=\"alignnone wp-image-2069 size-medium\" src=\"https:\/\/wp.ufpel.edu.br\/gepesc\/files\/2024\/12\/Design-sem-nome-4-243x400.png\" alt=\"\" width=\"243\" height=\"400\" srcset=\"https:\/\/wp.ufpel.edu.br\/gepesc\/files\/2024\/12\/Design-sem-nome-4-243x400.png 243w, https:\/\/wp.ufpel.edu.br\/gepesc\/files\/2024\/12\/Design-sem-nome-4-623x1024.png 623w, https:\/\/wp.ufpel.edu.br\/gepesc\/files\/2024\/12\/Design-sem-nome-4-768x1262.png 768w, https:\/\/wp.ufpel.edu.br\/gepesc\/files\/2024\/12\/Design-sem-nome-4-935x1536.png 935w, https:\/\/wp.ufpel.edu.br\/gepesc\/files\/2024\/12\/Design-sem-nome-4.png 1241w\" sizes=\"(max-width: 243px) 100vw, 243px\" \/><\/p>\n\n","protected":false},"excerpt":{"rendered":"<p>Data de inclus\u00e3o: 07\/12\/2024 Descri\u00e7\u00e3o: A v\u00edtima recebe um e-mail alertando que deve verificar seu e-mail para evitar o bloqueio da conta. Logo abaixo da mensagem h\u00e1 um link para que a v\u00edtima possa fazer a verifica\u00e7\u00e3o do e-mail, no entanto, trata-se de um link malicioso. ATEN\u00c7\u00c3O! O texto abaixo foi transcrito de uma fraude [&hellip;]<\/p>\n","protected":false},"author":1403,"featured_media":0,"parent":32,"menu_order":0,"comment_status":"closed","ping_status":"closed","template":"","meta":{"jetpack_post_was_ever_published":false,"footnotes":""},"class_list":["post-2044","page","type-page","status-publish","hentry"],"jetpack_sharing_enabled":true,"jetpack_likes_enabled":false,"jetpack_shortlink":"https:\/\/wp.me\/Pg1U19-wY","_links":{"self":[{"href":"https:\/\/wp.ufpel.edu.br\/gepesc\/wp-json\/wp\/v2\/pages\/2044","targetHints":{"allow":["GET"]}}],"collection":[{"href":"https:\/\/wp.ufpel.edu.br\/gepesc\/wp-json\/wp\/v2\/pages"}],"about":[{"href":"https:\/\/wp.ufpel.edu.br\/gepesc\/wp-json\/wp\/v2\/types\/page"}],"author":[{"embeddable":true,"href":"https:\/\/wp.ufpel.edu.br\/gepesc\/wp-json\/wp\/v2\/users\/1403"}],"replies":[{"embeddable":true,"href":"https:\/\/wp.ufpel.edu.br\/gepesc\/wp-json\/wp\/v2\/comments?post=2044"}],"version-history":[{"count":4,"href":"https:\/\/wp.ufpel.edu.br\/gepesc\/wp-json\/wp\/v2\/pages\/2044\/revisions"}],"predecessor-version":[{"id":2167,"href":"https:\/\/wp.ufpel.edu.br\/gepesc\/wp-json\/wp\/v2\/pages\/2044\/revisions\/2167"}],"up":[{"embeddable":true,"href":"https:\/\/wp.ufpel.edu.br\/gepesc\/wp-json\/wp\/v2\/pages\/32"}],"wp:attachment":[{"href":"https:\/\/wp.ufpel.edu.br\/gepesc\/wp-json\/wp\/v2\/media?parent=2044"}],"curies":[{"name":"wp","href":"https:\/\/api.w.org\/{rel}","templated":true}]}}