{"id":2042,"date":"2024-12-07T16:02:53","date_gmt":"2024-12-07T19:02:53","guid":{"rendered":"https:\/\/wp.ufpel.edu.br\/gepesc\/?page_id=2042"},"modified":"2025-03-01T19:44:48","modified_gmt":"2025-03-01T22:44:48","slug":"fraude-taxa-cnh-pendente","status":"publish","type":"page","link":"https:\/\/wp.ufpel.edu.br\/gepesc\/material-informativo\/catalogo-de-fraudes\/fraude-taxa-cnh-pendente\/","title":{"rendered":"Fraude &#8211; Taxa CNH pendente"},"content":{"rendered":"<p><strong>Data de inclus\u00e3o:<\/strong> 07\/12\/2024<\/p>\n<p><strong>Descri\u00e7\u00e3o:<\/strong> A v\u00edtima recebe um e-mail alertando de uma taxa pendente em sua CNH, a mensagem estabelece, ainda, um prazo para o pagamento da falsa cobran\u00e7a. Logo abaixo da mensagem h\u00e1 um link para que a v\u00edtima efetue o paagemento, no entanto, trata-se de um link malicioso.<\/p>\n<table style=\"height: 191px; width: 100%; border-collapse: collapse; background-color: #fff3f3; border: 5px solid #ff0000;\">\n<tbody>\n<tr style=\"height: 191px;\">\n<td style=\"border: 5px solid #ff0000; text-align: center; padding: 0px 20px;\"><!-- Diminu\u00ed o padding superior e inferior --><\/p>\n<h2 style=\"text-align: center;\"><span style=\"color: #ff0000;\"><strong>ATEN\u00c7\u00c3O!<\/strong><\/span><\/h2>\n<p>O texto abaixo foi transcrito de uma fraude identificada atrav\u00e9s do NIMAR e da coleta de dados na internet.<\/p>\n<p>Caso tenha d\u00favidas ou necessite de esclarecimentos, entre em contato pelo e-mail: <strong>nimar.gepesc@ufpel.edu.br<\/strong>.<\/p>\n<p><strong>N\u00facleo de Inspe\u00e7\u00e3o de Mensagens e An\u00e1lise de Riscos &#8211; NIMAR<\/strong><br \/>\n<strong>Grupo de Ensino, Pesquisa e Extens\u00e3o em Seguran\u00e7a Cibern\u00e9tica &#8211; GEPESC<\/strong><\/td>\n<\/tr>\n<\/tbody>\n<\/table>\n<h2><span style=\"color: #043499;\">Conte\u00fado da mensagem<\/span><\/h2>\n<p><strong>Taxa CNH Pendente<\/strong><\/p>\n<p>Ol\u00e1, [e-mail da v\u00edtima].<\/p>\n<p>Identificamos que a sua taxa de regulariza\u00e7\u00e3o da CNH ainda n\u00e3o foi paga. O prazo final \u00e9 **at\u00e9 amanh\u00e3, <strong>26\/11\/2024**<\/strong>. Ap\u00f3s essa data, sua solicita\u00e7\u00e3o ser\u00e1 automaticamente cancelada. Para concluir o pagamento de forma r\u00e1pida e segura, clique no bot\u00e3o abaixo:<br \/>\n<span style=\"text-decoration: underline;\">Pagar Agora <\/span><br \/>\nSe voc\u00ea j\u00e1 efetuou o pagamento, desconsidere esta mensagem.<br \/>\nAtenciosamente,<br \/>\n<strong>Equipe de Regulariza\u00e7\u00e3o &#8211; CNH <\/strong><br \/>\nEste \u00e9 um e-mail autom\u00e1tico. N\u00e3o responda.<br \/>\nPrecisa de ajuda? <span style=\"text-decoration: underline;\">Acesse nosso suporte<\/span>.<\/p>\n<h2><span style=\"color: #043499;\">Imagens<\/span><\/h2>\n<p><img class=\"alignnone wp-image-2071 size-medium\" src=\"https:\/\/wp.ufpel.edu.br\/gepesc\/files\/2024\/12\/Design-sem-nome-5-200x400.png\" alt=\"\" width=\"200\" height=\"400\" srcset=\"https:\/\/wp.ufpel.edu.br\/gepesc\/files\/2024\/12\/Design-sem-nome-5-200x400.png 200w, https:\/\/wp.ufpel.edu.br\/gepesc\/files\/2024\/12\/Design-sem-nome-5-513x1024.png 513w, https:\/\/wp.ufpel.edu.br\/gepesc\/files\/2024\/12\/Design-sem-nome-5-768x1534.png 768w, https:\/\/wp.ufpel.edu.br\/gepesc\/files\/2024\/12\/Design-sem-nome-5-769x1536.png 769w, https:\/\/wp.ufpel.edu.br\/gepesc\/files\/2024\/12\/Design-sem-nome-5.png 801w\" sizes=\"(max-width: 200px) 100vw, 200px\" \/><\/p>\n\n","protected":false},"excerpt":{"rendered":"<p>Data de inclus\u00e3o: 07\/12\/2024 Descri\u00e7\u00e3o: A v\u00edtima recebe um e-mail alertando de uma taxa pendente em sua CNH, a mensagem estabelece, ainda, um prazo para o pagamento da falsa cobran\u00e7a. Logo abaixo da mensagem h\u00e1 um link para que a v\u00edtima efetue o paagemento, no entanto, trata-se de um link malicioso. ATEN\u00c7\u00c3O! O texto abaixo [&hellip;]<\/p>\n","protected":false},"author":1403,"featured_media":0,"parent":32,"menu_order":0,"comment_status":"closed","ping_status":"closed","template":"","meta":{"jetpack_post_was_ever_published":false,"footnotes":""},"class_list":["post-2042","page","type-page","status-publish","hentry"],"jetpack_sharing_enabled":true,"jetpack_likes_enabled":false,"jetpack_shortlink":"https:\/\/wp.me\/Pg1U19-wW","_links":{"self":[{"href":"https:\/\/wp.ufpel.edu.br\/gepesc\/wp-json\/wp\/v2\/pages\/2042","targetHints":{"allow":["GET"]}}],"collection":[{"href":"https:\/\/wp.ufpel.edu.br\/gepesc\/wp-json\/wp\/v2\/pages"}],"about":[{"href":"https:\/\/wp.ufpel.edu.br\/gepesc\/wp-json\/wp\/v2\/types\/page"}],"author":[{"embeddable":true,"href":"https:\/\/wp.ufpel.edu.br\/gepesc\/wp-json\/wp\/v2\/users\/1403"}],"replies":[{"embeddable":true,"href":"https:\/\/wp.ufpel.edu.br\/gepesc\/wp-json\/wp\/v2\/comments?post=2042"}],"version-history":[{"count":3,"href":"https:\/\/wp.ufpel.edu.br\/gepesc\/wp-json\/wp\/v2\/pages\/2042\/revisions"}],"predecessor-version":[{"id":2198,"href":"https:\/\/wp.ufpel.edu.br\/gepesc\/wp-json\/wp\/v2\/pages\/2042\/revisions\/2198"}],"up":[{"embeddable":true,"href":"https:\/\/wp.ufpel.edu.br\/gepesc\/wp-json\/wp\/v2\/pages\/32"}],"wp:attachment":[{"href":"https:\/\/wp.ufpel.edu.br\/gepesc\/wp-json\/wp\/v2\/media?parent=2042"}],"curies":[{"name":"wp","href":"https:\/\/api.w.org\/{rel}","templated":true}]}}