{"id":2020,"date":"2024-12-03T17:12:02","date_gmt":"2024-12-03T20:12:02","guid":{"rendered":"https:\/\/wp.ufpel.edu.br\/gepesc\/?page_id=2020"},"modified":"2025-03-01T19:41:08","modified_gmt":"2025-03-01T22:41:08","slug":"fraude-falso-suporte-dell","status":"publish","type":"page","link":"https:\/\/wp.ufpel.edu.br\/gepesc\/material-informativo\/catalogo-de-fraudes\/fraude-falso-suporte-dell\/","title":{"rendered":"Fraude &#8211; Falso suporte Dell"},"content":{"rendered":"<p><strong>Data de inclus\u00e3o:<\/strong> 03\/12\/2024<\/p>\n<p><strong>Descri\u00e7\u00e3o:<\/strong> A v\u00edtima recebe um e-mail de um suposto t\u00e9cnico da Dell. No corpo do e-mail, o golpista solicita dados pessoais da v\u00edtima para fazer a abertua de um outro chamado para manuten\u00e7\u00e3o do dispositivo. <span style=\"color: #ff0000;\"><em><strong>Atente-se: as empresas n\u00e3o solicitam o envio de dados pessoais por e-mail!<\/strong><\/em><\/span><\/p>\n<table style=\"height: 191px; width: 100%; border-collapse: collapse; background-color: #fff3f3; border: 5px solid #ff0000;\">\n<tbody>\n<tr style=\"height: 191px;\">\n<td style=\"border: 5px solid #ff0000; text-align: center; padding: 0px 20px;\"><!-- Diminu\u00ed o padding superior e inferior -->\n<h2 style=\"text-align: center;\"><span style=\"color: #ff0000;\"><strong>ATEN\u00c7\u00c3O!<\/strong><\/span><\/h2>\n<p>O texto abaixo foi transcrito de uma fraude identificada atrav\u00e9s do NIMAR e da coleta de dados na internet.<\/p>\n<p>Caso tenha d\u00favidas ou necessite de esclarecimentos, entre em contato pelo e-mail: <strong>nimar.gepesc@ufpel.edu.br<\/strong>.<\/p>\n<p><strong>N\u00facleo de Inspe\u00e7\u00e3o de Mensagens e An\u00e1lise de Riscos &#8211; NIMAR<\/strong><br \/><strong>Grupo de Ensino, Pesquisa e Extens\u00e3o em Seguran\u00e7a Cibern\u00e9tica &#8211; GEPESC<\/strong><\/p>\n<\/td>\n<\/tr>\n<\/tbody>\n<\/table>\n<h2><span style=\"color: #043499;\">Conte\u00fado da mensagem<\/span><\/h2>\n<p>Case Numer: [protocolo]<\/p>\n<p>** Por favor n\u00e3o alterar o t\u00edtulo deste e-mail. **<\/p>\n<p>Prezado(a) [nome]<\/p>\n<p>Em refer\u00eancia ao atendimento de n\u00famero [n\u00famero de protocolo], Gostaria de solicitar a abertura de um chamado para resolver o problema na demora ao ingressar no sistema operativo y na Biso . Para agilizar o processo, por favor, responda este e-mail com as seguintes informa\u00e7\u00f5es:<\/p>\n<p>Endere\u00e7o:<br \/>Numero:<br \/>Bairro:<br \/>Cidade:<br \/>Cep:<br \/>Cpf:<br \/>Data de nascimento:<\/p>\n<p>Aguardo sua resposta!<\/p>\n<h2><span style=\"color: #043499;\">Imagens<\/span><\/h2>\n<p><img class=\"alignnone wp-image-2034 \" src=\"https:\/\/wp.ufpel.edu.br\/gepesc\/files\/2024\/12\/Design-sem-nome-1-250x400.png\" alt=\"\" width=\"267\" height=\"427\" srcset=\"https:\/\/wp.ufpel.edu.br\/gepesc\/files\/2024\/12\/Design-sem-nome-1-250x400.png 250w, https:\/\/wp.ufpel.edu.br\/gepesc\/files\/2024\/12\/Design-sem-nome-1-640x1024.png 640w, https:\/\/wp.ufpel.edu.br\/gepesc\/files\/2024\/12\/Design-sem-nome-1-768x1229.png 768w, https:\/\/wp.ufpel.edu.br\/gepesc\/files\/2024\/12\/Design-sem-nome-1-960x1536.png 960w, https:\/\/wp.ufpel.edu.br\/gepesc\/files\/2024\/12\/Design-sem-nome-1.png 1080w\" sizes=\"(max-width: 267px) 100vw, 267px\" \/><\/p>\n\n","protected":false},"excerpt":{"rendered":"<p>Data de inclus\u00e3o: 03\/12\/2024 Descri\u00e7\u00e3o: A v\u00edtima recebe um e-mail de um suposto t\u00e9cnico da Dell. No corpo do e-mail, o golpista solicita dados pessoais da v\u00edtima para fazer a abertua de um outro chamado para manuten\u00e7\u00e3o do dispositivo. Atente-se: as empresas n\u00e3o solicitam o envio de dados pessoais por e-mail! ATEN\u00c7\u00c3O! O texto abaixo [&hellip;]<\/p>\n","protected":false},"author":1403,"featured_media":0,"parent":32,"menu_order":0,"comment_status":"closed","ping_status":"closed","template":"","meta":{"jetpack_post_was_ever_published":false,"footnotes":""},"class_list":["post-2020","page","type-page","status-publish","hentry"],"jetpack_sharing_enabled":true,"jetpack_likes_enabled":false,"jetpack_shortlink":"https:\/\/wp.me\/Pg1U19-wA","_links":{"self":[{"href":"https:\/\/wp.ufpel.edu.br\/gepesc\/wp-json\/wp\/v2\/pages\/2020","targetHints":{"allow":["GET"]}}],"collection":[{"href":"https:\/\/wp.ufpel.edu.br\/gepesc\/wp-json\/wp\/v2\/pages"}],"about":[{"href":"https:\/\/wp.ufpel.edu.br\/gepesc\/wp-json\/wp\/v2\/types\/page"}],"author":[{"embeddable":true,"href":"https:\/\/wp.ufpel.edu.br\/gepesc\/wp-json\/wp\/v2\/users\/1403"}],"replies":[{"embeddable":true,"href":"https:\/\/wp.ufpel.edu.br\/gepesc\/wp-json\/wp\/v2\/comments?post=2020"}],"version-history":[{"count":4,"href":"https:\/\/wp.ufpel.edu.br\/gepesc\/wp-json\/wp\/v2\/pages\/2020\/revisions"}],"predecessor-version":[{"id":2178,"href":"https:\/\/wp.ufpel.edu.br\/gepesc\/wp-json\/wp\/v2\/pages\/2020\/revisions\/2178"}],"up":[{"embeddable":true,"href":"https:\/\/wp.ufpel.edu.br\/gepesc\/wp-json\/wp\/v2\/pages\/32"}],"wp:attachment":[{"href":"https:\/\/wp.ufpel.edu.br\/gepesc\/wp-json\/wp\/v2\/media?parent=2020"}],"curies":[{"name":"wp","href":"https:\/\/api.w.org\/{rel}","templated":true}]}}