{"id":2018,"date":"2024-12-03T17:11:09","date_gmt":"2024-12-03T20:11:09","guid":{"rendered":"https:\/\/wp.ufpel.edu.br\/gepesc\/?page_id=2018"},"modified":"2025-03-01T19:44:38","modified_gmt":"2025-03-01T22:44:38","slug":"fraude-tarifa-de-abertura-de-cnpj","status":"publish","type":"page","link":"https:\/\/wp.ufpel.edu.br\/gepesc\/material-informativo\/catalogo-de-fraudes\/fraude-tarifa-de-abertura-de-cnpj\/","title":{"rendered":"Fraude &#8211; Tarifa de abertura de CNPJ"},"content":{"rendered":"<p><strong>Data de inclus\u00e3o:<\/strong> 03\/12\/2024<\/p>\n<p><strong>Descri\u00e7\u00e3o:<\/strong> A v\u00edtima recebe um e-mail alertando de d\u00e9bitos associados ao seu CNPJ. Logo no final da mensagem h\u00e1 um link para que a v\u00edtima possa acessar o documento arrecadat\u00f3rio, no entanto, trata-se de um link malicioso.<\/p>\n<table style=\"height: 191px; width: 100%; border-collapse: collapse; background-color: #fff3f3; border: 5px solid #ff0000;\">\n<tbody>\n<tr style=\"height: 191px;\">\n<td style=\"border: 5px solid #ff0000; text-align: center; padding: 0px 20px;\"><!-- Diminu\u00ed o padding superior e inferior --><\/p>\n<h2 style=\"text-align: center;\"><span style=\"color: #ff0000;\"><strong>ATEN\u00c7\u00c3O!<\/strong><\/span><\/h2>\n<p>O texto abaixo foi transcrito de uma fraude identificada atrav\u00e9s do NIMAR e da coleta de dados na internet.<\/p>\n<p>Caso tenha d\u00favidas ou necessite de esclarecimentos, entre em contato pelo e-mail: <strong>nimar.gepesc@ufpel.edu.br<\/strong>.<\/p>\n<p><strong>N\u00facleo de Inspe\u00e7\u00e3o de Mensagens e An\u00e1lise de Riscos &#8211; NIMAR<\/strong><br \/>\n<strong>Grupo de Ensino, Pesquisa e Extens\u00e3o em Seguran\u00e7a Cibern\u00e9tica &#8211; GEPESC<\/strong><\/td>\n<\/tr>\n<\/tbody>\n<\/table>\n<h2><span style=\"color: #043499;\">Conte\u00fado da mensagem<\/span><\/h2>\n<p>Em cumprimento: Sr(a) [nome da v\u00edtima]<br \/>\nJuntado documento oriundo da tarifa de abertura online do nome [nome da v\u00edtima] com vencimento no pr\u00f3ximo dia \u00fatil.<br \/>\nA inser\u00e7\u00e3o p\u00fablica da <strong>express\u00e3o [nome da v\u00edtima]<\/strong> assegura o registro do CNPJ na internet, frente \u00e0 comiss\u00e3o coordenadora de iniciativas da internet do pa\u00eds.<br \/>\nPrevenindo a express\u00e3o contra uso de outros interessados em utilizar o mesmo conceito. Regularize seu d\u00e9bito para n\u00e3o ter desgostos monet\u00e1rios. <span style=\"text-decoration: underline;\">Acessando<\/span> o documento ir\u00e1 encontrar recomenda\u00e7\u00f5es<em> indicativas<\/em>.<\/p>\n<p>Espero contar com a sua compreens\u00e3o compliance departamento<br \/>\nAmanda Farouk<\/p>\n<h2><span style=\"color: #043499;\">Imagens<\/span><\/h2>\n<p><img class=\"alignnone wp-image-2038\" src=\"https:\/\/wp.ufpel.edu.br\/gepesc\/files\/2024\/12\/Design-sem-nome-2-185x400.png\" alt=\"\" width=\"222\" height=\"480\" srcset=\"https:\/\/wp.ufpel.edu.br\/gepesc\/files\/2024\/12\/Design-sem-nome-2-185x400.png 185w, https:\/\/wp.ufpel.edu.br\/gepesc\/files\/2024\/12\/Design-sem-nome-2-473x1024.png 473w, https:\/\/wp.ufpel.edu.br\/gepesc\/files\/2024\/12\/Design-sem-nome-2-768x1663.png 768w, https:\/\/wp.ufpel.edu.br\/gepesc\/files\/2024\/12\/Design-sem-nome-2-710x1536.png 710w, https:\/\/wp.ufpel.edu.br\/gepesc\/files\/2024\/12\/Design-sem-nome-2.png 946w\" sizes=\"(max-width: 222px) 100vw, 222px\" \/><\/p>\n\n","protected":false},"excerpt":{"rendered":"<p>Data de inclus\u00e3o: 03\/12\/2024 Descri\u00e7\u00e3o: A v\u00edtima recebe um e-mail alertando de d\u00e9bitos associados ao seu CNPJ. Logo no final da mensagem h\u00e1 um link para que a v\u00edtima possa acessar o documento arrecadat\u00f3rio, no entanto, trata-se de um link malicioso. ATEN\u00c7\u00c3O! O texto abaixo foi transcrito de uma fraude identificada atrav\u00e9s do NIMAR e [&hellip;]<\/p>\n","protected":false},"author":1403,"featured_media":0,"parent":32,"menu_order":0,"comment_status":"closed","ping_status":"closed","template":"","meta":{"jetpack_post_was_ever_published":false,"footnotes":""},"class_list":["post-2018","page","type-page","status-publish","hentry"],"jetpack_sharing_enabled":true,"jetpack_likes_enabled":false,"jetpack_shortlink":"https:\/\/wp.me\/Pg1U19-wy","_links":{"self":[{"href":"https:\/\/wp.ufpel.edu.br\/gepesc\/wp-json\/wp\/v2\/pages\/2018","targetHints":{"allow":["GET"]}}],"collection":[{"href":"https:\/\/wp.ufpel.edu.br\/gepesc\/wp-json\/wp\/v2\/pages"}],"about":[{"href":"https:\/\/wp.ufpel.edu.br\/gepesc\/wp-json\/wp\/v2\/types\/page"}],"author":[{"embeddable":true,"href":"https:\/\/wp.ufpel.edu.br\/gepesc\/wp-json\/wp\/v2\/users\/1403"}],"replies":[{"embeddable":true,"href":"https:\/\/wp.ufpel.edu.br\/gepesc\/wp-json\/wp\/v2\/comments?post=2018"}],"version-history":[{"count":3,"href":"https:\/\/wp.ufpel.edu.br\/gepesc\/wp-json\/wp\/v2\/pages\/2018\/revisions"}],"predecessor-version":[{"id":2197,"href":"https:\/\/wp.ufpel.edu.br\/gepesc\/wp-json\/wp\/v2\/pages\/2018\/revisions\/2197"}],"up":[{"embeddable":true,"href":"https:\/\/wp.ufpel.edu.br\/gepesc\/wp-json\/wp\/v2\/pages\/32"}],"wp:attachment":[{"href":"https:\/\/wp.ufpel.edu.br\/gepesc\/wp-json\/wp\/v2\/media?parent=2018"}],"curies":[{"name":"wp","href":"https:\/\/api.w.org\/{rel}","templated":true}]}}