{"id":1886,"date":"2024-10-22T21:04:35","date_gmt":"2024-10-23T00:04:35","guid":{"rendered":"https:\/\/wp.ufpel.edu.br\/gepesc\/?page_id=1886"},"modified":"2025-03-01T19:40:02","modified_gmt":"2025-03-01T22:40:02","slug":"fraude-falha-na-entrega-dos-correios","status":"publish","type":"page","link":"https:\/\/wp.ufpel.edu.br\/gepesc\/material-informativo\/catalogo-de-fraudes\/fraude-falha-na-entrega-dos-correios\/","title":{"rendered":"Fraude &#8211; Falha na entrega dos Correios"},"content":{"rendered":"<p><strong>Data de inclus\u00e3o:<\/strong> 22\/10\/2024<\/p>\n<p><strong>Descri\u00e7\u00e3o:<\/strong> A v\u00edtima recebe um SMS alertando de uma falha na entrega de uma encomenda pelos Correios. A mensagem cont\u00e9m um link para que a v\u00edtima possa &#8220;atualizar seu endere\u00e7o&#8221;, entretanto, trata-se de um link malicioso.<\/p>\n<table style=\"height: 191px; width: 100%; border-collapse: collapse; background-color: #fff3f3; border: 5px solid #ff0000;\">\n<tbody>\n<tr style=\"height: 191px;\">\n<td style=\"border: 5px solid #ff0000; text-align: center; padding: 0px 20px;\"><!-- Diminu\u00ed o padding superior e inferior --><\/p>\n<h2 style=\"text-align: center;\"><span style=\"color: #ff0000;\"><strong>ATEN\u00c7\u00c3O!<\/strong><\/span><\/h2>\n<p>O texto abaixo foi transcrito de uma fraude identificada atrav\u00e9s do NIMAR e da coleta de dados na internet.<\/p>\n<p>Caso tenha d\u00favidas ou necessite de esclarecimentos, entre em contato pelo e-mail: <strong>nimar.gepesc@ufpel.edu.br<\/strong>.<\/p>\n<p><strong>N\u00facleo de Inspe\u00e7\u00e3o de Mensagens e An\u00e1lise de Riscos &#8211; NIMAR<\/strong><br \/>\n<strong>Grupo de Ensino, Pesquisa e Extens\u00e3o em Seguran\u00e7a Cibern\u00e9tica &#8211; GEPESC<\/strong><\/td>\n<\/tr>\n<\/tbody>\n<\/table>\n<h2><span style=\"color: #043499;\">Conte\u00fado da mensagem<\/span><\/h2>\n<p>[Correios] Notifica\u00e7\u00e3o de Falha na Entrega<\/p>\n<p>Ol\u00e1, seu pacote 4755044600 n\u00e3o p\u00f4de ser entregue devido ao endere\u00e7o de entrega pouco claro e foi devolvido ao nosso centro de atendimento.<\/p>\n<p>Atualize seu endere\u00e7o at\u00e9 2024\/10\/18 para que possamos enviar novamente.<\/p>\n<p>&lt;link&gt;<\/p>\n<p>Aten\u00e7\u00e3o: Se n\u00e3o atualizar a tempo, o pacote poder\u00e1 ser devolvido ou cancelado!<\/p>\n<h2><span style=\"color: #043499;\">Imagens<\/span><\/h2>\n<p><a href=\"https:\/\/wp.ufpel.edu.br\/gepesc\/material-informativo\/catalogo-de-fraudes\/fraude-falha-na-entrega-dos-correios\/design-sem-nome-1-6\/\"><img class=\"alignnone wp-image-1897\" src=\"https:\/\/wp.ufpel.edu.br\/gepesc\/files\/2024\/10\/Design-sem-nome-1-2-400x352.png\" alt=\"\" width=\"400\" height=\"352\" srcset=\"https:\/\/wp.ufpel.edu.br\/gepesc\/files\/2024\/10\/Design-sem-nome-1-2-400x352.png 400w, https:\/\/wp.ufpel.edu.br\/gepesc\/files\/2024\/10\/Design-sem-nome-1-2-1024x901.png 1024w, https:\/\/wp.ufpel.edu.br\/gepesc\/files\/2024\/10\/Design-sem-nome-1-2-768x676.png 768w, https:\/\/wp.ufpel.edu.br\/gepesc\/files\/2024\/10\/Design-sem-nome-1-2.png 1080w\" sizes=\"(max-width: 400px) 100vw, 400px\" \/><\/a><\/p>\n\n","protected":false},"excerpt":{"rendered":"<p>Data de inclus\u00e3o: 22\/10\/2024 Descri\u00e7\u00e3o: A v\u00edtima recebe um SMS alertando de uma falha na entrega de uma encomenda pelos Correios. A mensagem cont\u00e9m um link para que a v\u00edtima possa &#8220;atualizar seu endere\u00e7o&#8221;, entretanto, trata-se de um link malicioso. ATEN\u00c7\u00c3O! O texto abaixo foi transcrito de uma fraude identificada atrav\u00e9s do NIMAR e da [&hellip;]<\/p>\n","protected":false},"author":1403,"featured_media":0,"parent":32,"menu_order":0,"comment_status":"closed","ping_status":"closed","template":"","meta":{"jetpack_post_was_ever_published":false,"footnotes":""},"class_list":["post-1886","page","type-page","status-publish","hentry"],"jetpack_sharing_enabled":true,"jetpack_likes_enabled":false,"jetpack_shortlink":"https:\/\/wp.me\/Pg1U19-uq","_links":{"self":[{"href":"https:\/\/wp.ufpel.edu.br\/gepesc\/wp-json\/wp\/v2\/pages\/1886","targetHints":{"allow":["GET"]}}],"collection":[{"href":"https:\/\/wp.ufpel.edu.br\/gepesc\/wp-json\/wp\/v2\/pages"}],"about":[{"href":"https:\/\/wp.ufpel.edu.br\/gepesc\/wp-json\/wp\/v2\/types\/page"}],"author":[{"embeddable":true,"href":"https:\/\/wp.ufpel.edu.br\/gepesc\/wp-json\/wp\/v2\/users\/1403"}],"replies":[{"embeddable":true,"href":"https:\/\/wp.ufpel.edu.br\/gepesc\/wp-json\/wp\/v2\/comments?post=1886"}],"version-history":[{"count":4,"href":"https:\/\/wp.ufpel.edu.br\/gepesc\/wp-json\/wp\/v2\/pages\/1886\/revisions"}],"predecessor-version":[{"id":2174,"href":"https:\/\/wp.ufpel.edu.br\/gepesc\/wp-json\/wp\/v2\/pages\/1886\/revisions\/2174"}],"up":[{"embeddable":true,"href":"https:\/\/wp.ufpel.edu.br\/gepesc\/wp-json\/wp\/v2\/pages\/32"}],"wp:attachment":[{"href":"https:\/\/wp.ufpel.edu.br\/gepesc\/wp-json\/wp\/v2\/media?parent=1886"}],"curies":[{"name":"wp","href":"https:\/\/api.w.org\/{rel}","templated":true}]}}