{"id":1880,"date":"2024-10-22T21:00:16","date_gmt":"2024-10-23T00:00:16","guid":{"rendered":"https:\/\/wp.ufpel.edu.br\/gepesc\/?page_id=1880"},"modified":"2025-03-01T19:44:32","modified_gmt":"2025-03-01T22:44:32","slug":"fraude-smss-de-casas-de-apostas","status":"publish","type":"page","link":"https:\/\/wp.ufpel.edu.br\/gepesc\/material-informativo\/catalogo-de-fraudes\/fraude-smss-de-casas-de-apostas\/","title":{"rendered":"Fraude &#8211; SMS&#8217;s de casas de apostas"},"content":{"rendered":"<p><strong>Data de inclus\u00e3o:<\/strong> 22\/10\/2024<\/p>\n<p><strong>Descri\u00e7\u00e3o:<\/strong> A v\u00edtima recebe uma alta quantidade de SMS&#8217;s anunciando falsos ganhos em casas de apostas online. Esse golpe acaba po influenciar as v\u00edtimas a procurarem esse tipo de servi\u00e7o ilegal.<\/p>\n<table style=\"height: 191px; width: 100%; border-collapse: collapse; background-color: #fff3f3; border: 5px solid #ff0000;\">\n<tbody>\n<tr style=\"height: 191px;\">\n<td style=\"border: 5px solid #ff0000; text-align: center; padding: 0px 20px;\"><!-- Diminu\u00ed o padding superior e inferior --><\/p>\n<h2 style=\"text-align: center;\"><span style=\"color: #ff0000;\"><strong>ATEN\u00c7\u00c3O!<\/strong><\/span><\/h2>\n<p>O texto abaixo foi transcrito de uma fraude identificada atrav\u00e9s do NIMAR e da coleta de dados na internet.<\/p>\n<p>Caso tenha d\u00favidas ou necessite de esclarecimentos, entre em contato pelo e-mail: <strong>nimar.gepesc@ufpel.edu.br<\/strong>.<\/p>\n<p><strong>N\u00facleo de Inspe\u00e7\u00e3o de Mensagens e An\u00e1lise de Riscos &#8211; NIMAR<\/strong><br \/>\n<strong>Grupo de Ensino, Pesquisa e Extens\u00e3o em Seguran\u00e7a Cibern\u00e9tica &#8211; GEPESC<\/strong><\/td>\n<\/tr>\n<\/tbody>\n<\/table>\n<h2><span style=\"color: #043499;\">Conte\u00fado da mensagem<\/span><\/h2>\n<p>[&#8230;]<\/p>\n<h2><span style=\"color: #043499;\">Imagens<\/span><\/h2>\n<p><a href=\"https:\/\/wp.ufpel.edu.br\/gepesc\/material-informativo\/catalogo-de-fraudes\/fraude-smss-de-casas-de-apostas\/design-sem-nome-15\/\"><img class=\"alignnone wp-image-1906\" src=\"https:\/\/wp.ufpel.edu.br\/gepesc\/files\/2024\/10\/Design-sem-nome-10-185x400.png\" alt=\"\" width=\"307\" height=\"666\" srcset=\"https:\/\/wp.ufpel.edu.br\/gepesc\/files\/2024\/10\/Design-sem-nome-10-185x400.png 185w, https:\/\/wp.ufpel.edu.br\/gepesc\/files\/2024\/10\/Design-sem-nome-10-473x1024.png 473w, https:\/\/wp.ufpel.edu.br\/gepesc\/files\/2024\/10\/Design-sem-nome-10-768x1664.png 768w, https:\/\/wp.ufpel.edu.br\/gepesc\/files\/2024\/10\/Design-sem-nome-10-709x1536.png 709w, https:\/\/wp.ufpel.edu.br\/gepesc\/files\/2024\/10\/Design-sem-nome-10.png 945w\" sizes=\"(max-width: 307px) 100vw, 307px\" \/><\/a><\/p>\n\n","protected":false},"excerpt":{"rendered":"<p>Data de inclus\u00e3o: 22\/10\/2024 Descri\u00e7\u00e3o: A v\u00edtima recebe uma alta quantidade de SMS&#8217;s anunciando falsos ganhos em casas de apostas online. Esse golpe acaba po influenciar as v\u00edtimas a procurarem esse tipo de servi\u00e7o ilegal. ATEN\u00c7\u00c3O! O texto abaixo foi transcrito de uma fraude identificada atrav\u00e9s do NIMAR e da coleta de dados na internet. [&hellip;]<\/p>\n","protected":false},"author":1403,"featured_media":0,"parent":32,"menu_order":0,"comment_status":"closed","ping_status":"closed","template":"","meta":{"jetpack_post_was_ever_published":false,"footnotes":""},"class_list":["post-1880","page","type-page","status-publish","hentry"],"jetpack_sharing_enabled":true,"jetpack_likes_enabled":false,"jetpack_shortlink":"https:\/\/wp.me\/Pg1U19-uk","_links":{"self":[{"href":"https:\/\/wp.ufpel.edu.br\/gepesc\/wp-json\/wp\/v2\/pages\/1880","targetHints":{"allow":["GET"]}}],"collection":[{"href":"https:\/\/wp.ufpel.edu.br\/gepesc\/wp-json\/wp\/v2\/pages"}],"about":[{"href":"https:\/\/wp.ufpel.edu.br\/gepesc\/wp-json\/wp\/v2\/types\/page"}],"author":[{"embeddable":true,"href":"https:\/\/wp.ufpel.edu.br\/gepesc\/wp-json\/wp\/v2\/users\/1403"}],"replies":[{"embeddable":true,"href":"https:\/\/wp.ufpel.edu.br\/gepesc\/wp-json\/wp\/v2\/comments?post=1880"}],"version-history":[{"count":3,"href":"https:\/\/wp.ufpel.edu.br\/gepesc\/wp-json\/wp\/v2\/pages\/1880\/revisions"}],"predecessor-version":[{"id":2196,"href":"https:\/\/wp.ufpel.edu.br\/gepesc\/wp-json\/wp\/v2\/pages\/1880\/revisions\/2196"}],"up":[{"embeddable":true,"href":"https:\/\/wp.ufpel.edu.br\/gepesc\/wp-json\/wp\/v2\/pages\/32"}],"wp:attachment":[{"href":"https:\/\/wp.ufpel.edu.br\/gepesc\/wp-json\/wp\/v2\/media?parent=1880"}],"curies":[{"name":"wp","href":"https:\/\/api.w.org\/{rel}","templated":true}]}}