{"id":1878,"date":"2024-10-22T20:58:00","date_gmt":"2024-10-22T23:58:00","guid":{"rendered":"https:\/\/wp.ufpel.edu.br\/gepesc\/?page_id=1878"},"modified":"2025-03-01T19:36:45","modified_gmt":"2025-03-01T22:36:45","slug":"fraude-ameaca-no-direct-do-instagram","status":"publish","type":"page","link":"https:\/\/wp.ufpel.edu.br\/gepesc\/material-informativo\/catalogo-de-fraudes\/fraude-ameaca-no-direct-do-instagram\/","title":{"rendered":"Fraude &#8211; Amea\u00e7a no direct do Instagram"},"content":{"rendered":"\n<p><strong>Data de inclus\u00e3o:<\/strong> 22\/10\/2024<\/p>\n\n\n\n<p><strong>Descri\u00e7\u00e3o:<\/strong> A v\u00edtima recebe uma mensagem via direct do Instagram sendo amea\u00e7ada pelo criminoso. O prop\u00f3sito desse golpe \u00e9 que a v\u00edtima caia na chantagem e pague uma quantia para evitar problemas.<\/p>\n\n\n\n<table style=\"height: 191px; width: 100%; border-collapse: collapse; background-color: #fff3f3; border: 5px solid #ff0000;\">\n<tbody>\n<tr style=\"height: 191px;\">\n<td style=\"border: 5px solid #ff0000; text-align: center; padding: 0px 20px;\"><!-- Diminu\u00ed o padding superior e inferior -->\n<h2 style=\"text-align: center;\"><span style=\"color: #ff0000;\"><strong>ATEN\u00c7\u00c3O!<\/strong><\/span><\/h2>\n<p>O texto abaixo foi transcrito de uma fraude identificada atrav\u00e9s do NIMAR e da coleta de dados na internet.<\/p>\n<p>Caso tenha d\u00favidas ou necessite de esclarecimentos, entre em contato pelo e-mail: <strong>nimar.gepesc@ufpel.edu.br<\/strong>.<\/p>\n<p><strong>N\u00facleo de Inspe\u00e7\u00e3o de Mensagens e An\u00e1lise de Riscos &#8211; NIMAR<\/strong><br \/><strong>Grupo de Ensino, Pesquisa e Extens\u00e3o em Seguran\u00e7a Cibern\u00e9tica &#8211; GEPESC<\/strong><\/p>\n<\/td>\n<\/tr>\n<\/tbody>\n<\/table>\n\n\n\n<h2 class=\"wp-block-heading\"><span style=\"color: #043499;\">Conte\u00fado da mensagem<\/span><\/h2>\n\n\n\n<p>&lt;nome da v\u00edtima&gt; vc me denunciou \u00f3timo hj eu fa\u00e7o da sua vida uma desgra\u00e7a vou te mostrar oque uma travesti \u00e9 capaz de fazer<\/p>\n\n\n\n<p>Eu vou para o inferno mas antes te arrasto comigo<\/p>\n\n\n\n<p>Estou voltando e vc vai ser o primeiro<\/p>\n\n\n\n<p>Cadeia n\u00e3o \u00e9 eterna<\/p>\n\n\n\n<p>Ou vc retirar oque vc fez ou me aguardar<\/p>\n\n\n\n<h2 class=\"wp-block-heading\"><span style=\"color: #043499;\">Imagens<\/span><\/h2>\n\n\n\n<figure class=\"wp-block-image\"><a href=\"https:\/\/wp.ufpel.edu.br\/gepesc\/material-informativo\/catalogo-de-fraudes\/fraude-ameaca-no-direct-do-instagram\/design-sem-nome-14\/\"><img width=\"350\" height=\"400\" src=\"https:\/\/wp.ufpel.edu.br\/gepesc\/files\/2024\/10\/Design-sem-nome-9-350x400.png\" alt=\"\" class=\"wp-image-1903\" srcset=\"https:\/\/wp.ufpel.edu.br\/gepesc\/files\/2024\/10\/Design-sem-nome-9-350x400.png 350w, https:\/\/wp.ufpel.edu.br\/gepesc\/files\/2024\/10\/Design-sem-nome-9-895x1024.png 895w, https:\/\/wp.ufpel.edu.br\/gepesc\/files\/2024\/10\/Design-sem-nome-9-768x879.png 768w, https:\/\/wp.ufpel.edu.br\/gepesc\/files\/2024\/10\/Design-sem-nome-9.png 1080w\" sizes=\"(max-width: 350px) 100vw, 350px\" \/><\/a><\/figure>\n\n\n","protected":false},"excerpt":{"rendered":"<p>Data de inclus\u00e3o: 22\/10\/2024 Descri\u00e7\u00e3o: A v\u00edtima recebe uma mensagem via direct do Instagram sendo amea\u00e7ada pelo criminoso. O prop\u00f3sito desse golpe \u00e9 que a v\u00edtima caia na chantagem e pague uma quantia para evitar problemas. ATEN\u00c7\u00c3O! O texto abaixo foi transcrito de uma fraude identificada atrav\u00e9s do NIMAR e da coleta de dados na [&hellip;]<\/p>\n","protected":false},"author":1403,"featured_media":0,"parent":32,"menu_order":0,"comment_status":"closed","ping_status":"closed","template":"","meta":{"jetpack_post_was_ever_published":false,"footnotes":""},"class_list":["post-1878","page","type-page","status-publish","hentry"],"jetpack_sharing_enabled":true,"jetpack_likes_enabled":false,"jetpack_shortlink":"https:\/\/wp.me\/Pg1U19-ui","_links":{"self":[{"href":"https:\/\/wp.ufpel.edu.br\/gepesc\/wp-json\/wp\/v2\/pages\/1878","targetHints":{"allow":["GET"]}}],"collection":[{"href":"https:\/\/wp.ufpel.edu.br\/gepesc\/wp-json\/wp\/v2\/pages"}],"about":[{"href":"https:\/\/wp.ufpel.edu.br\/gepesc\/wp-json\/wp\/v2\/types\/page"}],"author":[{"embeddable":true,"href":"https:\/\/wp.ufpel.edu.br\/gepesc\/wp-json\/wp\/v2\/users\/1403"}],"replies":[{"embeddable":true,"href":"https:\/\/wp.ufpel.edu.br\/gepesc\/wp-json\/wp\/v2\/comments?post=1878"}],"version-history":[{"count":11,"href":"https:\/\/wp.ufpel.edu.br\/gepesc\/wp-json\/wp\/v2\/pages\/1878\/revisions"}],"predecessor-version":[{"id":2157,"href":"https:\/\/wp.ufpel.edu.br\/gepesc\/wp-json\/wp\/v2\/pages\/1878\/revisions\/2157"}],"up":[{"embeddable":true,"href":"https:\/\/wp.ufpel.edu.br\/gepesc\/wp-json\/wp\/v2\/pages\/32"}],"wp:attachment":[{"href":"https:\/\/wp.ufpel.edu.br\/gepesc\/wp-json\/wp\/v2\/media?parent=1878"}],"curies":[{"name":"wp","href":"https:\/\/api.w.org\/{rel}","templated":true}]}}