{"id":1398,"date":"2024-10-15T18:33:22","date_gmt":"2024-10-15T21:33:22","guid":{"rendered":"https:\/\/wp.ufpel.edu.br\/gepesc\/?page_id=1398"},"modified":"2025-03-01T19:39:31","modified_gmt":"2025-03-01T22:39:31","slug":"fraude-convocacao-de-mesarios-para-o-2o-turno","status":"publish","type":"page","link":"https:\/\/wp.ufpel.edu.br\/gepesc\/material-informativo\/catalogo-de-fraudes\/fraude-convocacao-de-mesarios-para-o-2o-turno\/","title":{"rendered":"Fraude &#8211; Convoca\u00e7\u00e3o de mes\u00e1rios para o 2\u00ba turno"},"content":{"rendered":"<p><strong>Data de inclus\u00e3o:<\/strong> 15\/10\/2024<\/p>\n<p><strong>Descri\u00e7\u00e3o:<\/strong> A v\u00edtima recebe um e-mail informando que foi convocada para atuar como mes\u00e1rio volunt\u00e1rio no 2\u00ba turno das elei\u00e7\u00f5es municipais 2024. No corpo da mensagem, h\u00e1 um link (supostamente tse.jus.br), entretanto, est\u00e1 direcionando para uma p\u00e1gina falsa.<\/p>\n<table style=\"height: 191px; width: 100%; border-collapse: collapse; background-color: #fff3f3; border: 5px solid #ff0000;\">\n<tbody>\n<tr style=\"height: 191px;\">\n<td style=\"border: 5px solid #ff0000; text-align: center; padding: 0px 20px;\"><!-- Diminu\u00ed o padding superior e inferior --><\/p>\n<h2 style=\"text-align: center;\"><span style=\"color: #ff0000;\"><strong>ATEN\u00c7\u00c3O!<\/strong><\/span><\/h2>\n<p>O texto abaixo foi transcrito de uma fraude identificada atrav\u00e9s do NIMAR e da coleta de dados na internet.<\/p>\n<p>Caso tenha d\u00favidas ou necessite de esclarecimentos, entre em contato pelo e-mail: <strong>nimar.gepesc@ufpel.edu.br<\/strong>.<\/p>\n<p><strong>N\u00facleo de Inspe\u00e7\u00e3o de Mensagens e An\u00e1lise de Riscos &#8211; NIMAR<\/strong><br \/><strong>Grupo de Ensino, Pesquisa e Extens\u00e3o em Seguran\u00e7a Cibern\u00e9tica &#8211; GEPESC<\/strong><\/p>\n<\/td>\n<\/tr>\n<\/tbody>\n<\/table>\n<h2><span style=\"color: #043499;\">Conte\u00fado da mensagem<\/span><\/h2>\n<p>[&#8230;]<br \/><em>Tribunal da Zona Eleitoral municipal<\/em><\/p>\n<p><strong>Convoca\u00e7\u00e3o URGENTE 2\u00ba TURNO &#8211; Elei\u00e7\u00f5es 2024.<\/strong><\/p>\n<p>Ol\u00e1, esperamos que esteja bem! Prezado(a), voc\u00ea foi convocado(a) pela Zona Eleitoral para trabalhar no 2\u00ba turno das Elei\u00e7\u00f5es Municipais 2024.<br \/>Favor acessar o site do TSE: &lt;link&gt; at\u00e9 o dia 16\/10\/2024 e <strong>ATUALIZAR SEUS DADOS<\/strong> para obter mais informa\u00e7\u00f5es sobre a convoca\u00e7\u00e3o.<\/p>\n<p><em>Voc\u00ea j\u00e1 \u00e9 <strong>MES\u00c1RIO CONFIRMADO<\/strong>, em caso de desist\u00eancia, atualize seu status de comparecimento no atrav\u00e9s do link acima! <\/em><\/p>\n<p><em>C\u00d3DIGO DE CONVOCA\u00c7\u00c3O: <strong>PROTOC.<\/strong> &lt;protocolo&gt;<\/em><\/p>\n<p><em><strong>Como solicitar a dispensa? <\/strong><\/em><br \/>Se voc\u00ea foi convocada(o) pela Zona Eleitoral Municipal e n\u00e3o pode atender \u00e0 convoca\u00e7\u00e3o por raz\u00f5es de sa\u00fade, viagem ou outro motivo justo, ou incida em qualquer uma das causas de impedimento previstas no artigo 9\u00ba da Resolu\u00e7\u00e3o TSE n.<br \/>[&#8230;]<\/p>\n<h2><span style=\"color: #043499;\">Imagens<\/span><\/h2>\n<p><a href=\"https:\/\/wp.ufpel.edu.br\/gepesc\/material-informativo\/catalogo-de-fraudes\/fraude-id-apple-bloqueado\/mesarios\/\"><img class=\"alignnone wp-image-1380\" src=\"https:\/\/wp.ufpel.edu.br\/gepesc\/files\/2024\/10\/mesarios.png\" alt=\"\" width=\"330\" height=\"666\" srcset=\"https:\/\/wp.ufpel.edu.br\/gepesc\/files\/2024\/10\/mesarios.png 1015w, https:\/\/wp.ufpel.edu.br\/gepesc\/files\/2024\/10\/mesarios-198x400.png 198w, https:\/\/wp.ufpel.edu.br\/gepesc\/files\/2024\/10\/mesarios-508x1024.png 508w, https:\/\/wp.ufpel.edu.br\/gepesc\/files\/2024\/10\/mesarios-768x1550.png 768w, https:\/\/wp.ufpel.edu.br\/gepesc\/files\/2024\/10\/mesarios-761x1536.png 761w\" sizes=\"(max-width: 330px) 100vw, 330px\" \/><\/a><\/p>\n\n","protected":false},"excerpt":{"rendered":"<p>Data de inclus\u00e3o: 15\/10\/2024 Descri\u00e7\u00e3o: A v\u00edtima recebe um e-mail informando que foi convocada para atuar como mes\u00e1rio volunt\u00e1rio no 2\u00ba turno das elei\u00e7\u00f5es municipais 2024. No corpo da mensagem, h\u00e1 um link (supostamente tse.jus.br), entretanto, est\u00e1 direcionando para uma p\u00e1gina falsa. ATEN\u00c7\u00c3O! O texto abaixo foi transcrito de uma fraude identificada atrav\u00e9s do NIMAR [&hellip;]<\/p>\n","protected":false},"author":1403,"featured_media":0,"parent":32,"menu_order":0,"comment_status":"closed","ping_status":"closed","template":"","meta":{"jetpack_post_was_ever_published":false,"footnotes":""},"class_list":["post-1398","page","type-page","status-publish","hentry"],"jetpack_sharing_enabled":true,"jetpack_likes_enabled":false,"jetpack_shortlink":"https:\/\/wp.me\/Pg1U19-my","_links":{"self":[{"href":"https:\/\/wp.ufpel.edu.br\/gepesc\/wp-json\/wp\/v2\/pages\/1398","targetHints":{"allow":["GET"]}}],"collection":[{"href":"https:\/\/wp.ufpel.edu.br\/gepesc\/wp-json\/wp\/v2\/pages"}],"about":[{"href":"https:\/\/wp.ufpel.edu.br\/gepesc\/wp-json\/wp\/v2\/types\/page"}],"author":[{"embeddable":true,"href":"https:\/\/wp.ufpel.edu.br\/gepesc\/wp-json\/wp\/v2\/users\/1403"}],"replies":[{"embeddable":true,"href":"https:\/\/wp.ufpel.edu.br\/gepesc\/wp-json\/wp\/v2\/comments?post=1398"}],"version-history":[{"count":4,"href":"https:\/\/wp.ufpel.edu.br\/gepesc\/wp-json\/wp\/v2\/pages\/1398\/revisions"}],"predecessor-version":[{"id":2169,"href":"https:\/\/wp.ufpel.edu.br\/gepesc\/wp-json\/wp\/v2\/pages\/1398\/revisions\/2169"}],"up":[{"embeddable":true,"href":"https:\/\/wp.ufpel.edu.br\/gepesc\/wp-json\/wp\/v2\/pages\/32"}],"wp:attachment":[{"href":"https:\/\/wp.ufpel.edu.br\/gepesc\/wp-json\/wp\/v2\/media?parent=1398"}],"curies":[{"name":"wp","href":"https:\/\/api.w.org\/{rel}","templated":true}]}}