{"id":1396,"date":"2024-10-15T18:19:34","date_gmt":"2024-10-15T21:19:34","guid":{"rendered":"https:\/\/wp.ufpel.edu.br\/gepesc\/?page_id=1396"},"modified":"2025-03-01T19:43:52","modified_gmt":"2025-03-01T22:43:52","slug":"fraude-oportunidade-de-emprego","status":"publish","type":"page","link":"https:\/\/wp.ufpel.edu.br\/gepesc\/material-informativo\/catalogo-de-fraudes\/fraude-oportunidade-de-emprego\/","title":{"rendered":"Fraude &#8211; Oportunidade de emprego"},"content":{"rendered":"<p><strong>Data de inclus\u00e3o:<\/strong> 15\/10\/2024<\/p>\n<p><strong>Descri\u00e7\u00e3o:<\/strong> A v\u00edtima recebe um e-mail informando que foi selecionada para trabalhar como auxiliar de produ\u00e7\u00e3o em uma empresa.<\/p>\n<table style=\"height: 191px; width: 100%; border-collapse: collapse; background-color: #fff3f3; border: 5px solid #ff0000;\">\n<tbody>\n<tr style=\"height: 191px;\">\n<td style=\"border: 5px solid #ff0000; text-align: center; padding: 0px 20px;\"><!-- Diminu\u00ed o padding superior e inferior --><\/p>\n<h2 style=\"text-align: center;\"><span style=\"color: #ff0000;\"><strong>ATEN\u00c7\u00c3O!<\/strong><\/span><\/h2>\n<p>O texto abaixo foi transcrito de uma fraude identificada atrav\u00e9s do NIMAR e da coleta de dados na internet.<\/p>\n<p>Caso tenha d\u00favidas ou necessite de esclarecimentos, entre em contato pelo e-mail: <strong>nimar.gepesc@ufpel.edu.br<\/strong>.<\/p>\n<p><strong>N\u00facleo de Inspe\u00e7\u00e3o de Mensagens e An\u00e1lise de Riscos &#8211; NIMAR<\/strong><br \/>\n<strong>Grupo de Ensino, Pesquisa e Extens\u00e3o em Seguran\u00e7a Cibern\u00e9tica &#8211; GEPESC<\/strong><\/td>\n<\/tr>\n<\/tbody>\n<\/table>\n<h2><span style=\"color: #043499;\">Conte\u00fado da mensagem<\/span><\/h2>\n<p>[&#8230;]<br \/>\nEspero que esteja bem. Analisamos com aten\u00e7\u00e3o o seu curr\u00edculo e ficamos muito impressionados com o seu perfil. Temos o prazer de informar que voc\u00ea foi selecionado para se juntar \u00e0 nossa equipe como <strong>&#8220;Auxiliar de Produ\u00e7\u00e3o&#8221;<\/strong>!<\/p>\n<p><em>Aqui est\u00e3o alguns detalhes importantes sobre:<\/em><\/p>\n<p><strong>Hor\u00e1rio de Trabalho: <\/strong><br \/>\nSegunda a sexta, das 08:30h \u00e0s 16:30h.<br \/>\nUm intervalo de uma hora para relaxar e recarregar.<br \/>\nTurno Diurno.<\/p>\n<p><strong>Benef\u00edcios: <\/strong><br \/>\nSal\u00e1rio de R$ 2.879,00.<br \/>\nVale-transporte.<br \/>\nVale-refei\u00e7\u00e3o.<br \/>\nCesta b\u00e1sica.<br \/>\nConv\u00eanio m\u00e9dico e odontol\u00f3gico.<\/p>\n<p><strong>Documenta\u00e7\u00e3o Necess\u00e1ria: <\/strong><br \/>\nRG.<br \/>\nCPF.<br \/>\nComprovante de resid\u00eancia (pode ser em seu nome ou de qualquer membro da fam\u00edlia).<br \/>\n[&#8230;]<\/p>\n<h2><span style=\"color: #043499;\">Imagens<\/span><\/h2>\n<p><a href=\"https:\/\/wp.ufpel.edu.br\/gepesc\/material-informativo\/catalogo-de-fraudes\/fraude-id-apple-bloqueado\/emprego\/\"><img class=\"alignnone wp-image-1374\" src=\"https:\/\/wp.ufpel.edu.br\/gepesc\/files\/2024\/10\/emprego.png\" alt=\"\" width=\"330\" height=\"589\" srcset=\"https:\/\/wp.ufpel.edu.br\/gepesc\/files\/2024\/10\/emprego.png 1080w, https:\/\/wp.ufpel.edu.br\/gepesc\/files\/2024\/10\/emprego-224x400.png 224w, https:\/\/wp.ufpel.edu.br\/gepesc\/files\/2024\/10\/emprego-574x1024.png 574w, https:\/\/wp.ufpel.edu.br\/gepesc\/files\/2024\/10\/emprego-768x1370.png 768w, https:\/\/wp.ufpel.edu.br\/gepesc\/files\/2024\/10\/emprego-861x1536.png 861w\" sizes=\"(max-width: 330px) 100vw, 330px\" \/><\/a><\/p>\n\n","protected":false},"excerpt":{"rendered":"<p>Data de inclus\u00e3o: 15\/10\/2024 Descri\u00e7\u00e3o: A v\u00edtima recebe um e-mail informando que foi selecionada para trabalhar como auxiliar de produ\u00e7\u00e3o em uma empresa. ATEN\u00c7\u00c3O! O texto abaixo foi transcrito de uma fraude identificada atrav\u00e9s do NIMAR e da coleta de dados na internet. Caso tenha d\u00favidas ou necessite de esclarecimentos, entre em contato pelo e-mail: [&hellip;]<\/p>\n","protected":false},"author":1403,"featured_media":0,"parent":32,"menu_order":0,"comment_status":"closed","ping_status":"closed","template":"","meta":{"jetpack_post_was_ever_published":false,"footnotes":""},"class_list":["post-1396","page","type-page","status-publish","hentry"],"jetpack_sharing_enabled":true,"jetpack_likes_enabled":false,"jetpack_shortlink":"https:\/\/wp.me\/Pg1U19-mw","_links":{"self":[{"href":"https:\/\/wp.ufpel.edu.br\/gepesc\/wp-json\/wp\/v2\/pages\/1396","targetHints":{"allow":["GET"]}}],"collection":[{"href":"https:\/\/wp.ufpel.edu.br\/gepesc\/wp-json\/wp\/v2\/pages"}],"about":[{"href":"https:\/\/wp.ufpel.edu.br\/gepesc\/wp-json\/wp\/v2\/types\/page"}],"author":[{"embeddable":true,"href":"https:\/\/wp.ufpel.edu.br\/gepesc\/wp-json\/wp\/v2\/users\/1403"}],"replies":[{"embeddable":true,"href":"https:\/\/wp.ufpel.edu.br\/gepesc\/wp-json\/wp\/v2\/comments?post=1396"}],"version-history":[{"count":3,"href":"https:\/\/wp.ufpel.edu.br\/gepesc\/wp-json\/wp\/v2\/pages\/1396\/revisions"}],"predecessor-version":[{"id":2190,"href":"https:\/\/wp.ufpel.edu.br\/gepesc\/wp-json\/wp\/v2\/pages\/1396\/revisions\/2190"}],"up":[{"embeddable":true,"href":"https:\/\/wp.ufpel.edu.br\/gepesc\/wp-json\/wp\/v2\/pages\/32"}],"wp:attachment":[{"href":"https:\/\/wp.ufpel.edu.br\/gepesc\/wp-json\/wp\/v2\/media?parent=1396"}],"curies":[{"name":"wp","href":"https:\/\/api.w.org\/{rel}","templated":true}]}}