{"id":1392,"date":"2024-10-15T17:23:43","date_gmt":"2024-10-15T20:23:43","guid":{"rendered":"https:\/\/wp.ufpel.edu.br\/gepesc\/?page_id=1392"},"modified":"2025-03-01T19:42:31","modified_gmt":"2025-03-01T22:42:31","slug":"fraude-notificacao-de-indenizacao","status":"publish","type":"page","link":"https:\/\/wp.ufpel.edu.br\/gepesc\/material-informativo\/catalogo-de-fraudes\/fraude-notificacao-de-indenizacao\/","title":{"rendered":"Fraude &#8211; Notifica\u00e7\u00e3o de indeniza\u00e7\u00e3o"},"content":{"rendered":"<p><strong>Data de inclus\u00e3o:<\/strong> 15\/10\/2024<\/p>\n<p><strong>Descri\u00e7\u00e3o:<\/strong> A v\u00edtima recebe um SMS informando que h\u00e1 um valor de R$ 7.000,00 dispon\u00edvel para resgate, decorrente de uma indeniza\u00e7\u00e3o do GOV.BR. Ao final da mensagem h\u00e1 um link para que possa ser feito o resgate do valor, entretanto, trata-se de um link malicioso.<\/p>\n<table style=\"height: 191px; width: 100%; border-collapse: collapse; background-color: #fff3f3; border: 5px solid #ff0000;\">\n<tbody>\n<tr style=\"height: 191px;\">\n<td style=\"border: 5px solid #ff0000; text-align: center; padding: 0px 20px;\"><!-- Diminu\u00ed o padding superior e inferior --><\/p>\n<h2 style=\"text-align: center;\"><span style=\"color: #ff0000;\"><strong>ATEN\u00c7\u00c3O!<\/strong><\/span><\/h2>\n<p>O texto abaixo foi transcrito de uma fraude identificada atrav\u00e9s do NIMAR e da coleta de dados na internet.<\/p>\n<p>Caso tenha d\u00favidas ou necessite de esclarecimentos, entre em contato pelo e-mail: <strong>nimar.gepesc@ufpel.edu.br<\/strong>.<\/p>\n<p><strong>N\u00facleo de Inspe\u00e7\u00e3o de Mensagens e An\u00e1lise de Riscos &#8211; NIMAR<\/strong><br \/>\n<strong>Grupo de Ensino, Pesquisa e Extens\u00e3o em Seguran\u00e7a Cibern\u00e9tica &#8211; GEPESC<\/strong><\/td>\n<\/tr>\n<\/tbody>\n<\/table>\n<h2><span style=\"color: #043499;\">Conte\u00fado da mensagem<\/span><\/h2>\n<p>ULTIMO AVISO Seu CPF tem direito a ate 7 mil de indenizacao do GOV Hoje eh o ultimo dia para resgatar Nao deixe passar Acesse o link agora &lt;link&gt;<\/p>\n<h2><span style=\"color: #043499;\">Imagens<\/span><\/h2>\n<p><a href=\"https:\/\/wp.ufpel.edu.br\/gepesc\/material-informativo\/catalogo-de-fraudes\/fraude-id-apple-bloqueado\/cpf-2\/\"><img class=\"alignnone wp-image-1372\" src=\"https:\/\/wp.ufpel.edu.br\/gepesc\/files\/2024\/10\/cpf-2-398x400.png\" alt=\"\" width=\"330\" height=\"331\" srcset=\"https:\/\/wp.ufpel.edu.br\/gepesc\/files\/2024\/10\/cpf-2-398x400.png 398w, https:\/\/wp.ufpel.edu.br\/gepesc\/files\/2024\/10\/cpf-2-1020x1024.png 1020w, https:\/\/wp.ufpel.edu.br\/gepesc\/files\/2024\/10\/cpf-2-200x200.png 200w, https:\/\/wp.ufpel.edu.br\/gepesc\/files\/2024\/10\/cpf-2-768x771.png 768w, https:\/\/wp.ufpel.edu.br\/gepesc\/files\/2024\/10\/cpf-2.png 1169w\" sizes=\"(max-width: 330px) 100vw, 330px\" \/><\/a><\/p>\n\n","protected":false},"excerpt":{"rendered":"<p>Data de inclus\u00e3o: 15\/10\/2024 Descri\u00e7\u00e3o: A v\u00edtima recebe um SMS informando que h\u00e1 um valor de R$ 7.000,00 dispon\u00edvel para resgate, decorrente de uma indeniza\u00e7\u00e3o do GOV.BR. Ao final da mensagem h\u00e1 um link para que possa ser feito o resgate do valor, entretanto, trata-se de um link malicioso. ATEN\u00c7\u00c3O! O texto abaixo foi transcrito [&hellip;]<\/p>\n","protected":false},"author":1403,"featured_media":0,"parent":32,"menu_order":0,"comment_status":"closed","ping_status":"closed","template":"","meta":{"jetpack_post_was_ever_published":false,"footnotes":""},"class_list":["post-1392","page","type-page","status-publish","hentry"],"jetpack_sharing_enabled":true,"jetpack_likes_enabled":false,"jetpack_shortlink":"https:\/\/wp.me\/Pg1U19-ms","_links":{"self":[{"href":"https:\/\/wp.ufpel.edu.br\/gepesc\/wp-json\/wp\/v2\/pages\/1392","targetHints":{"allow":["GET"]}}],"collection":[{"href":"https:\/\/wp.ufpel.edu.br\/gepesc\/wp-json\/wp\/v2\/pages"}],"about":[{"href":"https:\/\/wp.ufpel.edu.br\/gepesc\/wp-json\/wp\/v2\/types\/page"}],"author":[{"embeddable":true,"href":"https:\/\/wp.ufpel.edu.br\/gepesc\/wp-json\/wp\/v2\/users\/1403"}],"replies":[{"embeddable":true,"href":"https:\/\/wp.ufpel.edu.br\/gepesc\/wp-json\/wp\/v2\/comments?post=1392"}],"version-history":[{"count":3,"href":"https:\/\/wp.ufpel.edu.br\/gepesc\/wp-json\/wp\/v2\/pages\/1392\/revisions"}],"predecessor-version":[{"id":2185,"href":"https:\/\/wp.ufpel.edu.br\/gepesc\/wp-json\/wp\/v2\/pages\/1392\/revisions\/2185"}],"up":[{"embeddable":true,"href":"https:\/\/wp.ufpel.edu.br\/gepesc\/wp-json\/wp\/v2\/pages\/32"}],"wp:attachment":[{"href":"https:\/\/wp.ufpel.edu.br\/gepesc\/wp-json\/wp\/v2\/media?parent=1392"}],"curies":[{"name":"wp","href":"https:\/\/api.w.org\/{rel}","templated":true}]}}