{"id":1382,"date":"2024-10-15T16:45:23","date_gmt":"2024-10-15T19:45:23","guid":{"rendered":"https:\/\/wp.ufpel.edu.br\/gepesc\/?page_id=1382"},"modified":"2025-03-01T19:37:25","modified_gmt":"2025-03-01T22:37:25","slug":"fraude-atraso-no-iptu","status":"publish","type":"page","link":"https:\/\/wp.ufpel.edu.br\/gepesc\/material-informativo\/catalogo-de-fraudes\/fraude-atraso-no-iptu\/","title":{"rendered":"Fraude &#8211; Atraso no IPTU"},"content":{"rendered":"<p><strong>Data de inclus\u00e3o:<\/strong> 05\/10\/2024<\/p>\n<p><strong>Descri\u00e7\u00e3o:<\/strong> A v\u00edtima recebe um e-mail informando que um de seus im\u00f3veis est\u00e1 em d\u00e9bito com o pagamanto do IPTU. Logo no in\u00edcio da mensagem h\u00e1 um link no qual pode ser constatado o im\u00f3vel referente \u00e0 cobran\u00e7a, entretanto, trata-se de um link malicioso.<\/p>\n<table style=\"height: 191px; width: 100%; border-collapse: collapse; background-color: #fff3f3; border: 5px solid #ff0000;\">\n<tbody>\n<tr style=\"height: 191px;\">\n<td style=\"border: 5px solid #ff0000; text-align: center; padding: 0px 20px;\"><!-- Diminu\u00ed o padding superior e inferior --><\/p>\n<h2 style=\"text-align: center;\"><span style=\"color: #ff0000;\"><strong>ATEN\u00c7\u00c3O!<\/strong><\/span><\/h2>\n<p>O texto abaixo foi transcrito de uma fraude identificada atrav\u00e9s do NIMAR e da coleta de dados na internet.<\/p>\n<p>Caso tenha d\u00favidas ou necessite de esclarecimentos, entre em contato pelo e-mail: <strong>nimar.gepesc@ufpel.edu.br<\/strong>.<\/p>\n<p><strong>N\u00facleo de Inspe\u00e7\u00e3o de Mensagens e An\u00e1lise de Riscos &#8211; NIMAR<\/strong><br \/>\n<strong>Grupo de Ensino, Pesquisa e Extens\u00e3o em Seguran\u00e7a Cibern\u00e9tica &#8211; GEPESC<\/strong><\/td>\n<\/tr>\n<\/tbody>\n<\/table>\n<h2><span style=\"color: #043499;\">Conte\u00fado da mensagem<\/span><\/h2>\n<p>SECRETARIA DE ESTADO DA FAZENDA<br \/>\n<span style=\"font-size: revert; color: var(--cor-texto); font-family: var(--fonte-corpo);\">SECRETARIA EXECUTIVA DA FAZENDA<br \/>\n<\/span>SUBSECRETARIA DA RECEITA<br \/>\nCOORDENA\u00c7\u00c3O DE COBRAN\u00c7A<\/p>\n<p>COMUNICADO CBRAT\/SUREC\/SEF\/SEFAZ, em Setembro de 2024<\/p>\n<p>Referente ao im\u00f3vel: &lt;link&gt;<\/p>\n<p>Informamos que j\u00e1 s\u00e3o <strong>11 dias em d\u00e9bito<\/strong> com o IPTU do seu im\u00f3vel. Ao entrar no site, aproveite para verificar se existem d\u00e9bitos pendentes da TLP.<\/p>\n<p>Vencimento: 08\/09\/2024<\/p>\n<p>Caso o im\u00f3vel tenha sido transferido, solicite a altera\u00e7\u00e3o de propriedade no atendimento virtual dispon\u00edvel no site.<\/p>\n<p><em>Esta \u00e9 uma mensagem autom\u00e1tica do sistema, favor n\u00e3o responder.<\/em><\/p>\n<p>&#8211; Palavra-chave (ou frase) registrada pelo contribuinte no APP Economia DF para validar esta mensagem: ainda n\u00e3o cadastrada.<\/p>\n<p>Atenciosamente,<br \/>\n<strong>Coordena\u00e7\u00e3o de Cobran\u00e7a Tribut\u00e1ria\/SUREC\/SEF\/SEFAZ<\/strong><\/p>\n<h2><span style=\"color: #043499;\">Imagens<\/span><\/h2>\n<p><img class=\"alignnone wp-image-1378 size-full\" src=\"https:\/\/wp.ufpel.edu.br\/gepesc\/files\/2024\/10\/iptu.png\" alt=\"\" width=\"1205\" height=\"708\" srcset=\"https:\/\/wp.ufpel.edu.br\/gepesc\/files\/2024\/10\/iptu.png 1205w, https:\/\/wp.ufpel.edu.br\/gepesc\/files\/2024\/10\/iptu-400x235.png 400w, https:\/\/wp.ufpel.edu.br\/gepesc\/files\/2024\/10\/iptu-1024x602.png 1024w, https:\/\/wp.ufpel.edu.br\/gepesc\/files\/2024\/10\/iptu-768x451.png 768w\" sizes=\"(max-width: 1205px) 100vw, 1205px\" \/><\/p>\n\n","protected":false},"excerpt":{"rendered":"<p>Data de inclus\u00e3o: 05\/10\/2024 Descri\u00e7\u00e3o: A v\u00edtima recebe um e-mail informando que um de seus im\u00f3veis est\u00e1 em d\u00e9bito com o pagamanto do IPTU. Logo no in\u00edcio da mensagem h\u00e1 um link no qual pode ser constatado o im\u00f3vel referente \u00e0 cobran\u00e7a, entretanto, trata-se de um link malicioso. ATEN\u00c7\u00c3O! O texto abaixo foi transcrito de [&hellip;]<\/p>\n","protected":false},"author":1403,"featured_media":0,"parent":32,"menu_order":0,"comment_status":"closed","ping_status":"closed","template":"","meta":{"jetpack_post_was_ever_published":false,"footnotes":""},"class_list":["post-1382","page","type-page","status-publish","hentry"],"jetpack_sharing_enabled":true,"jetpack_likes_enabled":false,"jetpack_shortlink":"https:\/\/wp.me\/Pg1U19-mi","_links":{"self":[{"href":"https:\/\/wp.ufpel.edu.br\/gepesc\/wp-json\/wp\/v2\/pages\/1382","targetHints":{"allow":["GET"]}}],"collection":[{"href":"https:\/\/wp.ufpel.edu.br\/gepesc\/wp-json\/wp\/v2\/pages"}],"about":[{"href":"https:\/\/wp.ufpel.edu.br\/gepesc\/wp-json\/wp\/v2\/types\/page"}],"author":[{"embeddable":true,"href":"https:\/\/wp.ufpel.edu.br\/gepesc\/wp-json\/wp\/v2\/users\/1403"}],"replies":[{"embeddable":true,"href":"https:\/\/wp.ufpel.edu.br\/gepesc\/wp-json\/wp\/v2\/comments?post=1382"}],"version-history":[{"count":2,"href":"https:\/\/wp.ufpel.edu.br\/gepesc\/wp-json\/wp\/v2\/pages\/1382\/revisions"}],"predecessor-version":[{"id":2160,"href":"https:\/\/wp.ufpel.edu.br\/gepesc\/wp-json\/wp\/v2\/pages\/1382\/revisions\/2160"}],"up":[{"embeddable":true,"href":"https:\/\/wp.ufpel.edu.br\/gepesc\/wp-json\/wp\/v2\/pages\/32"}],"wp:attachment":[{"href":"https:\/\/wp.ufpel.edu.br\/gepesc\/wp-json\/wp\/v2\/media?parent=1382"}],"curies":[{"name":"wp","href":"https:\/\/api.w.org\/{rel}","templated":true}]}}