{"id":1371,"date":"2024-10-15T16:31:50","date_gmt":"2024-10-15T19:31:50","guid":{"rendered":"https:\/\/wp.ufpel.edu.br\/gepesc\/?page_id=1371"},"modified":"2025-03-01T19:41:15","modified_gmt":"2025-03-01T22:41:15","slug":"fraude-id-apple-bloqueado","status":"publish","type":"page","link":"https:\/\/wp.ufpel.edu.br\/gepesc\/material-informativo\/catalogo-de-fraudes\/fraude-id-apple-bloqueado\/","title":{"rendered":"Fraude &#8211; ID Apple bloqueado"},"content":{"rendered":"<p><strong>Data de inclus\u00e3o:<\/strong> 15\/10\/2024<\/p>\n<p><strong>Descri\u00e7\u00e3o:<\/strong> A v\u00edtima recebe um e-mail alegando que seu ID Apple foi bloqueado temporariamente. Logo abaixo da mensagem, h\u00e1 um bot\u00e3o (supostamente para virifica\u00e7\u00e3o da conta), entretanto, trata-se de um link malicioso.<\/p>\n<table style=\"height: 191px; width: 100%; border-collapse: collapse; background-color: #fff3f3; border: 5px solid #ff0000;\">\n<tbody>\n<tr style=\"height: 191px;\">\n<td style=\"border: 5px solid #ff0000; text-align: center; padding: 0px 20px;\"><!-- Diminu\u00ed o padding superior e inferior --><\/p>\n<h2 style=\"text-align: center;\"><span style=\"color: #ff0000;\"><strong>ATEN\u00c7\u00c3O!<\/strong><\/span><\/h2>\n<p>O texto abaixo foi transcrito de uma fraude identificada atrav\u00e9s do NIMAR e da coleta de dados na internet.<\/p>\n<p>Caso tenha d\u00favidas ou necessite de esclarecimentos, entre em contato pelo e-mail: <strong>nimar.gepesc@ufpel.edu.br<\/strong>.<\/p>\n<p><strong>N\u00facleo de Inspe\u00e7\u00e3o de Mensagens e An\u00e1lise de Riscos &#8211; NIMAR<\/strong><br \/>\n<strong>Grupo de Ensino, Pesquisa e Extens\u00e3o em Seguran\u00e7a Cibern\u00e9tica &#8211; GEPESC<\/strong><\/td>\n<\/tr>\n<\/tbody>\n<\/table>\n<h2><span style=\"color: #043499;\">Conte\u00fado da mensagem<\/span><\/h2>\n<p>Dear ustomer,<\/p>\n<p>We are sorry to inform you.Your pple ID has been locked for security reason.It looks like your account is outdated and requires to updated account ownership information so we can protect your account and inprove our service to maintenance your privacy.<\/p>\n<p>To continue using your account again we advice you to update the information befor Irh e 24 hours or your account ill be <strong>permanently locked.<\/strong><\/p>\n<p>Verification Account<\/p>\n<h3><strong><span style=\"color: #043499;\">Tradu\u00e7\u00e3o<\/span><\/strong><\/h3>\n<p>Prezado usu\u00e1rio,<\/p>\n<p>Lamentamos informar. Seu ID Apple foi bloqueado por motivos de seguran\u00e7a. Parece que sua conta est\u00e1 desatualizada e requer informa\u00e7\u00f5es atualizadas de propriedade da conta para que possamos proteger sua conta e melhorar nosso servi\u00e7o para manter sua privacidade.<\/p>\n<p>Para continuar usando sua conta novamente, recomendamos que voc\u00ea atualize as informa\u00e7\u00f5es antes de 24 horas ou sua conta ser\u00e1 <strong>bloqueada permanentemente. <\/strong><\/p>\n<p>Verifica\u00e7\u00e3o da conta<\/p>\n<h2><span style=\"color: #043499;\">Imagens<\/span><\/h2>\n<p><a href=\"https:\/\/wp.ufpel.edu.br\/gepesc\/material-informativo\/catalogo-de-fraudes\/fraude-id-apple-bloqueado\/icloud\/\"><img class=\"alignnone wp-image-1375\" src=\"https:\/\/wp.ufpel.edu.br\/gepesc\/files\/2024\/10\/icloud.png\" alt=\"\" width=\"925\" height=\"373\" srcset=\"https:\/\/wp.ufpel.edu.br\/gepesc\/files\/2024\/10\/icloud.png 925w, https:\/\/wp.ufpel.edu.br\/gepesc\/files\/2024\/10\/icloud-400x161.png 400w, https:\/\/wp.ufpel.edu.br\/gepesc\/files\/2024\/10\/icloud-768x310.png 768w\" sizes=\"(max-width: 925px) 100vw, 925px\" \/><\/a><\/p>\n\n","protected":false},"excerpt":{"rendered":"<p>Data de inclus\u00e3o: 15\/10\/2024 Descri\u00e7\u00e3o: A v\u00edtima recebe um e-mail alegando que seu ID Apple foi bloqueado temporariamente. Logo abaixo da mensagem, h\u00e1 um bot\u00e3o (supostamente para virifica\u00e7\u00e3o da conta), entretanto, trata-se de um link malicioso. ATEN\u00c7\u00c3O! O texto abaixo foi transcrito de uma fraude identificada atrav\u00e9s do NIMAR e da coleta de dados na [&hellip;]<\/p>\n","protected":false},"author":1403,"featured_media":0,"parent":32,"menu_order":0,"comment_status":"closed","ping_status":"closed","template":"","meta":{"jetpack_post_was_ever_published":false,"footnotes":""},"class_list":["post-1371","page","type-page","status-publish","hentry"],"jetpack_sharing_enabled":true,"jetpack_likes_enabled":false,"jetpack_shortlink":"https:\/\/wp.me\/Pg1U19-m7","_links":{"self":[{"href":"https:\/\/wp.ufpel.edu.br\/gepesc\/wp-json\/wp\/v2\/pages\/1371","targetHints":{"allow":["GET"]}}],"collection":[{"href":"https:\/\/wp.ufpel.edu.br\/gepesc\/wp-json\/wp\/v2\/pages"}],"about":[{"href":"https:\/\/wp.ufpel.edu.br\/gepesc\/wp-json\/wp\/v2\/types\/page"}],"author":[{"embeddable":true,"href":"https:\/\/wp.ufpel.edu.br\/gepesc\/wp-json\/wp\/v2\/users\/1403"}],"replies":[{"embeddable":true,"href":"https:\/\/wp.ufpel.edu.br\/gepesc\/wp-json\/wp\/v2\/comments?post=1371"}],"version-history":[{"count":3,"href":"https:\/\/wp.ufpel.edu.br\/gepesc\/wp-json\/wp\/v2\/pages\/1371\/revisions"}],"predecessor-version":[{"id":2179,"href":"https:\/\/wp.ufpel.edu.br\/gepesc\/wp-json\/wp\/v2\/pages\/1371\/revisions\/2179"}],"up":[{"embeddable":true,"href":"https:\/\/wp.ufpel.edu.br\/gepesc\/wp-json\/wp\/v2\/pages\/32"}],"wp:attachment":[{"href":"https:\/\/wp.ufpel.edu.br\/gepesc\/wp-json\/wp\/v2\/media?parent=1371"}],"curies":[{"name":"wp","href":"https:\/\/api.w.org\/{rel}","templated":true}]}}