{"id":13,"date":"2024-09-10T14:20:57","date_gmt":"2024-09-10T17:20:57","guid":{"rendered":"https:\/\/wp.ufpel.edu.br\/gepesc\/?page_id=13"},"modified":"2024-09-12T18:12:51","modified_gmt":"2024-09-12T21:12:51","slug":"producao-cientifica","status":"publish","type":"page","link":"https:\/\/wp.ufpel.edu.br\/gepesc\/producao-cientifica\/","title":{"rendered":"Produ\u00e7\u00e3o Cient\u00edfica"},"content":{"rendered":"<p><img class=\"wp-image-373 alignleft\" src=\"https:\/\/wp.ufpel.edu.br\/gepesc\/files\/2024\/09\/2903319-ai-400x400.png\" alt=\"\" width=\"293\" height=\"293\" srcset=\"https:\/\/wp.ufpel.edu.br\/gepesc\/files\/2024\/09\/2903319-ai-400x400.png 400w, https:\/\/wp.ufpel.edu.br\/gepesc\/files\/2024\/09\/2903319-ai-200x200.png 200w, https:\/\/wp.ufpel.edu.br\/gepesc\/files\/2024\/09\/2903319-ai-768x768.png 768w, https:\/\/wp.ufpel.edu.br\/gepesc\/files\/2024\/09\/2903319-ai.png 1000w\" sizes=\"(max-width: 293px) 100vw, 293px\" \/>Atualmente, nossa p\u00e1gina de <strong>Produ\u00e7\u00e3o Cient\u00edfica<\/strong> est\u00e1 em desenvolvimento. Em breve, disponibilizaremos artigos e pesquisas relacionados \u00e0s nossas \u00e1reas de atua\u00e7\u00e3o. Acompanhe esta se\u00e7\u00e3o para ficar por dentro das publica\u00e7\u00f5es mais recentes e dos avan\u00e7os realizados pela equipe.<\/p>\n","protected":false},"excerpt":{"rendered":"<p>Atualmente, nossa p\u00e1gina de Produ\u00e7\u00e3o Cient\u00edfica est\u00e1 em desenvolvimento. Em breve, disponibilizaremos artigos e pesquisas relacionados \u00e0s nossas \u00e1reas de atua\u00e7\u00e3o. Acompanhe esta se\u00e7\u00e3o para ficar por dentro das publica\u00e7\u00f5es mais recentes e dos avan\u00e7os realizados pela equipe.<\/p>\n","protected":false},"author":1403,"featured_media":0,"parent":0,"menu_order":2,"comment_status":"closed","ping_status":"closed","template":"","meta":{"jetpack_post_was_ever_published":false,"footnotes":""},"class_list":["post-13","page","type-page","status-publish","hentry"],"jetpack_sharing_enabled":true,"jetpack_likes_enabled":false,"jetpack_shortlink":"https:\/\/wp.me\/Pg1U19-d","_links":{"self":[{"href":"https:\/\/wp.ufpel.edu.br\/gepesc\/wp-json\/wp\/v2\/pages\/13","targetHints":{"allow":["GET"]}}],"collection":[{"href":"https:\/\/wp.ufpel.edu.br\/gepesc\/wp-json\/wp\/v2\/pages"}],"about":[{"href":"https:\/\/wp.ufpel.edu.br\/gepesc\/wp-json\/wp\/v2\/types\/page"}],"author":[{"embeddable":true,"href":"https:\/\/wp.ufpel.edu.br\/gepesc\/wp-json\/wp\/v2\/users\/1403"}],"replies":[{"embeddable":true,"href":"https:\/\/wp.ufpel.edu.br\/gepesc\/wp-json\/wp\/v2\/comments?post=13"}],"version-history":[{"count":11,"href":"https:\/\/wp.ufpel.edu.br\/gepesc\/wp-json\/wp\/v2\/pages\/13\/revisions"}],"predecessor-version":[{"id":374,"href":"https:\/\/wp.ufpel.edu.br\/gepesc\/wp-json\/wp\/v2\/pages\/13\/revisions\/374"}],"wp:attachment":[{"href":"https:\/\/wp.ufpel.edu.br\/gepesc\/wp-json\/wp\/v2\/media?parent=13"}],"curies":[{"name":"wp","href":"https:\/\/api.w.org\/{rel}","templated":true}]}}