{"id":1244,"date":"2024-10-05T20:45:22","date_gmt":"2024-10-05T23:45:22","guid":{"rendered":"https:\/\/wp.ufpel.edu.br\/gepesc\/?page_id=1244"},"modified":"2025-03-01T19:44:17","modified_gmt":"2025-03-01T22:44:17","slug":"fraude-resgate-de-pontos-bradesco","status":"publish","type":"page","link":"https:\/\/wp.ufpel.edu.br\/gepesc\/material-informativo\/catalogo-de-fraudes\/fraude-resgate-de-pontos-bradesco\/","title":{"rendered":"Fraude &#8211; Resgate de pontos Bradesco"},"content":{"rendered":"<p><strong>Data de inclus\u00e3o:<\/strong> 05\/10\/2024<\/p>\n<p><strong>Descri\u00e7\u00e3o:<\/strong> A v\u00edtima recebe uma mensagem via SMS informando que possui pontos no Bradescard que est\u00e3o prestes a expirar. A mensagem incentiva a v\u00edtima a realizar a troca desses pontos por produtos, dinheiro ou descontos na fatura, direcionando-a para um site n\u00e3o oficial.<\/p>\n<table style=\"height: 191px; width: 100%; border-collapse: collapse; background-color: #fff3f3; border: 5px solid #ff0000;\">\n<tbody>\n<tr style=\"height: 191px;\">\n<td style=\"border: 5px solid #ff0000; text-align: center; padding: 0px 20px;\"><!-- Diminu\u00ed o padding superior e inferior --><\/p>\n<h2 style=\"text-align: center;\"><span style=\"color: #ff0000;\"><strong>ATEN\u00c7\u00c3O!<\/strong><\/span><\/h2>\n<p>O texto abaixo foi transcrito de uma fraude identificada atrav\u00e9s do NIMAR e da coleta de dados na internet.<\/p>\n<p>Caso tenha d\u00favidas ou necessite de esclarecimentos, entre em contato pelo e-mail: <strong>nimar.gepesc@ufpel.edu.br<\/strong>.<\/p>\n<p><strong>N\u00facleo de Inspe\u00e7\u00e3o de Mensagens e An\u00e1lise de Riscos &#8211; NIMAR<\/strong><br \/>\n<strong>Grupo de Ensino, Pesquisa e Extens\u00e3o em Seguran\u00e7a Cibern\u00e9tica &#8211; GEPESC<\/strong><\/td>\n<\/tr>\n<\/tbody>\n<\/table>\n<h2><span style=\"color: #043499;\">Conte\u00fado da mensagem<\/span><\/h2>\n<p>Bradescard; seus 98.682 PONTOS vence em 24 horas. Realize ha troca por Produtos,Dinheiro ou Descontos na Fatura; &lt;link&gt;<\/p>\n<h2><span style=\"color: #043499;\">Imagens<\/span><\/h2>\n<p><a href=\"https:\/\/wp.ufpel.edu.br\/gepesc\/design-sem-nome-3-2\/\"><img class=\"alignnone wp-image-1213\" src=\"https:\/\/wp.ufpel.edu.br\/gepesc\/files\/2024\/10\/Design-sem-nome-3-400x378.png\" alt=\"\" width=\"330\" height=\"312\" srcset=\"https:\/\/wp.ufpel.edu.br\/gepesc\/files\/2024\/10\/Design-sem-nome-3-400x378.png 400w, https:\/\/wp.ufpel.edu.br\/gepesc\/files\/2024\/10\/Design-sem-nome-3-1024x967.png 1024w, https:\/\/wp.ufpel.edu.br\/gepesc\/files\/2024\/10\/Design-sem-nome-3-768x725.png 768w, https:\/\/wp.ufpel.edu.br\/gepesc\/files\/2024\/10\/Design-sem-nome-3.png 1080w\" sizes=\"(max-width: 330px) 100vw, 330px\" \/><\/a><\/p>\n\n","protected":false},"excerpt":{"rendered":"<p>Data de inclus\u00e3o: 05\/10\/2024 Descri\u00e7\u00e3o: A v\u00edtima recebe uma mensagem via SMS informando que possui pontos no Bradescard que est\u00e3o prestes a expirar. A mensagem incentiva a v\u00edtima a realizar a troca desses pontos por produtos, dinheiro ou descontos na fatura, direcionando-a para um site n\u00e3o oficial. ATEN\u00c7\u00c3O! O texto abaixo foi transcrito de uma [&hellip;]<\/p>\n","protected":false},"author":1403,"featured_media":0,"parent":32,"menu_order":0,"comment_status":"closed","ping_status":"closed","template":"","meta":{"jetpack_post_was_ever_published":false,"footnotes":""},"class_list":["post-1244","page","type-page","status-publish","hentry"],"jetpack_sharing_enabled":true,"jetpack_likes_enabled":false,"jetpack_shortlink":"https:\/\/wp.me\/Pg1U19-k4","_links":{"self":[{"href":"https:\/\/wp.ufpel.edu.br\/gepesc\/wp-json\/wp\/v2\/pages\/1244","targetHints":{"allow":["GET"]}}],"collection":[{"href":"https:\/\/wp.ufpel.edu.br\/gepesc\/wp-json\/wp\/v2\/pages"}],"about":[{"href":"https:\/\/wp.ufpel.edu.br\/gepesc\/wp-json\/wp\/v2\/types\/page"}],"author":[{"embeddable":true,"href":"https:\/\/wp.ufpel.edu.br\/gepesc\/wp-json\/wp\/v2\/users\/1403"}],"replies":[{"embeddable":true,"href":"https:\/\/wp.ufpel.edu.br\/gepesc\/wp-json\/wp\/v2\/comments?post=1244"}],"version-history":[{"count":4,"href":"https:\/\/wp.ufpel.edu.br\/gepesc\/wp-json\/wp\/v2\/pages\/1244\/revisions"}],"predecessor-version":[{"id":2194,"href":"https:\/\/wp.ufpel.edu.br\/gepesc\/wp-json\/wp\/v2\/pages\/1244\/revisions\/2194"}],"up":[{"embeddable":true,"href":"https:\/\/wp.ufpel.edu.br\/gepesc\/wp-json\/wp\/v2\/pages\/32"}],"wp:attachment":[{"href":"https:\/\/wp.ufpel.edu.br\/gepesc\/wp-json\/wp\/v2\/media?parent=1244"}],"curies":[{"name":"wp","href":"https:\/\/api.w.org\/{rel}","templated":true}]}}