{"id":1163,"date":"2024-09-30T00:32:38","date_gmt":"2024-09-30T03:32:38","guid":{"rendered":"https:\/\/wp.ufpel.edu.br\/gepesc\/?page_id=1163"},"modified":"2025-03-01T19:38:30","modified_gmt":"2025-03-01T22:38:30","slug":"fraude-cobranca-adicional-amazon","status":"publish","type":"page","link":"https:\/\/wp.ufpel.edu.br\/gepesc\/material-informativo\/catalogo-de-fraudes\/fraude-cobranca-adicional-amazon\/","title":{"rendered":"Fraude &#8211; Cobran\u00e7a adicional Amazon"},"content":{"rendered":"<p><strong>Data de inclus\u00e3o:<\/strong> 29\/09\/2024<\/p>\n<p><strong>Descri\u00e7\u00e3o: <\/strong>A v\u00edtima recebe uma mensagem via WhatsApp, supostamente de uma transportadora parceira da Amazon. Essa mensagem alerta de um pagamento adicional para a conclus\u00e3o da entrega e possui uma chave PIX do tipo e-mail para que a v\u00edtima fa\u00e7a a transfer\u00eancia.<\/p>\n<table style=\"height: 191px; width: 100%; border-collapse: collapse; background-color: #fff3f3; border: 5px solid #ff0000;\">\n<tbody>\n<tr style=\"height: 191px;\">\n<td style=\"border: 5px solid #ff0000; text-align: center; padding: 0px 20px;\"><!-- Diminu\u00ed o padding superior e inferior --><\/p>\n<h2 style=\"text-align: center;\"><span style=\"color: #ff0000;\"><strong>ATEN\u00c7\u00c3O!<\/strong><\/span><\/h2>\n<p>O texto abaixo foi transcrito de uma fraude identificada atrav\u00e9s do NIMAR e da coleta de dados na internet.<\/p>\n<p>Caso tenha d\u00favidas ou necessite de esclarecimentos, entre em contato pelo e-mail: <strong>nimar.gepesc@ufpel.edu.br<\/strong>.<\/p>\n<p><strong>N\u00facleo de Inspe\u00e7\u00e3o de Mensagens e An\u00e1lise de Riscos &#8211; NIMAR<\/strong><br \/>\n<strong>Grupo de Ensino, Pesquisa e Extens\u00e3o em Seguran\u00e7a Cibern\u00e9tica &#8211; GEPESC<\/strong><\/td>\n<\/tr>\n<\/tbody>\n<\/table>\n<h2><span style=\"color: #043499;\">Conte\u00fado da mensagem<\/span><\/h2>\n<p>Ol\u00e1!<\/p>\n<p>Seu pedido da Amazon est\u00e1 a caminho!<\/p>\n<p>Somos da transportadora e identificamos um pequeno ajuste no v alor do frete do seu pedido. Para garantir que sua encomenda chegue rapidinho, precisamos cobrar um valor adicional de R$8,99.<\/p>\n<p>Voc\u00ea pode pagar facilmente usando o Pix:<\/p>\n<p>Chave Pix (e-mail): &lt;e-mail&gt;<\/p>\n<p>Fique tranquilo! O valor do frete que voc\u00ea j\u00e1 pagou ser\u00e1 reembolsado em at\u00e9 24 horas ap\u00f3s a confirma\u00e7\u00e3o do pagamento adicional.<\/p>\n<p>Assim que o pagamento for confirmado, seu pedido chegar\u00e1 em at\u00e9 1 dia.<\/p>\n<p>Qualquer d\u00favida, estamos \u00e0 disposi\u00e7\u00e3o!<\/p>\n<h2><span style=\"color: #043499;\">Imagens<\/span><\/h2>\n<p><img class=\"alignnone wp-image-1165 \" src=\"https:\/\/wp.ufpel.edu.br\/gepesc\/files\/2024\/09\/Design-sem-nome-8.png\" alt=\"\" width=\"351\" height=\"760\" srcset=\"https:\/\/wp.ufpel.edu.br\/gepesc\/files\/2024\/09\/Design-sem-nome-8.png 946w, https:\/\/wp.ufpel.edu.br\/gepesc\/files\/2024\/09\/Design-sem-nome-8-185x400.png 185w, https:\/\/wp.ufpel.edu.br\/gepesc\/files\/2024\/09\/Design-sem-nome-8-473x1024.png 473w, https:\/\/wp.ufpel.edu.br\/gepesc\/files\/2024\/09\/Design-sem-nome-8-768x1663.png 768w, https:\/\/wp.ufpel.edu.br\/gepesc\/files\/2024\/09\/Design-sem-nome-8-710x1536.png 710w\" sizes=\"(max-width: 351px) 100vw, 351px\" \/><\/p>\n\n","protected":false},"excerpt":{"rendered":"<p>Data de inclus\u00e3o: 29\/09\/2024 Descri\u00e7\u00e3o: A v\u00edtima recebe uma mensagem via WhatsApp, supostamente de uma transportadora parceira da Amazon. Essa mensagem alerta de um pagamento adicional para a conclus\u00e3o da entrega e possui uma chave PIX do tipo e-mail para que a v\u00edtima fa\u00e7a a transfer\u00eancia. ATEN\u00c7\u00c3O! O texto abaixo foi transcrito de uma fraude [&hellip;]<\/p>\n","protected":false},"author":1403,"featured_media":0,"parent":32,"menu_order":0,"comment_status":"closed","ping_status":"closed","template":"","meta":{"jetpack_post_was_ever_published":false,"footnotes":""},"class_list":["post-1163","page","type-page","status-publish","hentry"],"jetpack_sharing_enabled":true,"jetpack_likes_enabled":false,"jetpack_shortlink":"https:\/\/wp.me\/Pg1U19-iL","_links":{"self":[{"href":"https:\/\/wp.ufpel.edu.br\/gepesc\/wp-json\/wp\/v2\/pages\/1163","targetHints":{"allow":["GET"]}}],"collection":[{"href":"https:\/\/wp.ufpel.edu.br\/gepesc\/wp-json\/wp\/v2\/pages"}],"about":[{"href":"https:\/\/wp.ufpel.edu.br\/gepesc\/wp-json\/wp\/v2\/types\/page"}],"author":[{"embeddable":true,"href":"https:\/\/wp.ufpel.edu.br\/gepesc\/wp-json\/wp\/v2\/users\/1403"}],"replies":[{"embeddable":true,"href":"https:\/\/wp.ufpel.edu.br\/gepesc\/wp-json\/wp\/v2\/comments?post=1163"}],"version-history":[{"count":3,"href":"https:\/\/wp.ufpel.edu.br\/gepesc\/wp-json\/wp\/v2\/pages\/1163\/revisions"}],"predecessor-version":[{"id":2163,"href":"https:\/\/wp.ufpel.edu.br\/gepesc\/wp-json\/wp\/v2\/pages\/1163\/revisions\/2163"}],"up":[{"embeddable":true,"href":"https:\/\/wp.ufpel.edu.br\/gepesc\/wp-json\/wp\/v2\/pages\/32"}],"wp:attachment":[{"href":"https:\/\/wp.ufpel.edu.br\/gepesc\/wp-json\/wp\/v2\/media?parent=1163"}],"curies":[{"name":"wp","href":"https:\/\/api.w.org\/{rel}","templated":true}]}}