{"id":1159,"date":"2024-09-30T00:20:23","date_gmt":"2024-09-30T03:20:23","guid":{"rendered":"https:\/\/wp.ufpel.edu.br\/gepesc\/?page_id=1159"},"modified":"2025-03-01T19:42:38","modified_gmt":"2025-03-01T22:42:38","slug":"fraude-notificacao-de-iphone-localizado","status":"publish","type":"page","link":"https:\/\/wp.ufpel.edu.br\/gepesc\/material-informativo\/catalogo-de-fraudes\/fraude-notificacao-de-iphone-localizado\/","title":{"rendered":"Fraude &#8211; Notifica\u00e7\u00e3o de iPhone localizado"},"content":{"rendered":"<p><strong>Data de inclus\u00e3o:<\/strong> 29\/09\/2024<\/p>\n<p><strong>Descri\u00e7\u00e3o: <\/strong>A v\u00edtima recebe uma sequ\u00eancia de SMS&#8217;s contendo um link (supostamente direcionando para o icloud, a fim de obter a geolocaliza\u00e7\u00e3o do dispositivo), no entanto, trata-se de um link malicioso.<\/p>\n<table style=\"height: 191px; width: 100%; border-collapse: collapse; background-color: #fff3f3; border: 5px solid #ff0000;\">\n<tbody>\n<tr style=\"height: 191px;\">\n<td style=\"border: 5px solid #ff0000; text-align: center; padding: 0px 20px;\"><!-- Diminu\u00ed o padding superior e inferior --><\/p>\n<h2 style=\"text-align: center;\"><span style=\"color: #ff0000;\"><strong>ATEN\u00c7\u00c3O!<\/strong><\/span><\/h2>\n<p>O texto abaixo foi transcrito de uma fraude identificada atrav\u00e9s do NIMAR e da coleta de dados na internet.<\/p>\n<p>Caso tenha d\u00favidas ou necessite de esclarecimentos, entre em contato pelo e-mail: <strong>nimar.gepesc@ufpel.edu.br<\/strong>.<\/p>\n<p><strong>N\u00facleo de Inspe\u00e7\u00e3o de Mensagens e An\u00e1lise de Riscos &#8211; NIMAR<\/strong><br \/>\n<strong>Grupo de Ensino, Pesquisa e Extens\u00e3o em Seguran\u00e7a Cibern\u00e9tica &#8211; GEPESC<\/strong><\/td>\n<\/tr>\n<\/tbody>\n<\/table>\n<h2><span style=\"color: #043499;\">Conte\u00fado da mensagem<\/span><\/h2>\n<p>Prezado(a) Cliente &lt;nome&gt;. Seu IPHONE 11 foi localizado hoje as 14:22, acesse: &lt;link&gt; mais detalhes.<\/p>\n<p>Alerta: inumeras tentativas de acesso ao seu IPHONE 11. Veja a imagem capturada pela camera frontal em: &lt;link&gt;<\/p>\n<h2><span style=\"color: #043499;\">Imagens<\/span><\/h2>\n<p><a href=\"https:\/\/wp.ufpel.edu.br\/gepesc\/material-informativo\/catalogo-de-fraudes\/fraude-notificacao-de-iphone-localizado\/design-sem-nome-7\/\"><img class=\"alignnone wp-image-1161\" src=\"https:\/\/wp.ufpel.edu.br\/gepesc\/files\/2024\/09\/Design-sem-nome-7.png\" alt=\"\" width=\"330\" height=\"614\" srcset=\"https:\/\/wp.ufpel.edu.br\/gepesc\/files\/2024\/09\/Design-sem-nome-7.png 430w, https:\/\/wp.ufpel.edu.br\/gepesc\/files\/2024\/09\/Design-sem-nome-7-215x400.png 215w\" sizes=\"(max-width: 330px) 100vw, 330px\" \/><\/a><\/p>\n\n","protected":false},"excerpt":{"rendered":"<p>Data de inclus\u00e3o: 29\/09\/2024 Descri\u00e7\u00e3o: A v\u00edtima recebe uma sequ\u00eancia de SMS&#8217;s contendo um link (supostamente direcionando para o icloud, a fim de obter a geolocaliza\u00e7\u00e3o do dispositivo), no entanto, trata-se de um link malicioso. ATEN\u00c7\u00c3O! O texto abaixo foi transcrito de uma fraude identificada atrav\u00e9s do NIMAR e da coleta de dados na internet. [&hellip;]<\/p>\n","protected":false},"author":1403,"featured_media":0,"parent":32,"menu_order":0,"comment_status":"closed","ping_status":"closed","template":"","meta":{"jetpack_post_was_ever_published":false,"footnotes":""},"class_list":["post-1159","page","type-page","status-publish","hentry"],"jetpack_sharing_enabled":true,"jetpack_likes_enabled":false,"jetpack_shortlink":"https:\/\/wp.me\/Pg1U19-iH","_links":{"self":[{"href":"https:\/\/wp.ufpel.edu.br\/gepesc\/wp-json\/wp\/v2\/pages\/1159","targetHints":{"allow":["GET"]}}],"collection":[{"href":"https:\/\/wp.ufpel.edu.br\/gepesc\/wp-json\/wp\/v2\/pages"}],"about":[{"href":"https:\/\/wp.ufpel.edu.br\/gepesc\/wp-json\/wp\/v2\/types\/page"}],"author":[{"embeddable":true,"href":"https:\/\/wp.ufpel.edu.br\/gepesc\/wp-json\/wp\/v2\/users\/1403"}],"replies":[{"embeddable":true,"href":"https:\/\/wp.ufpel.edu.br\/gepesc\/wp-json\/wp\/v2\/comments?post=1159"}],"version-history":[{"count":4,"href":"https:\/\/wp.ufpel.edu.br\/gepesc\/wp-json\/wp\/v2\/pages\/1159\/revisions"}],"predecessor-version":[{"id":2186,"href":"https:\/\/wp.ufpel.edu.br\/gepesc\/wp-json\/wp\/v2\/pages\/1159\/revisions\/2186"}],"up":[{"embeddable":true,"href":"https:\/\/wp.ufpel.edu.br\/gepesc\/wp-json\/wp\/v2\/pages\/32"}],"wp:attachment":[{"href":"https:\/\/wp.ufpel.edu.br\/gepesc\/wp-json\/wp\/v2\/media?parent=1159"}],"curies":[{"name":"wp","href":"https:\/\/api.w.org\/{rel}","templated":true}]}}