{"id":1153,"date":"2024-09-29T23:57:42","date_gmt":"2024-09-30T02:57:42","guid":{"rendered":"https:\/\/wp.ufpel.edu.br\/gepesc\/?page_id=1153"},"modified":"2025-03-01T19:36:07","modified_gmt":"2025-03-01T22:36:07","slug":"fraude-acesso-a-plataforma-x","status":"publish","type":"page","link":"https:\/\/wp.ufpel.edu.br\/gepesc\/material-informativo\/catalogo-de-fraudes\/fraude-acesso-a-plataforma-x\/","title":{"rendered":"Fraude &#8211; Acesso \u00e0 plataforma X"},"content":{"rendered":"<p><strong>Data de inclus\u00e3o:<\/strong> 29\/09\/2024<\/p>\n<p><strong>Descri\u00e7\u00e3o:<\/strong> A v\u00edtima recebe um e-mail alegando que a empresa identificada pelo CNPJ foi flagrada acessando a plataforma X (antigo Twitter), em viola\u00e7\u00e3o a uma ordem judicial do Supremo Tribunal Federal (STF). O e-mail solicita que o administrador da empresa clique em um link para verificar os usu\u00e1rios que tentaram acessar a plataforma de forma n\u00e3o autorizada. No entanto, o link fornecido \u00e9 malicioso.<\/p>\n<table style=\"height: 191px; width: 100%; border-collapse: collapse; background-color: #fff3f3; border: 5px solid #ff0000;\">\n<tbody>\n<tr style=\"height: 191px;\">\n<td style=\"border: 5px solid #ff0000; text-align: center; padding: 0px 20px;\"><!-- Diminu\u00ed o padding superior e inferior --><\/p>\n<h2 style=\"text-align: center;\"><span style=\"color: #ff0000;\"><strong>ATEN\u00c7\u00c3O!<\/strong><\/span><\/h2>\n<p>O texto abaixo foi transcrito de uma fraude identificada atrav\u00e9s do NIMAR e da coleta de dados na internet.<\/p>\n<p>Caso tenha d\u00favidas ou necessite de esclarecimentos, entre em contato pelo e-mail: <strong>nimar.gepesc@ufpel.edu.br<\/strong>.<\/p>\n<p><strong>N\u00facleo de Inspe\u00e7\u00e3o de Mensagens e An\u00e1lise de Riscos &#8211; NIMAR<\/strong><br \/>\n<strong>Grupo de Ensino, Pesquisa e Extens\u00e3o em Seguran\u00e7a Cibern\u00e9tica &#8211; GEPESC<\/strong><\/td>\n<\/tr>\n<\/tbody>\n<\/table>\n<h2><span style=\"color: #043499;\">Conte\u00fado da mensagem<\/span><\/h2>\n<p>Assunto: empresa &lt;CNPJ&gt; foi flagrada acessando a plataforma X<\/p>\n<p>Acesso bloqueado: a\u00e7\u00e3o necess\u00e1ria para plataforma X<\/p>\n<p>Prezado(a) Administrador(a),<\/p>\n<p>O \u00f3rg\u00e3o federal respons\u00e1vel, ANATEL identificou multiplas tentativas de acesso \u00e0 plataforma X (antigo Twitter) a partir de computadores pertencentes \u00e0 empresa &lt;nome&gt; CNPJ &lt;CNPJ&gt;.Essas tentativas\u00a0de acesso violam a ordem judicial imposta pelo ministro Alexandre de Moraes, do Supremo Tribunal Federal (STF) em 30\/08\/2024, conforme decis\u00e3o protocolada n\u00famero 23.516\/2024. O despacho ainda determinava uma multa de RS 50 mil por dia para quem usar de meios para tentar acessar a plataforma.<\/p>\n<p>Para garantir o cumprimento da ordem judicial e evita tar poss\u00edveis san\u00e7\u00f5es, solicitamos que voc\u00ea verifique imediatamente quais usu\u00e1rios da sua empresa realizaram essas tentativas de acesso e tome as devidas corre\u00e7\u00f5es.<\/p>\n<p>Clique no bot\u00e3o abaixo para acessar a lista de usu\u00e1rios que tentaram acessar a plataforma de forma n\u00e3o autorizada.<\/p>\n<p>Verificar Usu\u00e1rios<\/p>\n<p>&lt;link&gt;<\/p>\n<p>Tomar a\u00e7\u00e3o imediata \u00e9 essencial para evitar Implica\u00e7\u00f5es legais para a sua empresa.<\/p>\n<p>Atenciosamente,<\/p>\n<p>Equipe de Fiscaliza\u00e7\u00e3o ANATEL<\/p>\n<p>\u00a92024 ANATEL. Todos os direitos reservados.<\/p>\n<p>Este \u00e9 um e-mail autom\u00e1tico, por favor n\u00e3o responda.<\/p>\n<p>08\/09\/2024 20:23:58<\/p>\n<h2><span style=\"color: #043499;\">Imagens<\/span><\/h2>\n<p><img class=\"alignnone wp-image-1157 \" src=\"https:\/\/wp.ufpel.edu.br\/gepesc\/files\/2024\/09\/Design-sem-nome-6.png\" alt=\"\" width=\"292\" height=\"578\" srcset=\"https:\/\/wp.ufpel.edu.br\/gepesc\/files\/2024\/09\/Design-sem-nome-6.png 404w, https:\/\/wp.ufpel.edu.br\/gepesc\/files\/2024\/09\/Design-sem-nome-6-202x400.png 202w\" sizes=\"(max-width: 292px) 100vw, 292px\" \/><\/p>\n\n","protected":false},"excerpt":{"rendered":"<p>Data de inclus\u00e3o: 29\/09\/2024 Descri\u00e7\u00e3o: A v\u00edtima recebe um e-mail alegando que a empresa identificada pelo CNPJ foi flagrada acessando a plataforma X (antigo Twitter), em viola\u00e7\u00e3o a uma ordem judicial do Supremo Tribunal Federal (STF). O e-mail solicita que o administrador da empresa clique em um link para verificar os usu\u00e1rios que tentaram acessar [&hellip;]<\/p>\n","protected":false},"author":1403,"featured_media":0,"parent":32,"menu_order":0,"comment_status":"closed","ping_status":"closed","template":"","meta":{"jetpack_post_was_ever_published":false,"footnotes":""},"class_list":["post-1153","page","type-page","status-publish","hentry"],"jetpack_sharing_enabled":true,"jetpack_likes_enabled":false,"jetpack_shortlink":"https:\/\/wp.me\/Pg1U19-iB","_links":{"self":[{"href":"https:\/\/wp.ufpel.edu.br\/gepesc\/wp-json\/wp\/v2\/pages\/1153","targetHints":{"allow":["GET"]}}],"collection":[{"href":"https:\/\/wp.ufpel.edu.br\/gepesc\/wp-json\/wp\/v2\/pages"}],"about":[{"href":"https:\/\/wp.ufpel.edu.br\/gepesc\/wp-json\/wp\/v2\/types\/page"}],"author":[{"embeddable":true,"href":"https:\/\/wp.ufpel.edu.br\/gepesc\/wp-json\/wp\/v2\/users\/1403"}],"replies":[{"embeddable":true,"href":"https:\/\/wp.ufpel.edu.br\/gepesc\/wp-json\/wp\/v2\/comments?post=1153"}],"version-history":[{"count":4,"href":"https:\/\/wp.ufpel.edu.br\/gepesc\/wp-json\/wp\/v2\/pages\/1153\/revisions"}],"predecessor-version":[{"id":2155,"href":"https:\/\/wp.ufpel.edu.br\/gepesc\/wp-json\/wp\/v2\/pages\/1153\/revisions\/2155"}],"up":[{"embeddable":true,"href":"https:\/\/wp.ufpel.edu.br\/gepesc\/wp-json\/wp\/v2\/pages\/32"}],"wp:attachment":[{"href":"https:\/\/wp.ufpel.edu.br\/gepesc\/wp-json\/wp\/v2\/media?parent=1153"}],"curies":[{"name":"wp","href":"https:\/\/api.w.org\/{rel}","templated":true}]}}