{"id":1144,"date":"2024-09-29T23:28:55","date_gmt":"2024-09-30T02:28:55","guid":{"rendered":"https:\/\/wp.ufpel.edu.br\/gepesc\/?page_id=1144"},"modified":"2025-03-01T19:43:58","modified_gmt":"2025-03-01T22:43:58","slug":"fraude-ordem-judicial-do-ministerio-publico","status":"publish","type":"page","link":"https:\/\/wp.ufpel.edu.br\/gepesc\/material-informativo\/catalogo-de-fraudes\/fraude-ordem-judicial-do-ministerio-publico\/","title":{"rendered":"Fraude &#8211; Ordem Judicial do Minist\u00e9rio P\u00fablico"},"content":{"rendered":"<p><strong>Data de inclus\u00e3o:<\/strong> 29\/09\/2024<\/p>\n<p><strong>Descri\u00e7\u00e3o: <\/strong>A v\u00edtima recebe um e-mail contendo um print de uma falsa ordem judicial emitida pelo Supremo Tribunal Federal. O e-mail solicita que a v\u00edtima baixe um documento com detalhes da a\u00e7\u00e3o judicial, no entanto, trata-se de um arquivo malicioso.<\/p>\n<table style=\"height: 191px; width: 100%; border-collapse: collapse; background-color: #fff3f3; border: 5px solid #ff0000;\">\n<tbody>\n<tr style=\"height: 191px;\">\n<td style=\"border: 5px solid #ff0000; text-align: center; padding: 0px 20px;\"><!-- Diminu\u00ed o padding superior e inferior --><\/p>\n<h2 style=\"text-align: center;\"><span style=\"color: #ff0000;\"><strong>ATEN\u00c7\u00c3O!<\/strong><\/span><\/h2>\n<p>O texto abaixo foi transcrito de uma fraude identificada atrav\u00e9s do NIMAR e da coleta de dados na internet.<\/p>\n<p>Caso tenha d\u00favidas ou necessite de esclarecimentos, entre em contato pelo e-mail: <strong>nimar.gepesc@ufpel.edu.br<\/strong>.<\/p>\n<p><strong>N\u00facleo de Inspe\u00e7\u00e3o de Mensagens e An\u00e1lise de Riscos &#8211; NIMAR<\/strong><br \/>\n<strong>Grupo de Ensino, Pesquisa e Extens\u00e3o em Seguran\u00e7a Cibern\u00e9tica &#8211; GEPESC<\/strong><\/td>\n<\/tr>\n<\/tbody>\n<\/table>\n<h2><span style=\"color: #043499;\">Conte\u00fado da mensagem<\/span><\/h2>\n<p>Prezado(a) Senhor(a), &lt;nome&gt;<\/p>\n<p>Voc\u00ea est\u00e1 sendo oficialmente notificado(a) pelo Supremo Tribunal Federal (STF) sobre uma a\u00e7\u00e3o judicial de extrema gravidade movida contra voc\u00ea. A presente notifica\u00e7\u00e3o n\u00e3o \u00e9 apenas um comunicado, mas uma exig\u00eancia formal e obrigat\u00f3ria. A sua imediata aten\u00e7\u00e3o a este assunto \u00e9 imperativa e a sua falha em agir pode resultar em consequ\u00eancias juridicas severas.<\/p>\n<p>Protocolo: &lt;protocolo&gt;<\/p>\n<p>O n\u00e3o cumprimento das instru\u00e7\u00f5es contidas neste e-mail pode acarretar em san\u00e7\u00f5es adicionais. Todas as informa\u00e7\u00f5es pertinentes, incluindo as alega\u00e7\u00f5es feitas contra voc\u00ea, os prazos processuais, e as penalidades poss\u00edveis est\u00e3o detalhadas no documento oficial em anexo.<\/p>\n<p><strong>\u00c9 imprescind\u00edvel que o PDF anexado seja baixado e lido com m\u00e1xima urg\u00eancia.<\/strong> O download deste documento \u00e9 sua \u00fanica oportunidade de entender completamente as implica\u00e7\u00f5es legais desta a\u00e7\u00e3o e de tomar as medidas necess\u00e1rias para sua defesa.<\/p>\n<p>&lt;link&gt;<\/p>\n<p>Este documento foi emitido com a autoridade do Supremo Tribunal Federal e requer sua aten\u00e7\u00e3o imediata. O cumprimento das instru\u00e7\u00f5es \u00e9 obrigat\u00f3rio.<\/p>\n<p>Atenciosamente,<\/p>\n<p>Supremo Tribunal Federal<\/p>\n<h2><span style=\"color: #043499;\">Imagens<\/span><\/h2>\n<p><a href=\"https:\/\/wp.ufpel.edu.br\/gepesc\/material-informativo\/catalogo-de-fraudes\/fraude-ordem-judicial-do-ministerio-publico\/design-sem-nome-5\/\"><img class=\"alignnone wp-image-1150\" src=\"https:\/\/wp.ufpel.edu.br\/gepesc\/files\/2024\/09\/Design-sem-nome-5.png\" alt=\"\" width=\"377\" height=\"454\" srcset=\"https:\/\/wp.ufpel.edu.br\/gepesc\/files\/2024\/09\/Design-sem-nome-5.png 664w, https:\/\/wp.ufpel.edu.br\/gepesc\/files\/2024\/09\/Design-sem-nome-5-332x400.png 332w\" sizes=\"(max-width: 377px) 100vw, 377px\" \/><\/a><\/p>\n\n","protected":false},"excerpt":{"rendered":"<p>Data de inclus\u00e3o: 29\/09\/2024 Descri\u00e7\u00e3o: A v\u00edtima recebe um e-mail contendo um print de uma falsa ordem judicial emitida pelo Supremo Tribunal Federal. O e-mail solicita que a v\u00edtima baixe um documento com detalhes da a\u00e7\u00e3o judicial, no entanto, trata-se de um arquivo malicioso. ATEN\u00c7\u00c3O! O texto abaixo foi transcrito de uma fraude identificada atrav\u00e9s [&hellip;]<\/p>\n","protected":false},"author":1403,"featured_media":0,"parent":32,"menu_order":0,"comment_status":"closed","ping_status":"closed","template":"","meta":{"jetpack_post_was_ever_published":false,"footnotes":""},"class_list":["post-1144","page","type-page","status-publish","hentry"],"jetpack_sharing_enabled":true,"jetpack_likes_enabled":false,"jetpack_shortlink":"https:\/\/wp.me\/Pg1U19-is","_links":{"self":[{"href":"https:\/\/wp.ufpel.edu.br\/gepesc\/wp-json\/wp\/v2\/pages\/1144","targetHints":{"allow":["GET"]}}],"collection":[{"href":"https:\/\/wp.ufpel.edu.br\/gepesc\/wp-json\/wp\/v2\/pages"}],"about":[{"href":"https:\/\/wp.ufpel.edu.br\/gepesc\/wp-json\/wp\/v2\/types\/page"}],"author":[{"embeddable":true,"href":"https:\/\/wp.ufpel.edu.br\/gepesc\/wp-json\/wp\/v2\/users\/1403"}],"replies":[{"embeddable":true,"href":"https:\/\/wp.ufpel.edu.br\/gepesc\/wp-json\/wp\/v2\/comments?post=1144"}],"version-history":[{"count":7,"href":"https:\/\/wp.ufpel.edu.br\/gepesc\/wp-json\/wp\/v2\/pages\/1144\/revisions"}],"predecessor-version":[{"id":2191,"href":"https:\/\/wp.ufpel.edu.br\/gepesc\/wp-json\/wp\/v2\/pages\/1144\/revisions\/2191"}],"up":[{"embeddable":true,"href":"https:\/\/wp.ufpel.edu.br\/gepesc\/wp-json\/wp\/v2\/pages\/32"}],"wp:attachment":[{"href":"https:\/\/wp.ufpel.edu.br\/gepesc\/wp-json\/wp\/v2\/media?parent=1144"}],"curies":[{"name":"wp","href":"https:\/\/api.w.org\/{rel}","templated":true}]}}