{"id":1137,"date":"2024-09-29T23:05:44","date_gmt":"2024-09-30T02:05:44","guid":{"rendered":"https:\/\/wp.ufpel.edu.br\/gepesc\/?page_id=1137"},"modified":"2025-03-01T19:40:55","modified_gmt":"2025-03-01T22:40:55","slug":"fraude-falso","status":"publish","type":"page","link":"https:\/\/wp.ufpel.edu.br\/gepesc\/material-informativo\/catalogo-de-fraudes\/fraude-falso\/","title":{"rendered":"Fraude &#8211; Falso pagamento MED"},"content":{"rendered":"<p><strong>Data de inclus\u00e3o:<\/strong> 29\/09\/2024<\/p>\n<p><strong>Descri\u00e7\u00e3o: <\/strong>A v\u00edtima recebe uma mensagem via WhatsApp (supostamente de um conhecido que &#8220;mudou de n\u00famero). Nessa mensagem, o golpista alega que vai fazer a transfer\u00eancia, e realmente a faz. Entretanto, nesse golpe, ap\u00f3s a v\u00edtima transferir o valor para a chave PIX desejada, o golpista se utiliza do MED (Mecanismo Especial de Devolu\u00e7\u00e3o). Nesse mecanismo, o cibercriminoso utiliza essa funcionalidade do Banco Central, alegando que foi v\u00edtima de um golpe. Sendo assim, o Banco Central transfere o valor o valor do &#8220;golpe&#8221; da conta da v\u00edtima para a conta do golpista.<\/p>\n<table style=\"height: 191px; width: 100%; border-collapse: collapse; background-color: #fff3f3; border: 5px solid #ff0000;\">\n<tbody>\n<tr style=\"height: 191px;\">\n<td style=\"border: 5px solid #ff0000; text-align: center; padding: 0px 20px;\"><!-- Diminu\u00ed o padding superior e inferior --><\/p>\n<h2 style=\"text-align: center;\"><span style=\"color: #ff0000;\"><strong>ATEN\u00c7\u00c3O!<\/strong><\/span><\/h2>\n<p>O texto abaixo foi transcrito de uma fraude identificada atrav\u00e9s do NIMAR e da coleta de dados na internet.<\/p>\n<p>Caso tenha d\u00favidas ou necessite de esclarecimentos, entre em contato pelo e-mail: <strong>nimar.gepesc@ufpel.edu.br<\/strong>.<\/p>\n<p><strong>N\u00facleo de Inspe\u00e7\u00e3o de Mensagens e An\u00e1lise de Riscos &#8211; NIMAR<\/strong><br \/>\n<strong>Grupo de Ensino, Pesquisa e Extens\u00e3o em Seguran\u00e7a Cibern\u00e9tica &#8211; GEPESC<\/strong><\/td>\n<\/tr>\n<\/tbody>\n<\/table>\n<h2><span style=\"color: #043499;\">Conte\u00fado da mensagem<\/span><\/h2>\n<p>Irm\u00e3o<\/p>\n<p>N\u00e3o estou conseguindo fazer Pix para um contato<\/p>\n<p>Se eu te enviar R$1000<\/p>\n<p>Voc\u00ea consegue pagar ele por mim?<\/p>\n<p>S\u00f3 confirma se voc\u00ea tem limite e eu te passo o pix?<\/p>\n<h2><span style=\"color: #043499;\">Imagens<\/span><\/h2>\n<p><a href=\"https:\/\/wp.ufpel.edu.br\/gepesc\/material-informativo\/catalogo-de-fraudes\/fraude-falso\/design-sem-nome-4\/\"><img class=\"alignnone wp-image-1140\" src=\"https:\/\/wp.ufpel.edu.br\/gepesc\/files\/2024\/09\/Design-sem-nome-4-327x400.png\" alt=\"\" width=\"330\" height=\"404\" srcset=\"https:\/\/wp.ufpel.edu.br\/gepesc\/files\/2024\/09\/Design-sem-nome-4-327x400.png 327w, https:\/\/wp.ufpel.edu.br\/gepesc\/files\/2024\/09\/Design-sem-nome-4.png 654w\" sizes=\"(max-width: 330px) 100vw, 330px\" \/><\/a><\/p>\n\n","protected":false},"excerpt":{"rendered":"<p>Data de inclus\u00e3o: 29\/09\/2024 Descri\u00e7\u00e3o: A v\u00edtima recebe uma mensagem via WhatsApp (supostamente de um conhecido que &#8220;mudou de n\u00famero). Nessa mensagem, o golpista alega que vai fazer a transfer\u00eancia, e realmente a faz. Entretanto, nesse golpe, ap\u00f3s a v\u00edtima transferir o valor para a chave PIX desejada, o golpista se utiliza do MED (Mecanismo [&hellip;]<\/p>\n","protected":false},"author":1403,"featured_media":0,"parent":32,"menu_order":0,"comment_status":"closed","ping_status":"closed","template":"","meta":{"jetpack_post_was_ever_published":false,"footnotes":""},"class_list":["post-1137","page","type-page","status-publish","hentry"],"jetpack_sharing_enabled":true,"jetpack_likes_enabled":false,"jetpack_shortlink":"https:\/\/wp.me\/Pg1U19-il","_links":{"self":[{"href":"https:\/\/wp.ufpel.edu.br\/gepesc\/wp-json\/wp\/v2\/pages\/1137","targetHints":{"allow":["GET"]}}],"collection":[{"href":"https:\/\/wp.ufpel.edu.br\/gepesc\/wp-json\/wp\/v2\/pages"}],"about":[{"href":"https:\/\/wp.ufpel.edu.br\/gepesc\/wp-json\/wp\/v2\/types\/page"}],"author":[{"embeddable":true,"href":"https:\/\/wp.ufpel.edu.br\/gepesc\/wp-json\/wp\/v2\/users\/1403"}],"replies":[{"embeddable":true,"href":"https:\/\/wp.ufpel.edu.br\/gepesc\/wp-json\/wp\/v2\/comments?post=1137"}],"version-history":[{"count":6,"href":"https:\/\/wp.ufpel.edu.br\/gepesc\/wp-json\/wp\/v2\/pages\/1137\/revisions"}],"predecessor-version":[{"id":2177,"href":"https:\/\/wp.ufpel.edu.br\/gepesc\/wp-json\/wp\/v2\/pages\/1137\/revisions\/2177"}],"up":[{"embeddable":true,"href":"https:\/\/wp.ufpel.edu.br\/gepesc\/wp-json\/wp\/v2\/pages\/32"}],"wp:attachment":[{"href":"https:\/\/wp.ufpel.edu.br\/gepesc\/wp-json\/wp\/v2\/media?parent=1137"}],"curies":[{"name":"wp","href":"https:\/\/api.w.org\/{rel}","templated":true}]}}