{"id":1128,"date":"2024-09-29T22:25:21","date_gmt":"2024-09-30T01:25:21","guid":{"rendered":"https:\/\/wp.ufpel.edu.br\/gepesc\/?page_id=1128"},"modified":"2025-03-01T19:38:22","modified_gmt":"2025-03-01T22:38:22","slug":"fraude-carta-de-divida-de-cartorio","status":"publish","type":"page","link":"https:\/\/wp.ufpel.edu.br\/gepesc\/material-informativo\/catalogo-de-fraudes\/fraude-carta-de-divida-de-cartorio\/","title":{"rendered":"Fraude &#8211; Carta de d\u00edvida de cart\u00f3rio"},"content":{"rendered":"<p><strong>Data de inclus\u00e3o:<\/strong> 29\/09\/2024<\/p>\n<p><strong>Descri\u00e7\u00e3o: <\/strong>A v\u00edtima recebe uma mensagem via WhatsApp contendo um print de um documento alertando de uma suposta fraude junto a um cart\u00f3rio. A mensagem estabelece, ainda, um prazo para o pagamento do d\u00e9bito.<\/p>\n<table style=\"height: 191px; width: 100%; border-collapse: collapse; background-color: #fff3f3; border: 5px solid #ff0000;\">\n<tbody>\n<tr style=\"height: 191px;\">\n<td style=\"border: 5px solid #ff0000; text-align: center; padding: 0px 20px; height: 299px;\"><!-- Diminu\u00ed o padding superior e inferior --><\/p>\n<h2 style=\"text-align: center;\"><span style=\"color: #ff0000;\"><strong>ATEN\u00c7\u00c3O!<\/strong><\/span><\/h2>\n<p>O texto abaixo foi transcrito de uma fraude identificada atrav\u00e9s do NIMAR e da coleta de dados na internet.<\/p>\n<p>Caso tenha d\u00favidas ou necessite de esclarecimentos, entre em contato pelo e-mail: <strong>nimar.gepesc@ufpel.edu.br<\/strong>.<\/p>\n<p><strong>N\u00facleo de Inspe\u00e7\u00e3o de Mensagens e An\u00e1lise de Riscos &#8211; NIMAR<\/strong><br \/>\n<strong>Grupo de Ensino, Pesquisa e Extens\u00e3o em Seguran\u00e7a Cibern\u00e9tica &#8211; GEPESC<\/strong><\/td>\n<\/tr>\n<\/tbody>\n<\/table>\n<h2><span style=\"color: #043499;\">Conte\u00fado da mensagem<\/span><\/h2>\n<p>Comunicamos que foi registrado no Cart\u00f3rio acima, sob o protocolo e Selo Digital citado no texto abaixo, documento declarando pend\u00eancia de pagamento, em que consta o nome de V.S., Trata-se de registro feito com base no artigo 127, VII, da Lei 6.015\/73 e a sua exist\u00eancia poder\u00e1 ser confirmada no site consulta.RRSC.com.br, por meio do protocolo e c\u00f3digo de confer\u00eancia de n&#8221; citado no texto abaixo.<\/p>\n<p>Viemos por meio desta informar que consta pend\u00eancia financeira de vossa responsabilidade abaixo especificada. Neste contexto, e para que surta os devidos efeitos legais, fica(m) o(s) respons\u00e1vel (is) comunicado(s) para que at\u00e9 o dia 26\/09\/2024 pague(m) o referido d\u00e9bito. Por fim, fica consignado que, caso n\u00e3o seja efetivado o pagamento do d\u00e9bito no prazo citado, permanecer\u00e1 a parte devedora em mora, o que ensejar\u00e1 ao credor a ado\u00e7\u00e3o de procedimentos judiciais cab\u00edveis.<\/p>\n<p>Art. 652-&#8220;O executado ser\u00e1 citado para, no prazo de 3(tr\u00eas) dias, efetuar o pagamento da d\u00edvida&#8221; 19. &#8220;N\u00e3o efetivado o pagamento, munido da segunda via do mandado, o oficial de justi\u00e7a proceder\u00e1 de imediato \u00e0 penhora de bens e sua avalia\u00e7\u00e3o, lavrando-se o respectivo auto e tais intimidados, na mesma oportunidade, o executado.&#8221; Desse modo, o n\u00e3o atendimento a presente notifica\u00e7\u00e3o, ser\u00e1 por n\u00f3s interpretado como falta de seu interesse no acordo amig\u00e1vel.<\/p>\n<h2><span style=\"color: #043499;\">Imagens<\/span><\/h2>\n<p><img class=\"alignnone wp-image-1134 \" src=\"https:\/\/wp.ufpel.edu.br\/gepesc\/files\/2024\/09\/Design-sem-nome-3.png\" alt=\"\" width=\"379\" height=\"211\" srcset=\"https:\/\/wp.ufpel.edu.br\/gepesc\/files\/2024\/09\/Design-sem-nome-3.png 800w, https:\/\/wp.ufpel.edu.br\/gepesc\/files\/2024\/09\/Design-sem-nome-3-400x223.png 400w, https:\/\/wp.ufpel.edu.br\/gepesc\/files\/2024\/09\/Design-sem-nome-3-768x428.png 768w\" sizes=\"(max-width: 379px) 100vw, 379px\" \/><\/p>\n\n","protected":false},"excerpt":{"rendered":"<p>Data de inclus\u00e3o: 29\/09\/2024 Descri\u00e7\u00e3o: A v\u00edtima recebe uma mensagem via WhatsApp contendo um print de um documento alertando de uma suposta fraude junto a um cart\u00f3rio. A mensagem estabelece, ainda, um prazo para o pagamento do d\u00e9bito. ATEN\u00c7\u00c3O! O texto abaixo foi transcrito de uma fraude identificada atrav\u00e9s do NIMAR e da coleta de [&hellip;]<\/p>\n","protected":false},"author":1403,"featured_media":0,"parent":32,"menu_order":0,"comment_status":"closed","ping_status":"closed","template":"","meta":{"jetpack_post_was_ever_published":false,"footnotes":""},"class_list":["post-1128","page","type-page","status-publish","hentry"],"jetpack_sharing_enabled":true,"jetpack_likes_enabled":false,"jetpack_shortlink":"https:\/\/wp.me\/Pg1U19-ic","_links":{"self":[{"href":"https:\/\/wp.ufpel.edu.br\/gepesc\/wp-json\/wp\/v2\/pages\/1128","targetHints":{"allow":["GET"]}}],"collection":[{"href":"https:\/\/wp.ufpel.edu.br\/gepesc\/wp-json\/wp\/v2\/pages"}],"about":[{"href":"https:\/\/wp.ufpel.edu.br\/gepesc\/wp-json\/wp\/v2\/types\/page"}],"author":[{"embeddable":true,"href":"https:\/\/wp.ufpel.edu.br\/gepesc\/wp-json\/wp\/v2\/users\/1403"}],"replies":[{"embeddable":true,"href":"https:\/\/wp.ufpel.edu.br\/gepesc\/wp-json\/wp\/v2\/comments?post=1128"}],"version-history":[{"count":6,"href":"https:\/\/wp.ufpel.edu.br\/gepesc\/wp-json\/wp\/v2\/pages\/1128\/revisions"}],"predecessor-version":[{"id":2162,"href":"https:\/\/wp.ufpel.edu.br\/gepesc\/wp-json\/wp\/v2\/pages\/1128\/revisions\/2162"}],"up":[{"embeddable":true,"href":"https:\/\/wp.ufpel.edu.br\/gepesc\/wp-json\/wp\/v2\/pages\/32"}],"wp:attachment":[{"href":"https:\/\/wp.ufpel.edu.br\/gepesc\/wp-json\/wp\/v2\/media?parent=1128"}],"curies":[{"name":"wp","href":"https:\/\/api.w.org\/{rel}","templated":true}]}}