{"id":110,"date":"2024-09-10T15:53:40","date_gmt":"2024-09-10T18:53:40","guid":{"rendered":"https:\/\/wp.ufpel.edu.br\/gepesc\/?page_id=110"},"modified":"2025-02-23T18:22:33","modified_gmt":"2025-02-23T21:22:33","slug":"inicio","status":"publish","type":"page","link":"https:\/\/wp.ufpel.edu.br\/gepesc\/","title":{"rendered":"In\u00edcio"},"content":{"rendered":"\n<h1 class=\"wp-block-heading has-text-align-center\"><mark style=\"background-color:rgba(0, 0, 0, 0);color:#043499\" class=\"has-inline-color\">Bem-vindo ao GEPESC!<\/mark><\/h1>\n\n\n<style>.wp-block-kadence-advancedheading.kt-adv-heading110_03cf1e-fb, .wp-block-kadence-advancedheading.kt-adv-heading110_03cf1e-fb[data-kb-block=\"kb-adv-heading110_03cf1e-fb\"]{text-align:center;font-style:normal;}.wp-block-kadence-advancedheading.kt-adv-heading110_03cf1e-fb mark.kt-highlight, .wp-block-kadence-advancedheading.kt-adv-heading110_03cf1e-fb[data-kb-block=\"kb-adv-heading110_03cf1e-fb\"] mark.kt-highlight{font-style:normal;color:#f76a0c;-webkit-box-decoration-break:clone;box-decoration-break:clone;padding-top:0px;padding-right:0px;padding-bottom:0px;padding-left:0px;}.wp-block-kadence-advancedheading.kt-adv-heading110_03cf1e-fb img.kb-inline-image, .wp-block-kadence-advancedheading.kt-adv-heading110_03cf1e-fb[data-kb-block=\"kb-adv-heading110_03cf1e-fb\"] img.kb-inline-image{width:150px;vertical-align:baseline;}<\/style>\n<p class=\"kt-adv-heading110_03cf1e-fb wp-block-kadence-advancedheading\" data-kb-block=\"kb-adv-heading110_03cf1e-fb\">O GEPESC \u00e9 uma iniciativa dedicada \u00e0 pesquisa, ensino e extens\u00e3o em seguran\u00e7a cibern\u00e9tica. Nosso objetivo \u00e9 promover um ambiente digital mais seguro na universidade e na sociedade. Junte-se a n\u00f3s e descubra como podemos, juntos, enfrentar os desafios da ciberseguran\u00e7a e construir solu\u00e7\u00f5es inovadoras para proteger o mundo digital.<\/p>\n\n\n\n<div class=\"wp-block-buttons is-content-justification-center is-layout-flex wp-container-core-buttons-is-layout-16018d1d wp-block-buttons-is-layout-flex\">\n<div class=\"wp-block-button\"><a class=\"wp-block-button__link has-white-color has-vivid-cyan-blue-to-vivid-purple-gradient-background has-text-color has-background has-link-color wp-element-button\" href=\"https:\/\/wp.ufpel.edu.br\/gepesc\/institucional\/sobre-nos\/\" style=\"border-radius:10px\"><strong>Saiba mais<\/strong><\/a><\/div>\n<\/div>\n\n\n\n<div style=\"height:30px\" aria-hidden=\"true\" class=\"wp-block-spacer\"><\/div>\n\n\n\n<h1 class=\"wp-block-heading has-text-align-center\"><mark style=\"background-color:rgba(0, 0, 0, 0);color:#043499\" class=\"has-inline-color\">\u00daltimos artigos<\/mark><\/h1>\n\n\n<style>.kb-posts-id-110_3a8dfe-41 .entry.loop-entry .entry-header .entry-title{text-transform:uppercase;}.kb-posts-id-110_3a8dfe-41 .kb-post-list-item{display:grid;}<\/style><ul class=\"wp-block-kadence-posts kb-posts kadence-posts-list kb-posts-id-110_3a8dfe-41 content-wrap grid-cols kb-posts-style-boxed grid-sm-col-2 grid-lg-col-2 item-image-style-above\"><li class=\"kb-post-list-item\">\n\t<article class=\"entry content-bg loop-entry kb-post-no-image post-2261 post type-post status-publish format-standard hentry category-golpes-e-fraudes-online\">\n\t\t\t\t<div class=\"entry-content-wrap\">\n\t\t\t<header class=\"entry-header\">\n\t<h3 class=\"entry-title\"><a href=\"https:\/\/wp.ufpel.edu.br\/gepesc\/golpe-do-telemarketing\/\" rel=\"bookmark\">Golpe do Telemarketing<\/a><\/h3>\t<div class=\"entry-meta entry-meta-divider-dot\">\n\t\t\t\t<span class=\"posted-on\">\n\t\t\t\t<span class=\"meta-label\">Publicado em<\/span><time class=\"entry-date published\" datetime=\"2025-05-16T18:00:00-03:00\">16\/05\/2025<\/time><time class=\"updated\" datetime=\"2025-05-16T15:46:40-03:00\">16\/05\/2025<\/time>\t\t\t<\/span>\n\t\t\t\t\t\t<span class=\"category-links\">\n\t\t\t\t<span class=\"category-link-items\"><a href=\"https:\/\/wp.ufpel.edu.br\/gepesc\/category\/golpes-e-fraudes-online\/\" rel=\"category tag\">Golpes e Fraudes online<\/a><\/span>\t\t\t<\/span>\n\t\t\t\t<\/div><!-- .entry-meta -->\n\t<\/header><!-- .entry-header -->\n\t<div class=\"entry-summary\">\n\t\t<p>Golpes de telemarketing s\u00e3o t\u00e1ticas criminosas que visam enganar as v\u00edtimas por meio de liga\u00e7\u00f5es telef\u00f4nicas. Esses golpes utilizam diversas [&hellip;]<\/p>\n\t<\/div><!-- .entry-summary -->\n\t<footer class=\"entry-footer\">\n\t\t\t<div class=\"entry-actions\">\n\t\t\t<p class=\"more-link-wrap\">\n\t\t\t\t<a href=\"https:\/\/wp.ufpel.edu.br\/gepesc\/golpe-do-telemarketing\/\" class=\"post-more-link\">\n\t\t\t\t\tContinue lendo<span class=\"screen-reader-text\"> Golpe do Telemarketing<\/span><span class=\"kadence-svg-iconset svg-baseline\"><svg aria-hidden=\"true\" class=\"kadence-svg-icon kadence-arrow-right-alt-svg\" fill=\"currentColor\" version=\"1.1\" xmlns=\"http:\/\/www.w3.org\/2000\/svg\" width=\"27\" height=\"28\" viewBox=\"0 0 27 28\"><title>Continue<\/title><path d=\"M27 13.953c0 0.141-0.063 0.281-0.156 0.375l-6 5.531c-0.156 0.141-0.359 0.172-0.547 0.094-0.172-0.078-0.297-0.25-0.297-0.453v-3.5h-19.5c-0.281 0-0.5-0.219-0.5-0.5v-3c0-0.281 0.219-0.5 0.5-0.5h19.5v-3.5c0-0.203 0.109-0.375 0.297-0.453s0.391-0.047 0.547 0.078l6 5.469c0.094 0.094 0.156 0.219 0.156 0.359v0z\"><\/path>\n\t\t\t<\/svg><\/span>\t\t\t\t<\/a>\n\t\t\t<\/p>\n\t\t<\/div><!-- .entry-actions -->\n\t\t<\/footer><!-- .entry-footer -->\t\t<\/div>\n\t<\/article>\n<\/li>\n<li class=\"kb-post-list-item\">\n\t<article class=\"entry content-bg loop-entry kb-post-no-image post-2254 post type-post status-publish format-standard hentry category-ciberseguranca category-gepesc category-pesquisa-e-desenvolvimento\">\n\t\t\t\t<div class=\"entry-content-wrap\">\n\t\t\t<header class=\"entry-header\">\n\t<h3 class=\"entry-title\"><a href=\"https:\/\/wp.ufpel.edu.br\/gepesc\/pesquisa-seguranca-digital-no-ambiente-academico\/\" rel=\"bookmark\">Pesquisa &#8211; Seguran\u00e7a Digital no ambiente acad\u00eamico<\/a><\/h3>\t<div class=\"entry-meta entry-meta-divider-dot\">\n\t\t\t\t<span class=\"posted-on\">\n\t\t\t\t<span class=\"meta-label\">Publicado em<\/span><time class=\"entry-date published\" datetime=\"2025-05-12T18:00:00-03:00\">12\/05\/2025<\/time><time class=\"updated\" datetime=\"2025-05-12T19:21:20-03:00\">12\/05\/2025<\/time>\t\t\t<\/span>\n\t\t\t\t\t\t<span class=\"category-links\">\n\t\t\t\t<span class=\"category-link-items\"><a href=\"https:\/\/wp.ufpel.edu.br\/gepesc\/category\/ciberseguranca\/\" rel=\"category tag\">Ciberseguran\u00e7a<\/a>, <a href=\"https:\/\/wp.ufpel.edu.br\/gepesc\/category\/gepesc\/\" rel=\"category tag\">GEPESC<\/a>, <a href=\"https:\/\/wp.ufpel.edu.br\/gepesc\/category\/pesquisa-e-desenvolvimento\/\" rel=\"category tag\">Pesquisa e Desenvolvimento<\/a><\/span>\t\t\t<\/span>\n\t\t\t\t<\/div><!-- .entry-meta -->\n\t<\/header><!-- .entry-header -->\n\t<div class=\"entry-summary\">\n\t\t<p>Prezada comunidade acad\u00eamica, o Grupo de Ensino, Pesquisa e Extens\u00e3o em Seguran\u00e7a Cibern\u00e9tica &#8211; GEPESC est\u00e1 conduzindo o estudo &#8220;Estudo, [&hellip;]<\/p>\n\t<\/div><!-- .entry-summary -->\n\t<footer class=\"entry-footer\">\n\t\t\t<div class=\"entry-actions\">\n\t\t\t<p class=\"more-link-wrap\">\n\t\t\t\t<a href=\"https:\/\/wp.ufpel.edu.br\/gepesc\/pesquisa-seguranca-digital-no-ambiente-academico\/\" class=\"post-more-link\">\n\t\t\t\t\tContinue lendo<span class=\"screen-reader-text\"> Pesquisa &#8211; Seguran\u00e7a Digital no ambiente acad\u00eamico<\/span><span class=\"kadence-svg-iconset svg-baseline\"><svg aria-hidden=\"true\" class=\"kadence-svg-icon kadence-arrow-right-alt-svg\" fill=\"currentColor\" version=\"1.1\" xmlns=\"http:\/\/www.w3.org\/2000\/svg\" width=\"27\" height=\"28\" viewBox=\"0 0 27 28\"><title>Continue<\/title><path d=\"M27 13.953c0 0.141-0.063 0.281-0.156 0.375l-6 5.531c-0.156 0.141-0.359 0.172-0.547 0.094-0.172-0.078-0.297-0.25-0.297-0.453v-3.5h-19.5c-0.281 0-0.5-0.219-0.5-0.5v-3c0-0.281 0.219-0.5 0.5-0.5h19.5v-3.5c0-0.203 0.109-0.375 0.297-0.453s0.391-0.047 0.547 0.078l6 5.469c0.094 0.094 0.156 0.219 0.156 0.359v0z\"><\/path>\n\t\t\t<\/svg><\/span>\t\t\t\t<\/a>\n\t\t\t<\/p>\n\t\t<\/div><!-- .entry-actions -->\n\t\t<\/footer><!-- .entry-footer -->\t\t<\/div>\n\t<\/article>\n<\/li>\n<\/ul>\n\n\n<div style=\"height:30px\" aria-hidden=\"true\" class=\"wp-block-spacer\"><\/div>\n\n\n\n<h1 class=\"wp-block-heading has-text-align-center\"><mark style=\"background-color:rgba(0, 0, 0, 0);color:#043499\" class=\"has-inline-color\">Acesso r\u00e1pido<\/mark><\/h1>\n\n\n\n<!DOCTYPE html>\n<html lang=\"pt-BR\">\n<head>\n    <meta charset=\"UTF-8\">\n    <meta name=\"viewport\" content=\"width=device-width, initial-scale=1.0\">\n    <style>\n        body {\n            margin: 0;\n            background-color: #f0f0f0;\n            text-align: center;\n        }\n        .image-container {\n            display: inline-flex; \/* Mant\u00e9m as imagens lado a lado *\/\n            flex-wrap: wrap; \/* Permite que elas quebrem para a pr\u00f3xima linha quando necess\u00e1rio *\/\n            justify-content: center; \/* Centraliza o conte\u00fado horizontalmente *\/\n            margin-top: 50px;\n        }\n        .image-container a {\n            margin: 10px; \/* Espa\u00e7amento entre as imagens *\/\n        }\n        .image-container img {\n            max-width: 150px;\n            height: auto;\n            transition: transform 0.3s ease;\n        }\n        .image-container img:hover {\n            transform: scale(1.1);\n        }\n        \/* Alinha uma imagem abaixo da outra em dispositivos com largura m\u00e1xima de 600px *\/\n        @media (max-width: 600px) {\n            .image-container {\n                display: block;\n            }\n            .image-container a {\n                display: block;\n                margin: 10px auto; \/* Centraliza as imagens no mobile *\/\n            }\n        }\n    <\/style>\n<\/head>\n<body>\n    <div class=\"image-container\">\n        <a href=\"https:\/\/wp.ufpel.edu.br\/gepesc\/material-informativo\/catalogo-de-fraudes\/\">\n            <img src=\"https:\/\/wp.ufpel.edu.br\/gepesc\/files\/2024\/10\/ar_catalogo.png\" alt=\"Cat\u00e1logo de Fraudes\">\n        <\/a>\n        <a href=\"https:\/\/wp.ufpel.edu.br\/gepesc\/material-informativo\/dicas-de-especialistas\/\">\n            <img src=\"https:\/\/wp.ufpel.edu.br\/gepesc\/files\/2024\/10\/ar_dicas.png\" alt=\"Dicas de Especialistas\">\n        <\/a>\n        <a href=\"https:\/\/wp.ufpel.edu.br\/gepesc\/fale-conosco\/suporte-tecnico\/\">\n            <img src=\"https:\/\/wp.ufpel.edu.br\/gepesc\/files\/2024\/10\/ar_suporte.png\" alt=\"Suporte T\u00e9cnico\">\n        <\/a>\n    <\/div>\n<\/body>\n<\/html>\n\n\n\n<h1 class=\"wp-block-heading has-text-align-center has-text-color has-link-color wp-elements-39ea834a9aef5851343ce2de040d909a\" style=\"color:#043499\">Depoimentos<\/h1>\n\n\n<style>.kt-blocks-testimonials-wrap110_107568-be .kt-svg-testimonial-global-icon{font-size:20px;}.kt-blocks-testimonials-wrap110_107568-be .kt-testimonial-item-0 .kt-svg-testimonial-icon{font-size:50px;}.kt-blocks-testimonials-wrap110_107568-be .kt-testimonial-rating-wrap .kb-svg-icon-wrap{color:#ffd700;font-size:16px;}.kt-blocks-testimonials-wrap110_107568-be .kt-testimonial-grid-wrap{gap:var(--global-kb-gap-md, 2rem);}.kt-blocks-testimonials-wrap110_107568-be .kt-blocks-testimonials-inner-wrap .kt-blocks-carousel-init:not(.splide-initialized):not(.tns-slider) .kb-slide-item{display:none;}.kt-blocks-testimonials-wrap110_107568-be .kt-blocks-testimonials-inner-wrap .kt-blocks-carousel-init:not(.splide-initialized):not(.tns-slider) .kb-slide-item:nth-child(-n+3){padding-left:mdpx;display:block;float:left;width:calc(100% \/ 3);}.kt-blocks-testimonials-wrap110_107568-be .kt-blocks-testimonials-inner-wrap .kt-blocks-carousel-init:not(.splide-initialized):not(.tns-slider){margin-left:-mdpx;}.kt-blocks-testimonials-wrap110_107568-be .kt-testimonial-item-wrap .kt-testimonial-text-wrap{padding-top:20px;padding-right:20px;padding-bottom:20px;padding-left:20px;}.kt-blocks-testimonials-wrap110_107568-be .kt-testimonial-occupation{font-size:15px;}.kt-blocks-testimonials-wrap110_107568-be .kt-testimonial-item-wrap{max-width:500px;}.kt-blocks-testimonials-wrap110_107568-be .kt-testimonial-item-wrap .kt-testimonial-text-wrap{max-width:500px;}.kt-blocks-testimonials-wrap110_107568-be .kt-testimonial-media-inner-wrap{width:60px;border-top:0px solid;border-right:0px solid;border-bottom:0px solid;border-left:0px solid;padding-top:0px;padding-right:0px;padding-bottom:0px;padding-left:0px;}.kt-blocks-testimonials-wrap110_107568-be .kt-svg-testimonial-icon{justify-content:center;align-items:center;}.kt-blocks-testimonials-wrap110_107568-be .kt-testimonial-rating-wrap .kt-svg-testimonial-rating-icon{color:#ffd700;font-size:16px;display:inline-flex;justify-content:center;align-items:center;}.kt-blocks-testimonials-wrap110_107568-be .kt-svg-testimonial-global-icon svg{display:inline-block;vertical-align:middle;}@media all and (max-width: 1024px){.kt-blocks-testimonials-wrap110_107568-be .kt-blocks-testimonials-inner-wrap .kt-blocks-carousel-init:not(.splide-initialized):not(.tns-slider) .kb-slide-item{display:none;}}@media all and (max-width: 1024px){.kt-blocks-testimonials-wrap110_107568-be .kt-blocks-testimonials-inner-wrap .kt-blocks-carousel-init:not(.splide-initialized):not(.tns-slider) .kb-slide-item:nth-child(-n+3){padding-left:mdpx;display:block;float:left;width:calc(100% \/ 3);}}@media all and (max-width: 1024px){.kt-blocks-testimonials-wrap110_107568-be .kt-blocks-testimonials-inner-wrap .kt-blocks-carousel-init:not(.splide-initialized):not(.tns-slider){margin-left:-mdpx;}}@media all and (max-width: 1024px){.kt-blocks-testimonials-wrap110_107568-be .kt-testimonial-media-inner-wrap{border-top:0px solid;border-right:0px solid;border-bottom:0px solid;border-left:0px solid;}}@media all and (max-width: 767px){.kt-blocks-testimonials-wrap110_107568-be .kt-blocks-carousel .kt-blocks-testimonial-carousel-item{padding-top:px;padding-bottom:px;margin-top:px;margin-bottom:px;}.kt-blocks-testimonials-wrap110_107568-be .kt-blocks-testimonials-inner-wrap .kt-blocks-carousel-init:not(.splide-initialized):not(.tns-slider) .kb-slide-item{display:none;}.kt-blocks-testimonials-wrap110_107568-be .kt-blocks-testimonials-inner-wrap .kt-blocks-carousel-init:not(.splide-initialized):not(.tns-slider) .kb-slide-item:nth-child(-n+1){display:block;float:left;width:calc(100% \/ 1);padding-left:mdpx;}.kt-blocks-testimonials-wrap110_107568-be .kt-blocks-testimonials-inner-wrap .kt-blocks-carousel-init:not(.splide-initialized):not(.tns-slider){margin-left:-mdpx;}.kt-blocks-testimonials-wrap110_107568-be .kt-testimonial-media-inner-wrap{border-top:0px solid;border-right:0px solid;border-bottom:0px solid;border-left:0px solid;}}<\/style><div class=\"kt-blocks-testimonials-wrap110_107568-be kt-testimonial-halign-center kt-testimonial-style-bubble kt-testimonials-media-on kt-testimonials-icon-on kt-testimonial-columns-3 kt-t-xxl-col-3 kt-t-xl-col-3 kt-t-lg-col-3 kt-t-md-col-2 kt-t-sm-col-1 kt-t-xs-col-1 wp-block-kadence-testimonials\"><div class=\"kt-blocks-testimonials-inner-wrap kt-blocks-carousel kt-carousel-container-dotstyle-dark kt-carousel-container-arrowstyle-whiteondark\"><div class=\"kt-blocks-carousel-init splide kb-gallery-carousel kt-carousel-arrowstyle-whiteondark kt-carousel-dotstyle-dark\" data-columns-xxl=\"3\" data-columns-xl=\"3\" data-columns-md=\"3\" data-columns-sm=\"2\" data-columns-xs=\"1\" data-columns-ss=\"1\" data-slider-anim-speed=\"400\" data-slider-scroll=\"all\" data-slider-type=\"loop\" data-slider-arrows=\"true\" data-slider-dots=\"true\" data-slider-hover-pause=\"false\" data-slider-auto=\"1\" data-slider-speed=\"7000\" data-slider-gap=\"var(--global-kb-spacing-md, 2rem)\" data-slider-gap-tablet=\"var(--global-kb-spacing-md, 2rem)\" data-slider-gap-mobile=\"var(--global-kb-spacing-md, 2rem)\" data-show-pause-button=\"false\"><div class=\"splide__track\"><ul class=\"splide__list\">\n<li class=\"kt-blocks-testimonial-carousel-item kb-slide-item splide__slide\"><div class=\"kt-testimonial-item-wrap kt-testimonial-item-110_f7434b-55 wp-block-kadence-testimonial\"><div class=\"kt-testimonial-text-wrap\"><div class=\"kt-svg-testimonial-global-icon-wrap\"><div class='kt-svg-testimonial-global-icon kt-svg-testimonial-global-icon-icon-fas_quote-left'><svg viewBox=\"0 0 512 512\"  fill=\"currentColor\" xmlns=\"http:\/\/www.w3.org\/2000\/svg\"  aria-hidden=\"true\"><path d=\"M464 256h-80v-64c0-35.3 28.7-64 64-64h8c13.3 0 24-10.7 24-24V56c0-13.3-10.7-24-24-24h-8c-88.4 0-160 71.6-160 160v240c0 26.5 21.5 48 48 48h128c26.5 0 48-21.5 48-48V304c0-26.5-21.5-48-48-48zm-288 0H96v-64c0-35.3 28.7-64 64-64h8c13.3 0 24-10.7 24-24V56c0-13.3-10.7-24-24-24h-8C71.6 32 0 103.6 0 192v240c0 26.5 21.5 48 48 48h128c26.5 0 48-21.5 48-48V304c0-26.5-21.5-48-48-48z\"\/><\/svg><\/div><\/div><div class=\"kt-testimonial-rating-wrap kt-testimonial-rating-5\" role=\"img\" aria-label=\"5 out of 5 stars\"><div class=\"kt-svg-testimonial-rating-icon kt-svg-testimonial-rating-icon-1\" aria-hidden=\"true\"><svg viewBox=\"0 0 576 512\"  fill=\"currentColor\" stroke=\"currentColor\" stroke-width=\"16\" stroke-linecap=\"round\" stroke-linejoin=\"round\" xmlns=\"http:\/\/www.w3.org\/2000\/svg\"   height=\"16\" width=\"16\" aria-hidden=\"true\" role=\"img\"><path d=\"M259.3 17.8L194 150.2 47.9 171.5c-26.2 3.8-36.7 36.1-17.7 54.6l105.7 103-25 145.5c-4.5 26.3 23.2 46 46.4 33.7L288 439.6l130.7 68.7c23.2 12.2 50.9-7.4 46.4-33.7l-25-145.5 105.7-103c19-18.5 8.5-50.8-17.7-54.6L382 150.2 316.7 17.8c-11.7-23.6-45.6-23.9-57.4 0z\"\/><\/svg><\/div><div class=\"kt-svg-testimonial-rating-icon kt-svg-testimonial-rating-icon-2\" aria-hidden=\"true\"><svg viewBox=\"0 0 576 512\"  fill=\"currentColor\" stroke=\"currentColor\" stroke-width=\"16\" stroke-linecap=\"round\" stroke-linejoin=\"round\" xmlns=\"http:\/\/www.w3.org\/2000\/svg\"   height=\"16\" width=\"16\" aria-hidden=\"true\" role=\"img\"><path d=\"M259.3 17.8L194 150.2 47.9 171.5c-26.2 3.8-36.7 36.1-17.7 54.6l105.7 103-25 145.5c-4.5 26.3 23.2 46 46.4 33.7L288 439.6l130.7 68.7c23.2 12.2 50.9-7.4 46.4-33.7l-25-145.5 105.7-103c19-18.5 8.5-50.8-17.7-54.6L382 150.2 316.7 17.8c-11.7-23.6-45.6-23.9-57.4 0z\"\/><\/svg><\/div><div class=\"kt-svg-testimonial-rating-icon kt-svg-testimonial-rating-icon-3\" aria-hidden=\"true\"><svg viewBox=\"0 0 576 512\"  fill=\"currentColor\" stroke=\"currentColor\" stroke-width=\"16\" stroke-linecap=\"round\" stroke-linejoin=\"round\" xmlns=\"http:\/\/www.w3.org\/2000\/svg\"   height=\"16\" width=\"16\" aria-hidden=\"true\" role=\"img\"><path d=\"M259.3 17.8L194 150.2 47.9 171.5c-26.2 3.8-36.7 36.1-17.7 54.6l105.7 103-25 145.5c-4.5 26.3 23.2 46 46.4 33.7L288 439.6l130.7 68.7c23.2 12.2 50.9-7.4 46.4-33.7l-25-145.5 105.7-103c19-18.5 8.5-50.8-17.7-54.6L382 150.2 316.7 17.8c-11.7-23.6-45.6-23.9-57.4 0z\"\/><\/svg><\/div><div class=\"kt-svg-testimonial-rating-icon kt-svg-testimonial-rating-icon-4\" aria-hidden=\"true\"><svg viewBox=\"0 0 576 512\"  fill=\"currentColor\" stroke=\"currentColor\" stroke-width=\"16\" stroke-linecap=\"round\" stroke-linejoin=\"round\" xmlns=\"http:\/\/www.w3.org\/2000\/svg\"   height=\"16\" width=\"16\" aria-hidden=\"true\" role=\"img\"><path d=\"M259.3 17.8L194 150.2 47.9 171.5c-26.2 3.8-36.7 36.1-17.7 54.6l105.7 103-25 145.5c-4.5 26.3 23.2 46 46.4 33.7L288 439.6l130.7 68.7c23.2 12.2 50.9-7.4 46.4-33.7l-25-145.5 105.7-103c19-18.5 8.5-50.8-17.7-54.6L382 150.2 316.7 17.8c-11.7-23.6-45.6-23.9-57.4 0z\"\/><\/svg><\/div><div class=\"kt-svg-testimonial-rating-icon kt-svg-testimonial-rating-icon-5\" aria-hidden=\"true\"><svg viewBox=\"0 0 576 512\"  fill=\"currentColor\" stroke=\"currentColor\" stroke-width=\"16\" stroke-linecap=\"round\" stroke-linejoin=\"round\" xmlns=\"http:\/\/www.w3.org\/2000\/svg\"   height=\"16\" width=\"16\" aria-hidden=\"true\" role=\"img\"><path d=\"M259.3 17.8L194 150.2 47.9 171.5c-26.2 3.8-36.7 36.1-17.7 54.6l105.7 103-25 145.5c-4.5 26.3 23.2 46 46.4 33.7L288 439.6l130.7 68.7c23.2 12.2 50.9-7.4 46.4-33.7l-25-145.5 105.7-103c19-18.5 8.5-50.8-17.7-54.6L382 150.2 316.7 17.8c-11.7-23.6-45.6-23.9-57.4 0z\"\/><\/svg><\/div><\/div><div class=\"kt-testimonial-content-wrap\"><blockquote class=\"kt-testimonial-content\">Obrigada pelo Cat\u00e1logo de Fraudes! Me ajudou a perceber que um e-mail que recebi era falso.<\/blockquote><\/div><\/div><div class=\"kt-testimonial-meta-wrap\"><div class=\"kt-testimonial-media-wrap\"><div class=\"kt-testimonial-media-inner-wrap\"><div class=\"kadence-testimonial-image-intrisic\"><img width=\"200\" height=\"200\" src=\"https:\/\/wp.ufpel.edu.br\/gepesc\/files\/2024\/12\/1586602215299.jpg\" class=\"kt-testimonial-image wp-image-2016 size-thumbnail\" alt=\"\" \/><\/div><\/div><\/div><div class=\"kt-testimonial-meta-name-wrap\"><div class=\"kt-testimonial-name-wrap\"><div class=\"kt-testimonial-name\"><strong>Tayn\u00e1 Fi\u00faza<\/strong><\/div><\/div><\/div><\/div><\/div><\/li>\n<\/ul><\/div><\/div><\/div><\/div>\n\n\n<h1 class=\"wp-block-heading has-text-align-center has-text-color has-link-color wp-elements-4573db3de341883dd642e386015e2ac3\" style=\"color:#043499\">Parceiros<\/h1>\n\n\n\n<div style=\"height:0px\" aria-hidden=\"true\" class=\"wp-block-spacer\"><\/div>\n\n\n\n<!DOCTYPE html>\n<html lang=\"pt-br\">\n<head>\n    <meta charset=\"UTF-8\">\n    <meta name=\"viewport\" content=\"width=device-width, initial-scale=1.0\">\n    <title>Apoiadores &#8211; GEPESC<\/title>\n    <style>\n        body {\n            background-color: #f0f4f8;\n            margin: 0;\n            padding: 0;\n        }\n\n        .logos-container {\n            max-width: 1200px;\n            margin: 0 auto;\n            padding: 40px 20px;\n            background-color: #fff;\n            text-align: center;\n        }\n\n        .logos-grid {\n            display: grid;\n            grid-template-columns: repeat(4, 1fr); \/* 4 logos por linha *\/\n            gap: 20px; \/* Espa\u00e7amento entre os logos *\/\n        }\n\n        .logo-item {\n            display: flex;\n            align-items: center;\n            justify-content: center;\n            padding: 10px;\n            background-color: #fff; \/* Fundo branco *\/\n        }\n\n        .logo-item img {\n            max-width: 100%;\n            height: auto;\n            display: block;\n        }\n\n        @media (max-width: 768px) {\n            .logos-grid {\n                grid-template-columns: repeat(2, 1fr); \/* 2 logos por linha em telas menores *\/\n            }\n        }\n\n        @media (max-width: 480px) {\n            .logos-grid {\n                grid-template-columns: 1fr; \/* 1 logo por linha em telas muito pequenas *\/\n            }\n        }\n    <\/style>\n<\/head>\n<body>\n\n<section class=\"logos-container\">\n    <div class=\"logos-grid\">\n        <!-- Logos dos apoiadores -->\n        <div class=\"logo-item\">\n            <img src=\"https:\/\/wp.ufpel.edu.br\/gepesc\/files\/2024\/09\/SGTIC-1.png\" alt=\"Apoiador 1\">\n        <\/div>\n        <div class=\"logo-item\">\n            <img src=\"https:\/\/wp.ufpel.edu.br\/gepesc\/files\/2024\/09\/CDTEC-1.png\" alt=\"Apoiador 2\">\n        <\/div>\n        <div class=\"logo-item\">\n            <img src=\"https:\/\/wp.ufpel.edu.br\/gepesc\/files\/2024\/09\/NRC-1.png\" alt=\"Apoiador 3\">\n        <\/div>\n        <div class=\"logo-item\">\n            <img src=\"https:\/\/wp.ufpel.edu.br\/gepesc\/files\/2024\/09\/PET-1.png\" alt=\"Apoiador 4\">\n        <\/div>\n        <div class=\"logo-item\">\n            <img src=\"https:\/\/wp.ufpel.edu.br\/gepesc\/files\/2024\/09\/GDG-1.png\" alt=\"Apoiador 5\">\n        <\/div>\n        <div class=\"logo-item\">\n            <img src=\"https:\/\/wp.ufpel.edu.br\/gepesc\/files\/2024\/10\/GDG-2.png\" alt=\"Apoiador 6\">\n        <\/div>\n        <div class=\"logo-item\">\n            <img src=\"https:\/\/wp.ufpel.edu.br\/gepesc\/files\/2025\/02\/Banners-Parceiros.png\" alt=\"Apoiador 1\">\n        <\/div>\n        <div class=\"logo-item\">\n            <img src=\"\" alt=\"\">\n        <\/div>\n    <\/div>\n<\/section>\n\n<\/body>\n<\/html>\n\n\n\n<p><\/p>\n","protected":false},"excerpt":{"rendered":"<p>Bem-vindo ao GEPESC! O GEPESC \u00e9 uma iniciativa dedicada \u00e0 pesquisa, ensino e extens\u00e3o em seguran\u00e7a cibern\u00e9tica. Nosso objetivo \u00e9 promover um ambiente digital mais seguro na universidade e na sociedade. Junte-se a n\u00f3s e descubra como podemos, juntos, enfrentar os desafios da ciberseguran\u00e7a e construir solu\u00e7\u00f5es inovadoras para proteger o mundo digital. \u00daltimos artigos [&hellip;]<\/p>\n","protected":false},"author":1403,"featured_media":1708,"parent":0,"menu_order":0,"comment_status":"closed","ping_status":"closed","template":"page-sem-sidebar.php","meta":{"jetpack_post_was_ever_published":false,"footnotes":""},"class_list":["post-110","page","type-page","status-publish","has-post-thumbnail","hentry"],"jetpack_sharing_enabled":true,"jetpack_likes_enabled":false,"jetpack_shortlink":"https:\/\/wp.me\/Pg1U19-1M","_links":{"self":[{"href":"https:\/\/wp.ufpel.edu.br\/gepesc\/wp-json\/wp\/v2\/pages\/110","targetHints":{"allow":["GET"]}}],"collection":[{"href":"https:\/\/wp.ufpel.edu.br\/gepesc\/wp-json\/wp\/v2\/pages"}],"about":[{"href":"https:\/\/wp.ufpel.edu.br\/gepesc\/wp-json\/wp\/v2\/types\/page"}],"author":[{"embeddable":true,"href":"https:\/\/wp.ufpel.edu.br\/gepesc\/wp-json\/wp\/v2\/users\/1403"}],"replies":[{"embeddable":true,"href":"https:\/\/wp.ufpel.edu.br\/gepesc\/wp-json\/wp\/v2\/comments?post=110"}],"version-history":[{"count":233,"href":"https:\/\/wp.ufpel.edu.br\/gepesc\/wp-json\/wp\/v2\/pages\/110\/revisions"}],"predecessor-version":[{"id":2127,"href":"https:\/\/wp.ufpel.edu.br\/gepesc\/wp-json\/wp\/v2\/pages\/110\/revisions\/2127"}],"wp:featuredmedia":[{"embeddable":true,"href":"https:\/\/wp.ufpel.edu.br\/gepesc\/wp-json\/wp\/v2\/media\/1708"}],"wp:attachment":[{"href":"https:\/\/wp.ufpel.edu.br\/gepesc\/wp-json\/wp\/v2\/media?parent=110"}],"curies":[{"name":"wp","href":"https:\/\/api.w.org\/{rel}","templated":true}]}}